{"id":4609,"date":"2025-11-25T20:32:55","date_gmt":"2025-11-25T18:32:55","guid":{"rendered":"https:\/\/yunanistansinemasigunleri.com\/?page_id=4609"},"modified":"2025-11-25T21:55:56","modified_gmt":"2025-11-25T19:55:56","slug":"juri","status":"publish","type":"page","link":"https:\/\/yunanistansinemasigunleri.com\/en\/juri\/","title":{"rendered":"Jury"},"content":{"rendered":"<div data-elementor-type=\"wp-page\" data-elementor-id=\"4609\" class=\"elementor elementor-4609\">\n\t\t\t\t<div class=\"elementor-element elementor-element-01e8467 e-flex e-con-boxed e-con e-parent\" data-id=\"01e8467\" data-element_type=\"container\" data-e-type=\"container\">\n\t\t\t\t\t<div class=\"e-con-inner\">\n\t\t\t\t<div class=\"elementor-element elementor-element-67a50d4 elementor-widget elementor-widget-heading\" data-id=\"67a50d4\" data-element_type=\"widget\" data-e-type=\"widget\" data-widget_type=\"heading.default\">\n\t\t\t\t\t<h2 class=\"elementor-heading-title elementor-size-default\">Jury<\/h2>\t\t\t\t<\/div>\n\t\t\t\t\t<\/div>\n\t\t\t\t<\/div>\n\t\t<div class=\"elementor-element elementor-element-11379ea e-flex e-con-boxed e-con e-parent\" data-id=\"11379ea\" data-element_type=\"container\" data-e-type=\"container\">\n\t\t\t\t\t<div class=\"e-con-inner\">\n\t\t<div class=\"elementor-element elementor-element-8fcc23a e-con-full e-flex e-con e-child\" data-id=\"8fcc23a\" data-element_type=\"container\" data-e-type=\"container\">\n\t\t\t\t<div class=\"elementor-element elementor-element-48aa950 elementor-widget elementor-widget-image\" data-id=\"48aa950\" data-element_type=\"widget\" data-e-type=\"widget\" data-widget_type=\"image.default\">\n\t\t\t\t\t\t\t\t\t\t\t\t\t\t\t<img fetchpriority=\"high\" decoding=\"async\" data-attachment-id=\"4611\" data-permalink=\"https:\/\/yunanistansinemasigunleri.com\/en\/juri\/aslifiliz\/\" data-orig-file=\"https:\/\/i0.wp.com\/yunanistansinemasigunleri.com\/wp-content\/uploads\/2025\/11\/aslifiliz.jpeg?fit=979%2C961&amp;ssl=1\" data-orig-size=\"979,961\" data-comments-opened=\"1\" data-image-meta=\"{&quot;aperture&quot;:&quot;0&quot;,&quot;credit&quot;:&quot;&quot;,&quot;camera&quot;:&quot;&quot;,&quot;caption&quot;:&quot;&quot;,&quot;created_timestamp&quot;:&quot;0&quot;,&quot;copyright&quot;:&quot;&quot;,&quot;focal_length&quot;:&quot;0&quot;,&quot;iso&quot;:&quot;0&quot;,&quot;shutter_speed&quot;:&quot;0&quot;,&quot;title&quot;:&quot;&quot;,&quot;orientation&quot;:&quot;1&quot;}\" data-image-title=\"aslifiliz\" data-image-description=\"\" data-image-caption=\"\" data-large-file=\"https:\/\/i0.wp.com\/yunanistansinemasigunleri.com\/wp-content\/uploads\/2025\/11\/aslifiliz.jpeg?fit=525%2C515&amp;ssl=1\" width=\"740\" height=\"726\" src=\"https:\/\/i0.wp.com\/yunanistansinemasigunleri.com\/wp-content\/uploads\/2025\/11\/aslifiliz.jpeg?fit=740%2C726&amp;ssl=1\" class=\"attachment-large size-large wp-image-4611\" alt=\"\" srcset=\"https:\/\/i0.wp.com\/yunanistansinemasigunleri.com\/wp-content\/uploads\/2025\/11\/aslifiliz.jpeg?w=979&amp;ssl=1 979w, https:\/\/i0.wp.com\/yunanistansinemasigunleri.com\/wp-content\/uploads\/2025\/11\/aslifiliz.jpeg?resize=300%2C294&amp;ssl=1 300w, https:\/\/i0.wp.com\/yunanistansinemasigunleri.com\/wp-content\/uploads\/2025\/11\/aslifiliz.jpeg?resize=768%2C754&amp;ssl=1 768w, https:\/\/i0.wp.com\/yunanistansinemasigunleri.com\/wp-content\/uploads\/2025\/11\/aslifiliz.jpeg?resize=12%2C12&amp;ssl=1 12w\" sizes=\"100vw\" \/>\t\t\t\t\t\t\t\t\t\t\t\t\t\t\t<\/div>\n\t\t\t\t<\/div>\n\t\t<div class=\"elementor-element elementor-element-2640248 e-con-full e-flex e-con e-child\" data-id=\"2640248\" data-element_type=\"container\" data-e-type=\"container\">\n\t\t\t\t<div class=\"elementor-element elementor-element-3bd3878 elementor-widget elementor-widget-text-editor\" data-id=\"3bd3878\" data-element_type=\"widget\" data-e-type=\"widget\" data-widget_type=\"text-editor.default\">\n\t\t\t\t\t\t\t\t\t<h5><b> Asl\u0131 Filiz<\/b><\/h5><p class=\"translation-block\">Asl\u0131 Filiz is an Istanbul-based producer. Born in \u0130zmir in 1982, she studied Political Science and International Relations at Bo\u011fazi\u00e7i University and earned her master\u2019s degree in Serial Storytelling at the Internationale Filmschule K\u00f6ln. She is an alumna of EAVE (2016) and the Berlinale Talent Campus (2009). In 2022, she was selected as an international producer for Cannes MIPTV\u2019s \u201cProducers to Watch\u201d catalogue. Asl\u0131 has executive produced numerous internationally acclaimed films, including Zephyr (Tokyo FF Competition, Toronto FF), Future Lasts Forever (Rotterdam FF, Toronto FF), Voice of My Father (Rotterdam FF), Mix Tape, The Gulf (Venice FF), and Crossing (Berlinale Panorama FF). She has also produced original content for streaming platforms including Netflix, Amazon Prime Video and BluTV\/HBOMax.<\/p>\t\t\t\t\t\t\t\t<\/div>\n\t\t\t\t<\/div>\n\t\t\t\t\t<\/div>\n\t\t\t\t<\/div>\n\t\t<div class=\"elementor-element elementor-element-38726ae e-flex e-con-boxed e-con e-parent\" data-id=\"38726ae\" data-element_type=\"container\" data-e-type=\"container\">\n\t\t\t\t\t<div class=\"e-con-inner\">\n\t\t\t\t<div class=\"elementor-element elementor-element-1fc6a3c elementor-widget-divider--view-line elementor-widget elementor-widget-divider\" data-id=\"1fc6a3c\" data-element_type=\"widget\" data-e-type=\"widget\" data-widget_type=\"divider.default\">\n\t\t\t\t\t\t\t<div class=\"elementor-divider\">\n\t\t\t<span class=\"elementor-divider-separator\">\n\t\t\t\t\t\t<\/span>\n\t\t<\/div>\n\t\t\t\t\t\t<\/div>\n\t\t\t\t\t<\/div>\n\t\t\t\t<\/div>\n\t\t<div class=\"elementor-element elementor-element-d54fd3a e-flex e-con-boxed e-con e-parent\" data-id=\"d54fd3a\" data-element_type=\"container\" data-e-type=\"container\">\n\t\t\t\t\t<div class=\"e-con-inner\">\n\t\t<div class=\"elementor-element elementor-element-43a9cdf e-con-full e-flex e-con e-child\" data-id=\"43a9cdf\" data-element_type=\"container\" data-e-type=\"container\">\n\t\t\t\t<div class=\"elementor-element elementor-element-01f366c elementor-widget elementor-widget-image\" data-id=\"01f366c\" data-element_type=\"widget\" data-e-type=\"widget\" data-widget_type=\"image.default\">\n\t\t\t\t\t\t\t\t\t\t\t\t\t\t\t<img decoding=\"async\" data-attachment-id=\"4612\" data-permalink=\"https:\/\/yunanistansinemasigunleri.com\/en\/juri\/huseyin-karabey\/\" data-orig-file=\"https:\/\/i0.wp.com\/yunanistansinemasigunleri.com\/wp-content\/uploads\/2025\/11\/Huseyin-Karabey.jpg?fit=530%2C658&amp;ssl=1\" data-orig-size=\"530,658\" data-comments-opened=\"1\" data-image-meta=\"{&quot;aperture&quot;:&quot;0&quot;,&quot;credit&quot;:&quot;&quot;,&quot;camera&quot;:&quot;&quot;,&quot;caption&quot;:&quot;&quot;,&quot;created_timestamp&quot;:&quot;0&quot;,&quot;copyright&quot;:&quot;&quot;,&quot;focal_length&quot;:&quot;0&quot;,&quot;iso&quot;:&quot;0&quot;,&quot;shutter_speed&quot;:&quot;0&quot;,&quot;title&quot;:&quot;&quot;,&quot;orientation&quot;:&quot;1&quot;}\" data-image-title=\"H\u00fcseyin Karabey\" data-image-description=\"\" data-image-caption=\"\" data-large-file=\"https:\/\/i0.wp.com\/yunanistansinemasigunleri.com\/wp-content\/uploads\/2025\/11\/Huseyin-Karabey.jpg?fit=525%2C652&amp;ssl=1\" width=\"530\" height=\"658\" src=\"https:\/\/i0.wp.com\/yunanistansinemasigunleri.com\/wp-content\/uploads\/2025\/11\/Huseyin-Karabey.jpg?fit=530%2C658&amp;ssl=1\" class=\"attachment-large size-large wp-image-4612\" alt=\"\" srcset=\"https:\/\/i0.wp.com\/yunanistansinemasigunleri.com\/wp-content\/uploads\/2025\/11\/Huseyin-Karabey.jpg?w=530&amp;ssl=1 530w, https:\/\/i0.wp.com\/yunanistansinemasigunleri.com\/wp-content\/uploads\/2025\/11\/Huseyin-Karabey.jpg?resize=242%2C300&amp;ssl=1 242w, https:\/\/i0.wp.com\/yunanistansinemasigunleri.com\/wp-content\/uploads\/2025\/11\/Huseyin-Karabey.jpg?resize=10%2C12&amp;ssl=1 10w\" sizes=\"100vw\" \/>\t\t\t\t\t\t\t\t\t\t\t\t\t\t\t<\/div>\n\t\t\t\t<\/div>\n\t\t<div class=\"elementor-element elementor-element-6981857 e-con-full e-flex e-con e-child\" data-id=\"6981857\" data-element_type=\"container\" data-e-type=\"container\">\n\t\t\t\t<div class=\"elementor-element elementor-element-b907241 elementor-widget elementor-widget-text-editor\" data-id=\"b907241\" data-element_type=\"widget\" data-e-type=\"widget\" data-widget_type=\"text-editor.default\">\n\t\t\t\t\t\t\t\t\t<h5>H\u00fcseyin Karabey<\/h5><p class=\"translation-block\">Born in Istanbul in 1970, he graduated from Pertevniyal High School and then from the Cinema and Television Department of Marmara University's Faculty of Fine Arts. Karabey has directed 5 feature films, 7 documentaries, and 3 short films. His first feature film, My Marlon and Brando, was screened at 36 international festivals and won the Best Director award at the 6th New York Tribeca Film Festival. His second film, Come to My Voice, had its world premiere at the Berlin Film Festival and returned with Best Film and Audience Awards from festivals such as Istanbul, Milan, and Mar del Plata. In 2025, after a 13-year filming and editing process, The Man from the North, which tells the story of Kadir \u0130nan\u0131r's life, was released. The director has recently completed filming his latest film, Hakikatin \u00d6l\u00fcm\u00fc (The Death of Truth)The Death of Truth.<\/p>\t\t\t\t\t\t\t\t<\/div>\n\t\t\t\t<\/div>\n\t\t\t\t\t<\/div>\n\t\t\t\t<\/div>\n\t\t<div class=\"elementor-element elementor-element-ef38a1a e-flex e-con-boxed e-con e-parent\" data-id=\"ef38a1a\" data-element_type=\"container\" data-e-type=\"container\">\n\t\t\t\t\t<div class=\"e-con-inner\">\n\t\t\t\t<div class=\"elementor-element elementor-element-e791984 elementor-widget-divider--view-line elementor-widget elementor-widget-divider\" data-id=\"e791984\" data-element_type=\"widget\" data-e-type=\"widget\" data-widget_type=\"divider.default\">\n\t\t\t\t\t\t\t<div class=\"elementor-divider\">\n\t\t\t<span class=\"elementor-divider-separator\">\n\t\t\t\t\t\t<\/span>\n\t\t<\/div>\n\t\t\t\t\t\t<\/div>\n\t\t\t\t\t<\/div>\n\t\t\t\t<\/div>\n\t\t<div class=\"elementor-element elementor-element-49106a5 e-flex e-con-boxed e-con e-parent\" data-id=\"49106a5\" data-element_type=\"container\" data-e-type=\"container\">\n\t\t\t\t\t<div class=\"e-con-inner\">\n\t\t<div class=\"elementor-element elementor-element-a2e4716 e-con-full e-flex e-con e-child\" data-id=\"a2e4716\" data-element_type=\"container\" data-e-type=\"container\">\n\t\t\t\t<div class=\"elementor-element elementor-element-8fdf4d3 elementor-widget elementor-widget-image\" data-id=\"8fdf4d3\" data-element_type=\"widget\" data-e-type=\"widget\" data-widget_type=\"image.default\">\n\t\t\t\t\t\t\t\t\t\t\t\t\t\t\t<img decoding=\"async\" data-attachment-id=\"4613\" data-permalink=\"https:\/\/yunanistansinemasigunleri.com\/en\/juri\/vasileios-terzopoulos\/\" data-orig-file=\"https:\/\/i0.wp.com\/yunanistansinemasigunleri.com\/wp-content\/uploads\/2025\/11\/Vasileios-Terzopoulos.jpg?fit=5040%2C3360&amp;ssl=1\" data-orig-size=\"5040,3360\" data-comments-opened=\"1\" data-image-meta=\"{&quot;aperture&quot;:&quot;20&quot;,&quot;credit&quot;:&quot;&quot;,&quot;camera&quot;:&quot;Canon EOS 5D Mark IV&quot;,&quot;caption&quot;:&quot;&quot;,&quot;created_timestamp&quot;:&quot;1731157993&quot;,&quot;copyright&quot;:&quot;&quot;,&quot;focal_length&quot;:&quot;55&quot;,&quot;iso&quot;:&quot;100&quot;,&quot;shutter_speed&quot;:&quot;0.005&quot;,&quot;title&quot;:&quot;&quot;,&quot;orientation&quot;:&quot;1&quot;}\" data-image-title=\"Vasileios Terzopoulos\" data-image-description=\"\" data-image-caption=\"\" data-large-file=\"https:\/\/i0.wp.com\/yunanistansinemasigunleri.com\/wp-content\/uploads\/2025\/11\/Vasileios-Terzopoulos.jpg?fit=525%2C350&amp;ssl=1\" width=\"740\" height=\"494\" src=\"https:\/\/i0.wp.com\/yunanistansinemasigunleri.com\/wp-content\/uploads\/2025\/11\/Vasileios-Terzopoulos.jpg?fit=740%2C494&amp;ssl=1\" class=\"attachment-large size-large wp-image-4613\" alt=\"\" srcset=\"https:\/\/i0.wp.com\/yunanistansinemasigunleri.com\/wp-content\/uploads\/2025\/11\/Vasileios-Terzopoulos.jpg?w=5040&amp;ssl=1 5040w, https:\/\/i0.wp.com\/yunanistansinemasigunleri.com\/wp-content\/uploads\/2025\/11\/Vasileios-Terzopoulos.jpg?resize=300%2C200&amp;ssl=1 300w, https:\/\/i0.wp.com\/yunanistansinemasigunleri.com\/wp-content\/uploads\/2025\/11\/Vasileios-Terzopoulos.jpg?resize=1024%2C683&amp;ssl=1 1024w, https:\/\/i0.wp.com\/yunanistansinemasigunleri.com\/wp-content\/uploads\/2025\/11\/Vasileios-Terzopoulos.jpg?resize=768%2C512&amp;ssl=1 768w, https:\/\/i0.wp.com\/yunanistansinemasigunleri.com\/wp-content\/uploads\/2025\/11\/Vasileios-Terzopoulos.jpg?resize=1536%2C1024&amp;ssl=1 1536w, https:\/\/i0.wp.com\/yunanistansinemasigunleri.com\/wp-content\/uploads\/2025\/11\/Vasileios-Terzopoulos.jpg?resize=2048%2C1365&amp;ssl=1 2048w, https:\/\/i0.wp.com\/yunanistansinemasigunleri.com\/wp-content\/uploads\/2025\/11\/Vasileios-Terzopoulos.jpg?resize=18%2C12&amp;ssl=1 18w, https:\/\/i0.wp.com\/yunanistansinemasigunleri.com\/wp-content\/uploads\/2025\/11\/Vasileios-Terzopoulos.jpg?w=1480&amp;ssl=1 1480w, https:\/\/i0.wp.com\/yunanistansinemasigunleri.com\/wp-content\/uploads\/2025\/11\/Vasileios-Terzopoulos.jpg?w=2220&amp;ssl=1 2220w\" sizes=\"100vw\" \/>\t\t\t\t\t\t\t\t\t\t\t\t\t\t\t<\/div>\n\t\t\t\t<\/div>\n\t\t<div class=\"elementor-element elementor-element-14a87fd e-con-full e-flex e-con e-child\" data-id=\"14a87fd\" data-element_type=\"container\" data-e-type=\"container\">\n\t\t\t\t<div class=\"elementor-element elementor-element-fe4e48c elementor-widget elementor-widget-text-editor\" data-id=\"fe4e48c\" data-element_type=\"widget\" data-e-type=\"widget\" data-widget_type=\"text-editor.default\">\n\t\t\t\t\t\t\t\t\t<h5><span style=\"font-weight: 400;\">Vasileios Terzopoulos<\/span><\/h5><p><span style=\"font-weight: 400;\">Vasileios Terzopoulos is a member of the organizing team of Drama International Short Film Festival since 2005, being currently the Head Programmer of International Competition, as well as coordinator and host of the Opening and Closing Ceremonies and campaign copywriter. He is a Greek Program Associate of Thessaloniki Film and Documentary Festivals since 2010 and a member of the Hellenic Film Academy. He holds a Bachelor degree in International Relations from University of Macedonia \u2013 Thessaloniki, Master degrees from the London School of Economics and the Hellenic Open University. He is an awarded published author of six children\u2019s books, having also published short stories for adults in literary magazines and websites in Greece.<\/span><\/p>\t\t\t\t\t\t\t\t<\/div>\n\t\t\t\t<\/div>\n\t\t\t\t\t<\/div>\n\t\t\t\t<\/div>\n\t\t\t\t<\/div>","protected":false},"excerpt":{"rendered":"<p>J\u00fcri Asl\u0131 Filiz 1982\u2019de \u0130zmir\u2019de do\u011fdu. Bo\u011fazi\u00e7i \u00dcniversitesinde Siyaset Bilimi ve Uluslararas\u0131 \u0130li\u015fkiler B\u00f6l\u00fcm\u00fcnde lisans, Internationale Filmschule K\u00f6ln\u2019de Serial Storytelling Program\u0131nda y\u00fcksek lisans e\u011fitimini tamamlad\u0131. 2009\u2019da Berlinale Talent Campus\u2019e, 2016\u2019da Avrupal\u0131 yap\u0131mc\u0131lar a\u011f\u0131 EAVE\u2019ye kat\u0131ld\u0131. Cannes MIPTV 2022 \u201cProducers to Watch\u201d katalo\u011fu i\u00e7in d\u00fcnyan\u0131n d\u00f6rt bir yan\u0131ndan se\u00e7ilen uluslararas\u0131 yap\u0131mc\u0131lardan biridir. Asl\u0131, Zefir (Tokyo FF &hellip; <\/p>\n<p class=\"link-more\"><a href=\"https:\/\/yunanistansinemasigunleri.com\/en\/juri\/\" class=\"more-link\">Continue reading<span class=\"screen-reader-text\"> &#8220;J\u00fcri&#8221;<\/span><\/a><\/p>","protected":false},"author":219729766,"featured_media":0,"parent":0,"menu_order":0,"comment_status":"closed","ping_status":"closed","template":"","meta":{"_crdt_document":"","advanced_seo_description":"","jetpack_seo_html_title":"","jetpack_seo_noindex":false,"footnotes":""},"class_list":["post-4609","page","type-page","status-publish","hentry"],"jetpack_likes_enabled":true,"jetpack_sharing_enabled":true,"jetpack_shortlink":"https:\/\/wp.me\/PdSim2-1cl","jetpack-related-posts":[],"amp_enabled":true,"_links":{"self":[{"href":"https:\/\/yunanistansinemasigunleri.com\/en\/wp-json\/wp\/v2\/pages\/4609","targetHints":{"allow":["GET"]}}],"collection":[{"href":"https:\/\/yunanistansinemasigunleri.com\/en\/wp-json\/wp\/v2\/pages"}],"about":[{"href":"https:\/\/yunanistansinemasigunleri.com\/en\/wp-json\/wp\/v2\/types\/page"}],"author":[{"embeddable":true,"href":"https:\/\/yunanistansinemasigunleri.com\/en\/wp-json\/wp\/v2\/users\/219729766"}],"replies":[{"embeddable":true,"href":"https:\/\/yunanistansinemasigunleri.com\/en\/wp-json\/wp\/v2\/comments?post=4609"}],"version-history":[{"count":8,"href":"https:\/\/yunanistansinemasigunleri.com\/en\/wp-json\/wp\/v2\/pages\/4609\/revisions"}],"predecessor-version":[{"id":4647,"href":"https:\/\/yunanistansinemasigunleri.com\/en\/wp-json\/wp\/v2\/pages\/4609\/revisions\/4647"}],"wp:attachment":[{"href":"https:\/\/yunanistansinemasigunleri.com\/en\/wp-json\/wp\/v2\/media?parent=4609"}],"curies":[{"name":"wp","href":"https:\/\/api.w.org\/{rel}","templated":true}]}}