{"id":4574,"date":"2025-11-25T19:54:07","date_gmt":"2025-11-25T17:54:07","guid":{"rendered":"https:\/\/yunanistansinemasigunleri.com\/?page_id=4574"},"modified":"2025-11-27T20:43:03","modified_gmt":"2025-11-27T18:43:03","slug":"sera","status":"publish","type":"page","link":"https:\/\/yunanistansinemasigunleri.com\/en\/sera\/","title":{"rendered":"GREENHOUSE"},"content":{"rendered":"<div data-elementor-type=\"wp-page\" data-elementor-id=\"4574\" class=\"elementor elementor-4574\">\n\t\t\t\t<div class=\"elementor-element elementor-element-f1ecb6d e-flex e-con-boxed e-con e-parent\" data-id=\"f1ecb6d\" data-element_type=\"container\" data-e-type=\"container\">\n\t\t\t\t\t<div class=\"e-con-inner\">\n\t\t<div class=\"elementor-element elementor-element-1f21d83 e-con-full e-flex e-con e-child\" data-id=\"1f21d83\" data-element_type=\"container\" data-e-type=\"container\">\n\t\t\t\t<div class=\"elementor-element elementor-element-75ff6fe elementor-widget elementor-widget-heading\" data-id=\"75ff6fe\" data-element_type=\"widget\" data-e-type=\"widget\" data-widget_type=\"heading.default\">\n\t\t\t\t\t<h2 class=\"elementor-heading-title elementor-size-default\">GREENHOUSE<\/h2>\t\t\t\t<\/div>\n\t\t\t\t<\/div>\n\t\t<div class=\"elementor-element elementor-element-69ffeb3 e-con-full e-flex e-con e-child\" data-id=\"69ffeb3\" data-element_type=\"container\" data-e-type=\"container\">\n\t\t\t\t<div class=\"elementor-element elementor-element-dfe69b8 elementor-widget elementor-widget-image\" data-id=\"dfe69b8\" data-element_type=\"widget\" data-e-type=\"widget\" data-widget_type=\"image.default\">\n\t\t\t\t\t\t\t\t\t\t\t\t\t\t\t<img fetchpriority=\"high\" decoding=\"async\" data-attachment-id=\"4577\" data-permalink=\"https:\/\/yunanistansinemasigunleri.com\/en\/sera\/poster-9076f11e7b-poster-2\/\" data-orig-file=\"https:\/\/i0.wp.com\/yunanistansinemasigunleri.com\/wp-content\/uploads\/2025\/11\/Poster-9076f11e7b-poster-1.jpg?fit=566%2C800&amp;ssl=1\" data-orig-size=\"566,800\" data-comments-opened=\"1\" data-image-meta=\"{&quot;aperture&quot;:&quot;0&quot;,&quot;credit&quot;:&quot;&quot;,&quot;camera&quot;:&quot;&quot;,&quot;caption&quot;:&quot;&quot;,&quot;created_timestamp&quot;:&quot;0&quot;,&quot;copyright&quot;:&quot;&quot;,&quot;focal_length&quot;:&quot;0&quot;,&quot;iso&quot;:&quot;0&quot;,&quot;shutter_speed&quot;:&quot;0&quot;,&quot;title&quot;:&quot;&quot;,&quot;orientation&quot;:&quot;0&quot;}\" data-image-title=\"Poster 9076f11e7b-poster\" data-image-description=\"\" data-image-caption=\"&lt;p&gt;SERA&lt;\/p&gt;\" data-medium-file=\"https:\/\/i0.wp.com\/yunanistansinemasigunleri.com\/wp-content\/uploads\/2025\/11\/Poster-9076f11e7b-poster-1.jpg?fit=212%2C300&amp;ssl=1\" data-large-file=\"https:\/\/i0.wp.com\/yunanistansinemasigunleri.com\/wp-content\/uploads\/2025\/11\/Poster-9076f11e7b-poster-1.jpg?fit=525%2C742&amp;ssl=1\" width=\"212\" height=\"300\" src=\"https:\/\/i0.wp.com\/yunanistansinemasigunleri.com\/wp-content\/uploads\/2025\/11\/Poster-9076f11e7b-poster-1.jpg?fit=212%2C300&amp;ssl=1\" class=\"attachment-medium size-medium wp-image-4577\" alt=\"\" srcset=\"https:\/\/i0.wp.com\/yunanistansinemasigunleri.com\/wp-content\/uploads\/2025\/11\/Poster-9076f11e7b-poster-1.jpg?w=566&amp;ssl=1 566w, https:\/\/i0.wp.com\/yunanistansinemasigunleri.com\/wp-content\/uploads\/2025\/11\/Poster-9076f11e7b-poster-1.jpg?resize=212%2C300&amp;ssl=1 212w, https:\/\/i0.wp.com\/yunanistansinemasigunleri.com\/wp-content\/uploads\/2025\/11\/Poster-9076f11e7b-poster-1.jpg?resize=8%2C12&amp;ssl=1 8w\" sizes=\"100vw\" \/>\t\t\t\t\t\t\t\t\t\t\t\t\t\t\t<\/div>\n\t\t\t\t<\/div>\n\t\t<div class=\"elementor-element elementor-element-26d8132 e-con-full e-flex e-con e-child\" data-id=\"26d8132\" data-element_type=\"container\" data-e-type=\"container\">\n\t\t\t\t<div class=\"elementor-element elementor-element-c36c01f elementor-widget elementor-widget-text-editor\" data-id=\"c36c01f\" data-element_type=\"widget\" data-e-type=\"widget\" data-widget_type=\"text-editor.default\">\n\t\t\t\t\t\t\t\t\t<p style=\"text-align: right;\"><span style=\"color: #808080;\"><b>\u0398\u0395\u03a1\u039c\u039f\u039a\u0397\u03a0\u0399\u039f<br \/><\/b><span style=\"font-weight: 400;\">Greece, 2023, 18&#8242;, DCP, color <\/span><span style=\"font-weight: 400;\"><br \/><\/span><span style=\"font-weight: 400;\">Greek; Turkish subtitle<\/span><\/span><\/p><h5 class=\"p1\" style=\"text-align: right;\"><strong><span class=\"s1\">3<\/span> WEDNESDAY 15:00<\/strong><br \/><strong><span class=\"s1\">6 <\/span>SATURDAY 16:30<\/strong><\/h5>\t\t\t\t\t\t\t\t<\/div>\n\t\t\t\t<\/div>\n\t\t\t\t\t<\/div>\n\t\t\t\t<\/div>\n\t\t<div class=\"elementor-element elementor-element-06e569a e-flex e-con-boxed e-con e-parent\" data-id=\"06e569a\" data-element_type=\"container\" data-e-type=\"container\">\n\t\t\t\t\t<div class=\"e-con-inner\">\n\t\t<div class=\"elementor-element elementor-element-6daa987 e-con-full e-flex e-con e-child\" data-id=\"6daa987\" data-element_type=\"container\" data-e-type=\"container\">\n\t\t\t\t<div class=\"elementor-element elementor-element-898dd53 elementor-widget elementor-widget-text-editor\" data-id=\"898dd53\" data-element_type=\"widget\" data-e-type=\"widget\" data-widget_type=\"text-editor.default\">\n\t\t\t\t\t\t\t\t\t<p><span style=\"font-weight: 400;\">Sali, a young man of Albanian origin, has dropped out of school and works at greenhouses. He wants to save enough money to go through the tryout process at the Juventus Academy. But to make his dream come true, he must first overcome a series of hurdles in his harsh daily life.<\/span><\/p>\t\t\t\t\t\t\t\t<\/div>\n\t\t\t\t<\/div>\n\t\t<div class=\"elementor-element elementor-element-0ef74a1 e-con-full e-flex e-con e-child\" data-id=\"0ef74a1\" data-element_type=\"container\" data-e-type=\"container\">\n\t\t\t\t<div class=\"elementor-element elementor-element-73e5447 elementor-widget elementor-widget-text-editor\" data-id=\"73e5447\" data-element_type=\"widget\" data-e-type=\"widget\" data-widget_type=\"text-editor.default\">\n\t\t\t\t\t\t\t\t\t<p><b>Directed by--Screenplay<\/b><span style=\"font-weight: 400;\"> George Georgakopoulos<br \/><\/span><b>Director of Photography:<\/b><span style=\"font-weight: 400;\"> Yorgos Koutsaliaris<br \/><\/span><b>Producer<\/b><b>:<\/b><span style=\"font-weight: 400;\"> Lia Keramari<br \/><\/span><b>Production Designer <\/b><span style=\"font-weight: 400;\">&#8211; Elli Nalmpanti<br \/><\/span><b>Editing:<\/b><span style=\"font-weight: 400;\"> George Georgakopoulos<br \/><\/span><b>Original Music <\/b><span style=\"font-weight: 400;\">&#8211; Grigoris Liolios<br \/><\/span><b>Sound Design<\/b><span style=\"font-weight: 400;\">\u00a0&#8211; Enes Achmet Kechagia, Elias Floudas<br \/><\/span><b>Costume Designer <\/b><span style=\"font-weight: 400;\">&#8211; Sonia Maria Kaitatzi<br \/><\/span><b>Makeup Artist<\/b><span style=\"font-weight: 400;\">: Parakevi Chourtsidou<br \/><\/span><b>Cast:<\/b><span style=\"font-weight: 400;\"> Fabricio Muco, Giorgos Ninios, Vasilis Koustogiannis, Stella Papanikolaou<\/span><\/p>\t\t\t\t\t\t\t\t<\/div>\n\t\t\t\t<\/div>\n\t\t\t\t\t<\/div>\n\t\t\t\t<\/div>\n\t\t<div class=\"elementor-element elementor-element-2168f25 e-flex e-con-boxed e-con e-parent\" data-id=\"2168f25\" data-element_type=\"container\" data-e-type=\"container\">\n\t\t\t\t\t<div class=\"e-con-inner\">\n\t\t\t\t<div class=\"elementor-element elementor-element-71758d5 elementor-arrows-position-inside elementor-pagination-position-outside elementor-widget elementor-widget-image-carousel\" data-id=\"71758d5\" data-element_type=\"widget\" data-e-type=\"widget\" data-settings=\"{&quot;navigation&quot;:&quot;both&quot;,&quot;autoplay&quot;:&quot;yes&quot;,&quot;pause_on_hover&quot;:&quot;yes&quot;,&quot;pause_on_interaction&quot;:&quot;yes&quot;,&quot;autoplay_speed&quot;:5000,&quot;infinite&quot;:&quot;yes&quot;,&quot;speed&quot;:500}\" data-widget_type=\"image-carousel.default\">\n\t\t\t\t\t\t\t<div class=\"elementor-image-carousel-wrapper swiper\" role=\"region\" aria-roledescription=\"carousel\" aria-label=\"Image Carousel\" dir=\"ltr\">\n\t\t\t<div class=\"elementor-image-carousel swiper-wrapper\" aria-live=\"off\">\n\t\t\t\t\t\t\t\t<div class=\"swiper-slide\" role=\"group\" aria-roledescription=\"slide\" aria-label=\"1 of 9\"><figure class=\"swiper-slide-inner\"><img decoding=\"async\" class=\"swiper-slide-image\" src=\"https:\/\/i0.wp.com\/yunanistansinemasigunleri.com\/wp-content\/uploads\/2025\/11\/Photo-5-01_002_004_001.jpg?fit=525%2C317&amp;ssl=1\" alt=\"Photo 5 01_002_004_001\" \/><\/figure><\/div><div class=\"swiper-slide\" role=\"group\" aria-roledescription=\"slide\" aria-label=\"2 of 9\"><figure class=\"swiper-slide-inner\"><img decoding=\"async\" class=\"swiper-slide-image\" src=\"https:\/\/i0.wp.com\/yunanistansinemasigunleri.com\/wp-content\/uploads\/2025\/11\/Photo-6-01_002_005_001.jpg?fit=525%2C317&amp;ssl=1\" alt=\"Photo 6 01_002_005_001\" \/><\/figure><\/div><div class=\"swiper-slide\" role=\"group\" aria-roledescription=\"slide\" aria-label=\"3 of 9\"><figure class=\"swiper-slide-inner\"><img decoding=\"async\" class=\"swiper-slide-image\" src=\"https:\/\/i0.wp.com\/yunanistansinemasigunleri.com\/wp-content\/uploads\/2025\/11\/Photo-7-00_EXPORT009_001.jpg?fit=525%2C317&amp;ssl=1\" alt=\"Photo 7 00_EXPORT009_001\" \/><\/figure><\/div><div class=\"swiper-slide\" role=\"group\" aria-roledescription=\"slide\" aria-label=\"4 of 9\"><figure class=\"swiper-slide-inner\"><img decoding=\"async\" class=\"swiper-slide-image\" src=\"https:\/\/i0.wp.com\/yunanistansinemasigunleri.com\/wp-content\/uploads\/2025\/11\/Photo-8-12_001.jpg?fit=525%2C317&amp;ssl=1\" alt=\"Photo 8 12_001\" \/><\/figure><\/div><div class=\"swiper-slide\" role=\"group\" aria-roledescription=\"slide\" aria-label=\"5 of 9\"><figure class=\"swiper-slide-inner\"><img decoding=\"async\" class=\"swiper-slide-image\" src=\"https:\/\/i0.wp.com\/yunanistansinemasigunleri.com\/wp-content\/uploads\/2025\/11\/Photo-9-13_001.jpg?fit=525%2C317&amp;ssl=1\" alt=\"Photo 9 13_001\" \/><\/figure><\/div><div class=\"swiper-slide\" role=\"group\" aria-roledescription=\"slide\" aria-label=\"6 of 9\"><figure class=\"swiper-slide-inner\"><img decoding=\"async\" class=\"swiper-slide-image\" src=\"https:\/\/i0.wp.com\/yunanistansinemasigunleri.com\/wp-content\/uploads\/2025\/11\/Photo-4-01_008_001.jpg?fit=525%2C317&amp;ssl=1\" alt=\"Photo 4 01_008_001\" \/><\/figure><\/div><div class=\"swiper-slide\" role=\"group\" aria-roledescription=\"slide\" aria-label=\"7 of 9\"><figure class=\"swiper-slide-inner\"><img decoding=\"async\" class=\"swiper-slide-image\" src=\"https:\/\/i0.wp.com\/yunanistansinemasigunleri.com\/wp-content\/uploads\/2025\/11\/Photo-3-01_002_001.jpg?fit=525%2C317&amp;ssl=1\" alt=\"Photo 3 01_002_001\" \/><\/figure><\/div><div class=\"swiper-slide\" role=\"group\" aria-roledescription=\"slide\" aria-label=\"8 of 9\"><figure class=\"swiper-slide-inner\"><img decoding=\"async\" class=\"swiper-slide-image\" src=\"https:\/\/i0.wp.com\/yunanistansinemasigunleri.com\/wp-content\/uploads\/2025\/11\/Photo-2-01_001.jpg?fit=525%2C317&amp;ssl=1\" alt=\"Photo 2 01_001\" \/><\/figure><\/div><div class=\"swiper-slide\" role=\"group\" aria-roledescription=\"slide\" aria-label=\"9 of 9\"><figure class=\"swiper-slide-inner\"><img decoding=\"async\" class=\"swiper-slide-image\" src=\"https:\/\/i0.wp.com\/yunanistansinemasigunleri.com\/wp-content\/uploads\/2025\/11\/Photo-1-01_002_003_001.jpg?fit=525%2C317&amp;ssl=1\" alt=\"Photo 1 01_002_003_001\" \/><\/figure><\/div>\t\t\t<\/div>\n\t\t\t\t\t\t\t\t\t\t\t\t<div class=\"elementor-swiper-button elementor-swiper-button-prev\" role=\"button\" tabindex=\"0\">\n\t\t\t\t\t\t<svg aria-hidden=\"true\" class=\"e-font-icon-svg e-eicon-chevron-left\" viewbox=\"0 0 1000 1000\" xmlns=\"http:\/\/www.w3.org\/2000\/svg\"><path d=\"M646 125C629 125 613 133 604 142L308 442C296 454 292 471 292 487 292 504 296 521 308 533L604 854C617 867 629 875 646 875 663 875 679 871 692 858 704 846 713 829 713 812 713 796 708 779 692 767L438 487 692 225C700 217 708 204 708 187 708 171 704 154 692 142 675 129 663 125 646 125Z\"><\/path><\/svg>\t\t\t\t\t<\/div>\n\t\t\t\t\t<div class=\"elementor-swiper-button elementor-swiper-button-next\" role=\"button\" tabindex=\"0\">\n\t\t\t\t\t\t<svg aria-hidden=\"true\" class=\"e-font-icon-svg e-eicon-chevron-right\" viewbox=\"0 0 1000 1000\" xmlns=\"http:\/\/www.w3.org\/2000\/svg\"><path d=\"M696 533C708 521 713 504 713 487 713 471 708 454 696 446L400 146C388 133 375 125 354 125 338 125 325 129 313 142 300 154 292 171 292 187 292 204 296 221 308 233L563 492 304 771C292 783 288 800 288 817 288 833 296 850 308 863 321 871 338 875 354 875 371 875 388 867 400 854L696 533Z\"><\/path><\/svg>\t\t\t\t\t<\/div>\n\t\t\t\t\n\t\t\t\t\t\t\t\t\t<div class=\"swiper-pagination\"><\/div>\n\t\t\t\t\t\t\t\t\t<\/div>\n\t\t\t\t\t\t<\/div>\n\t\t\t\t\t<\/div>\n\t\t\t\t<\/div>\n\t\t\t\t<\/div>","protected":false},"excerpt":{"rendered":"<p>SERA \u0398\u0395\u03a1\u039c\u039f\u039a\u0397\u03a0\u0399\u039fGreece, 2023, 18&#8242;, DCP, color Greek; Turkish subtitle 3 \u00c7AR\u015eAMBA 15:006 CUMARTES\u0130 16:30 Arnavutluk k\u00f6kenli bir delikanl\u0131 olan Sali okulu b\u0131rak\u0131p seralarda \u00e7al\u0131\u015fmaya ba\u015flam\u0131\u015ft\u0131r.. Juventus Akademisi\u2019nin se\u00e7melerine kat\u0131labilmek i\u00e7in yeterli paray\u0131 biriktirmeye \u00e7abalamaktad\u0131r. Ancak hayallerini ger\u00e7ekle\u015ftirebilmek i\u00e7in \u00f6nce zorlu g\u00fcndelik hayat\u0131ndaki bir dizi engeli a\u015fmas\u0131 gerekecektir. Y\u00f6netmen-Senaryo: George GeorgakopoulosG\u00f6r\u00fcnt\u00fc Y\u00f6netmeni: Yorgos KoutsaliarisYap\u0131mc\u0131: Lia KeramariYap\u0131m &hellip; <\/p>\n<p class=\"link-more\"><a href=\"https:\/\/yunanistansinemasigunleri.com\/en\/sera\/\" class=\"more-link\">Continue reading<span class=\"screen-reader-text\"> &#8220;SERA&#8221;<\/span><\/a><\/p>","protected":false},"author":219729766,"featured_media":0,"parent":0,"menu_order":0,"comment_status":"closed","ping_status":"closed","template":"","meta":{"_crdt_document":"","advanced_seo_description":"","jetpack_seo_html_title":"","jetpack_seo_noindex":false,"jetpack_post_was_ever_published":false,"footnotes":""},"class_list":["post-4574","page","type-page","status-publish","hentry"],"jetpack_likes_enabled":true,"jetpack_sharing_enabled":true,"jetpack_shortlink":"https:\/\/wp.me\/PdSim2-1bM","jetpack-related-posts":[],"amp_enabled":true,"_links":{"self":[{"href":"https:\/\/yunanistansinemasigunleri.com\/en\/wp-json\/wp\/v2\/pages\/4574","targetHints":{"allow":["GET"]}}],"collection":[{"href":"https:\/\/yunanistansinemasigunleri.com\/en\/wp-json\/wp\/v2\/pages"}],"about":[{"href":"https:\/\/yunanistansinemasigunleri.com\/en\/wp-json\/wp\/v2\/types\/page"}],"author":[{"embeddable":true,"href":"https:\/\/yunanistansinemasigunleri.com\/en\/wp-json\/wp\/v2\/users\/219729766"}],"replies":[{"embeddable":true,"href":"https:\/\/yunanistansinemasigunleri.com\/en\/wp-json\/wp\/v2\/comments?post=4574"}],"version-history":[{"count":7,"href":"https:\/\/yunanistansinemasigunleri.com\/en\/wp-json\/wp\/v2\/pages\/4574\/revisions"}],"predecessor-version":[{"id":4797,"href":"https:\/\/yunanistansinemasigunleri.com\/en\/wp-json\/wp\/v2\/pages\/4574\/revisions\/4797"}],"wp:attachment":[{"href":"https:\/\/yunanistansinemasigunleri.com\/en\/wp-json\/wp\/v2\/media?parent=4574"}],"curies":[{"name":"wp","href":"https:\/\/api.w.org\/{rel}","templated":true}]}}