{"id":4543,"date":"2025-11-25T19:40:46","date_gmt":"2025-11-25T17:40:46","guid":{"rendered":"https:\/\/yunanistansinemasigunleri.com\/?page_id=4543"},"modified":"2025-11-27T20:43:21","modified_gmt":"2025-11-27T18:43:21","slug":"terminal-12","status":"publish","type":"page","link":"https:\/\/yunanistansinemasigunleri.com\/en\/terminal-12\/","title":{"rendered":"\u0398\u0395\u03a3\u0397 12"},"content":{"rendered":"<div data-elementor-type=\"wp-page\" data-elementor-id=\"4543\" class=\"elementor elementor-4543\">\n\t\t\t\t<div class=\"elementor-element elementor-element-8707926 e-flex e-con-boxed e-con e-parent\" data-id=\"8707926\" data-element_type=\"container\" data-e-type=\"container\">\n\t\t\t\t\t<div class=\"e-con-inner\">\n\t\t<div class=\"elementor-element elementor-element-b633cf1 e-con-full e-flex e-con e-child\" data-id=\"b633cf1\" data-element_type=\"container\" data-e-type=\"container\">\n\t\t\t\t<div class=\"elementor-element elementor-element-b596950 elementor-widget elementor-widget-heading\" data-id=\"b596950\" data-element_type=\"widget\" data-e-type=\"widget\" data-widget_type=\"heading.default\">\n\t\t\t\t\t<h2 class=\"elementor-heading-title elementor-size-default\">\u0398\u0395\u03a3\u0397 12<\/h2>\t\t\t\t<\/div>\n\t\t\t\t<\/div>\n\t\t<div class=\"elementor-element elementor-element-e9b1450 e-con-full e-flex e-con e-child\" data-id=\"e9b1450\" data-element_type=\"container\" data-e-type=\"container\">\n\t\t\t\t<div class=\"elementor-element elementor-element-657d059 elementor-widget elementor-widget-image\" data-id=\"657d059\" data-element_type=\"widget\" data-e-type=\"widget\" data-widget_type=\"image.default\">\n\t\t\t\t\t\t\t\t\t\t\t\t\t\t\t<img fetchpriority=\"high\" decoding=\"async\" data-attachment-id=\"4545\" data-permalink=\"https:\/\/yunanistansinemasigunleri.com\/en\/short-films\/poster-5fc6eeec45-poster\/\" data-orig-file=\"https:\/\/i0.wp.com\/yunanistansinemasigunleri.com\/wp-content\/uploads\/2025\/11\/Poster-5fc6eeec45-poster.jpg?fit=560%2C800&amp;ssl=1\" data-orig-size=\"560,800\" data-comments-opened=\"1\" data-image-meta=\"{&quot;aperture&quot;:&quot;0&quot;,&quot;credit&quot;:&quot;&quot;,&quot;camera&quot;:&quot;&quot;,&quot;caption&quot;:&quot;&quot;,&quot;created_timestamp&quot;:&quot;0&quot;,&quot;copyright&quot;:&quot;&quot;,&quot;focal_length&quot;:&quot;0&quot;,&quot;iso&quot;:&quot;0&quot;,&quot;shutter_speed&quot;:&quot;0&quot;,&quot;title&quot;:&quot;&quot;,&quot;orientation&quot;:&quot;0&quot;}\" data-image-title=\"Poster 5fc6eeec45-poster\" data-image-description=\"\" data-image-caption=\"&lt;p&gt;TERM\u0130NAL 12&lt;\/p&gt;\" data-large-file=\"https:\/\/i0.wp.com\/yunanistansinemasigunleri.com\/wp-content\/uploads\/2025\/11\/Poster-5fc6eeec45-poster.jpg?fit=525%2C750&amp;ssl=1\" width=\"210\" height=\"300\" src=\"https:\/\/i0.wp.com\/yunanistansinemasigunleri.com\/wp-content\/uploads\/2025\/11\/Poster-5fc6eeec45-poster.jpg?fit=210%2C300&amp;ssl=1\" class=\"attachment-medium size-medium wp-image-4545\" alt=\"\" srcset=\"https:\/\/i0.wp.com\/yunanistansinemasigunleri.com\/wp-content\/uploads\/2025\/11\/Poster-5fc6eeec45-poster.jpg?w=560&amp;ssl=1 560w, https:\/\/i0.wp.com\/yunanistansinemasigunleri.com\/wp-content\/uploads\/2025\/11\/Poster-5fc6eeec45-poster.jpg?resize=210%2C300&amp;ssl=1 210w, https:\/\/i0.wp.com\/yunanistansinemasigunleri.com\/wp-content\/uploads\/2025\/11\/Poster-5fc6eeec45-poster.jpg?resize=8%2C12&amp;ssl=1 8w\" sizes=\"100vw\" \/>\t\t\t\t\t\t\t\t\t\t\t\t\t\t\t<\/div>\n\t\t\t\t<\/div>\n\t\t<div class=\"elementor-element elementor-element-c8c280b e-con-full e-flex e-con e-child\" data-id=\"c8c280b\" data-element_type=\"container\" data-e-type=\"container\">\n\t\t\t\t<div class=\"elementor-element elementor-element-616bf8f elementor-widget elementor-widget-text-editor\" data-id=\"616bf8f\" data-element_type=\"widget\" data-e-type=\"widget\" data-widget_type=\"text-editor.default\">\n\t\t\t\t\t\t\t\t\t<p style=\"text-align: right;\"><span style=\"color: #808080;\"><b>\u0398\u0395\u03a3\u0397 12<br \/><\/b><span style=\"font-weight: 400;\">Greece, 2024, 16&#8242;, DCP, color <\/span><span style=\"font-weight: 400;\"><br \/><\/span><span style=\"font-weight: 400;\">Greek; Turkish subtitle<\/span><\/span><b><\/b><\/p><h5 class=\"p1\" style=\"text-align: right;\"><strong><span class=\"s1\">3<\/span> WEDNESDAY 15:00<\/strong><br \/><strong><span class=\"s1\">6 <\/span>SATURDAY 16:30<\/strong><\/h5>\t\t\t\t\t\t\t\t<\/div>\n\t\t\t\t<\/div>\n\t\t\t\t\t<\/div>\n\t\t\t\t<\/div>\n\t\t<div class=\"elementor-element elementor-element-23df67d e-flex e-con-boxed e-con e-parent\" data-id=\"23df67d\" data-element_type=\"container\" data-e-type=\"container\">\n\t\t\t\t\t<div class=\"e-con-inner\">\n\t\t<div class=\"elementor-element elementor-element-8b85576 e-con-full e-flex e-con e-child\" data-id=\"8b85576\" data-element_type=\"container\" data-e-type=\"container\">\n\t\t\t\t<div class=\"elementor-element elementor-element-80250a6 elementor-widget elementor-widget-text-editor\" data-id=\"80250a6\" data-element_type=\"widget\" data-e-type=\"widget\" data-widget_type=\"text-editor.default\">\n\t\t\t\t\t\t\t\t\t<p><span style=\"font-weight: 400;\">This film is based on true events took place in Greece where a woman called Kiriaki Griva was fatally stabbed by her ex-boyfriend on the 1st of April 2024, right outside the police station in Agioi Anargyroi.<\/span><\/p>\t\t\t\t\t\t\t\t<\/div>\n\t\t\t\t<\/div>\n\t\t<div class=\"elementor-element elementor-element-651087c e-con-full e-flex e-con e-child\" data-id=\"651087c\" data-element_type=\"container\" data-e-type=\"container\">\n\t\t\t\t<div class=\"elementor-element elementor-element-5fc5a2a elementor-widget elementor-widget-text-editor\" data-id=\"5fc5a2a\" data-element_type=\"widget\" data-e-type=\"widget\" data-widget_type=\"text-editor.default\">\n\t\t\t\t\t\t\t\t\t<p><b>Directed by--Screenplay<\/b><span style=\"font-weight: 400;\"> Harrys Tzortzakis<br \/><\/span><b>Producer:<\/b><span style=\"font-weight: 400;\"> Yiolada Laskaridi<br \/><\/span><b>Cast:<\/b><span style=\"font-weight: 400;\"> Pavlina Sarli, Olga Stalloglou, Yiolada Laskaridi, Eleutheria Chrisikopoulou, Georgia Amorgiannioti, Driva Elie, Annie Panteli, Eleanna Papadaki, Eleni Giannakou, Theodosia Demou<\/span><\/p>\t\t\t\t\t\t\t\t<\/div>\n\t\t\t\t<\/div>\n\t\t\t\t\t<\/div>\n\t\t\t\t<\/div>\n\t\t<div class=\"elementor-element elementor-element-c7e8f99 e-flex e-con-boxed e-con e-parent\" data-id=\"c7e8f99\" data-element_type=\"container\" data-e-type=\"container\">\n\t\t\t\t\t<div class=\"e-con-inner\">\n\t\t\t\t<div class=\"elementor-element elementor-element-37e4f0e elementor-arrows-position-inside elementor-pagination-position-outside elementor-widget elementor-widget-image-carousel\" data-id=\"37e4f0e\" data-element_type=\"widget\" data-e-type=\"widget\" data-settings=\"{&quot;navigation&quot;:&quot;both&quot;,&quot;autoplay&quot;:&quot;yes&quot;,&quot;pause_on_hover&quot;:&quot;yes&quot;,&quot;pause_on_interaction&quot;:&quot;yes&quot;,&quot;autoplay_speed&quot;:5000,&quot;infinite&quot;:&quot;yes&quot;,&quot;speed&quot;:500}\" data-widget_type=\"image-carousel.default\">\n\t\t\t\t\t\t\t<div class=\"elementor-image-carousel-wrapper swiper\" role=\"region\" aria-roledescription=\"carousel\" aria-label=\"Image Carousel\" dir=\"ltr\">\n\t\t\t<div class=\"elementor-image-carousel swiper-wrapper\" aria-live=\"off\">\n\t\t\t\t\t\t\t\t<div class=\"swiper-slide\" role=\"group\" aria-roledescription=\"slide\" aria-label=\"1 of 2\"><figure class=\"swiper-slide-inner\"><img decoding=\"async\" class=\"swiper-slide-image\" src=\"https:\/\/i0.wp.com\/yunanistansinemasigunleri.com\/wp-content\/uploads\/2025\/11\/Photo-1-Screenshot_20240607_114511_Gallery.jpg?fit=525%2C237&amp;ssl=1\" alt=\"Photo 1 Screenshot_20240607_114511_Gallery\" \/><\/figure><\/div><div class=\"swiper-slide\" role=\"group\" aria-roledescription=\"slide\" aria-label=\"2 of 2\"><figure class=\"swiper-slide-inner\"><img decoding=\"async\" class=\"swiper-slide-image\" src=\"https:\/\/i0.wp.com\/yunanistansinemasigunleri.com\/wp-content\/uploads\/2025\/11\/Photo-5-CLEANER_5.jpg?fit=525%2C219&amp;ssl=1\" alt=\"Photo 5 CLEANER_5\" \/><\/figure><\/div>\t\t\t<\/div>\n\t\t\t\t\t\t\t\t\t\t\t\t<div class=\"elementor-swiper-button elementor-swiper-button-prev\" role=\"button\" tabindex=\"0\">\n\t\t\t\t\t\t<svg aria-hidden=\"true\" class=\"e-font-icon-svg e-eicon-chevron-left\" viewbox=\"0 0 1000 1000\" xmlns=\"http:\/\/www.w3.org\/2000\/svg\"><path d=\"M646 125C629 125 613 133 604 142L308 442C296 454 292 471 292 487 292 504 296 521 308 533L604 854C617 867 629 875 646 875 663 875 679 871 692 858 704 846 713 829 713 812 713 796 708 779 692 767L438 487 692 225C700 217 708 204 708 187 708 171 704 154 692 142 675 129 663 125 646 125Z\"><\/path><\/svg>\t\t\t\t\t<\/div>\n\t\t\t\t\t<div class=\"elementor-swiper-button elementor-swiper-button-next\" role=\"button\" tabindex=\"0\">\n\t\t\t\t\t\t<svg aria-hidden=\"true\" class=\"e-font-icon-svg e-eicon-chevron-right\" viewbox=\"0 0 1000 1000\" xmlns=\"http:\/\/www.w3.org\/2000\/svg\"><path d=\"M696 533C708 521 713 504 713 487 713 471 708 454 696 446L400 146C388 133 375 125 354 125 338 125 325 129 313 142 300 154 292 171 292 187 292 204 296 221 308 233L563 492 304 771C292 783 288 800 288 817 288 833 296 850 308 863 321 871 338 875 354 875 371 875 388 867 400 854L696 533Z\"><\/path><\/svg>\t\t\t\t\t<\/div>\n\t\t\t\t\n\t\t\t\t\t\t\t\t\t<div class=\"swiper-pagination\"><\/div>\n\t\t\t\t\t\t\t\t\t<\/div>\n\t\t\t\t\t\t<\/div>\n\t\t\t\t\t<\/div>\n\t\t\t\t<\/div>\n\t\t\t\t<\/div>","protected":false},"excerpt":{"rendered":"<p>TERM\u0130NAL 12 \u0398\u0395\u03a3\u0397 12Greece, 2024, 16&#8242;, DCP, color Greek; Turkish subtitle 3 \u00c7AR\u015eAMBA 15:006 CUMARTES\u0130 16:30 Bu film Kiriaki Griva adl\u0131 bir kad\u0131n\u0131n 1 Nisan 2024 tarihinde Yunanistan&#8217;da, Agioi Anargyroi&#8217;de, polis karakolunun hemen \u00f6n\u00fcnde eski erkek arkada\u015f\u0131 taraf\u0131ndan b\u0131\u00e7aklanarak \u00f6ld\u00fcr\u00fcld\u00fc\u011f\u00fc ger\u00e7ek olaylara dayanmaktad\u0131r. Y\u00f6netmen-Senaryo: Harrys TzortzakisYap\u0131mc\u0131: Yiolada LaskaridiOyuncular: Pavlina Sarli, Olga Stalloglou, Yiolada Laskaridi, Eleutheria &hellip; <\/p>\n<p class=\"link-more\"><a href=\"https:\/\/yunanistansinemasigunleri.com\/en\/terminal-12\/\" class=\"more-link\">Continue reading<span class=\"screen-reader-text\"> &#8220;TERM\u0130NAL 12&#8221;<\/span><\/a><\/p>","protected":false},"author":219729766,"featured_media":0,"parent":0,"menu_order":0,"comment_status":"closed","ping_status":"closed","template":"","meta":{"_crdt_document":"","advanced_seo_description":"","jetpack_seo_html_title":"","jetpack_seo_noindex":false,"footnotes":""},"class_list":["post-4543","page","type-page","status-publish","hentry"],"jetpack_likes_enabled":true,"jetpack_sharing_enabled":true,"jetpack_shortlink":"https:\/\/wp.me\/PdSim2-1bh","jetpack-related-posts":[],"amp_enabled":true,"_links":{"self":[{"href":"https:\/\/yunanistansinemasigunleri.com\/en\/wp-json\/wp\/v2\/pages\/4543","targetHints":{"allow":["GET"]}}],"collection":[{"href":"https:\/\/yunanistansinemasigunleri.com\/en\/wp-json\/wp\/v2\/pages"}],"about":[{"href":"https:\/\/yunanistansinemasigunleri.com\/en\/wp-json\/wp\/v2\/types\/page"}],"author":[{"embeddable":true,"href":"https:\/\/yunanistansinemasigunleri.com\/en\/wp-json\/wp\/v2\/users\/219729766"}],"replies":[{"embeddable":true,"href":"https:\/\/yunanistansinemasigunleri.com\/en\/wp-json\/wp\/v2\/comments?post=4543"}],"version-history":[{"count":6,"href":"https:\/\/yunanistansinemasigunleri.com\/en\/wp-json\/wp\/v2\/pages\/4543\/revisions"}],"predecessor-version":[{"id":4803,"href":"https:\/\/yunanistansinemasigunleri.com\/en\/wp-json\/wp\/v2\/pages\/4543\/revisions\/4803"}],"wp:attachment":[{"href":"https:\/\/yunanistansinemasigunleri.com\/en\/wp-json\/wp\/v2\/media?parent=4543"}],"curies":[{"name":"wp","href":"https:\/\/api.w.org\/{rel}","templated":true}]}}