{"id":4526,"date":"2025-11-25T19:35:50","date_gmt":"2025-11-25T17:35:50","guid":{"rendered":"https:\/\/yunanistansinemasigunleri.com\/?page_id=4526"},"modified":"2025-11-27T20:48:08","modified_gmt":"2025-11-27T18:48:08","slug":"temizlikci","status":"publish","type":"page","link":"https:\/\/yunanistansinemasigunleri.com\/en\/temizlikci\/","title":{"rendered":"CLEANER"},"content":{"rendered":"<div data-elementor-type=\"wp-page\" data-elementor-id=\"4526\" class=\"elementor elementor-4526\">\n\t\t\t\t<div class=\"elementor-element elementor-element-bbad133 e-flex e-con-boxed e-con e-parent\" data-id=\"bbad133\" data-element_type=\"container\" data-e-type=\"container\">\n\t\t\t\t\t<div class=\"e-con-inner\">\n\t\t<div class=\"elementor-element elementor-element-9a40204 e-con-full e-flex e-con e-child\" data-id=\"9a40204\" data-element_type=\"container\" data-e-type=\"container\">\n\t\t\t\t<div class=\"elementor-element elementor-element-a807313 elementor-widget elementor-widget-heading\" data-id=\"a807313\" data-element_type=\"widget\" data-e-type=\"widget\" data-widget_type=\"heading.default\">\n\t\t\t\t\t<h2 class=\"elementor-heading-title elementor-size-default\">CLEANER<\/h2>\t\t\t\t<\/div>\n\t\t\t\t<\/div>\n\t\t<div class=\"elementor-element elementor-element-aa610a0 e-con-full e-flex e-con e-child\" data-id=\"aa610a0\" data-element_type=\"container\" data-e-type=\"container\">\n\t\t\t\t<div class=\"elementor-element elementor-element-84ede70 elementor-widget elementor-widget-image\" data-id=\"84ede70\" data-element_type=\"widget\" data-e-type=\"widget\" data-widget_type=\"image.default\">\n\t\t\t\t\t\t\t\t\t\t\t\t\t\t\t<img fetchpriority=\"high\" decoding=\"async\" data-attachment-id=\"4534\" data-permalink=\"https:\/\/yunanistansinemasigunleri.com\/en\/short-films\/poster-53bb5ec593-poster\/\" data-orig-file=\"https:\/\/i0.wp.com\/yunanistansinemasigunleri.com\/wp-content\/uploads\/2025\/11\/Poster-53bb5ec593-poster.jpg?fit=560%2C800&amp;ssl=1\" data-orig-size=\"560,800\" data-comments-opened=\"1\" data-image-meta=\"{&quot;aperture&quot;:&quot;0&quot;,&quot;credit&quot;:&quot;&quot;,&quot;camera&quot;:&quot;&quot;,&quot;caption&quot;:&quot;&quot;,&quot;created_timestamp&quot;:&quot;0&quot;,&quot;copyright&quot;:&quot;&quot;,&quot;focal_length&quot;:&quot;0&quot;,&quot;iso&quot;:&quot;0&quot;,&quot;shutter_speed&quot;:&quot;0&quot;,&quot;title&quot;:&quot;&quot;,&quot;orientation&quot;:&quot;0&quot;}\" data-image-title=\"Poster 53bb5ec593-poster\" data-image-description=\"\" data-image-caption=\"&lt;p&gt;TEM\u0130ZL\u0130K\u00c7\u0130&lt;\/p&gt;\" data-large-file=\"https:\/\/i0.wp.com\/yunanistansinemasigunleri.com\/wp-content\/uploads\/2025\/11\/Poster-53bb5ec593-poster.jpg?fit=525%2C750&amp;ssl=1\" width=\"210\" height=\"300\" src=\"https:\/\/i0.wp.com\/yunanistansinemasigunleri.com\/wp-content\/uploads\/2025\/11\/Poster-53bb5ec593-poster.jpg?fit=210%2C300&amp;ssl=1\" class=\"attachment-medium size-medium wp-image-4534\" alt=\"\" srcset=\"https:\/\/i0.wp.com\/yunanistansinemasigunleri.com\/wp-content\/uploads\/2025\/11\/Poster-53bb5ec593-poster.jpg?w=560&amp;ssl=1 560w, https:\/\/i0.wp.com\/yunanistansinemasigunleri.com\/wp-content\/uploads\/2025\/11\/Poster-53bb5ec593-poster.jpg?resize=210%2C300&amp;ssl=1 210w, https:\/\/i0.wp.com\/yunanistansinemasigunleri.com\/wp-content\/uploads\/2025\/11\/Poster-53bb5ec593-poster.jpg?resize=8%2C12&amp;ssl=1 8w\" sizes=\"100vw\" \/>\t\t\t\t\t\t\t\t\t\t\t\t\t\t\t<\/div>\n\t\t\t\t<\/div>\n\t\t<div class=\"elementor-element elementor-element-369b273 e-con-full e-flex e-con e-child\" data-id=\"369b273\" data-element_type=\"container\" data-e-type=\"container\">\n\t\t\t\t<div class=\"elementor-element elementor-element-abea424 elementor-widget elementor-widget-text-editor\" data-id=\"abea424\" data-element_type=\"widget\" data-e-type=\"widget\" data-widget_type=\"text-editor.default\">\n\t\t\t\t\t\t\t\t\t<h5 style=\"text-align: right;\"><span style=\"color: #808080;\"><b>CLEANER<br \/><\/b><span style=\"font-weight: 400;\">Greece, 2024, 18&#8242;, DCP, color<br \/><\/span><span style=\"font-weight: 400;\">Greek; Turkish subtitle<\/span><\/span><\/h5><h5 style=\"text-align: right;\"><span style=\"color: #808080;\"><span style=\"font-weight: 400;\"><br \/><\/span><\/span><strong>3 WEDNESDAY 15:00<\/strong><br \/><strong><span class=\"s1\">6 <\/span>SATURDAY 16:30<\/strong><\/h5><p><b><br style=\"font-weight: 400;\" \/><br style=\"font-weight: 400;\" \/><\/b><\/p>\t\t\t\t\t\t\t\t<\/div>\n\t\t\t\t<\/div>\n\t\t\t\t\t<\/div>\n\t\t\t\t<\/div>\n\t\t<div class=\"elementor-element elementor-element-3ec5cff e-flex e-con-boxed e-con e-parent\" data-id=\"3ec5cff\" data-element_type=\"container\" data-e-type=\"container\">\n\t\t\t\t\t<div class=\"e-con-inner\">\n\t\t<div class=\"elementor-element elementor-element-9bf68eb e-con-full e-flex e-con e-child\" data-id=\"9bf68eb\" data-element_type=\"container\" data-e-type=\"container\">\n\t\t\t\t<div class=\"elementor-element elementor-element-ceb5c26 elementor-widget elementor-widget-text-editor\" data-id=\"ceb5c26\" data-element_type=\"widget\" data-e-type=\"widget\" data-widget_type=\"text-editor.default\">\n\t\t\t\t\t\t\t\t\t<p><span style=\"font-weight: 400;\">Ektoras works as a pest control technician during the day. Once a week he goes to an NGO where he is offered psychological support since he got released from prison. His psychologist observes that he looks underslept. She asks him to tell her what happened the previous evening. Ektoras starts to narrate but his words get mixed with last night\u2019s events, gradually revealing the past, the present, and a night job that sends him in the middle of the night to the open sea of the Saronic Gulf.<\/span><\/p>\t\t\t\t\t\t\t\t<\/div>\n\t\t\t\t<\/div>\n\t\t<div class=\"elementor-element elementor-element-5eaa9fe e-con-full e-flex e-con e-child\" data-id=\"5eaa9fe\" data-element_type=\"container\" data-e-type=\"container\">\n\t\t\t\t<div class=\"elementor-element elementor-element-1150ce9 elementor-widget elementor-widget-text-editor\" data-id=\"1150ce9\" data-element_type=\"widget\" data-e-type=\"widget\" data-widget_type=\"text-editor.default\">\n\t\t\t\t\t\t\t\t\t<p><b>Directed by--Screenplay<\/b><span style=\"font-weight: 400;\"> Kostas Gerampinis<br \/><\/span><b>Producer:<\/b><span style=\"font-weight: 400;\"> Christos Giannakopoulos<br \/><\/span><b>Cast:<\/b><span style=\"font-weight: 400;\"> Alexis Arampatzidis, Christina Christodoulou<\/span><\/p>\t\t\t\t\t\t\t\t<\/div>\n\t\t\t\t<\/div>\n\t\t\t\t\t<\/div>\n\t\t\t\t<\/div>\n\t\t<div class=\"elementor-element elementor-element-a38b876 e-flex e-con-boxed e-con e-parent\" data-id=\"a38b876\" data-element_type=\"container\" data-e-type=\"container\">\n\t\t\t\t\t<div class=\"e-con-inner\">\n\t\t\t\t<div class=\"elementor-element elementor-element-52b52d4 elementor-arrows-position-inside elementor-pagination-position-outside elementor-widget elementor-widget-image-carousel\" data-id=\"52b52d4\" data-element_type=\"widget\" data-e-type=\"widget\" data-settings=\"{&quot;navigation&quot;:&quot;both&quot;,&quot;autoplay&quot;:&quot;yes&quot;,&quot;pause_on_hover&quot;:&quot;yes&quot;,&quot;pause_on_interaction&quot;:&quot;yes&quot;,&quot;autoplay_speed&quot;:5000,&quot;infinite&quot;:&quot;yes&quot;,&quot;speed&quot;:500}\" data-widget_type=\"image-carousel.default\">\n\t\t\t\t\t\t\t<div class=\"elementor-image-carousel-wrapper swiper\" role=\"region\" aria-roledescription=\"carousel\" aria-label=\"Image Carousel\" dir=\"ltr\">\n\t\t\t<div class=\"elementor-image-carousel swiper-wrapper\" aria-live=\"off\">\n\t\t\t\t\t\t\t\t<div class=\"swiper-slide\" role=\"group\" aria-roledescription=\"slide\" aria-label=\"1 \/ 5\"><figure class=\"swiper-slide-inner\"><img decoding=\"async\" class=\"swiper-slide-image\" src=\"https:\/\/i0.wp.com\/yunanistansinemasigunleri.com\/wp-content\/uploads\/2025\/11\/Photo-5-CLEANER_5.jpg?fit=740%2C309&amp;ssl=1\" alt=\"Photo 5 CLEANER_5\" \/><\/figure><\/div><div class=\"swiper-slide\" role=\"group\" aria-roledescription=\"slide\" aria-label=\"2 \/ 5\"><figure class=\"swiper-slide-inner\"><img decoding=\"async\" class=\"swiper-slide-image\" src=\"https:\/\/i0.wp.com\/yunanistansinemasigunleri.com\/wp-content\/uploads\/2025\/11\/Photo-4-CLEANER_2.jpg?fit=740%2C310&amp;ssl=1\" alt=\"Photo 4 CLEANER_2\" \/><\/figure><\/div><div class=\"swiper-slide\" role=\"group\" aria-roledescription=\"slide\" aria-label=\"3 \/ 5\"><figure class=\"swiper-slide-inner\"><img decoding=\"async\" class=\"swiper-slide-image\" src=\"https:\/\/i0.wp.com\/yunanistansinemasigunleri.com\/wp-content\/uploads\/2025\/11\/Photo-3-CLEANER_3.jpg?fit=740%2C310&amp;ssl=1\" alt=\"Photo 3 CLEANER_3\" \/><\/figure><\/div><div class=\"swiper-slide\" role=\"group\" aria-roledescription=\"slide\" aria-label=\"4 \/ 5\"><figure class=\"swiper-slide-inner\"><img decoding=\"async\" class=\"swiper-slide-image\" src=\"https:\/\/i0.wp.com\/yunanistansinemasigunleri.com\/wp-content\/uploads\/2025\/11\/Photo-2-CLEANER_4.jpg?fit=740%2C310&amp;ssl=1\" alt=\"Photo 2 CLEANER_4\" \/><\/figure><\/div><div class=\"swiper-slide\" role=\"group\" aria-roledescription=\"slide\" aria-label=\"5 \/ 5\"><figure class=\"swiper-slide-inner\"><img decoding=\"async\" class=\"swiper-slide-image\" src=\"https:\/\/i0.wp.com\/yunanistansinemasigunleri.com\/wp-content\/uploads\/2025\/11\/Photo-1-CLEANER_1.jpg?fit=740%2C310&amp;ssl=1\" alt=\"Photo 1 CLEANER_1\" \/><\/figure><\/div>\t\t\t<\/div>\n\t\t\t\t\t\t\t\t\t\t\t\t<div class=\"elementor-swiper-button elementor-swiper-button-prev\" role=\"button\" tabindex=\"0\">\n\t\t\t\t\t\t<svg aria-hidden=\"true\" class=\"e-font-icon-svg e-eicon-chevron-left\" viewbox=\"0 0 1000 1000\" xmlns=\"http:\/\/www.w3.org\/2000\/svg\"><path d=\"M646 125C629 125 613 133 604 142L308 442C296 454 292 471 292 487 292 504 296 521 308 533L604 854C617 867 629 875 646 875 663 875 679 871 692 858 704 846 713 829 713 812 713 796 708 779 692 767L438 487 692 225C700 217 708 204 708 187 708 171 704 154 692 142 675 129 663 125 646 125Z\"><\/path><\/svg>\t\t\t\t\t<\/div>\n\t\t\t\t\t<div class=\"elementor-swiper-button elementor-swiper-button-next\" role=\"button\" tabindex=\"0\">\n\t\t\t\t\t\t<svg aria-hidden=\"true\" class=\"e-font-icon-svg e-eicon-chevron-right\" viewbox=\"0 0 1000 1000\" xmlns=\"http:\/\/www.w3.org\/2000\/svg\"><path d=\"M696 533C708 521 713 504 713 487 713 471 708 454 696 446L400 146C388 133 375 125 354 125 338 125 325 129 313 142 300 154 292 171 292 187 292 204 296 221 308 233L563 492 304 771C292 783 288 800 288 817 288 833 296 850 308 863 321 871 338 875 354 875 371 875 388 867 400 854L696 533Z\"><\/path><\/svg>\t\t\t\t\t<\/div>\n\t\t\t\t\n\t\t\t\t\t\t\t\t\t<div class=\"swiper-pagination\"><\/div>\n\t\t\t\t\t\t\t\t\t<\/div>\n\t\t\t\t\t\t<\/div>\n\t\t\t\t\t<\/div>\n\t\t\t\t<\/div>\n\t\t\t\t<\/div>","protected":false},"excerpt":{"rendered":"<p>TEM\u0130ZL\u0130K\u00c7\u0130 CLEANERGreece, 2024, 18&#8242;, DCP, colorGreek; Turkish subtitle 3 \u00c7AR\u015eAMBA 15:006 CUMARTES\u0130 16:30 Ektoras g\u00fcnd\u00fczleri b\u00f6cek ila\u00e7lama personeli olarak \u00e7al\u0131\u015fmakta, haftada bir kez ise hapishaneden \u00e7\u0131kt\u0131\u011f\u0131ndan beri psikolojik destek ald\u0131\u011f\u0131 derne\u011fe gitmektedir. Psikolo\u011fu uykusuz g\u00f6r\u00fcnd\u00fc\u011f\u00fcn\u00fc fark eder ve \u00f6nceki ak\u015fam neler yapt\u0131\u011f\u0131n\u0131 sorar. Ektoras anlatmaya ba\u015flar ancak s\u00f6zleri d\u00fcn geceki olaylarla kar\u0131\u015f\u0131r ve yava\u015f yava\u015f &hellip; <\/p>\n<p class=\"link-more\"><a href=\"https:\/\/yunanistansinemasigunleri.com\/en\/temizlikci\/\" class=\"more-link\">Continue reading<span class=\"screen-reader-text\"> &#8220;TEM\u0130ZL\u0130K\u00c7\u0130&#8221;<\/span><\/a><\/p>","protected":false},"author":219729766,"featured_media":0,"parent":0,"menu_order":0,"comment_status":"closed","ping_status":"closed","template":"","meta":{"_crdt_document":"","advanced_seo_description":"","jetpack_seo_html_title":"","jetpack_seo_noindex":false,"footnotes":""},"class_list":["post-4526","page","type-page","status-publish","hentry"],"jetpack_likes_enabled":true,"jetpack_sharing_enabled":true,"jetpack_shortlink":"https:\/\/wp.me\/PdSim2-1b0","jetpack-related-posts":[],"amp_enabled":true,"_links":{"self":[{"href":"https:\/\/yunanistansinemasigunleri.com\/en\/wp-json\/wp\/v2\/pages\/4526","targetHints":{"allow":["GET"]}}],"collection":[{"href":"https:\/\/yunanistansinemasigunleri.com\/en\/wp-json\/wp\/v2\/pages"}],"about":[{"href":"https:\/\/yunanistansinemasigunleri.com\/en\/wp-json\/wp\/v2\/types\/page"}],"author":[{"embeddable":true,"href":"https:\/\/yunanistansinemasigunleri.com\/en\/wp-json\/wp\/v2\/users\/219729766"}],"replies":[{"embeddable":true,"href":"https:\/\/yunanistansinemasigunleri.com\/en\/wp-json\/wp\/v2\/comments?post=4526"}],"version-history":[{"count":6,"href":"https:\/\/yunanistansinemasigunleri.com\/en\/wp-json\/wp\/v2\/pages\/4526\/revisions"}],"predecessor-version":[{"id":4806,"href":"https:\/\/yunanistansinemasigunleri.com\/en\/wp-json\/wp\/v2\/pages\/4526\/revisions\/4806"}],"wp:attachment":[{"href":"https:\/\/yunanistansinemasigunleri.com\/en\/wp-json\/wp\/v2\/media?parent=4526"}],"curies":[{"name":"wp","href":"https:\/\/api.w.org\/{rel}","templated":true}]}}