{"id":4489,"date":"2025-11-25T19:15:17","date_gmt":"2025-11-25T17:15:17","guid":{"rendered":"https:\/\/yunanistansinemasigunleri.com\/?page_id=4489"},"modified":"2025-11-27T20:40:36","modified_gmt":"2025-11-27T18:40:36","slug":"habil","status":"publish","type":"page","link":"https:\/\/yunanistansinemasigunleri.com\/en\/habil\/","title":{"rendered":"ABEL"},"content":{"rendered":"<div data-elementor-type=\"wp-page\" data-elementor-id=\"4489\" class=\"elementor elementor-4489\">\n\t\t\t\t<div class=\"elementor-element elementor-element-052c156 e-flex e-con-boxed e-con e-parent\" data-id=\"052c156\" data-element_type=\"container\" data-e-type=\"container\">\n\t\t\t\t\t<div class=\"e-con-inner\">\n\t\t<div class=\"elementor-element elementor-element-f22a68d e-con-full e-flex e-con e-child\" data-id=\"f22a68d\" data-element_type=\"container\" data-e-type=\"container\">\n\t\t\t\t<div class=\"elementor-element elementor-element-666e1e8 elementor-widget elementor-widget-heading\" data-id=\"666e1e8\" data-element_type=\"widget\" data-e-type=\"widget\" data-widget_type=\"heading.default\">\n\t\t\t\t\t<h2 class=\"elementor-heading-title elementor-size-default\">ABEL<\/h2>\t\t\t\t<\/div>\n\t\t\t\t<\/div>\n\t\t<div class=\"elementor-element elementor-element-61752ce e-con-full e-flex e-con e-child\" data-id=\"61752ce\" data-element_type=\"container\" data-e-type=\"container\">\n\t\t\t\t<div class=\"elementor-element elementor-element-bd6bdf5 elementor-widget elementor-widget-image\" data-id=\"bd6bdf5\" data-element_type=\"widget\" data-e-type=\"widget\" data-widget_type=\"image.default\">\n\t\t\t\t\t\t\t\t\t\t\t\t\t\t\t<img fetchpriority=\"high\" decoding=\"async\" data-attachment-id=\"4494\" data-permalink=\"https:\/\/yunanistansinemasigunleri.com\/en\/short-films\/poster-92d7ee5112-poster\/\" data-orig-file=\"https:\/\/i0.wp.com\/yunanistansinemasigunleri.com\/wp-content\/uploads\/2025\/11\/Poster-92d7ee5112-poster.jpg?fit=566%2C800&amp;ssl=1\" data-orig-size=\"566,800\" data-comments-opened=\"1\" data-image-meta=\"{&quot;aperture&quot;:&quot;0&quot;,&quot;credit&quot;:&quot;&quot;,&quot;camera&quot;:&quot;&quot;,&quot;caption&quot;:&quot;&quot;,&quot;created_timestamp&quot;:&quot;0&quot;,&quot;copyright&quot;:&quot;&quot;,&quot;focal_length&quot;:&quot;0&quot;,&quot;iso&quot;:&quot;0&quot;,&quot;shutter_speed&quot;:&quot;0&quot;,&quot;title&quot;:&quot;&quot;,&quot;orientation&quot;:&quot;0&quot;}\" data-image-title=\"Poster 92d7ee5112-poster\" data-image-description=\"\" data-image-caption=\"&lt;p&gt;HAB\u0130L&lt;\/p&gt;\" data-large-file=\"https:\/\/i0.wp.com\/yunanistansinemasigunleri.com\/wp-content\/uploads\/2025\/11\/Poster-92d7ee5112-poster.jpg?fit=525%2C742&amp;ssl=1\" width=\"212\" height=\"300\" src=\"https:\/\/i0.wp.com\/yunanistansinemasigunleri.com\/wp-content\/uploads\/2025\/11\/Poster-92d7ee5112-poster.jpg?fit=212%2C300&amp;ssl=1\" class=\"attachment-medium size-medium wp-image-4494\" alt=\"\" srcset=\"https:\/\/i0.wp.com\/yunanistansinemasigunleri.com\/wp-content\/uploads\/2025\/11\/Poster-92d7ee5112-poster.jpg?w=566&amp;ssl=1 566w, https:\/\/i0.wp.com\/yunanistansinemasigunleri.com\/wp-content\/uploads\/2025\/11\/Poster-92d7ee5112-poster.jpg?resize=212%2C300&amp;ssl=1 212w, https:\/\/i0.wp.com\/yunanistansinemasigunleri.com\/wp-content\/uploads\/2025\/11\/Poster-92d7ee5112-poster.jpg?resize=8%2C12&amp;ssl=1 8w\" sizes=\"100vw\" \/>\t\t\t\t\t\t\t\t\t\t\t\t\t\t\t<\/div>\n\t\t\t\t<\/div>\n\t\t<div class=\"elementor-element elementor-element-bd82656 e-con-full e-flex e-con e-child\" data-id=\"bd82656\" data-element_type=\"container\" data-e-type=\"container\">\n\t\t\t\t<div class=\"elementor-element elementor-element-147788d elementor-widget elementor-widget-text-editor\" data-id=\"147788d\" data-element_type=\"widget\" data-e-type=\"widget\" data-widget_type=\"text-editor.default\">\n\t\t\t\t\t\t\t\t\t<p style=\"text-align: right;\"><span style=\"color: #808080;\"><b>\u0391\u0392\u0395\u039b<br \/><\/b><span style=\"font-weight: 400;\">Greece, 2023, 16&#8242;, DCP, color<br \/><\/span><span style=\"font-weight: 400;\">Greek; Turkish subtitle<\/span><\/span><\/p><h5 style=\"text-align: right;\"><strong>3 WEDNESDAY 13:00<\/strong><br \/><strong><span class=\"s1\">5 <\/span>FRIDAY 16:30<\/strong><\/h5>\t\t\t\t\t\t\t\t<\/div>\n\t\t\t\t<\/div>\n\t\t\t\t\t<\/div>\n\t\t\t\t<\/div>\n\t\t<div class=\"elementor-element elementor-element-bad3536 e-flex e-con-boxed e-con e-parent\" data-id=\"bad3536\" data-element_type=\"container\" data-e-type=\"container\">\n\t\t\t\t\t<div class=\"e-con-inner\">\n\t\t<div class=\"elementor-element elementor-element-2471302 e-con-full e-flex e-con e-child\" data-id=\"2471302\" data-element_type=\"container\" data-e-type=\"container\">\n\t\t\t\t<div class=\"elementor-element elementor-element-5033a96 elementor-widget elementor-widget-text-editor\" data-id=\"5033a96\" data-element_type=\"widget\" data-e-type=\"widget\" data-widget_type=\"text-editor.default\">\n\t\t\t\t\t\t\t\t\t<p><span style=\"font-weight: 400;\">A priest, who lives in the countryside with his family, is about to receive an unexpected call from a woman that is going to upset him. A journey to the capital city, a Holy Communion and one last football match.<\/span><\/p>\t\t\t\t\t\t\t\t<\/div>\n\t\t\t\t<\/div>\n\t\t<div class=\"elementor-element elementor-element-2ae213f e-con-full e-flex e-con e-child\" data-id=\"2ae213f\" data-element_type=\"container\" data-e-type=\"container\">\n\t\t\t\t<div class=\"elementor-element elementor-element-e9655dd elementor-widget elementor-widget-text-editor\" data-id=\"e9655dd\" data-element_type=\"widget\" data-e-type=\"widget\" data-widget_type=\"text-editor.default\">\n\t\t\t\t\t\t\t\t\t<p><b>Directed by, Screenplay, Producer:<\/b><b>:<\/b><span style=\"font-weight: 400;\"> Konstantinos Karamaghiolis<br \/><\/span><b>Executive Producer<\/b><span style=\"font-weight: 400;\"> Gregory C Pappas<br \/><\/span><span style=\"font-weight: 400;\"><b>Cast<\/b>: Giorgios Adamantiadis, Smaragada Alexandri, Maria Georgiadou<\/span><\/p>\t\t\t\t\t\t\t\t<\/div>\n\t\t\t\t<\/div>\n\t\t\t\t\t<\/div>\n\t\t\t\t<\/div>\n\t\t<div class=\"elementor-element elementor-element-3004779 e-flex e-con-boxed e-con e-parent\" data-id=\"3004779\" data-element_type=\"container\" data-e-type=\"container\">\n\t\t\t\t\t<div class=\"e-con-inner\">\n\t\t\t\t<div class=\"elementor-element elementor-element-5ca4dc2 elementor-arrows-position-inside elementor-pagination-position-outside elementor-widget elementor-widget-image-carousel\" data-id=\"5ca4dc2\" data-element_type=\"widget\" data-e-type=\"widget\" data-settings=\"{&quot;navigation&quot;:&quot;both&quot;,&quot;autoplay&quot;:&quot;yes&quot;,&quot;pause_on_hover&quot;:&quot;yes&quot;,&quot;pause_on_interaction&quot;:&quot;yes&quot;,&quot;autoplay_speed&quot;:5000,&quot;infinite&quot;:&quot;yes&quot;,&quot;speed&quot;:500}\" data-widget_type=\"image-carousel.default\">\n\t\t\t\t\t\t\t<div class=\"elementor-image-carousel-wrapper swiper\" role=\"region\" aria-roledescription=\"carousel\" aria-label=\"Image Carousel\" dir=\"ltr\">\n\t\t\t<div class=\"elementor-image-carousel swiper-wrapper\" aria-live=\"off\">\n\t\t\t\t\t\t\t\t<div class=\"swiper-slide\" role=\"group\" aria-roledescription=\"slide\" aria-label=\"1 of 2\" data-no-translation-aria-label=\"\"><figure class=\"swiper-slide-inner\"><img decoding=\"async\" class=\"swiper-slide-image\" src=\"https:\/\/i0.wp.com\/yunanistansinemasigunleri.com\/wp-content\/uploads\/2025\/11\/Photo-2-alexkat8948.jpg?fit=300%2C200&amp;ssl=1\" alt=\"Photo 2 alexkat8948\" \/><\/figure><\/div><div class=\"swiper-slide\" role=\"group\" aria-roledescription=\"slide\" aria-label=\"2 of 2\" data-no-translation-aria-label=\"\"><figure class=\"swiper-slide-inner\"><img decoding=\"async\" class=\"swiper-slide-image\" src=\"https:\/\/i0.wp.com\/yunanistansinemasigunleri.com\/wp-content\/uploads\/2025\/11\/Photo-1-alexkat8458.jpg?fit=300%2C200&amp;ssl=1\" alt=\"Photo 1 alexkat8458\" \/><\/figure><\/div>\t\t\t<\/div>\n\t\t\t\t\t\t\t\t\t\t\t\t<div class=\"elementor-swiper-button elementor-swiper-button-prev\" role=\"button\" tabindex=\"0\">\n\t\t\t\t\t\t<svg aria-hidden=\"true\" class=\"e-font-icon-svg e-eicon-chevron-left\" viewbox=\"0 0 1000 1000\" xmlns=\"http:\/\/www.w3.org\/2000\/svg\"><path d=\"M646 125C629 125 613 133 604 142L308 442C296 454 292 471 292 487 292 504 296 521 308 533L604 854C617 867 629 875 646 875 663 875 679 871 692 858 704 846 713 829 713 812 713 796 708 779 692 767L438 487 692 225C700 217 708 204 708 187 708 171 704 154 692 142 675 129 663 125 646 125Z\"><\/path><\/svg>\t\t\t\t\t<\/div>\n\t\t\t\t\t<div class=\"elementor-swiper-button elementor-swiper-button-next\" role=\"button\" tabindex=\"0\">\n\t\t\t\t\t\t<svg aria-hidden=\"true\" class=\"e-font-icon-svg e-eicon-chevron-right\" viewbox=\"0 0 1000 1000\" xmlns=\"http:\/\/www.w3.org\/2000\/svg\"><path d=\"M696 533C708 521 713 504 713 487 713 471 708 454 696 446L400 146C388 133 375 125 354 125 338 125 325 129 313 142 300 154 292 171 292 187 292 204 296 221 308 233L563 492 304 771C292 783 288 800 288 817 288 833 296 850 308 863 321 871 338 875 354 875 371 875 388 867 400 854L696 533Z\"><\/path><\/svg>\t\t\t\t\t<\/div>\n\t\t\t\t\n\t\t\t\t\t\t\t\t\t<div class=\"swiper-pagination\"><\/div>\n\t\t\t\t\t\t\t\t\t<\/div>\n\t\t\t\t\t\t<\/div>\n\t\t\t\t\t<\/div>\n\t\t\t\t<\/div>\n\t\t\t\t<\/div>","protected":false},"excerpt":{"rendered":"<p>HAB\u0130L \u0391\u0392\u0395\u039bGreece, 2023, 16&#8242;, DCP, colorGreek; Turkish subtitle 3 \u00c7AR\u015eAMBA 13:005 CUMA 16:30 Ta\u015frada ailesiyle birlikte ya\u015fayan bir rahip, bir kad\u0131ndan can\u0131n\u0131 s\u0131kacak beklenmedik bir telefon almak \u00fczeredir. Ba\u015fkente yolculuk, Kom\u00fcnyon ve son bir futbol ma\u00e7\u0131. Y\u00f6netmen, Senaryo, Yap\u0131mc\u0131: Konstantinos Karamaghiolis\u0130dari Yap\u0131mc\u0131: Gregory C PappasOyuncular: Giorgios Adamantiadis, Smaragada Alexandri, Maria Georgiadou<\/p>","protected":false},"author":219729766,"featured_media":0,"parent":0,"menu_order":0,"comment_status":"closed","ping_status":"closed","template":"","meta":{"_crdt_document":"","advanced_seo_description":"","jetpack_seo_html_title":"","jetpack_seo_noindex":false,"footnotes":""},"class_list":["post-4489","page","type-page","status-publish","hentry"],"jetpack_likes_enabled":true,"jetpack_sharing_enabled":true,"jetpack_shortlink":"https:\/\/wp.me\/PdSim2-1ap","jetpack-related-posts":[],"amp_enabled":true,"_links":{"self":[{"href":"https:\/\/yunanistansinemasigunleri.com\/en\/wp-json\/wp\/v2\/pages\/4489","targetHints":{"allow":["GET"]}}],"collection":[{"href":"https:\/\/yunanistansinemasigunleri.com\/en\/wp-json\/wp\/v2\/pages"}],"about":[{"href":"https:\/\/yunanistansinemasigunleri.com\/en\/wp-json\/wp\/v2\/types\/page"}],"author":[{"embeddable":true,"href":"https:\/\/yunanistansinemasigunleri.com\/en\/wp-json\/wp\/v2\/users\/219729766"}],"replies":[{"embeddable":true,"href":"https:\/\/yunanistansinemasigunleri.com\/en\/wp-json\/wp\/v2\/comments?post=4489"}],"version-history":[{"count":12,"href":"https:\/\/yunanistansinemasigunleri.com\/en\/wp-json\/wp\/v2\/pages\/4489\/revisions"}],"predecessor-version":[{"id":4788,"href":"https:\/\/yunanistansinemasigunleri.com\/en\/wp-json\/wp\/v2\/pages\/4489\/revisions\/4788"}],"wp:attachment":[{"href":"https:\/\/yunanistansinemasigunleri.com\/en\/wp-json\/wp\/v2\/media?parent=4489"}],"curies":[{"name":"wp","href":"https:\/\/api.w.org\/{rel}","templated":true}]}}