{"id":4242,"date":"2025-11-07T19:37:35","date_gmt":"2025-11-07T17:37:35","guid":{"rendered":"https:\/\/yunanistansinemasigunleri.com\/?page_id=4242"},"modified":"2025-11-27T20:20:49","modified_gmt":"2025-11-27T18:20:49","slug":"truants","status":"publish","type":"page","link":"https:\/\/yunanistansinemasigunleri.com\/en\/truants\/","title":{"rendered":"TRUANTS"},"content":{"rendered":"<div data-elementor-type=\"wp-page\" data-elementor-id=\"4242\" class=\"elementor elementor-4242\">\n\t\t\t\t<div class=\"elementor-element elementor-element-f95ff46 e-flex e-con-boxed e-con e-parent\" data-id=\"f95ff46\" data-element_type=\"container\" data-e-type=\"container\">\n\t\t\t\t\t<div class=\"e-con-inner\">\n\t\t\t\t<div class=\"elementor-element elementor-element-94dcfd5 elementor-widget elementor-widget-heading\" data-id=\"94dcfd5\" data-element_type=\"widget\" data-e-type=\"widget\" data-widget_type=\"heading.default\">\n\t\t\t\t\t<h2 class=\"elementor-heading-title elementor-size-default\">TRUANTS<\/h2>\t\t\t\t<\/div>\n\t\t\t\t\t<\/div>\n\t\t\t\t<\/div>\n\t\t<div class=\"elementor-element elementor-element-2717786 e-flex e-con-boxed e-con e-parent\" data-id=\"2717786\" data-element_type=\"container\" data-e-type=\"container\">\n\t\t\t\t\t<div class=\"e-con-inner\">\n\t\t<div class=\"elementor-element elementor-element-c4c2819 e-con-full e-flex e-con e-child\" data-id=\"c4c2819\" data-element_type=\"container\" data-e-type=\"container\">\n\t\t\t\t<div class=\"elementor-element elementor-element-eb4f2b4 elementor-widget elementor-widget-image\" data-id=\"eb4f2b4\" data-element_type=\"widget\" data-e-type=\"widget\" data-widget_type=\"image.default\">\n\t\t\t\t\t\t\t\t\t\t\t\t\t\t\t<img fetchpriority=\"high\" decoding=\"async\" data-attachment-id=\"4251\" data-permalink=\"https:\/\/yunanistansinemasigunleri.com\/en\/truants\/poster-5\/\" data-orig-file=\"https:\/\/i0.wp.com\/yunanistansinemasigunleri.com\/wp-content\/uploads\/2025\/11\/Poster-2.jpg?fit=1000%2C1644&amp;ssl=1\" data-orig-size=\"1000,1644\" data-comments-opened=\"1\" data-image-meta=\"{&quot;aperture&quot;:&quot;0&quot;,&quot;credit&quot;:&quot;&quot;,&quot;camera&quot;:&quot;&quot;,&quot;caption&quot;:&quot;&quot;,&quot;created_timestamp&quot;:&quot;0&quot;,&quot;copyright&quot;:&quot;&quot;,&quot;focal_length&quot;:&quot;0&quot;,&quot;iso&quot;:&quot;0&quot;,&quot;shutter_speed&quot;:&quot;0&quot;,&quot;title&quot;:&quot;&quot;,&quot;orientation&quot;:&quot;1&quot;}\" data-image-title=\"Poster\" data-image-description=\"\" data-image-caption=\"&lt;p&gt;KAYTARANLAR&lt;\/p&gt;\" data-large-file=\"https:\/\/i0.wp.com\/yunanistansinemasigunleri.com\/wp-content\/uploads\/2025\/11\/Poster-2.jpg?fit=525%2C863&amp;ssl=1\" width=\"740\" height=\"1217\" src=\"https:\/\/i0.wp.com\/yunanistansinemasigunleri.com\/wp-content\/uploads\/2025\/11\/Poster-2.jpg?fit=740%2C1217&amp;ssl=1\" class=\"attachment-medium_large size-medium_large wp-image-4251\" alt=\"\" srcset=\"https:\/\/i0.wp.com\/yunanistansinemasigunleri.com\/wp-content\/uploads\/2025\/11\/Poster-2.jpg?w=1000&amp;ssl=1 1000w, https:\/\/i0.wp.com\/yunanistansinemasigunleri.com\/wp-content\/uploads\/2025\/11\/Poster-2.jpg?resize=182%2C300&amp;ssl=1 182w, https:\/\/i0.wp.com\/yunanistansinemasigunleri.com\/wp-content\/uploads\/2025\/11\/Poster-2.jpg?resize=623%2C1024&amp;ssl=1 623w, https:\/\/i0.wp.com\/yunanistansinemasigunleri.com\/wp-content\/uploads\/2025\/11\/Poster-2.jpg?resize=768%2C1263&amp;ssl=1 768w, https:\/\/i0.wp.com\/yunanistansinemasigunleri.com\/wp-content\/uploads\/2025\/11\/Poster-2.jpg?resize=934%2C1536&amp;ssl=1 934w, https:\/\/i0.wp.com\/yunanistansinemasigunleri.com\/wp-content\/uploads\/2025\/11\/Poster-2.jpg?resize=7%2C12&amp;ssl=1 7w\" sizes=\"100vw\" \/>\t\t\t\t\t\t\t\t\t\t\t\t\t\t\t<\/div>\n\t\t\t\t<\/div>\n\t\t<div class=\"elementor-element elementor-element-6a7dc0d e-con-full e-flex e-con e-child\" data-id=\"6a7dc0d\" data-element_type=\"container\" data-e-type=\"container\">\n\t\t\t\t<div class=\"elementor-element elementor-element-072d52b elementor-widget elementor-widget-text-editor\" data-id=\"072d52b\" data-element_type=\"widget\" data-e-type=\"widget\" data-widget_type=\"text-editor.default\">\n\t\t\t\t\t\t\t\t\t<h5 style=\"text-align: right;\">\u0391\u03a0\u039f\u039d\u03a4\u0395\u03a3 115&#8242;<br \/><strong><span class=\"s1\">6 <\/span>SATURDAY 19:00\u00a0<\/strong><\/h5>\t\t\t\t\t\t\t\t<\/div>\n\t\t\t\t<\/div>\n\t\t\t\t\t<\/div>\n\t\t\t\t<\/div>\n\t\t<div class=\"elementor-element elementor-element-50f676a e-flex e-con-boxed e-con e-parent\" data-id=\"50f676a\" data-element_type=\"container\" data-e-type=\"container\">\n\t\t\t\t\t<div class=\"e-con-inner\">\n\t\t<div class=\"elementor-element elementor-element-5f02ba9 e-con-full e-flex e-con e-child\" data-id=\"5f02ba9\" data-element_type=\"container\" data-e-type=\"container\">\n\t\t\t\t<div class=\"elementor-element elementor-element-39685b1 elementor-widget elementor-widget-text-editor\" data-id=\"39685b1\" data-element_type=\"widget\" data-e-type=\"widget\" data-widget_type=\"text-editor.default\">\n\t\t\t\t\t\t\t\t\t<p class=\"translation-block\">Truants follows the sporadic get-togethers of six people in the course of a seven-year period beginning with the summer of 1987 (EuroBasket) and ending with the summer of 1994 (Mundial). It seeks to depict the gradual loss of any possibility of communication among these six individuals who were once close friends (during their school years).<\/p><p><span style=\"font-weight: 400;\">As their lives follow paths that take them far from their island birthplace, their return visits bring them forcibly face to face with the past.  The farther they move away from their starting-point, the greater the distance between them grows. Until the point when contact becomes impossible. The final break is unavoidable although it will take an event that serves as a catalyst to make them realize it and it is only then that the longing for what is irretrievably lost will prove romantic wishful thinking.<\/span><\/p>\t\t\t\t\t\t\t\t<\/div>\n\t\t\t\t<\/div>\n\t\t<div class=\"elementor-element elementor-element-206bf2b e-con-full e-flex e-con e-child\" data-id=\"206bf2b\" data-element_type=\"container\" data-e-type=\"container\">\n\t\t\t\t<div class=\"elementor-element elementor-element-423a3be elementor-widget elementor-widget-text-editor\" data-id=\"423a3be\" data-element_type=\"widget\" data-e-type=\"widget\" data-widget_type=\"text-editor.default\">\n\t\t\t\t\t\t\t\t\t<p><b>Director: <\/b><span style=\"font-weight: 400;\">Nikos Grammatikos<br \/><\/span><b>Screenplay: <\/b><span style=\"font-weight: 400;\">\u039dikos Panagiotopoulos, \u039dikos Grammatikos<br \/><\/span><b>Director of Photography: <\/b><span style=\"font-weight: 400;\">Kostis Ghikas<br \/><\/span><b>Set-Costumes: <\/b><span style=\"font-weight: 400;\">Gioula Zoiopoulou<br \/><\/span><b>Sound <\/b><span style=\"font-weight: 400;\">Antonis Samaras<br \/><\/span><b>Editing: <\/b><span style=\"font-weight: 400;\">Giorgos Ma\u03bdropsaridis<br \/><\/span><b>Production: <\/b><span style=\"font-weight: 400;\">Panos Papahadzis, Greek Film Center<br \/><\/span><b>Cast: <\/b><span style=\"font-weight: 400;\">Nikos Georgakis, Georgios E\u03bdgenikos, Vangelis Mourikis, Tassos Noussias, Constantinos Staridas, Emilios Hilakis, Antonis Antoniou<\/span><\/p>\t\t\t\t\t\t\t\t<\/div>\n\t\t\t\t<\/div>\n\t\t\t\t\t<\/div>\n\t\t\t\t<\/div>\n\t\t<div class=\"elementor-element elementor-element-941c9de e-flex e-con-boxed e-con e-parent\" data-id=\"941c9de\" data-element_type=\"container\" data-e-type=\"container\">\n\t\t\t\t\t<div class=\"e-con-inner\">\n\t\t\t\t<div class=\"elementor-element elementor-element-581c02c elementor-arrows-position-inside elementor-pagination-position-outside elementor-widget elementor-widget-image-carousel\" data-id=\"581c02c\" data-element_type=\"widget\" data-e-type=\"widget\" data-settings=\"{&quot;navigation&quot;:&quot;both&quot;,&quot;autoplay&quot;:&quot;yes&quot;,&quot;pause_on_hover&quot;:&quot;yes&quot;,&quot;pause_on_interaction&quot;:&quot;yes&quot;,&quot;autoplay_speed&quot;:5000,&quot;infinite&quot;:&quot;yes&quot;,&quot;speed&quot;:500}\" data-widget_type=\"image-carousel.default\">\n\t\t\t\t\t\t\t<div class=\"elementor-image-carousel-wrapper swiper\" role=\"region\" aria-roledescription=\"carousel\" aria-label=\"Image Carousel\" dir=\"ltr\">\n\t\t\t<div class=\"elementor-image-carousel swiper-wrapper\" aria-live=\"off\">\n\t\t\t\t\t\t\t\t<div class=\"swiper-slide\" role=\"group\" aria-roledescription=\"slide\" aria-label=\"1 of 4\" data-no-translation-aria-label=\"\"><figure class=\"swiper-slide-inner\"><img decoding=\"async\" class=\"swiper-slide-image\" src=\"https:\/\/i0.wp.com\/yunanistansinemasigunleri.com\/wp-content\/uploads\/2025\/11\/04-6.jpg?fit=740%2C545&amp;ssl=1\" alt=\"04\" \/><\/figure><\/div><div class=\"swiper-slide\" role=\"group\" aria-roledescription=\"slide\" aria-label=\"2 of 4\" data-no-translation-aria-label=\"\"><figure class=\"swiper-slide-inner\"><img decoding=\"async\" class=\"swiper-slide-image\" src=\"https:\/\/i0.wp.com\/yunanistansinemasigunleri.com\/wp-content\/uploads\/2025\/11\/03-8.jpg?fit=740%2C469&amp;ssl=1\" alt=\"03\" \/><\/figure><\/div><div class=\"swiper-slide\" role=\"group\" aria-roledescription=\"slide\" aria-label=\"3 of 4\" data-no-translation-aria-label=\"\"><figure class=\"swiper-slide-inner\"><img decoding=\"async\" class=\"swiper-slide-image\" src=\"https:\/\/i0.wp.com\/yunanistansinemasigunleri.com\/wp-content\/uploads\/2025\/11\/02-8.jpg?fit=740%2C444&amp;ssl=1\" alt=\"02\" \/><\/figure><\/div><div class=\"swiper-slide\" role=\"group\" aria-roledescription=\"slide\" aria-label=\"4 of 4\" data-no-translation-aria-label=\"\"><figure class=\"swiper-slide-inner\"><img decoding=\"async\" class=\"swiper-slide-image\" src=\"https:\/\/i0.wp.com\/yunanistansinemasigunleri.com\/wp-content\/uploads\/2025\/11\/01-8.jpg?fit=740%2C456&amp;ssl=1\" alt=\"01\" \/><\/figure><\/div>\t\t\t<\/div>\n\t\t\t\t\t\t\t\t\t\t\t\t<div class=\"elementor-swiper-button elementor-swiper-button-prev\" role=\"button\" tabindex=\"0\">\n\t\t\t\t\t\t<svg aria-hidden=\"true\" class=\"e-font-icon-svg e-eicon-chevron-left\" viewbox=\"0 0 1000 1000\" xmlns=\"http:\/\/www.w3.org\/2000\/svg\"><path d=\"M646 125C629 125 613 133 604 142L308 442C296 454 292 471 292 487 292 504 296 521 308 533L604 854C617 867 629 875 646 875 663 875 679 871 692 858 704 846 713 829 713 812 713 796 708 779 692 767L438 487 692 225C700 217 708 204 708 187 708 171 704 154 692 142 675 129 663 125 646 125Z\"><\/path><\/svg>\t\t\t\t\t<\/div>\n\t\t\t\t\t<div class=\"elementor-swiper-button elementor-swiper-button-next\" role=\"button\" tabindex=\"0\">\n\t\t\t\t\t\t<svg aria-hidden=\"true\" class=\"e-font-icon-svg e-eicon-chevron-right\" viewbox=\"0 0 1000 1000\" xmlns=\"http:\/\/www.w3.org\/2000\/svg\"><path d=\"M696 533C708 521 713 504 713 487 713 471 708 454 696 446L400 146C388 133 375 125 354 125 338 125 325 129 313 142 300 154 292 171 292 187 292 204 296 221 308 233L563 492 304 771C292 783 288 800 288 817 288 833 296 850 308 863 321 871 338 875 354 875 371 875 388 867 400 854L696 533Z\"><\/path><\/svg>\t\t\t\t\t<\/div>\n\t\t\t\t\n\t\t\t\t\t\t\t\t\t<div class=\"swiper-pagination\"><\/div>\n\t\t\t\t\t\t\t\t\t<\/div>\n\t\t\t\t\t\t<\/div>\n\t\t\t\t\t<\/div>\n\t\t\t\t<\/div>\n\t\t\t\t<\/div>","protected":false},"excerpt":{"rendered":"<p>KAYTARANLAR \u0391\u03a0\u039f\u039d\u03a4\u0395\u03a3 115&#8242;6 CUMARTES\u0130 19:00\u00a0 Kaytaranlar, 1987 yaz\u0131nda (EuroBasket) ba\u015flay\u0131p 1994 yaz\u0131nda (Mundial) sona eren yedi y\u0131ll\u0131k bir d\u00f6nem boyunca alt\u0131 ki\u015finin aral\u0131klarla bulu\u015fmalar\u0131n\u0131 takip edip, okul y\u0131llar\u0131nda yak\u0131n arkada\u015f olan bu alt\u0131 ki\u015fi aras\u0131ndaki ileti\u015fim olas\u0131l\u0131\u011f\u0131n\u0131n gitgide kaybolu\u015funu betimlemenin pe\u015fine d\u00fc\u015f\u00fcyor. Hayatlar\u0131 onlar\u0131 do\u011fduklar\u0131 adadan uzakla\u015ft\u0131ran yollar izlerken, geri d\u00f6n\u00fc\u015f ziyaretleri onlar\u0131 ge\u00e7mi\u015fle y\u00fczle\u015fmeye &hellip; <\/p>\n<p class=\"link-more\"><a href=\"https:\/\/yunanistansinemasigunleri.com\/en\/truants\/\" class=\"more-link\">Continue reading<span class=\"screen-reader-text\"> &#8220;KAYTARANLAR&#8221;<\/span><\/a><\/p>","protected":false},"author":219729766,"featured_media":0,"parent":0,"menu_order":0,"comment_status":"closed","ping_status":"closed","template":"","meta":{"_crdt_document":"","advanced_seo_description":"","jetpack_seo_html_title":"","jetpack_seo_noindex":false,"footnotes":""},"class_list":["post-4242","page","type-page","status-publish","hentry"],"jetpack_likes_enabled":true,"jetpack_sharing_enabled":true,"jetpack_shortlink":"https:\/\/wp.me\/PdSim2-16q","jetpack-related-posts":[],"amp_enabled":true,"_links":{"self":[{"href":"https:\/\/yunanistansinemasigunleri.com\/en\/wp-json\/wp\/v2\/pages\/4242","targetHints":{"allow":["GET"]}}],"collection":[{"href":"https:\/\/yunanistansinemasigunleri.com\/en\/wp-json\/wp\/v2\/pages"}],"about":[{"href":"https:\/\/yunanistansinemasigunleri.com\/en\/wp-json\/wp\/v2\/types\/page"}],"author":[{"embeddable":true,"href":"https:\/\/yunanistansinemasigunleri.com\/en\/wp-json\/wp\/v2\/users\/219729766"}],"replies":[{"embeddable":true,"href":"https:\/\/yunanistansinemasigunleri.com\/en\/wp-json\/wp\/v2\/comments?post=4242"}],"version-history":[{"count":12,"href":"https:\/\/yunanistansinemasigunleri.com\/en\/wp-json\/wp\/v2\/pages\/4242\/revisions"}],"predecessor-version":[{"id":4744,"href":"https:\/\/yunanistansinemasigunleri.com\/en\/wp-json\/wp\/v2\/pages\/4242\/revisions\/4744"}],"wp:attachment":[{"href":"https:\/\/yunanistansinemasigunleri.com\/en\/wp-json\/wp\/v2\/media?parent=4242"}],"curies":[{"name":"wp","href":"https:\/\/api.w.org\/{rel}","templated":true}]}}