{"id":4175,"date":"2025-11-07T19:00:00","date_gmt":"2025-11-07T17:00:00","guid":{"rendered":"https:\/\/yunanistansinemasigunleri.com\/?page_id=4175"},"modified":"2025-11-27T20:17:08","modified_gmt":"2025-11-27T18:17:08","slug":"jaguar","status":"publish","type":"page","link":"https:\/\/yunanistansinemasigunleri.com\/en\/jaguar\/","title":{"rendered":"JAGUAR"},"content":{"rendered":"<div data-elementor-type=\"wp-page\" data-elementor-id=\"4175\" class=\"elementor elementor-4175\">\n\t\t\t\t<div class=\"elementor-element elementor-element-974c523 e-flex e-con-boxed e-con e-parent\" data-id=\"974c523\" data-element_type=\"container\" data-e-type=\"container\">\n\t\t\t\t\t<div class=\"e-con-inner\">\n\t\t\t\t<div class=\"elementor-element elementor-element-fbbf164 elementor-widget elementor-widget-heading\" data-id=\"fbbf164\" data-element_type=\"widget\" data-e-type=\"widget\" data-widget_type=\"heading.default\">\n\t\t\t\t\t<h2 class=\"elementor-heading-title elementor-size-default\">Jaguar<\/h2>\t\t\t\t<\/div>\n\t\t\t\t\t<\/div>\n\t\t\t\t<\/div>\n\t\t<div class=\"elementor-element elementor-element-3eb86e0 e-flex e-con-boxed e-con e-parent\" data-id=\"3eb86e0\" data-element_type=\"container\" data-e-type=\"container\">\n\t\t\t\t\t<div class=\"e-con-inner\">\n\t\t<div class=\"elementor-element elementor-element-03245e4 e-con-full e-flex e-con e-child\" data-id=\"03245e4\" data-element_type=\"container\" data-e-type=\"container\">\n\t\t\t\t<div class=\"elementor-element elementor-element-5cff7e0 elementor-widget elementor-widget-image\" data-id=\"5cff7e0\" data-element_type=\"widget\" data-e-type=\"widget\" data-widget_type=\"image.default\">\n\t\t\t\t\t\t\t\t\t\t\t\t\t\t\t<img fetchpriority=\"high\" decoding=\"async\" data-attachment-id=\"4357\" data-permalink=\"https:\/\/yunanistansinemasigunleri.com\/en\/jaguar\/iagouaros_afisa\/\" data-orig-file=\"https:\/\/i0.wp.com\/yunanistansinemasigunleri.com\/wp-content\/uploads\/2025\/11\/iagouaros_afisa.jpg?fit=1000%2C1370&amp;ssl=1\" data-orig-size=\"1000,1370\" data-comments-opened=\"1\" data-image-meta=\"{&quot;aperture&quot;:&quot;0&quot;,&quot;credit&quot;:&quot;&quot;,&quot;camera&quot;:&quot;&quot;,&quot;caption&quot;:&quot;&quot;,&quot;created_timestamp&quot;:&quot;0&quot;,&quot;copyright&quot;:&quot;&quot;,&quot;focal_length&quot;:&quot;0&quot;,&quot;iso&quot;:&quot;0&quot;,&quot;shutter_speed&quot;:&quot;0&quot;,&quot;title&quot;:&quot;&quot;,&quot;orientation&quot;:&quot;1&quot;}\" data-image-title=\"JAGUAR\" data-image-description=\"\" data-image-caption=\"\" data-large-file=\"https:\/\/i0.wp.com\/yunanistansinemasigunleri.com\/wp-content\/uploads\/2025\/11\/iagouaros_afisa.jpg?fit=525%2C720&amp;ssl=1\" width=\"740\" height=\"1014\" src=\"https:\/\/i0.wp.com\/yunanistansinemasigunleri.com\/wp-content\/uploads\/2025\/11\/iagouaros_afisa.jpg?fit=740%2C1014&amp;ssl=1\" class=\"attachment-medium_large size-medium_large wp-image-4357\" alt=\"\" srcset=\"https:\/\/i0.wp.com\/yunanistansinemasigunleri.com\/wp-content\/uploads\/2025\/11\/iagouaros_afisa.jpg?w=1000&amp;ssl=1 1000w, https:\/\/i0.wp.com\/yunanistansinemasigunleri.com\/wp-content\/uploads\/2025\/11\/iagouaros_afisa.jpg?resize=219%2C300&amp;ssl=1 219w, https:\/\/i0.wp.com\/yunanistansinemasigunleri.com\/wp-content\/uploads\/2025\/11\/iagouaros_afisa.jpg?resize=747%2C1024&amp;ssl=1 747w, https:\/\/i0.wp.com\/yunanistansinemasigunleri.com\/wp-content\/uploads\/2025\/11\/iagouaros_afisa.jpg?resize=768%2C1052&amp;ssl=1 768w, https:\/\/i0.wp.com\/yunanistansinemasigunleri.com\/wp-content\/uploads\/2025\/11\/iagouaros_afisa.jpg?resize=9%2C12&amp;ssl=1 9w\" sizes=\"100vw\" \/>\t\t\t\t\t\t\t\t\t\t\t\t\t\t\t<\/div>\n\t\t\t\t<\/div>\n\t\t<div class=\"elementor-element elementor-element-ba186d4 e-con-full e-flex e-con e-child\" data-id=\"ba186d4\" data-element_type=\"container\" data-e-type=\"container\">\n\t\t\t\t<div class=\"elementor-element elementor-element-4612222 elementor-widget elementor-widget-text-editor\" data-id=\"4612222\" data-element_type=\"widget\" data-e-type=\"widget\" data-widget_type=\"text-editor.default\">\n\t\t\t\t\t\t\t\t\t<h5 style=\"text-align: right;\">\u0399\u0391\u0393\u039f\u03a5\u0391\u03a1\u039f\u03a3 79&#8242;<br \/><strong><span class=\"s1\">4 <\/span>THURSDAY 15:00<\/strong><\/h5><h5 style=\"text-align: right;\"><b>\u00a0<\/b><\/h5>\t\t\t\t\t\t\t\t<\/div>\n\t\t\t\t<\/div>\n\t\t\t\t\t<\/div>\n\t\t\t\t<\/div>\n\t\t<div class=\"elementor-element elementor-element-3e8f5b6 e-flex e-con-boxed e-con e-parent\" data-id=\"3e8f5b6\" data-element_type=\"container\" data-e-type=\"container\">\n\t\t\t\t\t<div class=\"e-con-inner\">\n\t\t<div class=\"elementor-element elementor-element-b9afe33 e-con-full e-flex e-con e-child\" data-id=\"b9afe33\" data-element_type=\"container\" data-e-type=\"container\">\n\t\t\t\t<div class=\"elementor-element elementor-element-2345b7c elementor-widget elementor-widget-text-editor\" data-id=\"2345b7c\" data-element_type=\"widget\" data-e-type=\"widget\" data-widget_type=\"text-editor.default\">\n\t\t\t\t\t\t\t\t\t<p><span style=\"font-weight: 400;\">The story of the meeting of two women in their forties from noon of May 20th, 1964 to the next morning.<\/span><\/p><p><span style=\"font-weight: 400;\">Filio and Dimitra. One is the former wife of Andreas Kallimanopoutos, a resistance hero who was executed without trial in December 1944; the other is his sister. Filio knows many things about this man, with whom she fell in love with as as an adolescent and married at the age of 19, and who she left shortly before his death, taking with her his secrets and their yet unborn son to the United States. Dimitra is a member of the Communist Party, a defender of justice (first and foremost  for herself and her family) and a loquacious. She is trying to honour the memory of her beloved brother at any cost.<\/span><\/p><p><span style=\"font-weight: 400;\">The two women who lived through the same historical and personal events\u2014the German occupation, the civil war, the strife, persecution, loss, sacrifice, love, mourning\u2014but who describe them differently, now come together years later in a neoclassical Athens apartment. In a few square meters, Filio will break her 20-year silence, and Dimitra will be forced to learn.<\/span><\/p>\t\t\t\t\t\t\t\t<\/div>\n\t\t\t\t<\/div>\n\t\t<div class=\"elementor-element elementor-element-49bb68c e-con-full e-flex e-con e-child\" data-id=\"49bb68c\" data-element_type=\"container\" data-e-type=\"container\">\n\t\t\t\t<div class=\"elementor-element elementor-element-3e4578b elementor-widget elementor-widget-text-editor\" data-id=\"3e4578b\" data-element_type=\"widget\" data-e-type=\"widget\" data-widget_type=\"text-editor.default\">\n\t\t\t\t\t\t\t\t\t<p dir=\"ltr\" class=\"translation-block\">Directed by: Katerina Evangelakou\nScreenplay: Roula Georgakopoulou, Katerina Evangelakou\n(from the novel of the same name by Alexandros Kotzias)\nCinematography: Giorgos Argyroiliopoulos\nEditing: Ioanna Spyropoulou\nMusic: Plato Andritsakis\nSound: Marinos Athanassopoulos\nSets-Costumes: Julia Stavridou\nProducer: Greek Film Center\nKaterina Evangelakou\nCast: Nini Vosniakou\nYvonne Maltezou\nDimitris Katalifos\nAkyllas Karazisis\nTassiarchis Chanos\nIro Nikolaou\nChristina Pegiou\nTatiana Renieri\nZisis Mandiliotis\nDespina Sarafidou<\/p>\t\t\t\t\t\t\t\t<\/div>\n\t\t\t\t<\/div>\n\t\t\t\t\t<\/div>\n\t\t\t\t<\/div>\n\t\t<div class=\"elementor-element elementor-element-79a9888 e-flex e-con-boxed e-con e-parent\" data-id=\"79a9888\" data-element_type=\"container\" data-e-type=\"container\">\n\t\t\t\t\t<div class=\"e-con-inner\">\n\t\t\t\t<div class=\"elementor-element elementor-element-27c7ac5 elementor-arrows-position-inside elementor-pagination-position-outside elementor-widget elementor-widget-image-carousel\" data-id=\"27c7ac5\" data-element_type=\"widget\" data-e-type=\"widget\" data-settings=\"{&quot;navigation&quot;:&quot;both&quot;,&quot;autoplay&quot;:&quot;yes&quot;,&quot;pause_on_hover&quot;:&quot;yes&quot;,&quot;pause_on_interaction&quot;:&quot;yes&quot;,&quot;autoplay_speed&quot;:5000,&quot;infinite&quot;:&quot;yes&quot;,&quot;speed&quot;:500}\" data-widget_type=\"image-carousel.default\">\n\t\t\t\t\t\t\t<div class=\"elementor-image-carousel-wrapper swiper\" role=\"region\" aria-roledescription=\"carousel\" aria-label=\"Image Carousel\" dir=\"ltr\">\n\t\t\t<div class=\"elementor-image-carousel swiper-wrapper\" aria-live=\"off\">\n\t\t\t\t\t\t\t\t<div class=\"swiper-slide\" role=\"group\" aria-roledescription=\"slide\" aria-label=\"1 of 4\" data-no-translation-aria-label=\"\"><figure class=\"swiper-slide-inner\"><img decoding=\"async\" class=\"swiper-slide-image\" src=\"https:\/\/i0.wp.com\/yunanistansinemasigunleri.com\/wp-content\/uploads\/2025\/11\/iagouaros_004.jpg?fit=740%2C499&amp;ssl=1\" alt=\"iagouaros_004\" \/><\/figure><\/div><div class=\"swiper-slide\" role=\"group\" aria-roledescription=\"slide\" aria-label=\"2 of 4\" data-no-translation-aria-label=\"\"><figure class=\"swiper-slide-inner\"><img decoding=\"async\" class=\"swiper-slide-image\" src=\"https:\/\/i0.wp.com\/yunanistansinemasigunleri.com\/wp-content\/uploads\/2025\/11\/iagouaros_003.jpg?fit=740%2C499&amp;ssl=1\" alt=\"iagouaros_003\" \/><\/figure><\/div><div class=\"swiper-slide\" role=\"group\" aria-roledescription=\"slide\" aria-label=\"3 of 4\" data-no-translation-aria-label=\"\"><figure class=\"swiper-slide-inner\"><img decoding=\"async\" class=\"swiper-slide-image\" src=\"https:\/\/i0.wp.com\/yunanistansinemasigunleri.com\/wp-content\/uploads\/2025\/11\/iagouaros_002.jpg?fit=740%2C457&amp;ssl=1\" alt=\"iagouaros_002\" \/><\/figure><\/div><div class=\"swiper-slide\" role=\"group\" aria-roledescription=\"slide\" aria-label=\"4 of 4\" data-no-translation-aria-label=\"\"><figure class=\"swiper-slide-inner\"><img decoding=\"async\" class=\"swiper-slide-image\" src=\"https:\/\/i0.wp.com\/yunanistansinemasigunleri.com\/wp-content\/uploads\/2025\/11\/iagouaros_001.jpg?fit=740%2C499&amp;ssl=1\" alt=\"iagouaros_001\" \/><\/figure><\/div>\t\t\t<\/div>\n\t\t\t\t\t\t\t\t\t\t\t\t<div class=\"elementor-swiper-button elementor-swiper-button-prev\" role=\"button\" tabindex=\"0\">\n\t\t\t\t\t\t<svg aria-hidden=\"true\" class=\"e-font-icon-svg e-eicon-chevron-left\" viewbox=\"0 0 1000 1000\" xmlns=\"http:\/\/www.w3.org\/2000\/svg\"><path d=\"M646 125C629 125 613 133 604 142L308 442C296 454 292 471 292 487 292 504 296 521 308 533L604 854C617 867 629 875 646 875 663 875 679 871 692 858 704 846 713 829 713 812 713 796 708 779 692 767L438 487 692 225C700 217 708 204 708 187 708 171 704 154 692 142 675 129 663 125 646 125Z\"><\/path><\/svg>\t\t\t\t\t<\/div>\n\t\t\t\t\t<div class=\"elementor-swiper-button elementor-swiper-button-next\" role=\"button\" tabindex=\"0\">\n\t\t\t\t\t\t<svg aria-hidden=\"true\" class=\"e-font-icon-svg e-eicon-chevron-right\" viewbox=\"0 0 1000 1000\" xmlns=\"http:\/\/www.w3.org\/2000\/svg\"><path d=\"M696 533C708 521 713 504 713 487 713 471 708 454 696 446L400 146C388 133 375 125 354 125 338 125 325 129 313 142 300 154 292 171 292 187 292 204 296 221 308 233L563 492 304 771C292 783 288 800 288 817 288 833 296 850 308 863 321 871 338 875 354 875 371 875 388 867 400 854L696 533Z\"><\/path><\/svg>\t\t\t\t\t<\/div>\n\t\t\t\t\n\t\t\t\t\t\t\t\t\t<div class=\"swiper-pagination\"><\/div>\n\t\t\t\t\t\t\t\t\t<\/div>\n\t\t\t\t\t\t<\/div>\n\t\t\t\t\t<\/div>\n\t\t\t\t<\/div>\n\t\t\t\t<\/div>","protected":false},"excerpt":{"rendered":"<p>Jaguar \u0399\u0391\u0393\u039f\u03a5\u0391\u03a1\u039f\u03a3 79&#8242;4 PER\u015eEMBE 15:00 \u00a0 K\u0131rkl\u0131 ya\u015flar\u0131nda iki kad\u0131n\u0131n 20 May\u0131s 1964 g\u00fcn\u00fc \u00f6\u011flen saatlerinden ertesi g\u00fcn\u00fcn sabah\u0131na kadar s\u00fcren bulu\u015fmalar\u0131n\u0131n hik\u00e2yesi. Filio ve Dimitra. Biri Aral\u0131k 1944&#8217;te sorgusuz sualsiz idam edilen direni\u015f kahraman\u0131 Andreas Kallimanopoutos&#8217;un eski e\u015fi, di\u011feri k\u0131z karde\u015fi. Filio, gen\u00e7 bir k\u0131zken \u00e2\u015f\u0131k olup 19 ya\u015f\u0131nda evlendi\u011fi ve \u00f6l\u00fcmden k\u0131sa bir &hellip; <\/p>\n<p class=\"link-more\"><a href=\"https:\/\/yunanistansinemasigunleri.com\/en\/jaguar\/\" class=\"more-link\">Continue reading<span class=\"screen-reader-text\"> &#8220;JAGUAR&#8221;<\/span><\/a><\/p>","protected":false},"author":219729766,"featured_media":0,"parent":0,"menu_order":0,"comment_status":"closed","ping_status":"closed","template":"","meta":{"_crdt_document":"","advanced_seo_description":"","jetpack_seo_html_title":"","jetpack_seo_noindex":false,"footnotes":""},"class_list":["post-4175","page","type-page","status-publish","hentry"],"jetpack_likes_enabled":true,"jetpack_sharing_enabled":true,"jetpack_shortlink":"https:\/\/wp.me\/PdSim2-15l","jetpack-related-posts":[],"amp_enabled":true,"_links":{"self":[{"href":"https:\/\/yunanistansinemasigunleri.com\/en\/wp-json\/wp\/v2\/pages\/4175","targetHints":{"allow":["GET"]}}],"collection":[{"href":"https:\/\/yunanistansinemasigunleri.com\/en\/wp-json\/wp\/v2\/pages"}],"about":[{"href":"https:\/\/yunanistansinemasigunleri.com\/en\/wp-json\/wp\/v2\/types\/page"}],"author":[{"embeddable":true,"href":"https:\/\/yunanistansinemasigunleri.com\/en\/wp-json\/wp\/v2\/users\/219729766"}],"replies":[{"embeddable":true,"href":"https:\/\/yunanistansinemasigunleri.com\/en\/wp-json\/wp\/v2\/comments?post=4175"}],"version-history":[{"count":15,"href":"https:\/\/yunanistansinemasigunleri.com\/en\/wp-json\/wp\/v2\/pages\/4175\/revisions"}],"predecessor-version":[{"id":4738,"href":"https:\/\/yunanistansinemasigunleri.com\/en\/wp-json\/wp\/v2\/pages\/4175\/revisions\/4738"}],"wp:attachment":[{"href":"https:\/\/yunanistansinemasigunleri.com\/en\/wp-json\/wp\/v2\/media?parent=4175"}],"curies":[{"name":"wp","href":"https:\/\/api.w.org\/{rel}","templated":true}]}}