{"id":4155,"date":"2025-11-07T18:46:23","date_gmt":"2025-11-07T16:46:23","guid":{"rendered":"https:\/\/yunanistansinemasigunleri.com\/?page_id=4155"},"modified":"2025-11-27T20:13:43","modified_gmt":"2025-11-27T18:13:43","slug":"fanouropita-the-st-phanourios-pie","status":"publish","type":"page","link":"https:\/\/yunanistansinemasigunleri.com\/en\/fanouropita-the-st-phanourios-pie\/","title":{"rendered":"FANOUROPITA"},"content":{"rendered":"<div data-elementor-type=\"wp-page\" data-elementor-id=\"4155\" class=\"elementor elementor-4155\">\n\t\t\t\t<div class=\"elementor-element elementor-element-c802327 e-flex e-con-boxed e-con e-parent\" data-id=\"c802327\" data-element_type=\"container\" data-e-type=\"container\">\n\t\t\t\t\t<div class=\"e-con-inner\">\n\t\t\t\t<div class=\"elementor-element elementor-element-3b5222e elementor-widget elementor-widget-heading\" data-id=\"3b5222e\" data-element_type=\"widget\" data-e-type=\"widget\" data-widget_type=\"heading.default\">\n\t\t\t\t\t<h2 class=\"elementor-heading-title elementor-size-default\">FANOUROPITA<\/h2>\t\t\t\t<\/div>\n\t\t\t\t\t<\/div>\n\t\t\t\t<\/div>\n\t\t<div class=\"elementor-element elementor-element-e2621c5 e-flex e-con-boxed e-con e-parent\" data-id=\"e2621c5\" data-element_type=\"container\" data-e-type=\"container\">\n\t\t\t\t\t<div class=\"e-con-inner\">\n\t\t<div class=\"elementor-element elementor-element-301e0e5 e-con-full e-flex e-con e-child\" data-id=\"301e0e5\" data-element_type=\"container\" data-e-type=\"container\">\n\t\t\t\t<div class=\"elementor-element elementor-element-f476b98 elementor-widget elementor-widget-image\" data-id=\"f476b98\" data-element_type=\"widget\" data-e-type=\"widget\" data-widget_type=\"image.default\">\n\t\t\t\t\t\t\t\t\t\t\t\t\t\t\t<img fetchpriority=\"high\" decoding=\"async\" data-attachment-id=\"4157\" data-permalink=\"https:\/\/yunanistansinemasigunleri.com\/en\/fanouropita-the-st-phanourios-pie\/01-2\/\" data-orig-file=\"https:\/\/i0.wp.com\/yunanistansinemasigunleri.com\/wp-content\/uploads\/2025\/11\/01-1.jpg?fit=1000%2C674&amp;ssl=1\" data-orig-size=\"1000,674\" data-comments-opened=\"1\" data-image-meta=\"{&quot;aperture&quot;:&quot;0&quot;,&quot;credit&quot;:&quot;&quot;,&quot;camera&quot;:&quot;SP-2000&quot;,&quot;caption&quot;:&quot;&quot;,&quot;created_timestamp&quot;:&quot;1214571713&quot;,&quot;copyright&quot;:&quot;&quot;,&quot;focal_length&quot;:&quot;0&quot;,&quot;iso&quot;:&quot;0&quot;,&quot;shutter_speed&quot;:&quot;0&quot;,&quot;title&quot;:&quot;&quot;,&quot;orientation&quot;:&quot;1&quot;}\" data-image-title=\"01\" data-image-description=\"\" data-image-caption=\"\" data-large-file=\"https:\/\/i0.wp.com\/yunanistansinemasigunleri.com\/wp-content\/uploads\/2025\/11\/01-1.jpg?fit=525%2C354&amp;ssl=1\" width=\"740\" height=\"499\" src=\"https:\/\/i0.wp.com\/yunanistansinemasigunleri.com\/wp-content\/uploads\/2025\/11\/01-1.jpg?fit=740%2C499&amp;ssl=1\" class=\"attachment-large size-large wp-image-4157\" alt=\"\" srcset=\"https:\/\/i0.wp.com\/yunanistansinemasigunleri.com\/wp-content\/uploads\/2025\/11\/01-1.jpg?w=1000&amp;ssl=1 1000w, https:\/\/i0.wp.com\/yunanistansinemasigunleri.com\/wp-content\/uploads\/2025\/11\/01-1.jpg?resize=300%2C202&amp;ssl=1 300w, https:\/\/i0.wp.com\/yunanistansinemasigunleri.com\/wp-content\/uploads\/2025\/11\/01-1.jpg?resize=768%2C518&amp;ssl=1 768w, https:\/\/i0.wp.com\/yunanistansinemasigunleri.com\/wp-content\/uploads\/2025\/11\/01-1.jpg?resize=18%2C12&amp;ssl=1 18w\" sizes=\"100vw\" \/>\t\t\t\t\t\t\t\t\t\t\t\t\t\t\t<\/div>\n\t\t\t\t<\/div>\n\t\t<div class=\"elementor-element elementor-element-9b0dc88 e-con-full e-flex e-con e-child\" data-id=\"9b0dc88\" data-element_type=\"container\" data-e-type=\"container\">\n\t\t\t\t<div class=\"elementor-element elementor-element-ebd8be5 elementor-widget elementor-widget-text-editor\" data-id=\"ebd8be5\" data-element_type=\"widget\" data-e-type=\"widget\" data-widget_type=\"text-editor.default\">\n\t\t\t\t\t\t\t\t\t<h5 style=\"text-align: right;\">\u03a6\u0391\u039d\u039f\u03a5\u03a1\u039f\u03a0\u0399\u03a4\u0391 62&#8242;<br \/><strong><span class=\"s1\">5 <\/span>FRIDAY 14:00<\/strong><\/h5>\t\t\t\t\t\t\t\t<\/div>\n\t\t\t\t<\/div>\n\t\t\t\t\t<\/div>\n\t\t\t\t<\/div>\n\t\t<div class=\"elementor-element elementor-element-acd47aa e-flex e-con-boxed e-con e-parent\" data-id=\"acd47aa\" data-element_type=\"container\" data-e-type=\"container\">\n\t\t\t\t\t<div class=\"e-con-inner\">\n\t\t<div class=\"elementor-element elementor-element-ac34a5c e-con-full e-flex e-con e-child\" data-id=\"ac34a5c\" data-element_type=\"container\" data-e-type=\"container\">\n\t\t\t\t<div class=\"elementor-element elementor-element-164cc85 elementor-widget elementor-widget-text-editor\" data-id=\"164cc85\" data-element_type=\"widget\" data-e-type=\"widget\" data-widget_type=\"text-editor.default\">\n\t\t\t\t\t\t\t\t\t<p><span style=\"font-weight: 400;\">Every year Saint Phanourios asks that a pie be baked for him so that his mother be forgiven for torturing the nine martyrs. But instead of using just the nine traditional ingredients in the pie, E\u03bdanthia added a whole lot of others to make it richer. ln other words she thought that the saint wanted to fill the bellies of the poor with the pie. And now it's time for the procession, the service, the bazaar, the fair, and the beggars who push, fight and chase each other for a piece of E\u03bdanthia's pie. Only in the end it ends up in the bellies of a horde of angry dogs.<\/span><\/p><p><span style=\"font-weight: 400;\">E\u03bdanthia prayed to the saint for a better crop. Instead, apartment buildings spring up in her fields. May God forgive Saint Phanourios' mother!<\/span><\/p>\t\t\t\t\t\t\t\t<\/div>\n\t\t\t\t<\/div>\n\t\t<div class=\"elementor-element elementor-element-4adac98 e-con-full e-flex e-con e-child\" data-id=\"4adac98\" data-element_type=\"container\" data-e-type=\"container\">\n\t\t\t\t<div class=\"elementor-element elementor-element-e8a0342 elementor-widget elementor-widget-text-editor\" data-id=\"e8a0342\" data-element_type=\"widget\" data-e-type=\"widget\" data-widget_type=\"text-editor.default\">\n\t\t\t\t\t\t\t\t\t<p><span style=\"font-weight: 400;\"><strong>Director:<\/strong> Dimitris Yatzouzakis<br \/><\/span><span style=\"font-weight: 400;\"><strong>Screenplay:<\/strong> Dimitris Yatzouzakis<br \/><\/span><span style=\"font-weight: 400;\"><strong>Director of Photography:<\/strong> Philippos Koutsaftis<br \/><\/span><span style=\"font-weight: 400;\"><strong>Set-Costumes:<\/strong> Hero Zervaki<br \/><\/span><span style=\"font-weight: 400;\"><strong>Music:<\/strong> Nikos Mamagakis<br \/><\/span><span style=\"font-weight: 400;\"><strong>Editing:<\/strong> Giorgos Triantafyllou<br \/><\/span><span style=\"font-weight: 400;\"><strong>Production:<\/strong> Greek Film Center, Dimitr\u03afs Vatzouzakis<br \/><\/span><span style=\"font-weight: 400;\"><strong>Cast:<\/strong> Despina Bolla, lfigenia Makati, Lambros Tsagkas, Giorgos Liantos, Arto Apartian, Taygeti<\/span><\/p>\t\t\t\t\t\t\t\t<\/div>\n\t\t\t\t<\/div>\n\t\t\t\t\t<\/div>\n\t\t\t\t<\/div>\n\t\t<div class=\"elementor-element elementor-element-86f041e e-flex e-con-boxed e-con e-parent\" data-id=\"86f041e\" data-element_type=\"container\" data-e-type=\"container\">\n\t\t\t\t\t<div class=\"e-con-inner\">\n\t\t\t\t<div class=\"elementor-element elementor-element-afd441e elementor-arrows-position-inside elementor-pagination-position-outside elementor-widget elementor-widget-image-carousel\" data-id=\"afd441e\" data-element_type=\"widget\" data-e-type=\"widget\" data-settings=\"{&quot;navigation&quot;:&quot;both&quot;,&quot;autoplay&quot;:&quot;yes&quot;,&quot;pause_on_hover&quot;:&quot;yes&quot;,&quot;pause_on_interaction&quot;:&quot;yes&quot;,&quot;autoplay_speed&quot;:5000,&quot;infinite&quot;:&quot;yes&quot;,&quot;speed&quot;:500}\" data-widget_type=\"image-carousel.default\">\n\t\t\t\t\t\t\t<div class=\"elementor-image-carousel-wrapper swiper\" role=\"region\" aria-roledescription=\"carousel\" aria-label=\"Image Carousel\" dir=\"ltr\">\n\t\t\t<div class=\"elementor-image-carousel swiper-wrapper\" aria-live=\"off\">\n\t\t\t\t\t\t\t\t<div class=\"swiper-slide\" role=\"group\" aria-roledescription=\"slide\" aria-label=\"1 of 4\" data-no-translation-aria-label=\"\"><figure class=\"swiper-slide-inner\"><img decoding=\"async\" class=\"swiper-slide-image\" src=\"https:\/\/i0.wp.com\/yunanistansinemasigunleri.com\/wp-content\/uploads\/2025\/11\/04-1.jpg?fit=740%2C499&amp;ssl=1\" alt=\"04\" \/><\/figure><\/div><div class=\"swiper-slide\" role=\"group\" aria-roledescription=\"slide\" aria-label=\"2 of 4\" data-no-translation-aria-label=\"\"><figure class=\"swiper-slide-inner\"><img decoding=\"async\" class=\"swiper-slide-image\" src=\"https:\/\/i0.wp.com\/yunanistansinemasigunleri.com\/wp-content\/uploads\/2025\/11\/03-1.jpg?fit=740%2C499&amp;ssl=1\" alt=\"03\" \/><\/figure><\/div><div class=\"swiper-slide\" role=\"group\" aria-roledescription=\"slide\" aria-label=\"3 of 4\" data-no-translation-aria-label=\"\"><figure class=\"swiper-slide-inner\"><img decoding=\"async\" class=\"swiper-slide-image\" src=\"https:\/\/i0.wp.com\/yunanistansinemasigunleri.com\/wp-content\/uploads\/2025\/11\/02-1.jpg?fit=740%2C499&amp;ssl=1\" alt=\"02\" \/><\/figure><\/div><div class=\"swiper-slide\" role=\"group\" aria-roledescription=\"slide\" aria-label=\"4 of 4\" data-no-translation-aria-label=\"\"><figure class=\"swiper-slide-inner\"><img decoding=\"async\" class=\"swiper-slide-image\" src=\"https:\/\/i0.wp.com\/yunanistansinemasigunleri.com\/wp-content\/uploads\/2025\/11\/01-1.jpg?fit=740%2C499&amp;ssl=1\" alt=\"01\" \/><\/figure><\/div>\t\t\t<\/div>\n\t\t\t\t\t\t\t\t\t\t\t\t<div class=\"elementor-swiper-button elementor-swiper-button-prev\" role=\"button\" tabindex=\"0\">\n\t\t\t\t\t\t<svg aria-hidden=\"true\" class=\"e-font-icon-svg e-eicon-chevron-left\" viewbox=\"0 0 1000 1000\" xmlns=\"http:\/\/www.w3.org\/2000\/svg\"><path d=\"M646 125C629 125 613 133 604 142L308 442C296 454 292 471 292 487 292 504 296 521 308 533L604 854C617 867 629 875 646 875 663 875 679 871 692 858 704 846 713 829 713 812 713 796 708 779 692 767L438 487 692 225C700 217 708 204 708 187 708 171 704 154 692 142 675 129 663 125 646 125Z\"><\/path><\/svg>\t\t\t\t\t<\/div>\n\t\t\t\t\t<div class=\"elementor-swiper-button elementor-swiper-button-next\" role=\"button\" tabindex=\"0\">\n\t\t\t\t\t\t<svg aria-hidden=\"true\" class=\"e-font-icon-svg e-eicon-chevron-right\" viewbox=\"0 0 1000 1000\" xmlns=\"http:\/\/www.w3.org\/2000\/svg\"><path d=\"M696 533C708 521 713 504 713 487 713 471 708 454 696 446L400 146C388 133 375 125 354 125 338 125 325 129 313 142 300 154 292 171 292 187 292 204 296 221 308 233L563 492 304 771C292 783 288 800 288 817 288 833 296 850 308 863 321 871 338 875 354 875 371 875 388 867 400 854L696 533Z\"><\/path><\/svg>\t\t\t\t\t<\/div>\n\t\t\t\t\n\t\t\t\t\t\t\t\t\t<div class=\"swiper-pagination\"><\/div>\n\t\t\t\t\t\t\t\t\t<\/div>\n\t\t\t\t\t\t<\/div>\n\t\t\t\t\t<\/div>\n\t\t\t\t<\/div>\n\t\t\t\t<\/div>","protected":false},"excerpt":{"rendered":"<p>FANUROP\u0130TA \u03a6\u0391\u039d\u039f\u03a5\u03a1\u039f\u03a0\u0399\u03a4\u0391 62&#8242;5 CUMA 14:00 Her sene, Aziz Fanurios, dokuz \u015fehide i\u015fkence eden annesinin ba\u011f\u0131\u015flanmas\u0131 i\u00e7in kendisine \u00e7\u00f6rek pi\u015firilmesini ister. Fakat Evanthia, dokuz geleneksel malzemeyi kullanmak yerine \u00e7\u00f6re\u011fi zenginle\u015ftirmek i\u00e7in i\u00e7ine bir s\u00fcr\u00fc ba\u015fka \u015fey ekler. Ba\u015fka bir deyi\u015fle, azizin \u00e7\u00f6rekle fakirlerin karn\u0131n\u0131 doyurmak istedi\u011fini d\u00fc\u015f\u00fcn\u00fcr. \u015eimdi t\u00f6ren alay\u0131, ayin, pazar, panay\u0131r ve E\u03bdanthia&#8217;n\u0131n \u00e7\u00f6re\u011finden &hellip; <\/p>\n<p class=\"link-more\"><a href=\"https:\/\/yunanistansinemasigunleri.com\/en\/fanouropita-the-st-phanourios-pie\/\" class=\"more-link\">Continue reading<span class=\"screen-reader-text\"> &#8220;FANUROP\u0130TA&#8221;<\/span><\/a><\/p>","protected":false},"author":219729766,"featured_media":0,"parent":0,"menu_order":0,"comment_status":"closed","ping_status":"closed","template":"","meta":{"_crdt_document":"","advanced_seo_description":"","jetpack_seo_html_title":"","jetpack_seo_noindex":false,"footnotes":""},"class_list":["post-4155","page","type-page","status-publish","hentry"],"jetpack_likes_enabled":true,"jetpack_sharing_enabled":true,"jetpack_shortlink":"https:\/\/wp.me\/PdSim2-151","jetpack-related-posts":[],"amp_enabled":true,"_links":{"self":[{"href":"https:\/\/yunanistansinemasigunleri.com\/en\/wp-json\/wp\/v2\/pages\/4155","targetHints":{"allow":["GET"]}}],"collection":[{"href":"https:\/\/yunanistansinemasigunleri.com\/en\/wp-json\/wp\/v2\/pages"}],"about":[{"href":"https:\/\/yunanistansinemasigunleri.com\/en\/wp-json\/wp\/v2\/types\/page"}],"author":[{"embeddable":true,"href":"https:\/\/yunanistansinemasigunleri.com\/en\/wp-json\/wp\/v2\/users\/219729766"}],"replies":[{"embeddable":true,"href":"https:\/\/yunanistansinemasigunleri.com\/en\/wp-json\/wp\/v2\/comments?post=4155"}],"version-history":[{"count":18,"href":"https:\/\/yunanistansinemasigunleri.com\/en\/wp-json\/wp\/v2\/pages\/4155\/revisions"}],"predecessor-version":[{"id":4729,"href":"https:\/\/yunanistansinemasigunleri.com\/en\/wp-json\/wp\/v2\/pages\/4155\/revisions\/4729"}],"wp:attachment":[{"href":"https:\/\/yunanistansinemasigunleri.com\/en\/wp-json\/wp\/v2\/media?parent=4155"}],"curies":[{"name":"wp","href":"https:\/\/api.w.org\/{rel}","templated":true}]}}