{"id":4134,"date":"2025-11-07T18:24:08","date_gmt":"2025-11-07T16:24:08","guid":{"rendered":"https:\/\/yunanistansinemasigunleri.com\/?page_id=4134"},"modified":"2025-11-27T20:14:32","modified_gmt":"2025-11-27T18:14:32","slug":"desire-me-mia-kravgi","status":"publish","type":"page","link":"https:\/\/yunanistansinemasigunleri.com\/en\/desire-me-mia-kravgi\/","title":{"rendered":"DESIRE"},"content":{"rendered":"<div data-elementor-type=\"wp-page\" data-elementor-id=\"4134\" class=\"elementor elementor-4134\">\n\t\t\t\t<div class=\"elementor-element elementor-element-8e58fd5 e-flex e-con-boxed e-con e-parent\" data-id=\"8e58fd5\" data-element_type=\"container\" data-e-type=\"container\">\n\t\t\t\t\t<div class=\"e-con-inner\">\n\t\t\t\t<div class=\"elementor-element elementor-element-f22a1bf elementor-widget elementor-widget-heading\" data-id=\"f22a1bf\" data-element_type=\"widget\" data-e-type=\"widget\" data-widget_type=\"heading.default\">\n\t\t\t\t\t<h2 class=\"elementor-heading-title elementor-size-default\">DESIRE<\/h2>\t\t\t\t<\/div>\n\t\t\t\t\t<\/div>\n\t\t\t\t<\/div>\n\t\t<div class=\"elementor-element elementor-element-ead3317 e-flex e-con-boxed e-con e-parent\" data-id=\"ead3317\" data-element_type=\"container\" data-e-type=\"container\">\n\t\t\t\t\t<div class=\"e-con-inner\">\n\t\t<div class=\"elementor-element elementor-element-543195a e-con-full e-flex e-con e-child\" data-id=\"543195a\" data-element_type=\"container\" data-e-type=\"container\">\n\t\t\t\t<div class=\"elementor-element elementor-element-03adf54 elementor-widget elementor-widget-image\" data-id=\"03adf54\" data-element_type=\"widget\" data-e-type=\"widget\" data-widget_type=\"image.default\">\n\t\t\t\t\t\t\t\t\t\t\t\t\t\t\t<img fetchpriority=\"high\" decoding=\"async\" data-attachment-id=\"4136\" data-permalink=\"https:\/\/yunanistansinemasigunleri.com\/en\/desire-me-mia-kravgi\/desire\/\" data-orig-file=\"https:\/\/i0.wp.com\/yunanistansinemasigunleri.com\/wp-content\/uploads\/2025\/11\/Desire.jpg?fit=1000%2C1368&amp;ssl=1\" data-orig-size=\"1000,1368\" data-comments-opened=\"1\" data-image-meta=\"{&quot;aperture&quot;:&quot;0&quot;,&quot;credit&quot;:&quot;&quot;,&quot;camera&quot;:&quot;&quot;,&quot;caption&quot;:&quot;&quot;,&quot;created_timestamp&quot;:&quot;0&quot;,&quot;copyright&quot;:&quot;&quot;,&quot;focal_length&quot;:&quot;0&quot;,&quot;iso&quot;:&quot;0&quot;,&quot;shutter_speed&quot;:&quot;0&quot;,&quot;title&quot;:&quot;&quot;,&quot;orientation&quot;:&quot;1&quot;}\" data-image-title=\"Desire\" data-image-description=\"\" data-image-caption=\"\" data-large-file=\"https:\/\/i0.wp.com\/yunanistansinemasigunleri.com\/wp-content\/uploads\/2025\/11\/Desire.jpg?fit=525%2C718&amp;ssl=1\" width=\"740\" height=\"1013\" src=\"https:\/\/i0.wp.com\/yunanistansinemasigunleri.com\/wp-content\/uploads\/2025\/11\/Desire.jpg?fit=740%2C1013&amp;ssl=1\" class=\"attachment-medium_large size-medium_large wp-image-4136\" alt=\"\" srcset=\"https:\/\/i0.wp.com\/yunanistansinemasigunleri.com\/wp-content\/uploads\/2025\/11\/Desire.jpg?w=1000&amp;ssl=1 1000w, https:\/\/i0.wp.com\/yunanistansinemasigunleri.com\/wp-content\/uploads\/2025\/11\/Desire.jpg?resize=219%2C300&amp;ssl=1 219w, https:\/\/i0.wp.com\/yunanistansinemasigunleri.com\/wp-content\/uploads\/2025\/11\/Desire.jpg?resize=749%2C1024&amp;ssl=1 749w, https:\/\/i0.wp.com\/yunanistansinemasigunleri.com\/wp-content\/uploads\/2025\/11\/Desire.jpg?resize=768%2C1051&amp;ssl=1 768w, https:\/\/i0.wp.com\/yunanistansinemasigunleri.com\/wp-content\/uploads\/2025\/11\/Desire.jpg?resize=9%2C12&amp;ssl=1 9w\" sizes=\"100vw\" \/>\t\t\t\t\t\t\t\t\t\t\t\t\t\t\t<\/div>\n\t\t\t\t<\/div>\n\t\t<div class=\"elementor-element elementor-element-ad4c31c e-con-full e-flex e-con e-child\" data-id=\"ad4c31c\" data-element_type=\"container\" data-e-type=\"container\">\n\t\t\t\t<div class=\"elementor-element elementor-element-50301b9 elementor-widget elementor-widget-text-editor\" data-id=\"50301b9\" data-element_type=\"widget\" data-e-type=\"widget\" data-widget_type=\"text-editor.default\">\n\t\t\t\t\t\t\t\t\t<h5 style=\"text-align: right;\">\u039c\u0395 \u039c\u0399\u0391 \u039a\u03a1\u0391\u03a5\u0393\u0397 95&#8242;<br \/><strong><span class=\"s1\">4 <\/span>THURSDAY 19:00<\/strong><\/h5><h5 style=\"text-align: right;\"><b>\u00a0<\/b><\/h5><p><br style=\"font-weight: 400;\" \/><br style=\"font-weight: 400;\" \/><\/p>\t\t\t\t\t\t\t\t<\/div>\n\t\t\t\t<\/div>\n\t\t\t\t\t<\/div>\n\t\t\t\t<\/div>\n\t\t<div class=\"elementor-element elementor-element-b8f27d6 e-flex e-con-boxed e-con e-parent\" data-id=\"b8f27d6\" data-element_type=\"container\" data-e-type=\"container\">\n\t\t\t\t\t<div class=\"e-con-inner\">\n\t\t<div class=\"elementor-element elementor-element-bf65b11 e-con-full e-flex e-con e-child\" data-id=\"bf65b11\" data-element_type=\"container\" data-e-type=\"container\">\n\t\t\t\t<div class=\"elementor-element elementor-element-0bae292 elementor-widget elementor-widget-text-editor\" data-id=\"0bae292\" data-element_type=\"widget\" data-e-type=\"widget\" data-widget_type=\"text-editor.default\">\n\t\t\t\t\t\t\t\t\t<p><span id=\"docs-internal-guid-90ff3b65-7fff-1938-8ba7-87fb5646dbd3\"><span style=\"font-size: 12pt; font-family: Calibri, sans-serif; font-variant-ligatures: normal; font-variant-alternates: normal; font-variant-numeric: normal; font-variant-east-asian: normal; font-variant-position: normal; vertical-align: baseline; white-space: pre-wrap;\">Two siblings, Zoe and Lou (llias) spend their childhood years in Eleusis growing up almost without supervision. When they become ten and eleven years old, they are separated and spend the next five years in orphanages and reform schools. ln the meantime Zoe gets to know love with a man who disappears immediately afterwards. The two siblings meet again at their mother's funeral. They decide to run away from the institutions. They are separated again when Zoe leaves Lou in order to look for her beloved in Athens. Lou searches for Zoe. For each of them it is a journey of initiation and tribulation. ln the end revelation awaits them.<\/span><\/span><\/p>\t\t\t\t\t\t\t\t<\/div>\n\t\t\t\t<\/div>\n\t\t<div class=\"elementor-element elementor-element-0876878 e-con-full e-flex e-con e-child\" data-id=\"0876878\" data-element_type=\"container\" data-e-type=\"container\">\n\t\t\t\t<div class=\"elementor-element elementor-element-0404c29 elementor-widget elementor-widget-text-editor\" data-id=\"0404c29\" data-element_type=\"widget\" data-e-type=\"widget\" data-widget_type=\"text-editor.default\">\n\t\t\t\t\t\t\t\t\t<p><span style=\"font-size: 14pt; font-family: Calibri, sans-serif; color: #000000; background-color: transparent; font-weight: 400; font-style: normal; font-variant-ligatures: normal; font-variant-caps: normal; font-variant-alternates: normal; font-variant-numeric: normal; font-variant-east-asian: normal; font-variant-position: normal; text-decoration: none; vertical-align: baseline; white-space: pre-wrap;\"><strong>Director:<\/strong> Vassiliki Iliopoulou<br \/><\/span><span style=\"font-family: Calibri, sans-serif; font-size: 14pt; text-align: justify; white-space: pre-wrap;\"><strong>Screenplay:<\/strong> Vassiliki Iliopoulou<br \/><\/span><span style=\"font-size: 14pt; font-family: Calibri, sans-serif; color: #000000; background-color: transparent; font-weight: 400; font-style: normal; font-variant-ligatures: normal; font-variant-caps: normal; font-variant-alternates: normal; font-variant-numeric: normal; font-variant-east-asian: normal; font-variant-position: normal; text-decoration: none; vertical-align: baseline; white-space: pre-wrap;\"><strong>Director of Photography:<\/strong> Stamatis Yanoulis<br \/><\/span><span style=\"font-size: 14pt; font-family: Calibri, sans-serif; color: #000000; background-color: transparent; font-weight: 400; font-style: normal; font-variant-ligatures: normal; font-variant-caps: normal; font-variant-alternates: normal; font-variant-numeric: normal; font-variant-east-asian: normal; font-variant-position: normal; text-decoration: none; vertical-align: baseline; white-space: pre-wrap;\"><strong>Set-Costumes:<\/strong> Agni Doutsi<br \/><\/span><span style=\"font-size: 14pt; font-family: Calibri, sans-serif; color: #000000; background-color: transparent; font-weight: 400; font-style: normal; font-variant-ligatures: normal; font-variant-caps: normal; font-variant-alternates: normal; font-variant-numeric: normal; font-variant-east-asian: normal; font-variant-position: normal; text-decoration: none; vertical-align: baseline; white-space: pre-wrap;\"><strong>Music:<\/strong> Nikos Kypourgos<br \/><\/span><span style=\"font-size: 14pt; font-family: Calibri, sans-serif; color: #000000; background-color: transparent; font-weight: 400; font-style: normal; font-variant-ligatures: normal; font-variant-caps: normal; font-variant-alternates: normal; font-variant-numeric: normal; font-variant-east-asian: normal; font-variant-position: normal; text-decoration: none; vertical-align: baseline; white-space: pre-wrap;\"><strong>Sound<\/strong> Antonis Samaras<br \/><\/span><span style=\"font-size: 14pt; font-family: Calibri, sans-serif; color: #000000; background-color: transparent; font-weight: 400; font-style: normal; font-variant-ligatures: normal; font-variant-caps: normal; font-variant-alternates: normal; font-variant-numeric: normal; font-variant-east-asian: normal; font-variant-position: normal; text-decoration: none; vertical-align: baseline; white-space: pre-wrap;\"><strong>Editing:<\/strong> Christos Voupouras<br \/><\/span><span style=\"font-size: 14pt; font-family: Calibri, sans-serif; color: #000000; background-color: transparent; font-weight: 400; font-style: normal; font-variant-ligatures: normal; font-variant-caps: normal; font-variant-alternates: normal; font-variant-numeric: normal; font-variant-east-asian: normal; font-variant-position: normal; text-decoration: none; vertical-align: baseline; white-space: pre-wrap;\"><strong>Production:<\/strong> Greek Film Center, Hyperion Productions<br \/><\/span><span style=\"font-size: 14pt; font-family: Calibri, sans-serif; color: #000000; background-color: transparent; font-weight: 400; font-style: normal; font-variant-ligatures: normal; font-variant-caps: normal; font-variant-alternates: normal; font-variant-numeric: normal; font-variant-east-asian: normal; font-variant-position: normal; text-decoration: none; vertical-align: baseline; white-space: pre-wrap;\"><strong>Cast:<\/strong> Vicky Volloti, Dimitris Alexandris, Nikos Orfanos, Alkis Panayotidis, Stratis Tsobanellis<\/span><\/p>\t\t\t\t\t\t\t\t<\/div>\n\t\t\t\t<\/div>\n\t\t\t\t\t<\/div>\n\t\t\t\t<\/div>\n\t\t\t\t<\/div>","protected":false},"excerpt":{"rendered":"<p>HAYKIRI\u015e \u039c\u0395 \u039c\u0399\u0391 \u039a\u03a1\u0391\u03a5\u0393\u0397 95&#8242;4 PER\u015eEMBE 19:00 \u00a0 \u0130ki karde\u015f, Zoe ve Lou (Ilias) \u00e7ocukluk y\u0131llar\u0131n\u0131 Eleusis&#8217;te neredeyse g\u00f6zetimsiz b\u00fcy\u00fcyerek ge\u00e7irirler. On ve on bir ya\u015flar\u0131na geldiklerinde ayr\u0131l\u0131rlar ve sonraki be\u015f y\u0131l\u0131 yetimhanelerde ve \u0131slahevlerinde ge\u00e7er. Bu s\u0131rada Zoe, hemen sonras\u0131nda ortadan kaybolacak olan bir adamla a\u015fk\u0131 tan\u0131r. \u0130ki karde\u015f tekrar annelerinin cenazelerinde kar\u015f\u0131la\u015f\u0131r ve &hellip; <\/p>\n<p class=\"link-more\"><a href=\"https:\/\/yunanistansinemasigunleri.com\/en\/desire-me-mia-kravgi\/\" class=\"more-link\">Continue reading<span class=\"screen-reader-text\"> &#8220;HAYKIRI\u015e&#8221;<\/span><\/a><\/p>","protected":false},"author":219729766,"featured_media":0,"parent":0,"menu_order":0,"comment_status":"closed","ping_status":"closed","template":"","meta":{"_crdt_document":"","advanced_seo_description":"","jetpack_seo_html_title":"","jetpack_seo_noindex":false,"footnotes":""},"class_list":["post-4134","page","type-page","status-publish","hentry"],"jetpack_likes_enabled":true,"jetpack_sharing_enabled":true,"jetpack_shortlink":"https:\/\/wp.me\/PdSim2-14G","jetpack-related-posts":[],"amp_enabled":true,"_links":{"self":[{"href":"https:\/\/yunanistansinemasigunleri.com\/en\/wp-json\/wp\/v2\/pages\/4134","targetHints":{"allow":["GET"]}}],"collection":[{"href":"https:\/\/yunanistansinemasigunleri.com\/en\/wp-json\/wp\/v2\/pages"}],"about":[{"href":"https:\/\/yunanistansinemasigunleri.com\/en\/wp-json\/wp\/v2\/types\/page"}],"author":[{"embeddable":true,"href":"https:\/\/yunanistansinemasigunleri.com\/en\/wp-json\/wp\/v2\/users\/219729766"}],"replies":[{"embeddable":true,"href":"https:\/\/yunanistansinemasigunleri.com\/en\/wp-json\/wp\/v2\/comments?post=4134"}],"version-history":[{"count":15,"href":"https:\/\/yunanistansinemasigunleri.com\/en\/wp-json\/wp\/v2\/pages\/4134\/revisions"}],"predecessor-version":[{"id":4732,"href":"https:\/\/yunanistansinemasigunleri.com\/en\/wp-json\/wp\/v2\/pages\/4134\/revisions\/4732"}],"wp:attachment":[{"href":"https:\/\/yunanistansinemasigunleri.com\/en\/wp-json\/wp\/v2\/media?parent=4134"}],"curies":[{"name":"wp","href":"https:\/\/api.w.org\/{rel}","templated":true}]}}