{"id":4097,"date":"2025-11-07T17:49:38","date_gmt":"2025-11-07T15:49:38","guid":{"rendered":"https:\/\/yunanistansinemasigunleri.com\/?page_id=4097"},"modified":"2025-11-27T20:26:49","modified_gmt":"2025-11-27T18:26:49","slug":"a-drop-in-the-ocean","status":"publish","type":"page","link":"https:\/\/yunanistansinemasigunleri.com\/en\/a-drop-in-the-ocean\/","title":{"rendered":"A DROP IN THE OCEAN"},"content":{"rendered":"<div data-elementor-type=\"wp-page\" data-elementor-id=\"4097\" class=\"elementor elementor-4097\">\n\t\t\t\t<div class=\"elementor-element elementor-element-623fadb e-flex e-con-boxed e-con e-parent\" data-id=\"623fadb\" data-element_type=\"container\" data-e-type=\"container\">\n\t\t\t\t\t<div class=\"e-con-inner\">\n\t\t\t\t<div class=\"elementor-element elementor-element-98382cd elementor-widget elementor-widget-heading\" data-id=\"98382cd\" data-element_type=\"widget\" data-e-type=\"widget\" data-widget_type=\"heading.default\">\n\t\t\t\t\t<h2 class=\"elementor-heading-title elementor-size-default\">A DROP IN THE OCEAN\n<\/h2>\t\t\t\t<\/div>\n\t\t\t\t\t<\/div>\n\t\t\t\t<\/div>\n\t\t<div class=\"elementor-element elementor-element-777dabf e-flex e-con-boxed e-con e-parent\" data-id=\"777dabf\" data-element_type=\"container\" data-e-type=\"container\">\n\t\t\t\t\t<div class=\"e-con-inner\">\n\t\t<div class=\"elementor-element elementor-element-b723dc5 e-con-full e-flex e-con e-child\" data-id=\"b723dc5\" data-element_type=\"container\" data-e-type=\"container\">\n\t\t\t\t<div class=\"elementor-element elementor-element-c650685 elementor-widget elementor-widget-image\" data-id=\"c650685\" data-element_type=\"widget\" data-e-type=\"widget\" data-widget_type=\"image.default\">\n\t\t\t\t\t\t\t\t\t\t\t\t\t\t\t<img fetchpriority=\"high\" decoding=\"async\" data-attachment-id=\"4109\" data-permalink=\"https:\/\/yunanistansinemasigunleri.com\/en\/a-drop-in-the-ocean\/poster-2\/\" data-orig-file=\"https:\/\/i0.wp.com\/yunanistansinemasigunleri.com\/wp-content\/uploads\/2025\/11\/POSTER.jpg?fit=1000%2C696&amp;ssl=1\" data-orig-size=\"1000,696\" data-comments-opened=\"1\" data-image-meta=\"{&quot;aperture&quot;:&quot;0&quot;,&quot;credit&quot;:&quot;&quot;,&quot;camera&quot;:&quot;&quot;,&quot;caption&quot;:&quot;&quot;,&quot;created_timestamp&quot;:&quot;0&quot;,&quot;copyright&quot;:&quot;&quot;,&quot;focal_length&quot;:&quot;0&quot;,&quot;iso&quot;:&quot;0&quot;,&quot;shutter_speed&quot;:&quot;0&quot;,&quot;title&quot;:&quot;&quot;,&quot;orientation&quot;:&quot;1&quot;}\" data-image-title=\"POSTER\" data-image-description=\"\" data-image-caption=\"&lt;p&gt;OKYANUSTA B\u0130R DAMLA&lt;\/p&gt;\" data-large-file=\"https:\/\/i0.wp.com\/yunanistansinemasigunleri.com\/wp-content\/uploads\/2025\/11\/POSTER.jpg?fit=525%2C365&amp;ssl=1\" width=\"525\" height=\"366\" src=\"https:\/\/i0.wp.com\/yunanistansinemasigunleri.com\/wp-content\/uploads\/2025\/11\/POSTER.jpg?fit=525%2C366&amp;ssl=1\" class=\"attachment-medium_large size-medium_large wp-image-4109\" alt=\"\" srcset=\"https:\/\/i0.wp.com\/yunanistansinemasigunleri.com\/wp-content\/uploads\/2025\/11\/POSTER.jpg?w=1000&amp;ssl=1 1000w, https:\/\/i0.wp.com\/yunanistansinemasigunleri.com\/wp-content\/uploads\/2025\/11\/POSTER.jpg?resize=300%2C209&amp;ssl=1 300w, https:\/\/i0.wp.com\/yunanistansinemasigunleri.com\/wp-content\/uploads\/2025\/11\/POSTER.jpg?resize=768%2C535&amp;ssl=1 768w, https:\/\/i0.wp.com\/yunanistansinemasigunleri.com\/wp-content\/uploads\/2025\/11\/POSTER.jpg?resize=18%2C12&amp;ssl=1 18w\" sizes=\"100vw\" \/>\t\t\t\t\t\t\t\t\t\t\t\t\t\t\t<\/div>\n\t\t\t\t<\/div>\n\t\t<div class=\"elementor-element elementor-element-e423679 e-con-full e-flex e-con e-child\" data-id=\"e423679\" data-element_type=\"container\" data-e-type=\"container\">\n\t\t\t\t<div class=\"elementor-element elementor-element-e4c0f03 elementor-widget elementor-widget-text-editor\" data-id=\"e4c0f03\" data-element_type=\"widget\" data-e-type=\"widget\" data-widget_type=\"text-editor.default\">\n\t\t\t\t\t\t\t\t\t<h5 style=\"text-align: right;\">\u03a3\u03a4\u0391\u0393\u039f\u039d\u0391 \u03a3\u03a4\u039f\u039d \u03a9\u039a\u0395\u0391\u039d\u039f 90&#8242;<br \/><strong><span class=\"s1\">5 <\/span>FRIDAY 12:00<\/strong><\/h5><h5 style=\"text-align: right;\"><br style=\"font-weight: 400;\" \/><br style=\"font-weight: 400;\" \/><\/h5>\t\t\t\t\t\t\t\t<\/div>\n\t\t\t\t<\/div>\n\t\t\t\t\t<\/div>\n\t\t\t\t<\/div>\n\t\t<div class=\"elementor-element elementor-element-6e34d57 e-flex e-con-boxed e-con e-parent\" data-id=\"6e34d57\" data-element_type=\"container\" data-e-type=\"container\">\n\t\t\t\t\t<div class=\"e-con-inner\">\n\t\t<div class=\"elementor-element elementor-element-27e4879 e-con-full e-flex e-con e-child\" data-id=\"27e4879\" data-element_type=\"container\" data-e-type=\"container\">\n\t\t\t\t<div class=\"elementor-element elementor-element-4ba3609 elementor-widget elementor-widget-text-editor\" data-id=\"4ba3609\" data-element_type=\"widget\" data-e-type=\"widget\" data-widget_type=\"text-editor.default\">\n\t\t\t\t\t\t\t\t\t<p><span style=\"font-weight: 400;\">A fleeting love story between an actress struggling to create and an old deserter who rejects every safe place on which to tread.<\/span><\/p><p><span style=\"font-weight: 400;\">Andreas and Anna long for the values that have vanished from life today. ln playing the game of love they seek the things they long for. Yet they are victims of the times in which they live and their passion is short-lived. Fear prevails. Andreas revenges himself on Anna because the living proof of her generosity terrifies him. Anna is hurt, benumbed and gives up the fight. Sad and weak in the end they both shy away from the meaning of love. \u0391 mere trifle in the universe, a drop in the ocean, their story is but a moment as indeed is the whole of life itself.<\/span><\/p>\t\t\t\t\t\t\t\t<\/div>\n\t\t\t\t<\/div>\n\t\t<div class=\"elementor-element elementor-element-6bb4be9 e-con-full e-flex e-con e-child\" data-id=\"6bb4be9\" data-element_type=\"container\" data-e-type=\"container\">\n\t\t\t\t<div class=\"elementor-element elementor-element-a3e1792 elementor-widget elementor-widget-text-editor\" data-id=\"a3e1792\" data-element_type=\"widget\" data-e-type=\"widget\" data-widget_type=\"text-editor.default\">\n\t\t\t\t\t\t\t\t\t<p><span style=\"font-weight: 400;\"><strong>Director:<\/strong> Eleni Alexandrakis<br \/><\/span><span style=\"font-weight: 400;\"><strong>Screenplay:<\/strong> Eleni Alexandrakis, Andreas Staikos\u2019la i\u015fbirli\u011fi ile<br \/><\/span><span style=\"font-weight: 400;\"><strong>Director of Photography:<\/strong> Vassilis Kapsouros<br \/><\/span><span style=\"font-weight: 400;\"><strong>Set:<\/strong> Marina Athanasiou<br \/><\/span><span style=\"font-weight: 400;\"><strong>Costumes:<\/strong> Anna Zouganells<br \/><\/span><strong>Music: <\/strong><span style=\"font-weight: 400;\">Giorgos Papadakis<br \/><\/span><strong>Editing: <\/strong><span style=\"font-weight: 400;\">Despina Danae Maroullakou<br \/><\/span><span style=\"font-weight: 400;\"><strong>Sound<\/strong> Mimis Kassimatis<br \/><\/span><strong>Producer:<\/strong> <span style=\"font-weight: 400;\">Greek Film Center, Stefi 5.\u0391., KAVEL Panagiotis Kakkavlas, Eleni Alexandrakis<br \/><\/span><span style=\"font-weight: 400;\"><strong>Cast:<\/strong> Amalia Moutoussi, Giorgos Sfirides, Natasha Sanika, Kerassia Samara, Akilas Karazisis, Renos Mandis, Olympia Karagiorga, Costas Sfikas<\/span><\/p>\t\t\t\t\t\t\t\t<\/div>\n\t\t\t\t<\/div>\n\t\t\t\t\t<\/div>\n\t\t\t\t<\/div>\n\t\t<div class=\"elementor-element elementor-element-1794933 e-flex e-con-boxed e-con e-parent\" data-id=\"1794933\" data-element_type=\"container\" data-e-type=\"container\">\n\t\t\t\t\t<div class=\"e-con-inner\">\n\t\t\t\t<div class=\"elementor-element elementor-element-ef76461 elementor-arrows-position-inside elementor-pagination-position-outside elementor-widget elementor-widget-image-carousel\" data-id=\"ef76461\" data-element_type=\"widget\" data-e-type=\"widget\" data-settings=\"{&quot;navigation&quot;:&quot;both&quot;,&quot;autoplay&quot;:&quot;yes&quot;,&quot;pause_on_hover&quot;:&quot;yes&quot;,&quot;pause_on_interaction&quot;:&quot;yes&quot;,&quot;autoplay_speed&quot;:5000,&quot;infinite&quot;:&quot;yes&quot;,&quot;speed&quot;:500}\" data-widget_type=\"image-carousel.default\">\n\t\t\t\t\t\t\t<div class=\"elementor-image-carousel-wrapper swiper\" role=\"region\" aria-roledescription=\"carousel\" aria-label=\"Image Carousel\" dir=\"ltr\">\n\t\t\t<div class=\"elementor-image-carousel swiper-wrapper\" aria-live=\"off\">\n\t\t\t\t\t\t\t\t<div class=\"swiper-slide\" role=\"group\" aria-roledescription=\"slide\" aria-label=\"1 of 6\"><figure class=\"swiper-slide-inner\"><img decoding=\"async\" class=\"swiper-slide-image\" src=\"https:\/\/i0.wp.com\/yunanistansinemasigunleri.com\/wp-content\/uploads\/2025\/11\/017.jpg?fit=525%2C308&amp;ssl=1\" alt=\"017\" \/><\/figure><\/div><div class=\"swiper-slide\" role=\"group\" aria-roledescription=\"slide\" aria-label=\"2 of 6\"><figure class=\"swiper-slide-inner\"><img decoding=\"async\" class=\"swiper-slide-image\" src=\"https:\/\/i0.wp.com\/yunanistansinemasigunleri.com\/wp-content\/uploads\/2025\/11\/011.jpg?fit=525%2C304&amp;ssl=1\" alt=\"011\" \/><\/figure><\/div><div class=\"swiper-slide\" role=\"group\" aria-roledescription=\"slide\" aria-label=\"3 of 6\"><figure class=\"swiper-slide-inner\"><img decoding=\"async\" class=\"swiper-slide-image\" src=\"https:\/\/i0.wp.com\/yunanistansinemasigunleri.com\/wp-content\/uploads\/2025\/11\/010.jpg?fit=525%2C299&amp;ssl=1\" alt=\"010\" \/><\/figure><\/div><div class=\"swiper-slide\" role=\"group\" aria-roledescription=\"slide\" aria-label=\"4 of 6\"><figure class=\"swiper-slide-inner\"><img decoding=\"async\" class=\"swiper-slide-image\" src=\"https:\/\/i0.wp.com\/yunanistansinemasigunleri.com\/wp-content\/uploads\/2025\/11\/007.jpg?fit=525%2C304&amp;ssl=1\" alt=\"007\" \/><\/figure><\/div><div class=\"swiper-slide\" role=\"group\" aria-roledescription=\"slide\" aria-label=\"5 of 6\"><figure class=\"swiper-slide-inner\"><img decoding=\"async\" class=\"swiper-slide-image\" src=\"https:\/\/i0.wp.com\/yunanistansinemasigunleri.com\/wp-content\/uploads\/2025\/11\/005.jpg?fit=525%2C308&amp;ssl=1\" alt=\"005\" \/><\/figure><\/div><div class=\"swiper-slide\" role=\"group\" aria-roledescription=\"slide\" aria-label=\"6 of 6\"><figure class=\"swiper-slide-inner\"><img decoding=\"async\" class=\"swiper-slide-image\" src=\"https:\/\/i0.wp.com\/yunanistansinemasigunleri.com\/wp-content\/uploads\/2025\/11\/001.jpg?fit=525%2C307&amp;ssl=1\" alt=\"001\" \/><\/figure><\/div>\t\t\t<\/div>\n\t\t\t\t\t\t\t\t\t\t\t\t<div class=\"elementor-swiper-button elementor-swiper-button-prev\" role=\"button\" tabindex=\"0\">\n\t\t\t\t\t\t<svg aria-hidden=\"true\" class=\"e-font-icon-svg e-eicon-chevron-left\" viewbox=\"0 0 1000 1000\" xmlns=\"http:\/\/www.w3.org\/2000\/svg\"><path d=\"M646 125C629 125 613 133 604 142L308 442C296 454 292 471 292 487 292 504 296 521 308 533L604 854C617 867 629 875 646 875 663 875 679 871 692 858 704 846 713 829 713 812 713 796 708 779 692 767L438 487 692 225C700 217 708 204 708 187 708 171 704 154 692 142 675 129 663 125 646 125Z\"><\/path><\/svg>\t\t\t\t\t<\/div>\n\t\t\t\t\t<div class=\"elementor-swiper-button elementor-swiper-button-next\" role=\"button\" tabindex=\"0\">\n\t\t\t\t\t\t<svg aria-hidden=\"true\" class=\"e-font-icon-svg e-eicon-chevron-right\" viewbox=\"0 0 1000 1000\" xmlns=\"http:\/\/www.w3.org\/2000\/svg\"><path d=\"M696 533C708 521 713 504 713 487 713 471 708 454 696 446L400 146C388 133 375 125 354 125 338 125 325 129 313 142 300 154 292 171 292 187 292 204 296 221 308 233L563 492 304 771C292 783 288 800 288 817 288 833 296 850 308 863 321 871 338 875 354 875 371 875 388 867 400 854L696 533Z\"><\/path><\/svg>\t\t\t\t\t<\/div>\n\t\t\t\t\n\t\t\t\t\t\t\t\t\t<div class=\"swiper-pagination\"><\/div>\n\t\t\t\t\t\t\t\t\t<\/div>\n\t\t\t\t\t\t<\/div>\n\t\t\t\t\t<\/div>\n\t\t\t\t<\/div>\n\t\t\t\t<\/div>","protected":false},"excerpt":{"rendered":"<p>OKYANUSTA B\u0130R DAMLA \u03a3\u03a4\u0391\u0393\u039f\u039d\u0391 \u03a3\u03a4\u039f\u039d \u03a9\u039a\u0395\u0391\u039d\u039f 90&#8242;5 CUMA 12:00 Yaratmak i\u00e7in \u00e7\u0131rp\u0131nan bir oyuncu ile g\u00fcvenle ayak basabilece\u011fi her yeri reddeden eski bir asker ka\u00e7a\u011f\u0131 aras\u0131nda ge\u00e7en k\u0131sac\u0131k bir a\u015fk hik\u00e2yesi. Andreas ve Anna, art\u0131k kaybolmu\u015f de\u011ferlere \u00f6zlem duymaktad\u0131rlar. A\u015fk oyununu oynarken \u00f6zlem duyduklar\u0131 \u015feylerin pe\u015findedirler. Yine de i\u00e7inde ya\u015fad\u0131klar\u0131 \u00e7a\u011f\u0131n kurbanlar\u0131d\u0131rlar ve tutkular\u0131 k\u0131sa &hellip; <\/p>\n<p class=\"link-more\"><a href=\"https:\/\/yunanistansinemasigunleri.com\/en\/a-drop-in-the-ocean\/\" class=\"more-link\">Continue reading<span class=\"screen-reader-text\"> &#8220;OKYANUSTA B\u0130R DAMLA&#8221;<\/span><\/a><\/p>","protected":false},"author":219729766,"featured_media":0,"parent":0,"menu_order":0,"comment_status":"closed","ping_status":"closed","template":"","meta":{"_crdt_document":"","advanced_seo_description":"","jetpack_seo_html_title":"","jetpack_seo_noindex":false,"footnotes":""},"class_list":["post-4097","page","type-page","status-publish","hentry"],"jetpack_likes_enabled":true,"jetpack_sharing_enabled":true,"jetpack_shortlink":"https:\/\/wp.me\/PdSim2-145","jetpack-related-posts":[],"amp_enabled":true,"_links":{"self":[{"href":"https:\/\/yunanistansinemasigunleri.com\/en\/wp-json\/wp\/v2\/pages\/4097","targetHints":{"allow":["GET"]}}],"collection":[{"href":"https:\/\/yunanistansinemasigunleri.com\/en\/wp-json\/wp\/v2\/pages"}],"about":[{"href":"https:\/\/yunanistansinemasigunleri.com\/en\/wp-json\/wp\/v2\/types\/page"}],"author":[{"embeddable":true,"href":"https:\/\/yunanistansinemasigunleri.com\/en\/wp-json\/wp\/v2\/users\/219729766"}],"replies":[{"embeddable":true,"href":"https:\/\/yunanistansinemasigunleri.com\/en\/wp-json\/wp\/v2\/comments?post=4097"}],"version-history":[{"count":20,"href":"https:\/\/yunanistansinemasigunleri.com\/en\/wp-json\/wp\/v2\/pages\/4097\/revisions"}],"predecessor-version":[{"id":4756,"href":"https:\/\/yunanistansinemasigunleri.com\/en\/wp-json\/wp\/v2\/pages\/4097\/revisions\/4756"}],"wp:attachment":[{"href":"https:\/\/yunanistansinemasigunleri.com\/en\/wp-json\/wp\/v2\/media?parent=4097"}],"curies":[{"name":"wp","href":"https:\/\/api.w.org\/{rel}","templated":true}]}}