{"id":3246,"date":"2024-11-20T20:12:36","date_gmt":"2024-11-20T18:12:36","guid":{"rendered":"https:\/\/yunanistansinemasigunleri.com\/?page_id=3246"},"modified":"2024-11-28T18:07:55","modified_gmt":"2024-11-28T16:07:55","slug":"elementor-page-3246","status":"publish","type":"page","link":"https:\/\/yunanistansinemasigunleri.com\/en\/elementor-page-3246\/","title":{"rendered":"A place in the sun"},"content":{"rendered":"<div data-elementor-type=\"wp-page\" data-elementor-id=\"3246\" class=\"elementor elementor-3246\">\n\t\t\t\t<div class=\"elementor-element elementor-element-5e1a0a2 e-flex e-con-boxed e-con e-parent\" data-id=\"5e1a0a2\" data-element_type=\"container\" data-e-type=\"container\">\n\t\t\t\t\t<div class=\"e-con-inner\">\n\t\t\t\t<div class=\"elementor-element elementor-element-399fb73 elementor-widget elementor-widget-heading\" data-id=\"399fb73\" data-element_type=\"widget\" data-e-type=\"widget\" data-widget_type=\"heading.default\">\n\t\t\t\t\t<h2 class=\"elementor-heading-title elementor-size-default\">A PLACE IN THE SUN<\/h2>\t\t\t\t<\/div>\n\t\t\t\t<div class=\"elementor-element elementor-element-cb8dcfc elementor-widget elementor-widget-text-editor\" data-id=\"cb8dcfc\" data-element_type=\"widget\" data-e-type=\"widget\" data-widget_type=\"text-editor.default\">\n\t\t\t\t\t\t\t\t\t<h5><b>\u039c\u0399\u0391 \u0398\u0395\u03a3\u0397 \u03a3\u03a4\u039f\u039d \u0397\u039b\u0399\u039f<br \/>A PLACE IN THE SUN<\/b><\/h5><p class=\"translation-block\">1995 \/ 45\u2019 \/ B&amp;W &amp; Color \/ screened on DCP in Greek \nwith English &amp; Turkish subs.<\/p><h4 style=\"text-align: right;\">4 <span style=\"font-size: 1rem;\">4 WEDNESDAY 18:00 \u2013 18:50<\/span><\/h4>\t\t\t\t\t\t\t\t<\/div>\n\t\t\t\t<div class=\"elementor-element elementor-element-4721ae6 elementor-align-right elementor-widget elementor-widget-button\" data-id=\"4721ae6\" data-element_type=\"widget\" data-e-type=\"widget\" data-widget_type=\"button.default\">\n\t\t\t\t\t\t\t\t\t\t<a class=\"elementor-button elementor-button-link elementor-size-sm\" href=\"https:\/\/docs.google.com\/forms\/d\/1F0L-CLiMhOquk3eXKdocy1ChAxJX7pIL5A2z19qXpQU\/edit\">\n\t\t\t\t\t\t<span class=\"elementor-button-content-wrapper\">\n\t\t\t\t\t\t\t\t\t<span class=\"elementor-button-text\">Screening Registration Form<\/span>\n\t\t\t\t\t<\/span>\n\t\t\t\t\t<\/a>\n\t\t\t\t\t\t\t\t<\/div>\n\t\t\t\t<div class=\"elementor-element elementor-element-5729af9 elementor-widget elementor-widget-image\" data-id=\"5729af9\" data-element_type=\"widget\" data-e-type=\"widget\" data-widget_type=\"image.default\">\n\t\t\t\t\t\t\t\t\t\t\t\t\t\t\t<img fetchpriority=\"high\" decoding=\"async\" data-attachment-id=\"3251\" data-permalink=\"https:\/\/yunanistansinemasigunleri.com\/en\/elementor-page-3246\/a-place-in-the-sun-09\/\" data-orig-file=\"https:\/\/i0.wp.com\/yunanistansinemasigunleri.com\/wp-content\/uploads\/2024\/11\/A-place-in-the-sun-09.png?fit=2048%2C1556&amp;ssl=1\" data-orig-size=\"2048,1556\" data-comments-opened=\"1\" data-image-meta=\"{&quot;aperture&quot;:&quot;0&quot;,&quot;credit&quot;:&quot;&quot;,&quot;camera&quot;:&quot;&quot;,&quot;caption&quot;:&quot;&quot;,&quot;created_timestamp&quot;:&quot;0&quot;,&quot;copyright&quot;:&quot;&quot;,&quot;focal_length&quot;:&quot;0&quot;,&quot;iso&quot;:&quot;0&quot;,&quot;shutter_speed&quot;:&quot;0&quot;,&quot;title&quot;:&quot;&quot;,&quot;orientation&quot;:&quot;0&quot;}\" data-image-title=\"A place in the sun 09\" data-image-description=\"\" data-image-caption=\"\" data-large-file=\"https:\/\/i0.wp.com\/yunanistansinemasigunleri.com\/wp-content\/uploads\/2024\/11\/A-place-in-the-sun-09.png?fit=525%2C399&amp;ssl=1\" width=\"740\" height=\"563\" src=\"https:\/\/i0.wp.com\/yunanistansinemasigunleri.com\/wp-content\/uploads\/2024\/11\/A-place-in-the-sun-09.png?fit=740%2C563&amp;ssl=1\" class=\"attachment-medium_large size-medium_large wp-image-3251\" alt=\"\" srcset=\"https:\/\/i0.wp.com\/yunanistansinemasigunleri.com\/wp-content\/uploads\/2024\/11\/A-place-in-the-sun-09.png?w=2048&amp;ssl=1 2048w, https:\/\/i0.wp.com\/yunanistansinemasigunleri.com\/wp-content\/uploads\/2024\/11\/A-place-in-the-sun-09.png?resize=300%2C228&amp;ssl=1 300w, https:\/\/i0.wp.com\/yunanistansinemasigunleri.com\/wp-content\/uploads\/2024\/11\/A-place-in-the-sun-09.png?resize=1024%2C778&amp;ssl=1 1024w, https:\/\/i0.wp.com\/yunanistansinemasigunleri.com\/wp-content\/uploads\/2024\/11\/A-place-in-the-sun-09.png?resize=768%2C584&amp;ssl=1 768w, https:\/\/i0.wp.com\/yunanistansinemasigunleri.com\/wp-content\/uploads\/2024\/11\/A-place-in-the-sun-09.png?resize=1536%2C1167&amp;ssl=1 1536w, https:\/\/i0.wp.com\/yunanistansinemasigunleri.com\/wp-content\/uploads\/2024\/11\/A-place-in-the-sun-09.png?resize=16%2C12&amp;ssl=1 16w, https:\/\/i0.wp.com\/yunanistansinemasigunleri.com\/wp-content\/uploads\/2024\/11\/A-place-in-the-sun-09.png?w=1480&amp;ssl=1 1480w\" sizes=\"100vw\" \/>\t\t\t\t\t\t\t\t\t\t\t\t\t\t\t<\/div>\n\t\t\t\t<div class=\"elementor-element elementor-element-a081303 elementor-widget elementor-widget-text-editor\" data-id=\"a081303\" data-element_type=\"widget\" data-e-type=\"widget\" data-widget_type=\"text-editor.default\">\n\t\t\t\t\t\t\t\t\t<p><span style=\"font-weight: 400;\">Gateway to the West and in the wake of the collapse of Eastern Bloc communism, another train arrives carrying economic refugees to Athens. Amongst the flood of desperate poor is Panayotis, an 18 year-old ambitious Albanian. A handsome and solitary 35 year-old Ilias is cruising the neon-lit streets of Athens and looking for someone to distract him from the emptiness of his life. Against the chaotic backdrop of the modern city, these two characters are separated by race and bound by love, murder, and their desperation to find their own place in the sun.<\/span><\/p>\t\t\t\t\t\t\t\t<\/div>\n\t\t\t\t<div class=\"elementor-element elementor-element-c72ac62 elementor-widget elementor-widget-text-editor\" data-id=\"c72ac62\" data-element_type=\"widget\" data-e-type=\"widget\" data-widget_type=\"text-editor.default\">\n\t\t\t\t\t\t\t\t\t<p><strong>Director: <\/strong> <span style=\"font-weight: 400;\">Constantine Giannaris<br \/><\/span><strong>Screenplay: <\/strong><span style=\"font-weight: 400;\">Constantine Giannaris<br \/><\/span><span style=\"font-weight: 400;\"><strong>Director of Photography:<\/strong> <\/span><span style=\"font-weight: 400;\">Vassilis Kapsouros<br \/><\/span><strong>Editing: <\/strong><span style=\"font-weight: 400;\">Jake Martin<br \/><\/span><strong>Producer:<\/strong> <span style=\"font-weight: 400;\">Constantine Giannaris, <\/span>Christopher Collins<br \/><strong>Co-production: <\/strong>Arts Council, Channel Four, C. Giannaris Films<br \/><strong>Cast: <\/strong><span style=\"font-weight: 400;\">Stavros Zalmas, <\/span><span style=\"font-weight: 400;\">Panagiotis Tsetsos, <\/span><span style=\"font-weight: 400;\">Ilias Marmaras, <\/span><span style=\"font-weight: 400;\">Valentino Hagi, <\/span><span style=\"font-weight: 400;\">Yanna Moutzourogiorgou, <\/span><span style=\"font-weight: 400;\">Dimitris Thanos<\/span><\/p>\t\t\t\t\t\t\t\t<\/div>\n\t\t\t\t<div class=\"elementor-element elementor-element-9c6196a elementor-arrows-position-inside elementor-pagination-position-outside elementor-widget elementor-widget-image-carousel\" data-id=\"9c6196a\" data-element_type=\"widget\" data-e-type=\"widget\" data-settings=\"{&quot;navigation&quot;:&quot;both&quot;,&quot;autoplay&quot;:&quot;yes&quot;,&quot;pause_on_hover&quot;:&quot;yes&quot;,&quot;pause_on_interaction&quot;:&quot;yes&quot;,&quot;autoplay_speed&quot;:5000,&quot;infinite&quot;:&quot;yes&quot;,&quot;speed&quot;:500}\" data-widget_type=\"image-carousel.default\">\n\t\t\t\t\t\t\t<div class=\"elementor-image-carousel-wrapper swiper\" role=\"region\" aria-roledescription=\"carousel\" aria-label=\"Image Carousel\" dir=\"ltr\">\n\t\t\t<div class=\"elementor-image-carousel swiper-wrapper\" aria-live=\"off\">\n\t\t\t\t\t\t\t\t<div class=\"swiper-slide\" role=\"group\" aria-roledescription=\"slide\" aria-label=\"1 of 5\" data-no-translation-aria-label=\"\"><figure class=\"swiper-slide-inner\"><img decoding=\"async\" class=\"swiper-slide-image\" src=\"https:\/\/i0.wp.com\/yunanistansinemasigunleri.com\/wp-content\/uploads\/2024\/11\/A-place-in-the-sun-12.png?fit=720%2C576&amp;ssl=1\" alt=\"A place in the sun 12\" \/><\/figure><\/div><div class=\"swiper-slide\" role=\"group\" aria-roledescription=\"slide\" aria-label=\"2 of 5\" data-no-translation-aria-label=\"\"><figure class=\"swiper-slide-inner\"><img decoding=\"async\" class=\"swiper-slide-image\" src=\"https:\/\/i0.wp.com\/yunanistansinemasigunleri.com\/wp-content\/uploads\/2024\/11\/A-place-in-the-sun-09.png?fit=740%2C563&amp;ssl=1\" alt=\"A place in the sun 09\" \/><\/figure><\/div><div class=\"swiper-slide\" role=\"group\" aria-roledescription=\"slide\" aria-label=\"3 of 5\" data-no-translation-aria-label=\"\"><figure class=\"swiper-slide-inner\"><img decoding=\"async\" class=\"swiper-slide-image\" src=\"https:\/\/i0.wp.com\/yunanistansinemasigunleri.com\/wp-content\/uploads\/2024\/11\/A-place-in-the-sun-08.png?fit=740%2C563&amp;ssl=1\" alt=\"A place in the sun 08\" \/><\/figure><\/div><div class=\"swiper-slide\" role=\"group\" aria-roledescription=\"slide\" aria-label=\"4 of 5\" data-no-translation-aria-label=\"\"><figure class=\"swiper-slide-inner\"><img decoding=\"async\" class=\"swiper-slide-image\" src=\"https:\/\/i0.wp.com\/yunanistansinemasigunleri.com\/wp-content\/uploads\/2024\/11\/A-place-in-the-sun-06.png?fit=740%2C563&amp;ssl=1\" alt=\"A place in the sun 06\" \/><\/figure><\/div><div class=\"swiper-slide\" role=\"group\" aria-roledescription=\"slide\" aria-label=\"5 of 5\" data-no-translation-aria-label=\"\"><figure class=\"swiper-slide-inner\"><img decoding=\"async\" class=\"swiper-slide-image\" src=\"https:\/\/i0.wp.com\/yunanistansinemasigunleri.com\/wp-content\/uploads\/2024\/11\/A-place-in-the-sun-04.png?fit=740%2C563&amp;ssl=1\" alt=\"A place in the sun 04\" \/><\/figure><\/div>\t\t\t<\/div>\n\t\t\t\t\t\t\t\t\t\t\t\t<div class=\"elementor-swiper-button elementor-swiper-button-prev\" role=\"button\" tabindex=\"0\">\n\t\t\t\t\t\t<svg aria-hidden=\"true\" class=\"e-font-icon-svg e-eicon-chevron-left\" viewbox=\"0 0 1000 1000\" xmlns=\"http:\/\/www.w3.org\/2000\/svg\"><path d=\"M646 125C629 125 613 133 604 142L308 442C296 454 292 471 292 487 292 504 296 521 308 533L604 854C617 867 629 875 646 875 663 875 679 871 692 858 704 846 713 829 713 812 713 796 708 779 692 767L438 487 692 225C700 217 708 204 708 187 708 171 704 154 692 142 675 129 663 125 646 125Z\"><\/path><\/svg>\t\t\t\t\t<\/div>\n\t\t\t\t\t<div class=\"elementor-swiper-button elementor-swiper-button-next\" role=\"button\" tabindex=\"0\">\n\t\t\t\t\t\t<svg aria-hidden=\"true\" class=\"e-font-icon-svg e-eicon-chevron-right\" viewbox=\"0 0 1000 1000\" xmlns=\"http:\/\/www.w3.org\/2000\/svg\"><path d=\"M696 533C708 521 713 504 713 487 713 471 708 454 696 446L400 146C388 133 375 125 354 125 338 125 325 129 313 142 300 154 292 171 292 187 292 204 296 221 308 233L563 492 304 771C292 783 288 800 288 817 288 833 296 850 308 863 321 871 338 875 354 875 371 875 388 867 400 854L696 533Z\"><\/path><\/svg>\t\t\t\t\t<\/div>\n\t\t\t\t\n\t\t\t\t\t\t\t\t\t<div class=\"swiper-pagination\"><\/div>\n\t\t\t\t\t\t\t\t\t<\/div>\n\t\t\t\t\t\t<\/div>\n\t\t\t\t\t<\/div>\n\t\t\t\t<\/div>\n\t\t\t\t<\/div>","protected":false},"excerpt":{"rendered":"<p>G\u00dcNE\u015eTE B\u0130R YER \u039c\u0399\u0391 \u0398\u0395\u03a3\u0397 \u03a3\u03a4\u039f\u039d \u0397\u039b\u0399\u039fA PLACE IN THE SUN 1995 \/ S&amp;B &amp; Renkli \/ 45\u2019 \/ Dijital formatta ve \u0130ngilizce &amp; T\u00fcrk\u00e7e altyaz\u0131yla g\u00f6sterim 4 C\u0327ARS\u0327AMBA 18:00 &#8211; 18:50 G\u00f6sterim Kay\u0131t Formu Do\u011fu Blo\u011fu kom\u00fcnizminin \u00e7\u00f6k\u00fc\u015f\u00fcn\u00fcn ard\u0131ndan Bat\u0131&#8217;ya a\u00e7\u0131lan bir kap\u0131 haline gelen Atina&#8217;ya ekonomik m\u00fcltecileri ta\u015f\u0131yan bir tren daha ula\u015f\u0131r. \u00c7aresiz &hellip; <\/p>\n<p class=\"link-more\"><a href=\"https:\/\/yunanistansinemasigunleri.com\/en\/elementor-page-3246\/\" class=\"more-link\">Continue reading<span class=\"screen-reader-text\"> &#8220;A place in the sun&#8221;<\/span><\/a><\/p>","protected":false},"author":219729766,"featured_media":0,"parent":0,"menu_order":0,"comment_status":"closed","ping_status":"closed","template":"","meta":{"_crdt_document":"","advanced_seo_description":"","jetpack_seo_html_title":"","jetpack_seo_noindex":false,"footnotes":""},"class_list":["post-3246","page","type-page","status-publish","hentry"],"jetpack_likes_enabled":true,"jetpack_sharing_enabled":true,"jetpack_shortlink":"https:\/\/wp.me\/PdSim2-Qm","jetpack-related-posts":[],"amp_enabled":true,"_links":{"self":[{"href":"https:\/\/yunanistansinemasigunleri.com\/en\/wp-json\/wp\/v2\/pages\/3246","targetHints":{"allow":["GET"]}}],"collection":[{"href":"https:\/\/yunanistansinemasigunleri.com\/en\/wp-json\/wp\/v2\/pages"}],"about":[{"href":"https:\/\/yunanistansinemasigunleri.com\/en\/wp-json\/wp\/v2\/types\/page"}],"author":[{"embeddable":true,"href":"https:\/\/yunanistansinemasigunleri.com\/en\/wp-json\/wp\/v2\/users\/219729766"}],"replies":[{"embeddable":true,"href":"https:\/\/yunanistansinemasigunleri.com\/en\/wp-json\/wp\/v2\/comments?post=3246"}],"version-history":[{"count":23,"href":"https:\/\/yunanistansinemasigunleri.com\/en\/wp-json\/wp\/v2\/pages\/3246\/revisions"}],"predecessor-version":[{"id":3698,"href":"https:\/\/yunanistansinemasigunleri.com\/en\/wp-json\/wp\/v2\/pages\/3246\/revisions\/3698"}],"wp:attachment":[{"href":"https:\/\/yunanistansinemasigunleri.com\/en\/wp-json\/wp\/v2\/media?parent=3246"}],"curies":[{"name":"wp","href":"https:\/\/api.w.org\/{rel}","templated":true}]}}