{"id":3198,"date":"2024-11-25T15:46:39","date_gmt":"2024-11-25T13:46:39","guid":{"rendered":"https:\/\/yunanistansinemasigunleri.com\/?page_id=3198"},"modified":"2024-11-28T18:31:31","modified_gmt":"2024-11-28T16:31:31","slug":"invincible-lovers","status":"publish","type":"page","link":"https:\/\/yunanistansinemasigunleri.com\/en\/invincible-lovers\/","title":{"rendered":"Invincible Lovers"},"content":{"rendered":"<div data-elementor-type=\"wp-page\" data-elementor-id=\"3198\" class=\"elementor elementor-3198\">\n\t\t\t\t<div class=\"elementor-element elementor-element-a5ebfd2 e-flex e-con-boxed e-con e-parent\" data-id=\"a5ebfd2\" data-element_type=\"container\" data-e-type=\"container\">\n\t\t\t\t\t<div class=\"e-con-inner\">\n\t\t\t\t<div class=\"elementor-element elementor-element-4196c67 elementor-widget elementor-widget-heading\" data-id=\"4196c67\" data-element_type=\"widget\" data-e-type=\"widget\" data-widget_type=\"heading.default\">\n\t\t\t\t\t<h2 class=\"elementor-heading-title elementor-size-default\">INVINCIBLE LOVERS<\/h2>\t\t\t\t<\/div>\n\t\t\t\t<div class=\"elementor-element elementor-element-8e2f8c1 elementor-widget elementor-widget-text-editor\" data-id=\"8e2f8c1\" data-element_type=\"widget\" data-e-type=\"widget\" data-widget_type=\"text-editor.default\">\n\t\t\t\t\t\t\t\t\t<h5><b>\u0391\u039a\u0391\u03a4\u0391\u039d\u0399\u039a\u0397\u03a4\u039f\u0399 \u0395\u03a1\u0391\u03a3\u03a4\u0395\u03a3<br \/><\/b><b>INVINCIBLE LOVERS<\/b><\/h5><p><span style=\"font-weight: 400;\">1988 \/ Color \/ 80\u2019 \/ screened on DCP in Greek \nwith English &amp; Turkish subs.<\/span><\/p><div class=\"page\" title=\"Page 28\"><div class=\"section\"><div class=\"layoutArea\"><div class=\"column\"><h4 style=\"text-align: right;\">5 THURSDAY 17:00 - 18:30<\/h4><\/div><\/div><\/div><\/div>\t\t\t\t\t\t\t\t<\/div>\n\t\t\t\t<div class=\"elementor-element elementor-element-b0e8c42 elementor-align-right elementor-widget elementor-widget-button\" data-id=\"b0e8c42\" data-element_type=\"widget\" data-e-type=\"widget\" data-widget_type=\"button.default\">\n\t\t\t\t\t\t\t\t\t\t<a class=\"elementor-button elementor-button-link elementor-size-sm\" href=\"https:\/\/docs.google.com\/forms\/d\/1F0L-CLiMhOquk3eXKdocy1ChAxJX7pIL5A2z19qXpQU\/edit\">\n\t\t\t\t\t\t<span class=\"elementor-button-content-wrapper\">\n\t\t\t\t\t\t\t\t\t<span class=\"elementor-button-text\">Screening Registration Form<\/span>\n\t\t\t\t\t<\/span>\n\t\t\t\t\t<\/a>\n\t\t\t\t\t\t\t\t<\/div>\n\t\t\t\t<div class=\"elementor-element elementor-element-0b0ec81 elementor-widget elementor-widget-image\" data-id=\"0b0ec81\" data-element_type=\"widget\" data-e-type=\"widget\" data-widget_type=\"image.default\">\n\t\t\t\t\t\t\t\t\t\t\t\t\t\t\t<img fetchpriority=\"high\" decoding=\"async\" data-attachment-id=\"3205\" data-permalink=\"https:\/\/yunanistansinemasigunleri.com\/en\/invincible-lovers\/akatanikitoi_erastes_007\/\" data-orig-file=\"https:\/\/i0.wp.com\/yunanistansinemasigunleri.com\/wp-content\/uploads\/2024\/11\/akatanikitoi_erastes_007.jpg?fit=1655%2C1522&amp;ssl=1\" data-orig-size=\"1655,1522\" data-comments-opened=\"1\" data-image-meta=\"{&quot;aperture&quot;:&quot;0&quot;,&quot;credit&quot;:&quot;&quot;,&quot;camera&quot;:&quot;&quot;,&quot;caption&quot;:&quot;&quot;,&quot;created_timestamp&quot;:&quot;0&quot;,&quot;copyright&quot;:&quot;&quot;,&quot;focal_length&quot;:&quot;0&quot;,&quot;iso&quot;:&quot;0&quot;,&quot;shutter_speed&quot;:&quot;0&quot;,&quot;title&quot;:&quot;&quot;,&quot;orientation&quot;:&quot;1&quot;}\" data-image-title=\"akatanikitoi_erastes_007\" data-image-description=\"\" data-image-caption=\"\" data-large-file=\"https:\/\/i0.wp.com\/yunanistansinemasigunleri.com\/wp-content\/uploads\/2024\/11\/akatanikitoi_erastes_007.jpg?fit=525%2C483&amp;ssl=1\" width=\"740\" height=\"680\" src=\"https:\/\/i0.wp.com\/yunanistansinemasigunleri.com\/wp-content\/uploads\/2024\/11\/akatanikitoi_erastes_007.jpg?fit=740%2C680&amp;ssl=1\" class=\"attachment-medium_large size-medium_large wp-image-3205\" alt=\"\" srcset=\"https:\/\/i0.wp.com\/yunanistansinemasigunleri.com\/wp-content\/uploads\/2024\/11\/akatanikitoi_erastes_007.jpg?w=1655&amp;ssl=1 1655w, https:\/\/i0.wp.com\/yunanistansinemasigunleri.com\/wp-content\/uploads\/2024\/11\/akatanikitoi_erastes_007.jpg?resize=300%2C276&amp;ssl=1 300w, https:\/\/i0.wp.com\/yunanistansinemasigunleri.com\/wp-content\/uploads\/2024\/11\/akatanikitoi_erastes_007.jpg?resize=1024%2C942&amp;ssl=1 1024w, https:\/\/i0.wp.com\/yunanistansinemasigunleri.com\/wp-content\/uploads\/2024\/11\/akatanikitoi_erastes_007.jpg?resize=768%2C706&amp;ssl=1 768w, https:\/\/i0.wp.com\/yunanistansinemasigunleri.com\/wp-content\/uploads\/2024\/11\/akatanikitoi_erastes_007.jpg?resize=1536%2C1413&amp;ssl=1 1536w, https:\/\/i0.wp.com\/yunanistansinemasigunleri.com\/wp-content\/uploads\/2024\/11\/akatanikitoi_erastes_007.jpg?resize=13%2C12&amp;ssl=1 13w, https:\/\/i0.wp.com\/yunanistansinemasigunleri.com\/wp-content\/uploads\/2024\/11\/akatanikitoi_erastes_007.jpg?w=1480&amp;ssl=1 1480w\" sizes=\"100vw\" \/>\t\t\t\t\t\t\t\t\t\t\t\t\t\t\t<\/div>\n\t\t\t\t<div class=\"elementor-element elementor-element-a859d87 elementor-widget elementor-widget-text-editor\" data-id=\"a859d87\" data-element_type=\"widget\" data-e-type=\"widget\" data-widget_type=\"text-editor.default\">\n\t\t\t\t\t\t\t\t\t<p style=\"text-align: left;\"><span style=\"font-weight: 400;\">To reunite with his grandmother, young Vassilis runs away from the orphanage, roams around the heart of Athens and then decides to take the train for Tripolis. He wanders about the mountainous regions of Arcadia and comes upon a young woman whose car has broken down. The two of them form an unexpected but equally beneficial alliance and continue their wanderings the whole summer, until the boy returns to his grandmother's house, a dilapidated ruin with no sign of life\u00a0<\/span><\/p>\t\t\t\t\t\t\t\t<\/div>\n\t\t\t\t<div class=\"elementor-element elementor-element-d1713c4 elementor-arrows-position-inside elementor-pagination-position-outside elementor-widget elementor-widget-image-carousel\" data-id=\"d1713c4\" data-element_type=\"widget\" data-e-type=\"widget\" data-settings=\"{&quot;navigation&quot;:&quot;both&quot;,&quot;autoplay&quot;:&quot;yes&quot;,&quot;pause_on_hover&quot;:&quot;yes&quot;,&quot;pause_on_interaction&quot;:&quot;yes&quot;,&quot;autoplay_speed&quot;:5000,&quot;infinite&quot;:&quot;yes&quot;,&quot;speed&quot;:500}\" data-widget_type=\"image-carousel.default\">\n\t\t\t\t\t\t\t<div class=\"elementor-image-carousel-wrapper swiper\" role=\"region\" aria-roledescription=\"carousel\" aria-label=\"Image Carousel\" dir=\"ltr\">\n\t\t\t<div class=\"elementor-image-carousel swiper-wrapper\" aria-live=\"off\">\n\t\t\t\t\t\t\t\t<div class=\"swiper-slide\" role=\"group\" aria-roledescription=\"slide\" aria-label=\"1 of 6\" data-no-translation-aria-label=\"\"><figure class=\"swiper-slide-inner\"><img decoding=\"async\" class=\"swiper-slide-image\" src=\"https:\/\/i0.wp.com\/yunanistansinemasigunleri.com\/wp-content\/uploads\/2024\/11\/akatanikitoi_erastes_006.jpg?fit=740%2C510&amp;ssl=1\" alt=\"akatanikitoi_erastes_006\" \/><\/figure><\/div><div class=\"swiper-slide\" role=\"group\" aria-roledescription=\"slide\" aria-label=\"2 of 6\" data-no-translation-aria-label=\"\"><figure class=\"swiper-slide-inner\"><img decoding=\"async\" class=\"swiper-slide-image\" src=\"https:\/\/i0.wp.com\/yunanistansinemasigunleri.com\/wp-content\/uploads\/2024\/11\/akatanikitoi_erastes_005a.jpg?fit=740%2C513&amp;ssl=1\" alt=\"akatanikitoi_erastes_005a\" \/><\/figure><\/div><div class=\"swiper-slide\" role=\"group\" aria-roledescription=\"slide\" aria-label=\"3 of 6\" data-no-translation-aria-label=\"\"><figure class=\"swiper-slide-inner\"><img decoding=\"async\" class=\"swiper-slide-image\" src=\"https:\/\/i0.wp.com\/yunanistansinemasigunleri.com\/wp-content\/uploads\/2024\/11\/akatanikitoi_erastes_004a.jpg?fit=740%2C499&amp;ssl=1\" alt=\"akatanikitoi_erastes_004a\" \/><\/figure><\/div><div class=\"swiper-slide\" role=\"group\" aria-roledescription=\"slide\" aria-label=\"4 of 6\" data-no-translation-aria-label=\"\"><figure class=\"swiper-slide-inner\"><img decoding=\"async\" class=\"swiper-slide-image\" src=\"https:\/\/i0.wp.com\/yunanistansinemasigunleri.com\/wp-content\/uploads\/2024\/11\/akatanikitoi_erastes_003.jpg?fit=740%2C491&amp;ssl=1\" alt=\"akatanikitoi_erastes_003\" \/><\/figure><\/div><div class=\"swiper-slide\" role=\"group\" aria-roledescription=\"slide\" aria-label=\"5 of 6\" data-no-translation-aria-label=\"\"><figure class=\"swiper-slide-inner\"><img decoding=\"async\" class=\"swiper-slide-image\" src=\"https:\/\/i0.wp.com\/yunanistansinemasigunleri.com\/wp-content\/uploads\/2024\/11\/akatanikitoi_erastes_002.jpg?fit=740%2C489&amp;ssl=1\" alt=\"akatanikitoi_erastes_002\" \/><\/figure><\/div><div class=\"swiper-slide\" role=\"group\" aria-roledescription=\"slide\" aria-label=\"6 of 6\" data-no-translation-aria-label=\"\"><figure class=\"swiper-slide-inner\"><img decoding=\"async\" class=\"swiper-slide-image\" src=\"https:\/\/i0.wp.com\/yunanistansinemasigunleri.com\/wp-content\/uploads\/2024\/11\/akatanikitoi_erastes_001a.jpg?fit=740%2C489&amp;ssl=1\" alt=\"akatanikitoi_erastes_001a\" \/><\/figure><\/div>\t\t\t<\/div>\n\t\t\t\t\t\t\t\t\t\t\t\t<div class=\"elementor-swiper-button elementor-swiper-button-prev\" role=\"button\" tabindex=\"0\">\n\t\t\t\t\t\t<svg aria-hidden=\"true\" class=\"e-font-icon-svg e-eicon-chevron-left\" viewbox=\"0 0 1000 1000\" xmlns=\"http:\/\/www.w3.org\/2000\/svg\"><path d=\"M646 125C629 125 613 133 604 142L308 442C296 454 292 471 292 487 292 504 296 521 308 533L604 854C617 867 629 875 646 875 663 875 679 871 692 858 704 846 713 829 713 812 713 796 708 779 692 767L438 487 692 225C700 217 708 204 708 187 708 171 704 154 692 142 675 129 663 125 646 125Z\"><\/path><\/svg>\t\t\t\t\t<\/div>\n\t\t\t\t\t<div class=\"elementor-swiper-button elementor-swiper-button-next\" role=\"button\" tabindex=\"0\">\n\t\t\t\t\t\t<svg aria-hidden=\"true\" class=\"e-font-icon-svg e-eicon-chevron-right\" viewbox=\"0 0 1000 1000\" xmlns=\"http:\/\/www.w3.org\/2000\/svg\"><path d=\"M696 533C708 521 713 504 713 487 713 471 708 454 696 446L400 146C388 133 375 125 354 125 338 125 325 129 313 142 300 154 292 171 292 187 292 204 296 221 308 233L563 492 304 771C292 783 288 800 288 817 288 833 296 850 308 863 321 871 338 875 354 875 371 875 388 867 400 854L696 533Z\"><\/path><\/svg>\t\t\t\t\t<\/div>\n\t\t\t\t\n\t\t\t\t\t\t\t\t\t<div class=\"swiper-pagination\"><\/div>\n\t\t\t\t\t\t\t\t\t<\/div>\n\t\t\t\t\t\t<\/div>\n\t\t\t\t<div class=\"elementor-element elementor-element-bcc6f5e elementor-widget elementor-widget-text-editor\" data-id=\"bcc6f5e\" data-element_type=\"widget\" data-e-type=\"widget\" data-widget_type=\"text-editor.default\">\n\t\t\t\t\t\t\t\t\t<p><strong>Director:<\/strong>\u00a0<span style=\"font-weight: 400;\">Stavros Tsiolis<br \/><\/span><strong>Screenplay:<\/strong> <span style=\"font-weight: 400;\">Stavros Tsiolis<br \/><\/span><strong>Director of Photography: <\/strong><span style=\"font-weight: 400;\">Vassilis Kapsouros<br \/><\/span><strong>Producer:<\/strong> <span style=\"font-weight: 400;\">Alekos Papageorgiou, <\/span><span style=\"font-weight: 400;\">Stavros Tsiolis<br \/><\/span><strong>Cast:<\/strong> <span style=\"font-weight: 400;\">Tassos Miliotis, <\/span><span style=\"font-weight: 400;\">Olia Lazaridou, <\/span><span style=\"font-weight: 400;\">Konstantinos Tzoumas<\/span><\/p>\t\t\t\t\t\t\t\t<\/div>\n\t\t\t\t\t<\/div>\n\t\t\t\t<\/div>\n\t\t\t\t<\/div>","protected":false},"excerpt":{"rendered":"<p>YEN\u0130LMEZ A\u015eIKLAR \u0391\u039a\u0391\u03a4\u0391\u039d\u0399\u039a\u0397\u03a4\u039f\u0399 \u0395\u03a1\u0391\u03a3\u03a4\u0395\u03a3INVINCIBLE LOVERS 1988 \/ Renkli \/ 80\u2019 \/ Dijital formatta ve \u0130ngilizce &amp; T\u00fcrk\u00e7e altyaz\u0131yla g\u00f6sterim 5 PERS\u0327EMBE 17:00 &#8211; 18:30 G\u00f6sterim Kay\u0131t Formu Gen\u00e7 Vasilis b\u00fcy\u00fckannesine tekrar kavu\u015fabilmek i\u00e7in yetimhaneden ka\u00e7ar, Atina&#8217;n\u0131n kalbinde avarelik eder ve sonra Tripolis&#8217;e giden trene binmeye karar verir. Arkadya&#8217;n\u0131n da\u011fl\u0131k b\u00f6lgelerinde ba\u015f\u0131bo\u015f gezerken arabas\u0131 bozulan gen\u00e7 &hellip; <\/p>\n<p class=\"link-more\"><a href=\"https:\/\/yunanistansinemasigunleri.com\/en\/invincible-lovers\/\" class=\"more-link\">Continue reading<span class=\"screen-reader-text\"> &#8220;Invincible Lovers&#8221;<\/span><\/a><\/p>","protected":false},"author":219729766,"featured_media":0,"parent":0,"menu_order":0,"comment_status":"closed","ping_status":"closed","template":"","meta":{"_crdt_document":"","advanced_seo_description":"","jetpack_seo_html_title":"","jetpack_seo_noindex":false,"footnotes":""},"class_list":["post-3198","page","type-page","status-publish","hentry"],"jetpack_likes_enabled":true,"jetpack_sharing_enabled":true,"jetpack_shortlink":"https:\/\/wp.me\/PdSim2-PA","jetpack-related-posts":[],"amp_enabled":true,"_links":{"self":[{"href":"https:\/\/yunanistansinemasigunleri.com\/en\/wp-json\/wp\/v2\/pages\/3198","targetHints":{"allow":["GET"]}}],"collection":[{"href":"https:\/\/yunanistansinemasigunleri.com\/en\/wp-json\/wp\/v2\/pages"}],"about":[{"href":"https:\/\/yunanistansinemasigunleri.com\/en\/wp-json\/wp\/v2\/types\/page"}],"author":[{"embeddable":true,"href":"https:\/\/yunanistansinemasigunleri.com\/en\/wp-json\/wp\/v2\/users\/219729766"}],"replies":[{"embeddable":true,"href":"https:\/\/yunanistansinemasigunleri.com\/en\/wp-json\/wp\/v2\/comments?post=3198"}],"version-history":[{"count":17,"href":"https:\/\/yunanistansinemasigunleri.com\/en\/wp-json\/wp\/v2\/pages\/3198\/revisions"}],"predecessor-version":[{"id":3737,"href":"https:\/\/yunanistansinemasigunleri.com\/en\/wp-json\/wp\/v2\/pages\/3198\/revisions\/3737"}],"wp:attachment":[{"href":"https:\/\/yunanistansinemasigunleri.com\/en\/wp-json\/wp\/v2\/media?parent=3198"}],"curies":[{"name":"wp","href":"https:\/\/api.w.org\/{rel}","templated":true}]}}