{"id":3188,"date":"2024-11-25T15:46:45","date_gmt":"2024-11-25T13:46:45","guid":{"rendered":"https:\/\/yunanistansinemasigunleri.com\/?page_id=3188"},"modified":"2024-11-28T18:18:50","modified_gmt":"2024-11-28T16:18:50","slug":"kronos-children","status":"publish","type":"page","link":"https:\/\/yunanistansinemasigunleri.com\/en\/kronos-children\/","title":{"rendered":"Kronos&#8217; Children"},"content":{"rendered":"<div data-elementor-type=\"wp-page\" data-elementor-id=\"3188\" class=\"elementor elementor-3188\">\n\t\t\t\t<div class=\"elementor-element elementor-element-d3701ad e-flex e-con-boxed e-con e-parent\" data-id=\"d3701ad\" data-element_type=\"container\" data-e-type=\"container\">\n\t\t\t\t\t<div class=\"e-con-inner\">\n\t\t\t\t<div class=\"elementor-element elementor-element-0503835 elementor-widget elementor-widget-heading\" data-id=\"0503835\" data-element_type=\"widget\" data-e-type=\"widget\" data-widget_type=\"heading.default\">\n\t\t\t\t\t<h2 class=\"elementor-heading-title elementor-size-default\">\nTHE CHRONOS CHILDREN<\/h2>\t\t\t\t<\/div>\n\t\t\t\t<div class=\"elementor-element elementor-element-e2793f6 elementor-widget elementor-widget-text-editor\" data-id=\"e2793f6\" data-element_type=\"widget\" data-e-type=\"widget\" data-widget_type=\"text-editor.default\">\n\t\t\t\t\t\t\t\t\t<h5><strong><span style=\"font-size: 0.8125rem; letter-spacing: 0.15em;\">\u03a4\u0391 \u03a0\u0391\u0399\u0394\u0399\u0391 \u03a4\u039f\u03a5 \u039a\u03a1\u039f\u039d\u039f\u03a5<br \/>The Cronos Children<\/span><\/strong><\/h5><p><span style=\"font-weight: 400;\">1985 \/ Color \/ 113\u2019 \/ screened on DCP in Greek \nwith English &amp; Turkish subs.<\/span><\/p><div class=\"page\" title=\"Page 28\"><div class=\"section\"><div class=\"layoutArea\"><div class=\"column\"><h4 style=\"text-align: right;\">4 WEDNESDAY 13:00 -15:00<\/h4><\/div><\/div><\/div><\/div>\t\t\t\t\t\t\t\t<\/div>\n\t\t\t\t<div class=\"elementor-element elementor-element-04c8346 elementor-align-right elementor-widget elementor-widget-button\" data-id=\"04c8346\" data-element_type=\"widget\" data-e-type=\"widget\" data-widget_type=\"button.default\">\n\t\t\t\t\t\t\t\t\t\t<a class=\"elementor-button elementor-button-link elementor-size-sm\" href=\"https:\/\/docs.google.com\/forms\/d\/1F0L-CLiMhOquk3eXKdocy1ChAxJX7pIL5A2z19qXpQU\/edit\">\n\t\t\t\t\t\t<span class=\"elementor-button-content-wrapper\">\n\t\t\t\t\t\t\t\t\t<span class=\"elementor-button-text\">Screening Registration Form<\/span>\n\t\t\t\t\t<\/span>\n\t\t\t\t\t<\/a>\n\t\t\t\t\t\t\t\t<\/div>\n\t\t\t\t<div class=\"elementor-element elementor-element-cd4192e elementor-widget elementor-widget-image\" data-id=\"cd4192e\" data-element_type=\"widget\" data-e-type=\"widget\" data-widget_type=\"image.default\">\n\t\t\t\t\t\t\t\t\t\t\t\t\t\t\t<img fetchpriority=\"high\" decoding=\"async\" data-attachment-id=\"3190\" data-permalink=\"https:\/\/yunanistansinemasigunleri.com\/en\/kronos-children\/kronos-children-04\/\" data-orig-file=\"https:\/\/i0.wp.com\/yunanistansinemasigunleri.com\/wp-content\/uploads\/2024\/11\/Kronos-children-04.jpg?fit=1000%2C674&amp;ssl=1\" data-orig-size=\"1000,674\" data-comments-opened=\"1\" data-image-meta=\"{&quot;aperture&quot;:&quot;0&quot;,&quot;credit&quot;:&quot;&quot;,&quot;camera&quot;:&quot;SP-2000&quot;,&quot;caption&quot;:&quot;&quot;,&quot;created_timestamp&quot;:&quot;1214579048&quot;,&quot;copyright&quot;:&quot;&quot;,&quot;focal_length&quot;:&quot;0&quot;,&quot;iso&quot;:&quot;0&quot;,&quot;shutter_speed&quot;:&quot;0&quot;,&quot;title&quot;:&quot;&quot;,&quot;orientation&quot;:&quot;1&quot;}\" data-image-title=\"Kronos children 04\" data-image-description=\"\" data-image-caption=\"\" data-large-file=\"https:\/\/i0.wp.com\/yunanistansinemasigunleri.com\/wp-content\/uploads\/2024\/11\/Kronos-children-04.jpg?fit=525%2C354&amp;ssl=1\" width=\"740\" height=\"499\" src=\"https:\/\/i0.wp.com\/yunanistansinemasigunleri.com\/wp-content\/uploads\/2024\/11\/Kronos-children-04.jpg?fit=740%2C499&amp;ssl=1\" class=\"attachment-medium_large size-medium_large wp-image-3190\" alt=\"\" srcset=\"https:\/\/i0.wp.com\/yunanistansinemasigunleri.com\/wp-content\/uploads\/2024\/11\/Kronos-children-04.jpg?w=1000&amp;ssl=1 1000w, https:\/\/i0.wp.com\/yunanistansinemasigunleri.com\/wp-content\/uploads\/2024\/11\/Kronos-children-04.jpg?resize=300%2C202&amp;ssl=1 300w, https:\/\/i0.wp.com\/yunanistansinemasigunleri.com\/wp-content\/uploads\/2024\/11\/Kronos-children-04.jpg?resize=768%2C518&amp;ssl=1 768w, https:\/\/i0.wp.com\/yunanistansinemasigunleri.com\/wp-content\/uploads\/2024\/11\/Kronos-children-04.jpg?resize=18%2C12&amp;ssl=1 18w\" sizes=\"100vw\" \/>\t\t\t\t\t\t\t\t\t\t\t\t\t\t\t<\/div>\n\t\t\t\t<div class=\"elementor-element elementor-element-f482225 elementor-widget elementor-widget-text-editor\" data-id=\"f482225\" data-element_type=\"widget\" data-e-type=\"widget\" data-widget_type=\"text-editor.default\">\n\t\t\t\t\t\t\t\t\t<p><span style=\"font-weight: 400;\">The film's central hero Aris lives in Athens with his agriculturist friend Thanos in an old house, which they have rented from Petros, Aris' teacher at the School of Journalism. The house comes alive mostly at night with  discussions, anxieties, problems and romantic involvements of their friends. Until one day Thanos meets Stella, an actress who is a few years older than him. Her arrival in the house changes everything. A woman of strong character, she quickly makes her influence felt and events now follow rapidly. Aris, terrified, takes refuge in the past: in his village, which is also about to be destroyed, like Athens, like our planet.<\/span><\/p>\t\t\t\t\t\t\t\t<\/div>\n\t\t\t\t<div class=\"elementor-element elementor-element-184ca47 elementor-arrows-position-inside elementor-pagination-position-outside elementor-widget elementor-widget-image-carousel\" data-id=\"184ca47\" data-element_type=\"widget\" data-e-type=\"widget\" data-settings=\"{&quot;navigation&quot;:&quot;both&quot;,&quot;autoplay&quot;:&quot;yes&quot;,&quot;pause_on_hover&quot;:&quot;yes&quot;,&quot;pause_on_interaction&quot;:&quot;yes&quot;,&quot;autoplay_speed&quot;:5000,&quot;infinite&quot;:&quot;yes&quot;,&quot;speed&quot;:500}\" data-widget_type=\"image-carousel.default\">\n\t\t\t\t\t\t\t<div class=\"elementor-image-carousel-wrapper swiper\" role=\"region\" aria-roledescription=\"carousel\" aria-label=\"Image Carousel\" dir=\"ltr\">\n\t\t\t<div class=\"elementor-image-carousel swiper-wrapper\" aria-live=\"off\">\n\t\t\t\t\t\t\t\t<div class=\"swiper-slide\" role=\"group\" aria-roledescription=\"slide\" aria-label=\"1 \/ 4\"><figure class=\"swiper-slide-inner\"><img decoding=\"async\" class=\"swiper-slide-image\" src=\"https:\/\/i0.wp.com\/yunanistansinemasigunleri.com\/wp-content\/uploads\/2024\/11\/Kronos-children-01.jpg?fit=740%2C499&amp;ssl=1\" alt=\"Kronos children 01\" \/><\/figure><\/div><div class=\"swiper-slide\" role=\"group\" aria-roledescription=\"slide\" aria-label=\"2 \/ 4\"><figure class=\"swiper-slide-inner\"><img decoding=\"async\" class=\"swiper-slide-image\" src=\"https:\/\/i0.wp.com\/yunanistansinemasigunleri.com\/wp-content\/uploads\/2024\/11\/Kronos-children-02.jpg?fit=740%2C499&amp;ssl=1\" alt=\"Kronos children 02\" \/><\/figure><\/div><div class=\"swiper-slide\" role=\"group\" aria-roledescription=\"slide\" aria-label=\"3 \/ 4\"><figure class=\"swiper-slide-inner\"><img decoding=\"async\" class=\"swiper-slide-image\" src=\"https:\/\/i0.wp.com\/yunanistansinemasigunleri.com\/wp-content\/uploads\/2024\/11\/Kronos-children-03.jpg?fit=740%2C499&amp;ssl=1\" alt=\"Kronos children 03\" \/><\/figure><\/div><div class=\"swiper-slide\" role=\"group\" aria-roledescription=\"slide\" aria-label=\"4 \/ 4\"><figure class=\"swiper-slide-inner\"><img decoding=\"async\" class=\"swiper-slide-image\" src=\"https:\/\/i0.wp.com\/yunanistansinemasigunleri.com\/wp-content\/uploads\/2024\/11\/Kronos-children-04.jpg?fit=740%2C499&amp;ssl=1\" alt=\"Kronos children 04\" \/><\/figure><\/div>\t\t\t<\/div>\n\t\t\t\t\t\t\t\t\t\t\t\t<div class=\"elementor-swiper-button elementor-swiper-button-prev\" role=\"button\" tabindex=\"0\">\n\t\t\t\t\t\t<svg aria-hidden=\"true\" class=\"e-font-icon-svg e-eicon-chevron-left\" viewbox=\"0 0 1000 1000\" xmlns=\"http:\/\/www.w3.org\/2000\/svg\"><path d=\"M646 125C629 125 613 133 604 142L308 442C296 454 292 471 292 487 292 504 296 521 308 533L604 854C617 867 629 875 646 875 663 875 679 871 692 858 704 846 713 829 713 812 713 796 708 779 692 767L438 487 692 225C700 217 708 204 708 187 708 171 704 154 692 142 675 129 663 125 646 125Z\"><\/path><\/svg>\t\t\t\t\t<\/div>\n\t\t\t\t\t<div class=\"elementor-swiper-button elementor-swiper-button-next\" role=\"button\" tabindex=\"0\">\n\t\t\t\t\t\t<svg aria-hidden=\"true\" class=\"e-font-icon-svg e-eicon-chevron-right\" viewbox=\"0 0 1000 1000\" xmlns=\"http:\/\/www.w3.org\/2000\/svg\"><path d=\"M696 533C708 521 713 504 713 487 713 471 708 454 696 446L400 146C388 133 375 125 354 125 338 125 325 129 313 142 300 154 292 171 292 187 292 204 296 221 308 233L563 492 304 771C292 783 288 800 288 817 288 833 296 850 308 863 321 871 338 875 354 875 371 875 388 867 400 854L696 533Z\"><\/path><\/svg>\t\t\t\t\t<\/div>\n\t\t\t\t\n\t\t\t\t\t\t\t\t\t<div class=\"swiper-pagination\"><\/div>\n\t\t\t\t\t\t\t\t\t<\/div>\n\t\t\t\t\t\t<\/div>\n\t\t\t\t<div class=\"elementor-element elementor-element-d9e90a5 elementor-widget elementor-widget-text-editor\" data-id=\"d9e90a5\" data-element_type=\"widget\" data-e-type=\"widget\" data-widget_type=\"text-editor.default\">\n\t\t\t\t\t\t\t\t\t<p><strong>Director: <\/strong><span style=\"font-weight: 400;\">George Korras<br \/><\/span><strong>Screenplay:<\/strong> <span style=\"font-weight: 400;\">George Korras<br \/><\/span><strong>Director of Photography: <\/strong><span style=\"font-weight: 400;\">Philippos Koutsaftis<br \/><\/span><strong>Editing: <\/strong><span style=\"font-weight: 400;\">Christos Voupouras<br \/><\/span><strong>Producer: <\/strong><span style=\"font-weight: 400;\">George Korras, <\/span>Christos Voupouras<br \/><strong>Cast: <\/strong><span style=\"font-weight: 400;\">Takis Moschos, <\/span><span style=\"font-weight: 400;\">Minas Hatzisavvas, <\/span><span style=\"font-weight: 400;\">Anna Makraki, <\/span><span style=\"font-weight: 400;\">Thanassis Mylonas, <\/span><span style=\"font-weight: 400;\">Toula Stathopoulou, <\/span><span style=\"font-weight: 400;\">Michael Marmarinos<\/span><\/p>\t\t\t\t\t\t\t\t<\/div>\n\t\t\t\t\t<\/div>\n\t\t\t\t<\/div>\n\t\t\t\t<\/div>","protected":false},"excerpt":{"rendered":"<p>KRONOS&#8217;UN \u00c7OCUKLARI \u03a4\u0391 \u03a0\u0391\u0399\u0394\u0399\u0391 \u03a4\u039f\u03a5 \u039a\u03a1\u039f\u039d\u039f\u03a5The Cronos Children 1985 \/ Renkli \/ 113\u2019 \/ Dijital formatta ve \u0130ngilizce &amp; T\u00fcrk\u00e7e altyaz\u0131yla g\u00f6sterim 4 C\u0327ARS\u0327AMBA 13:00 &#8211; 15:00 G\u00f6sterim Kay\u0131t Formu Filmin kahraman\u0131 Aris, Atina&#8217;da ziraat\u00e7\u0131 arkada\u015f\u0131 Thanos\u2019la birlikte, Aris&#8217;in Gazetecilik Okulu&#8217;ndaki hocas\u0131 Petros&#8217;tan kiralad\u0131klar\u0131 eski bir evde ya\u015famaktad\u0131r. Ev, genellikle gece saatlerinde, arkada\u015flar\u0131n\u0131n tart\u0131\u015fmalar\u0131, endi\u015feleri, &hellip; <\/p>\n<p class=\"link-more\"><a href=\"https:\/\/yunanistansinemasigunleri.com\/en\/kronos-children\/\" class=\"more-link\">Continue reading<span class=\"screen-reader-text\"> &#8220;Kronos&#8217; Children&#8221;<\/span><\/a><\/p>","protected":false},"author":219729766,"featured_media":0,"parent":0,"menu_order":0,"comment_status":"closed","ping_status":"closed","template":"","meta":{"_crdt_document":"","advanced_seo_description":"","jetpack_seo_html_title":"","jetpack_seo_noindex":false,"footnotes":""},"class_list":["post-3188","page","type-page","status-publish","hentry"],"jetpack_likes_enabled":true,"jetpack_sharing_enabled":true,"jetpack_shortlink":"https:\/\/wp.me\/PdSim2-Pq","jetpack-related-posts":[],"amp_enabled":true,"_links":{"self":[{"href":"https:\/\/yunanistansinemasigunleri.com\/en\/wp-json\/wp\/v2\/pages\/3188","targetHints":{"allow":["GET"]}}],"collection":[{"href":"https:\/\/yunanistansinemasigunleri.com\/en\/wp-json\/wp\/v2\/pages"}],"about":[{"href":"https:\/\/yunanistansinemasigunleri.com\/en\/wp-json\/wp\/v2\/types\/page"}],"author":[{"embeddable":true,"href":"https:\/\/yunanistansinemasigunleri.com\/en\/wp-json\/wp\/v2\/users\/219729766"}],"replies":[{"embeddable":true,"href":"https:\/\/yunanistansinemasigunleri.com\/en\/wp-json\/wp\/v2\/comments?post=3188"}],"version-history":[{"count":21,"href":"https:\/\/yunanistansinemasigunleri.com\/en\/wp-json\/wp\/v2\/pages\/3188\/revisions"}],"predecessor-version":[{"id":3716,"href":"https:\/\/yunanistansinemasigunleri.com\/en\/wp-json\/wp\/v2\/pages\/3188\/revisions\/3716"}],"wp:attachment":[{"href":"https:\/\/yunanistansinemasigunleri.com\/en\/wp-json\/wp\/v2\/media?parent=3188"}],"curies":[{"name":"wp","href":"https:\/\/api.w.org\/{rel}","templated":true}]}}