{"id":3179,"date":"2024-11-25T15:46:51","date_gmt":"2024-11-25T13:46:51","guid":{"rendered":"https:\/\/yunanistansinemasigunleri.com\/?page_id=3179"},"modified":"2024-11-28T18:20:31","modified_gmt":"2024-11-28T16:20:31","slug":"lefteris","status":"publish","type":"page","link":"https:\/\/yunanistansinemasigunleri.com\/en\/lefteris\/","title":{"rendered":"Lefteris"},"content":{"rendered":"<div data-elementor-type=\"wp-page\" data-elementor-id=\"3179\" class=\"elementor elementor-3179\">\n\t\t\t\t<div class=\"elementor-element elementor-element-13b9ba7 e-flex e-con-boxed e-con e-parent\" data-id=\"13b9ba7\" data-element_type=\"container\" data-e-type=\"container\">\n\t\t\t\t\t<div class=\"e-con-inner\">\n\t\t\t\t<div class=\"elementor-element elementor-element-2a50186 elementor-widget elementor-widget-heading\" data-id=\"2a50186\" data-element_type=\"widget\" data-e-type=\"widget\" data-widget_type=\"heading.default\">\n\t\t\t\t\t<h2 class=\"elementor-heading-title elementor-size-default\">LEFTERIS DIMAKOPOULOS<\/h2>\t\t\t\t<\/div>\n\t\t\t\t<div class=\"elementor-element elementor-element-dbde829 elementor-widget elementor-widget-text-editor\" data-id=\"dbde829\" data-element_type=\"widget\" data-e-type=\"widget\" data-widget_type=\"text-editor.default\">\n\t\t\t\t\t\t\t\t\t<h5><strong>\u039b\u0395\u03a5\u03a4\u0395\u03a1\u0397\u03a3 \u0394\u0397\u039c\u0391\u039a\u039f\u03a0\u039f\u03a5\u039b\u039f\u03a3<\/strong><br \/><strong>LEFTERIS DIMAKOPOULOS<\/strong><\/h5><p>1993 \/ Color \/ 75\u2019 \/ screened on DCP in Greek \nwith English &amp; Turkish subs.<\/p><div class=\"page\" title=\"Page 28\"><div class=\"section\"><div class=\"layoutArea\"><div class=\"column\"><h4 style=\"text-align: right;\">7 SATURDAY 19:00 - 21:00\u00a0<\/h4><\/div><\/div><\/div><\/div>\t\t\t\t\t\t\t\t<\/div>\n\t\t\t\t<div class=\"elementor-element elementor-element-4395582 elementor-align-right elementor-widget elementor-widget-button\" data-id=\"4395582\" data-element_type=\"widget\" data-e-type=\"widget\" data-widget_type=\"button.default\">\n\t\t\t\t\t\t\t\t\t\t<a class=\"elementor-button elementor-button-link elementor-size-sm\" href=\"https:\/\/docs.google.com\/forms\/d\/1F0L-CLiMhOquk3eXKdocy1ChAxJX7pIL5A2z19qXpQU\/edit\">\n\t\t\t\t\t\t<span class=\"elementor-button-content-wrapper\">\n\t\t\t\t\t\t\t\t\t<span class=\"elementor-button-text\">Screening Registration Form<\/span>\n\t\t\t\t\t<\/span>\n\t\t\t\t\t<\/a>\n\t\t\t\t\t\t\t\t<\/div>\n\t\t\t\t\t<\/div>\n\t\t\t\t<\/div>\n\t\t<div class=\"elementor-element elementor-element-eb30994 e-flex e-con-boxed e-con e-parent\" data-id=\"eb30994\" data-element_type=\"container\" data-e-type=\"container\">\n\t\t\t\t\t<div class=\"e-con-inner\">\n\t\t\t\t<div class=\"elementor-element elementor-element-6e5b077 elementor-widget elementor-widget-image\" data-id=\"6e5b077\" data-element_type=\"widget\" data-e-type=\"widget\" data-widget_type=\"image.default\">\n\t\t\t\t\t\t\t\t\t\t\t\t\t\t\t<img fetchpriority=\"high\" decoding=\"async\" data-attachment-id=\"3181\" data-permalink=\"https:\/\/yunanistansinemasigunleri.com\/en\/lefteris\/lefteris_dimakopoulos_001a\/\" data-orig-file=\"https:\/\/i0.wp.com\/yunanistansinemasigunleri.com\/wp-content\/uploads\/2024\/11\/lefteris_dimakopoulos_001a.jpg?fit=800%2C550&amp;ssl=1\" data-orig-size=\"800,550\" data-comments-opened=\"1\" data-image-meta=\"{&quot;aperture&quot;:&quot;0&quot;,&quot;credit&quot;:&quot;&quot;,&quot;camera&quot;:&quot;&quot;,&quot;caption&quot;:&quot;&quot;,&quot;created_timestamp&quot;:&quot;0&quot;,&quot;copyright&quot;:&quot;&quot;,&quot;focal_length&quot;:&quot;0&quot;,&quot;iso&quot;:&quot;0&quot;,&quot;shutter_speed&quot;:&quot;0&quot;,&quot;title&quot;:&quot;&quot;,&quot;orientation&quot;:&quot;0&quot;}\" data-image-title=\"lefteris_dimakopoulos_001a\" data-image-description=\"\" data-image-caption=\"\" data-large-file=\"https:\/\/i0.wp.com\/yunanistansinemasigunleri.com\/wp-content\/uploads\/2024\/11\/lefteris_dimakopoulos_001a.jpg?fit=525%2C361&amp;ssl=1\" width=\"740\" height=\"509\" src=\"https:\/\/i0.wp.com\/yunanistansinemasigunleri.com\/wp-content\/uploads\/2024\/11\/lefteris_dimakopoulos_001a.jpg?fit=740%2C509&amp;ssl=1\" class=\"attachment-medium_large size-medium_large wp-image-3181\" alt=\"\" srcset=\"https:\/\/i0.wp.com\/yunanistansinemasigunleri.com\/wp-content\/uploads\/2024\/11\/lefteris_dimakopoulos_001a.jpg?w=800&amp;ssl=1 800w, https:\/\/i0.wp.com\/yunanistansinemasigunleri.com\/wp-content\/uploads\/2024\/11\/lefteris_dimakopoulos_001a.jpg?resize=300%2C206&amp;ssl=1 300w, https:\/\/i0.wp.com\/yunanistansinemasigunleri.com\/wp-content\/uploads\/2024\/11\/lefteris_dimakopoulos_001a.jpg?resize=768%2C528&amp;ssl=1 768w, https:\/\/i0.wp.com\/yunanistansinemasigunleri.com\/wp-content\/uploads\/2024\/11\/lefteris_dimakopoulos_001a.jpg?resize=18%2C12&amp;ssl=1 18w\" sizes=\"100vw\" \/>\t\t\t\t\t\t\t\t\t\t\t\t\t\t\t<\/div>\n\t\t\t\t<div class=\"elementor-element elementor-element-fa8817c elementor-widget elementor-widget-text-editor\" data-id=\"fa8817c\" data-element_type=\"widget\" data-e-type=\"widget\" data-widget_type=\"text-editor.default\">\n\t\t\t\t\t\t\t\t\t<p><span style=\"font-weight: 400;\">In his first full-length feature film Pericles Hoursoglou follows his hero's race towards a dubious success with an austere, almost documentary style that allows him to remain aloof from the events. His hero is a modern Greek, a modern citizen of the western world trying to maintain his equilibrium. On New Year's Eve, Panayotis knocks on the front door of his friend Lefteris Dimakopoulos. They haven't seen each other for a long time. On the threshold of a new year, they reminisce about the past, the years that have gone by, the years when they were students, the years of youthful love and youthful hopes. Lefteris is the story of fifteen years in the life of a \"bright\" young man, during which he changes, loses his values and his youth.\u00a0<\/span><\/p><p><strong>Director:<\/strong> <span style=\"font-weight: 400;\">Pericles Hoursoglou<br \/><\/span><strong>Screenplay: <\/strong><span style=\"font-weight: 400;\">Pericles Hoursoglou<br \/><\/span><strong>Director of Photography: <\/strong><span style=\"font-weight: 400;\">Stamatis Giannoulis<br \/><\/span><strong>Editing: <\/strong><span style=\"font-weight: 400;\">Takis Yannopoulos<br \/><\/span><strong>Producer: <\/strong><span style=\"font-weight: 400;\">Pantelis Mitropoulos, <\/span><span style=\"font-weight: 400;\">Pericles Hoursoglou<br \/><\/span><strong>Co-production:<\/strong> Greek Film Center, CLARK FILM, STEFI FILM, ATTIKA<br \/><strong>Cast: <\/strong><span style=\"font-weight: 400;\">Nikos Georgakis, <\/span><span style=\"font-weight: 400;\">Maria Skoula, <\/span><span style=\"font-weight: 400;\">Nikos Orphanos, <\/span><span style=\"font-weight: 400;\">Manolis Mavromatakis<\/span><\/p>\t\t\t\t\t\t\t\t<\/div>\n\t\t\t\t<div class=\"elementor-element elementor-element-ee8a5d0 elementor-arrows-position-inside elementor-pagination-position-outside elementor-widget elementor-widget-image-carousel\" data-id=\"ee8a5d0\" data-element_type=\"widget\" data-e-type=\"widget\" data-settings=\"{&quot;navigation&quot;:&quot;both&quot;,&quot;autoplay&quot;:&quot;yes&quot;,&quot;pause_on_hover&quot;:&quot;yes&quot;,&quot;pause_on_interaction&quot;:&quot;yes&quot;,&quot;autoplay_speed&quot;:5000,&quot;infinite&quot;:&quot;yes&quot;,&quot;speed&quot;:500}\" data-widget_type=\"image-carousel.default\">\n\t\t\t\t\t\t\t<div class=\"elementor-image-carousel-wrapper swiper\" role=\"region\" aria-roledescription=\"carousel\" aria-label=\"Image Carousel\" dir=\"ltr\">\n\t\t\t<div class=\"elementor-image-carousel swiper-wrapper\" aria-live=\"off\">\n\t\t\t\t\t\t\t\t<div class=\"swiper-slide\" role=\"group\" aria-roledescription=\"slide\" aria-label=\"1 of 4\" data-no-translation-aria-label=\"\"><figure class=\"swiper-slide-inner\"><img decoding=\"async\" class=\"swiper-slide-image\" src=\"https:\/\/i0.wp.com\/yunanistansinemasigunleri.com\/wp-content\/uploads\/2024\/11\/lefteris_dimakopoulos_004a.jpg?fit=740%2C509&amp;ssl=1\" alt=\"lefteris_dimakopoulos_004a\" \/><\/figure><\/div><div class=\"swiper-slide\" role=\"group\" aria-roledescription=\"slide\" aria-label=\"2 of 4\" data-no-translation-aria-label=\"\"><figure class=\"swiper-slide-inner\"><img decoding=\"async\" class=\"swiper-slide-image\" src=\"https:\/\/i0.wp.com\/yunanistansinemasigunleri.com\/wp-content\/uploads\/2024\/11\/lefteris_dimakopoulos_003a.jpg?fit=740%2C509&amp;ssl=1\" alt=\"lefteris_dimakopoulos_003a\" \/><\/figure><\/div><div class=\"swiper-slide\" role=\"group\" aria-roledescription=\"slide\" aria-label=\"3 of 4\" data-no-translation-aria-label=\"\"><figure class=\"swiper-slide-inner\"><img decoding=\"async\" class=\"swiper-slide-image\" src=\"https:\/\/i0.wp.com\/yunanistansinemasigunleri.com\/wp-content\/uploads\/2024\/11\/lefteris_dimakopoulos_002a.jpg?fit=740%2C509&amp;ssl=1\" alt=\"lefteris_dimakopoulos_002a\" \/><\/figure><\/div><div class=\"swiper-slide\" role=\"group\" aria-roledescription=\"slide\" aria-label=\"4 of 4\" data-no-translation-aria-label=\"\"><figure class=\"swiper-slide-inner\"><img decoding=\"async\" class=\"swiper-slide-image\" src=\"https:\/\/i0.wp.com\/yunanistansinemasigunleri.com\/wp-content\/uploads\/2024\/11\/lefteris_dimakopoulos_001a.jpg?fit=740%2C509&amp;ssl=1\" alt=\"lefteris_dimakopoulos_001a\" \/><\/figure><\/div>\t\t\t<\/div>\n\t\t\t\t\t\t\t\t\t\t\t\t<div class=\"elementor-swiper-button elementor-swiper-button-prev\" role=\"button\" tabindex=\"0\">\n\t\t\t\t\t\t<svg aria-hidden=\"true\" class=\"e-font-icon-svg e-eicon-chevron-left\" viewbox=\"0 0 1000 1000\" xmlns=\"http:\/\/www.w3.org\/2000\/svg\"><path d=\"M646 125C629 125 613 133 604 142L308 442C296 454 292 471 292 487 292 504 296 521 308 533L604 854C617 867 629 875 646 875 663 875 679 871 692 858 704 846 713 829 713 812 713 796 708 779 692 767L438 487 692 225C700 217 708 204 708 187 708 171 704 154 692 142 675 129 663 125 646 125Z\"><\/path><\/svg>\t\t\t\t\t<\/div>\n\t\t\t\t\t<div class=\"elementor-swiper-button elementor-swiper-button-next\" role=\"button\" tabindex=\"0\">\n\t\t\t\t\t\t<svg aria-hidden=\"true\" class=\"e-font-icon-svg e-eicon-chevron-right\" viewbox=\"0 0 1000 1000\" xmlns=\"http:\/\/www.w3.org\/2000\/svg\"><path d=\"M696 533C708 521 713 504 713 487 713 471 708 454 696 446L400 146C388 133 375 125 354 125 338 125 325 129 313 142 300 154 292 171 292 187 292 204 296 221 308 233L563 492 304 771C292 783 288 800 288 817 288 833 296 850 308 863 321 871 338 875 354 875 371 875 388 867 400 854L696 533Z\"><\/path><\/svg>\t\t\t\t\t<\/div>\n\t\t\t\t\n\t\t\t\t\t\t\t\t\t<div class=\"swiper-pagination\"><\/div>\n\t\t\t\t\t\t\t\t\t<\/div>\n\t\t\t\t\t\t<\/div>\n\t\t\t\t\t<\/div>\n\t\t\t\t<\/div>\n\t\t\t\t<\/div>","protected":false},"excerpt":{"rendered":"<p>LEFTER\u0130S D\u0130MAKOPULOS \u039b\u0395\u03a5\u03a4\u0395\u03a1\u0397\u03a3 \u0394\u0397\u039c\u0391\u039a\u039f\u03a0\u039f\u03a5\u039b\u039f\u03a3LEFTERIS DIMAKOPOULOS 1993 \/ Renkli \/ 75\u2019 \/ Dijital formatta ve \u0130ngilizce &amp; T\u00fcrk\u00e7e altyaz\u0131yla g\u00f6sterim 7 CUMARTESI\u0307 19:00 &#8211; 21:00\u00a0 G\u00f6sterim Kay\u0131t Formu Pericles Hoursoglou ilk uzun metrajl\u0131 filminde, kahraman\u0131n\u0131n g\u00f6receli bir ba\u015far\u0131ya do\u011fru t\u0131rmand\u0131\u011f\u0131 basamaklar\u0131, olaylara belli bir mesafeden bakmas\u0131n\u0131 sa\u011flayan sade, neredeyse belgeselvari bir \u00fcslupla izliyor. Bu kahraman \u00e7a\u011fda\u015f &hellip; <\/p>\n<p class=\"link-more\"><a href=\"https:\/\/yunanistansinemasigunleri.com\/en\/lefteris\/\" class=\"more-link\">Continue reading<span class=\"screen-reader-text\"> &#8220;Lefteris&#8221;<\/span><\/a><\/p>","protected":false},"author":219729766,"featured_media":0,"parent":0,"menu_order":0,"comment_status":"closed","ping_status":"closed","template":"","meta":{"_crdt_document":"","advanced_seo_description":"","jetpack_seo_html_title":"","jetpack_seo_noindex":false,"footnotes":""},"class_list":["post-3179","page","type-page","status-publish","hentry"],"jetpack_likes_enabled":true,"jetpack_sharing_enabled":true,"jetpack_shortlink":"https:\/\/wp.me\/PdSim2-Ph","jetpack-related-posts":[],"amp_enabled":true,"_links":{"self":[{"href":"https:\/\/yunanistansinemasigunleri.com\/en\/wp-json\/wp\/v2\/pages\/3179","targetHints":{"allow":["GET"]}}],"collection":[{"href":"https:\/\/yunanistansinemasigunleri.com\/en\/wp-json\/wp\/v2\/pages"}],"about":[{"href":"https:\/\/yunanistansinemasigunleri.com\/en\/wp-json\/wp\/v2\/types\/page"}],"author":[{"embeddable":true,"href":"https:\/\/yunanistansinemasigunleri.com\/en\/wp-json\/wp\/v2\/users\/219729766"}],"replies":[{"embeddable":true,"href":"https:\/\/yunanistansinemasigunleri.com\/en\/wp-json\/wp\/v2\/comments?post=3179"}],"version-history":[{"count":26,"href":"https:\/\/yunanistansinemasigunleri.com\/en\/wp-json\/wp\/v2\/pages\/3179\/revisions"}],"predecessor-version":[{"id":3719,"href":"https:\/\/yunanistansinemasigunleri.com\/en\/wp-json\/wp\/v2\/pages\/3179\/revisions\/3719"}],"wp:attachment":[{"href":"https:\/\/yunanistansinemasigunleri.com\/en\/wp-json\/wp\/v2\/media?parent=3179"}],"curies":[{"name":"wp","href":"https:\/\/api.w.org\/{rel}","templated":true}]}}