{"id":3169,"date":"2024-11-25T15:46:57","date_gmt":"2024-11-25T13:46:57","guid":{"rendered":"https:\/\/yunanistansinemasigunleri.com\/?page_id=3169"},"modified":"2024-11-28T18:30:05","modified_gmt":"2024-11-28T16:30:05","slug":"life-on-sale","status":"publish","type":"page","link":"https:\/\/yunanistansinemasigunleri.com\/en\/life-on-sale\/","title":{"rendered":"Life on sale"},"content":{"rendered":"<div data-elementor-type=\"wp-page\" data-elementor-id=\"3169\" class=\"elementor elementor-3169\">\n\t\t\t\t<div class=\"elementor-element elementor-element-96cbb41 e-flex e-con-boxed e-con e-parent\" data-id=\"96cbb41\" data-element_type=\"container\" data-e-type=\"container\">\n\t\t\t\t\t<div class=\"e-con-inner\">\n\t\t\t\t<div class=\"elementor-element elementor-element-f8f737d elementor-widget elementor-widget-heading\" data-id=\"f8f737d\" data-element_type=\"widget\" data-e-type=\"widget\" data-widget_type=\"heading.default\">\n\t\t\t\t\t<h2 class=\"elementor-heading-title elementor-size-default\">LIFE ON SALE<\/h2>\t\t\t\t<\/div>\n\t\t\t\t<div class=\"elementor-element elementor-element-010518a elementor-widget elementor-widget-text-editor\" data-id=\"010518a\" data-element_type=\"widget\" data-e-type=\"widget\" data-widget_type=\"text-editor.default\">\n\t\t\t\t\t\t\t\t\t<h5><b>\u0397 \u0396\u03a9\u0397 \u0395\u039d\u0391\u039c\u0399\u03a3\u0397 \u03a7\u0399\u039b\u0399\u0391\u03a1\u0399\u039a\u039f<br \/><\/b><b>LIFE ON SALE<\/b><\/h5><p><span style=\"font-weight: 400;\">1995 \/ Renkli \/ 105\u2019 \/ Dijital formatta ve \u0130ngilizce &amp; T\u00fcrk\u00e7e altyaz\u0131yla g\u00f6sterim<\/span><\/p><div class=\"page\" title=\"Page 28\"><div class=\"section\"><div class=\"layoutArea\"><div class=\"column\"><h4 style=\"text-align: right;\">6 CUMA 19:00 &#8211; 21:00\u00a0<\/h4><\/div><\/div><\/div><\/div>\t\t\t\t\t\t\t\t<\/div>\n\t\t\t\t<div class=\"elementor-element elementor-element-689d99d elementor-align-right elementor-widget elementor-widget-button\" data-id=\"689d99d\" data-element_type=\"widget\" data-e-type=\"widget\" data-widget_type=\"button.default\">\n\t\t\t\t\t\t\t\t\t\t<a class=\"elementor-button elementor-button-link elementor-size-sm\" href=\"https:\/\/docs.google.com\/forms\/d\/1F0L-CLiMhOquk3eXKdocy1ChAxJX7pIL5A2z19qXpQU\/edit\">\n\t\t\t\t\t\t<span class=\"elementor-button-content-wrapper\">\n\t\t\t\t\t\t\t\t\t<span class=\"elementor-button-text\">Screening Registration Form<\/span>\n\t\t\t\t\t<\/span>\n\t\t\t\t\t<\/a>\n\t\t\t\t\t\t\t\t<\/div>\n\t\t\t\t\t<\/div>\n\t\t\t\t<\/div>\n\t\t<div class=\"elementor-element elementor-element-6721b8c e-flex e-con-boxed e-con e-parent\" data-id=\"6721b8c\" data-element_type=\"container\" data-e-type=\"container\">\n\t\t\t\t\t<div class=\"e-con-inner\">\n\t\t<div class=\"elementor-element elementor-element-3fc9a10 e-con-full e-flex e-con e-child\" data-id=\"3fc9a10\" data-element_type=\"container\" data-e-type=\"container\">\n\t\t\t\t<div class=\"elementor-element elementor-element-1eb1f26 elementor-widget elementor-widget-image\" data-id=\"1eb1f26\" data-element_type=\"widget\" data-e-type=\"widget\" data-widget_type=\"image.default\">\n\t\t\t\t\t\t\t\t\t\t\t\t\t\t\t<img fetchpriority=\"high\" decoding=\"async\" data-attachment-id=\"3175\" data-permalink=\"https:\/\/yunanistansinemasigunleri.com\/en\/life-on-sale\/life-on-sale-poster\/\" data-orig-file=\"https:\/\/i0.wp.com\/yunanistansinemasigunleri.com\/wp-content\/uploads\/2024\/11\/Life-on-sale-poster.jpg?fit=1000%2C1376&amp;ssl=1\" data-orig-size=\"1000,1376\" data-comments-opened=\"1\" data-image-meta=\"{&quot;aperture&quot;:&quot;0&quot;,&quot;credit&quot;:&quot;&quot;,&quot;camera&quot;:&quot;&quot;,&quot;caption&quot;:&quot;&quot;,&quot;created_timestamp&quot;:&quot;0&quot;,&quot;copyright&quot;:&quot;&quot;,&quot;focal_length&quot;:&quot;0&quot;,&quot;iso&quot;:&quot;0&quot;,&quot;shutter_speed&quot;:&quot;0&quot;,&quot;title&quot;:&quot;&quot;,&quot;orientation&quot;:&quot;1&quot;}\" data-image-title=\"Life on sale poster\" data-image-description=\"\" data-image-caption=\"\" data-large-file=\"https:\/\/i0.wp.com\/yunanistansinemasigunleri.com\/wp-content\/uploads\/2024\/11\/Life-on-sale-poster.jpg?fit=525%2C723&amp;ssl=1\" width=\"740\" height=\"1018\" src=\"https:\/\/i0.wp.com\/yunanistansinemasigunleri.com\/wp-content\/uploads\/2024\/11\/Life-on-sale-poster.jpg?fit=740%2C1018&amp;ssl=1\" class=\"attachment-large size-large wp-image-3175\" alt=\"\" srcset=\"https:\/\/i0.wp.com\/yunanistansinemasigunleri.com\/wp-content\/uploads\/2024\/11\/Life-on-sale-poster.jpg?w=1000&amp;ssl=1 1000w, https:\/\/i0.wp.com\/yunanistansinemasigunleri.com\/wp-content\/uploads\/2024\/11\/Life-on-sale-poster.jpg?resize=218%2C300&amp;ssl=1 218w, https:\/\/i0.wp.com\/yunanistansinemasigunleri.com\/wp-content\/uploads\/2024\/11\/Life-on-sale-poster.jpg?resize=744%2C1024&amp;ssl=1 744w, https:\/\/i0.wp.com\/yunanistansinemasigunleri.com\/wp-content\/uploads\/2024\/11\/Life-on-sale-poster.jpg?resize=768%2C1057&amp;ssl=1 768w, https:\/\/i0.wp.com\/yunanistansinemasigunleri.com\/wp-content\/uploads\/2024\/11\/Life-on-sale-poster.jpg?resize=9%2C12&amp;ssl=1 9w\" sizes=\"100vw\" \/>\t\t\t\t\t\t\t\t\t\t\t\t\t\t\t<\/div>\n\t\t\t\t<\/div>\n\t\t\t\t\t<\/div>\n\t\t\t\t<\/div>\n\t\t<div class=\"elementor-element elementor-element-35d38e2 e-flex e-con-boxed e-con e-parent\" data-id=\"35d38e2\" data-element_type=\"container\" data-e-type=\"container\">\n\t\t\t\t\t<div class=\"e-con-inner\">\n\t\t\t\t<div class=\"elementor-element elementor-element-c4ebaa5 elementor-widget elementor-widget-text-editor\" data-id=\"c4ebaa5\" data-element_type=\"widget\" data-e-type=\"widget\" data-widget_type=\"text-editor.default\">\n\t\t\t\t\t\t\t\t\t<p><span style=\"font-weight: 400;\">Andreas Savvidis is a writer who uses the people around him as material for his books. Beyond his actual experiences, he also makes up imaginary people and events to further the plot of his novel in progress, for which he is ready to sacrifice both his personal life and happiness. A number of individuals will play an important role in his life and the novel: an attractive nurse bitter about men, a mailman who pokes his nose everywhere, his younger gay brother, an older friend, and his sick mother. As director Fotini Siskopoulou\u2019s first feature, the film demonstrates her sound knowledge of film language and creates a closed, stifling, and erotic atmosphere, in which her writer-hero navigates.<\/span><\/p>\t\t\t\t\t\t\t\t<\/div>\n\t\t\t\t<div class=\"elementor-element elementor-element-c6b66d5 elementor-widget elementor-widget-text-editor\" data-id=\"c6b66d5\" data-element_type=\"widget\" data-e-type=\"widget\" data-widget_type=\"text-editor.default\">\n\t\t\t\t\t\t\t\t\t<p><strong>Director: <\/strong><span style=\"font-weight: 400;\">Fotini Siskopoulou<br \/><\/span><strong>Screenplay: <\/strong><span style=\"font-weight: 400;\">Fotini Siskopoulou, <\/span><span style=\"font-weight: 400;\">Prodromos Savvidis <\/span><span style=\"font-weight: 400;\">(a free adaptation of <\/span><span style=\"font-weight: 400;\">\u201cThe Looter,\u201d a short story by Sotiris Dimitriou<br \/><\/span><strong>Director of Photography: <\/strong><span style=\"font-weight: 400;\">Lefteris Pavlopoulos<br \/><\/span><strong>Editing: <\/strong><span style=\"font-weight: 400;\">Nikos Kanakis<br \/><\/span><strong>Producer: <\/strong>Panos Papahatzis &#8211; Hyperion S.A.<br \/><strong>Cast: <\/strong><span style=\"font-weight: 400;\">Minas Hatzisavvas, <\/span><span style=\"font-weight: 400;\">Dimitra Hatoupi, <\/span><span style=\"font-weight: 400;\">Akis Sakellariou, <\/span><span style=\"font-weight: 400;\">Katerina Helmi, <\/span><span style=\"font-weight: 400;\">Giorgos Konstas, <\/span><span style=\"font-weight: 400;\">Kerasia Samara, <\/span><span style=\"font-weight: 400;\">Christina Alexanian, <\/span><span style=\"font-weight: 400;\">Roberto Santi, <\/span><span style=\"font-weight: 400;\">Panos Sakellaropoulos<\/span><\/p>\t\t\t\t\t\t\t\t<\/div>\n\t\t\t\t<div class=\"elementor-element elementor-element-97f41bc elementor-arrows-position-inside elementor-pagination-position-outside elementor-widget elementor-widget-image-carousel\" data-id=\"97f41bc\" data-element_type=\"widget\" data-e-type=\"widget\" data-settings=\"{&quot;navigation&quot;:&quot;both&quot;,&quot;autoplay&quot;:&quot;yes&quot;,&quot;pause_on_hover&quot;:&quot;yes&quot;,&quot;pause_on_interaction&quot;:&quot;yes&quot;,&quot;autoplay_speed&quot;:5000,&quot;infinite&quot;:&quot;yes&quot;,&quot;speed&quot;:500}\" data-widget_type=\"image-carousel.default\">\n\t\t\t\t\t\t\t<div class=\"elementor-image-carousel-wrapper swiper\" role=\"region\" aria-roledescription=\"carousel\" aria-label=\"Image Carousel\" dir=\"ltr\">\n\t\t\t<div class=\"elementor-image-carousel swiper-wrapper\" aria-live=\"off\">\n\t\t\t\t\t\t\t\t<div class=\"swiper-slide\" role=\"group\" aria-roledescription=\"slide\" aria-label=\"1 of 4\" data-no-translation-aria-label=\"\"><figure class=\"swiper-slide-inner\"><img decoding=\"async\" class=\"swiper-slide-image\" src=\"https:\/\/i0.wp.com\/yunanistansinemasigunleri.com\/wp-content\/uploads\/2024\/11\/Life-on-sale-04.jpg?fit=740%2C499&amp;ssl=1\" alt=\"Life on sale 04\" \/><\/figure><\/div><div class=\"swiper-slide\" role=\"group\" aria-roledescription=\"slide\" aria-label=\"2 of 4\" data-no-translation-aria-label=\"\"><figure class=\"swiper-slide-inner\"><img decoding=\"async\" class=\"swiper-slide-image\" src=\"https:\/\/i0.wp.com\/yunanistansinemasigunleri.com\/wp-content\/uploads\/2024\/11\/Life-on-sale-03.jpg?fit=740%2C499&amp;ssl=1\" alt=\"Life on sale 03\" \/><\/figure><\/div><div class=\"swiper-slide\" role=\"group\" aria-roledescription=\"slide\" aria-label=\"3 of 4\" data-no-translation-aria-label=\"\"><figure class=\"swiper-slide-inner\"><img decoding=\"async\" class=\"swiper-slide-image\" src=\"https:\/\/i0.wp.com\/yunanistansinemasigunleri.com\/wp-content\/uploads\/2024\/11\/Life-on-sale-02.jpg?fit=740%2C499&amp;ssl=1\" alt=\"Life on sale 02\" \/><\/figure><\/div><div class=\"swiper-slide\" role=\"group\" aria-roledescription=\"slide\" aria-label=\"4 of 4\" data-no-translation-aria-label=\"\"><figure class=\"swiper-slide-inner\"><img decoding=\"async\" class=\"swiper-slide-image\" src=\"https:\/\/i0.wp.com\/yunanistansinemasigunleri.com\/wp-content\/uploads\/2024\/11\/Life-on-sale-01.jpg?fit=740%2C499&amp;ssl=1\" alt=\"Life on sale 01\" \/><\/figure><\/div>\t\t\t<\/div>\n\t\t\t\t\t\t\t\t\t\t\t\t<div class=\"elementor-swiper-button elementor-swiper-button-prev\" role=\"button\" tabindex=\"0\">\n\t\t\t\t\t\t<svg aria-hidden=\"true\" class=\"e-font-icon-svg e-eicon-chevron-left\" viewbox=\"0 0 1000 1000\" xmlns=\"http:\/\/www.w3.org\/2000\/svg\"><path d=\"M646 125C629 125 613 133 604 142L308 442C296 454 292 471 292 487 292 504 296 521 308 533L604 854C617 867 629 875 646 875 663 875 679 871 692 858 704 846 713 829 713 812 713 796 708 779 692 767L438 487 692 225C700 217 708 204 708 187 708 171 704 154 692 142 675 129 663 125 646 125Z\"><\/path><\/svg>\t\t\t\t\t<\/div>\n\t\t\t\t\t<div class=\"elementor-swiper-button elementor-swiper-button-next\" role=\"button\" tabindex=\"0\">\n\t\t\t\t\t\t<svg aria-hidden=\"true\" class=\"e-font-icon-svg e-eicon-chevron-right\" viewbox=\"0 0 1000 1000\" xmlns=\"http:\/\/www.w3.org\/2000\/svg\"><path d=\"M696 533C708 521 713 504 713 487 713 471 708 454 696 446L400 146C388 133 375 125 354 125 338 125 325 129 313 142 300 154 292 171 292 187 292 204 296 221 308 233L563 492 304 771C292 783 288 800 288 817 288 833 296 850 308 863 321 871 338 875 354 875 371 875 388 867 400 854L696 533Z\"><\/path><\/svg>\t\t\t\t\t<\/div>\n\t\t\t\t\n\t\t\t\t\t\t\t\t\t<div class=\"swiper-pagination\"><\/div>\n\t\t\t\t\t\t\t\t\t<\/div>\n\t\t\t\t\t\t<\/div>\n\t\t\t\t\t<\/div>\n\t\t\t\t<\/div>\n\t\t<div class=\"elementor-element elementor-element-1677428 e-flex e-con-boxed e-con e-parent\" data-id=\"1677428\" data-element_type=\"container\" data-e-type=\"container\">\n\t\t\t\t\t<div class=\"e-con-inner\">\n\t\t\t\t\t<\/div>\n\t\t\t\t<\/div>\n\t\t\t\t<\/div>","protected":false},"excerpt":{"rendered":"<p>SATILIK HAYAT \u0397 \u0396\u03a9\u0397 \u0395\u039d\u0391\u039c\u0399\u03a3\u0397 \u03a7\u0399\u039b\u0399\u0391\u03a1\u0399\u039a\u039fLIFE ON SALE 1995 \/ Renkli \/ 105\u2019 \/ Dijital formatta ve \u0130ngilizce &amp; T\u00fcrk\u00e7e altyaz\u0131yla g\u00f6sterim 6 CUMA 19:00 &#8211; 21:00\u00a0 G\u00f6sterim Kay\u0131t Formu Andreas Savvidis, \u00e7evresindeki insanlar\u0131 kitaplar\u0131 i\u00e7in malzeme olarak kullanan bir yazard\u0131r. U\u011fruna hem ki\u015fisel hayat\u0131n\u0131 hem de mutlulu\u011funu feda etmeye haz\u0131r oldu\u011fu roman\u0131n\u0131 kendi ger\u00e7ek &hellip; <\/p>\n<p class=\"link-more\"><a href=\"https:\/\/yunanistansinemasigunleri.com\/en\/life-on-sale\/\" class=\"more-link\">Continue reading<span class=\"screen-reader-text\"> &#8220;Life on sale&#8221;<\/span><\/a><\/p>","protected":false},"author":219729766,"featured_media":0,"parent":0,"menu_order":0,"comment_status":"closed","ping_status":"closed","template":"","meta":{"_crdt_document":"","advanced_seo_description":"","jetpack_seo_html_title":"","jetpack_seo_noindex":false,"footnotes":""},"class_list":["post-3169","page","type-page","status-publish","hentry"],"jetpack_likes_enabled":true,"jetpack_sharing_enabled":true,"jetpack_shortlink":"https:\/\/wp.me\/PdSim2-P7","jetpack-related-posts":[],"amp_enabled":true,"_links":{"self":[{"href":"https:\/\/yunanistansinemasigunleri.com\/en\/wp-json\/wp\/v2\/pages\/3169","targetHints":{"allow":["GET"]}}],"collection":[{"href":"https:\/\/yunanistansinemasigunleri.com\/en\/wp-json\/wp\/v2\/pages"}],"about":[{"href":"https:\/\/yunanistansinemasigunleri.com\/en\/wp-json\/wp\/v2\/types\/page"}],"author":[{"embeddable":true,"href":"https:\/\/yunanistansinemasigunleri.com\/en\/wp-json\/wp\/v2\/users\/219729766"}],"replies":[{"embeddable":true,"href":"https:\/\/yunanistansinemasigunleri.com\/en\/wp-json\/wp\/v2\/comments?post=3169"}],"version-history":[{"count":23,"href":"https:\/\/yunanistansinemasigunleri.com\/en\/wp-json\/wp\/v2\/pages\/3169\/revisions"}],"predecessor-version":[{"id":3734,"href":"https:\/\/yunanistansinemasigunleri.com\/en\/wp-json\/wp\/v2\/pages\/3169\/revisions\/3734"}],"wp:attachment":[{"href":"https:\/\/yunanistansinemasigunleri.com\/en\/wp-json\/wp\/v2\/media?parent=3169"}],"curies":[{"name":"wp","href":"https:\/\/api.w.org\/{rel}","templated":true}]}}