{"id":3135,"date":"2024-11-25T15:47:34","date_gmt":"2024-11-25T13:47:34","guid":{"rendered":"https:\/\/yunanistansinemasigunleri.com\/?page_id=3135"},"modified":"2024-11-28T18:13:21","modified_gmt":"2024-11-28T16:13:21","slug":"take-care","status":"publish","type":"page","link":"https:\/\/yunanistansinemasigunleri.com\/en\/take-care\/","title":{"rendered":"Take Care"},"content":{"rendered":"<div data-elementor-type=\"wp-page\" data-elementor-id=\"3135\" class=\"elementor elementor-3135\">\n\t\t\t\t<div class=\"elementor-element elementor-element-552bef7 e-flex e-con-boxed e-con e-parent\" data-id=\"552bef7\" data-element_type=\"container\" data-e-type=\"container\">\n\t\t\t\t\t<div class=\"e-con-inner\">\n\t\t\t\t<div class=\"elementor-element elementor-element-3f48b1d elementor-widget elementor-widget-heading\" data-id=\"3f48b1d\" data-element_type=\"widget\" data-e-type=\"widget\" data-widget_type=\"heading.default\">\n\t\t\t\t\t<h2 class=\"elementor-heading-title elementor-size-default\">TAKE CARE<\/h2>\t\t\t\t<\/div>\n\t\t\t\t<div class=\"elementor-element elementor-element-579f775 elementor-widget elementor-widget-text-editor\" data-id=\"579f775\" data-element_type=\"widget\" data-e-type=\"widget\" data-widget_type=\"text-editor.default\">\n\t\t\t\t\t\t\t\t\t<h5><b>\u0391\u039d\u03a4\u0395 \u0393\u0395\u0399\u0391<br \/><\/b><b>TAKE CARE<\/b><\/h5><div class=\"page\" title=\"Page 28\"><div class=\"section\"><div class=\"layoutArea\"><div class=\"column\"><p>CLOSING FILM <span style=\"font-size: 1rem;\">1991 \/ Color \/ 93\u2019 \/ screened on DCP in Greek and German\nwith English &amp; Turkish subs.<\/span><\/p><\/div><\/div><\/div><\/div><h4 class=\"elementor-heading-title elementor-size-default\" style=\"text-align: right;\">8 SUNDAY 18:00<br style=\"font-weight: 400;\" \/><br \/><\/h4>\t\t\t\t\t\t\t\t<\/div>\n\t\t\t\t<div class=\"elementor-element elementor-element-af328fa elementor-align-right elementor-widget elementor-widget-button\" data-id=\"af328fa\" data-element_type=\"widget\" data-e-type=\"widget\" data-widget_type=\"button.default\">\n\t\t\t\t\t\t\t\t\t\t<a class=\"elementor-button elementor-button-link elementor-size-sm\" href=\"https:\/\/docs.google.com\/forms\/d\/1F0L-CLiMhOquk3eXKdocy1ChAxJX7pIL5A2z19qXpQU\/edit\">\n\t\t\t\t\t\t<span class=\"elementor-button-content-wrapper\">\n\t\t\t\t\t\t\t\t\t<span class=\"elementor-button-text\">Screening Registration Form<\/span>\n\t\t\t\t\t<\/span>\n\t\t\t\t\t<\/a>\n\t\t\t\t\t\t\t\t<\/div>\n\t\t\t\t<div class=\"elementor-element elementor-element-763e20a elementor-widget elementor-widget-image\" data-id=\"763e20a\" data-element_type=\"widget\" data-e-type=\"widget\" data-widget_type=\"image.default\">\n\t\t\t\t\t\t\t\t\t\t\t\t\t\t\t<img fetchpriority=\"high\" decoding=\"async\" data-attachment-id=\"3137\" data-permalink=\"https:\/\/yunanistansinemasigunleri.com\/en\/take-care\/take-care-10\/\" data-orig-file=\"https:\/\/i0.wp.com\/yunanistansinemasigunleri.com\/wp-content\/uploads\/2024\/11\/Take-care-10.jpg?fit=1172%2C742&amp;ssl=1\" data-orig-size=\"1172,742\" data-comments-opened=\"1\" data-image-meta=\"{&quot;aperture&quot;:&quot;0&quot;,&quot;credit&quot;:&quot;&quot;,&quot;camera&quot;:&quot;&quot;,&quot;caption&quot;:&quot;&quot;,&quot;created_timestamp&quot;:&quot;0&quot;,&quot;copyright&quot;:&quot;&quot;,&quot;focal_length&quot;:&quot;0&quot;,&quot;iso&quot;:&quot;0&quot;,&quot;shutter_speed&quot;:&quot;0&quot;,&quot;title&quot;:&quot;&quot;,&quot;orientation&quot;:&quot;0&quot;}\" data-image-title=\"Take care 10\" data-image-description=\"\" data-image-caption=\"\" data-large-file=\"https:\/\/i0.wp.com\/yunanistansinemasigunleri.com\/wp-content\/uploads\/2024\/11\/Take-care-10.jpg?fit=525%2C332&amp;ssl=1\" width=\"740\" height=\"468\" src=\"https:\/\/i0.wp.com\/yunanistansinemasigunleri.com\/wp-content\/uploads\/2024\/11\/Take-care-10.jpg?fit=740%2C468&amp;ssl=1\" class=\"attachment-medium_large size-medium_large wp-image-3137\" alt=\"\" srcset=\"https:\/\/i0.wp.com\/yunanistansinemasigunleri.com\/wp-content\/uploads\/2024\/11\/Take-care-10.jpg?w=1172&amp;ssl=1 1172w, https:\/\/i0.wp.com\/yunanistansinemasigunleri.com\/wp-content\/uploads\/2024\/11\/Take-care-10.jpg?resize=300%2C190&amp;ssl=1 300w, https:\/\/i0.wp.com\/yunanistansinemasigunleri.com\/wp-content\/uploads\/2024\/11\/Take-care-10.jpg?resize=1024%2C648&amp;ssl=1 1024w, https:\/\/i0.wp.com\/yunanistansinemasigunleri.com\/wp-content\/uploads\/2024\/11\/Take-care-10.jpg?resize=768%2C486&amp;ssl=1 768w, https:\/\/i0.wp.com\/yunanistansinemasigunleri.com\/wp-content\/uploads\/2024\/11\/Take-care-10.jpg?resize=18%2C12&amp;ssl=1 18w\" sizes=\"100vw\" \/>\t\t\t\t\t\t\t\t\t\t\t\t\t\t\t<\/div>\n\t\t\t\t<div class=\"elementor-element elementor-element-f0073dd elementor-widget elementor-widget-text-editor\" data-id=\"f0073dd\" data-element_type=\"widget\" data-e-type=\"widget\" data-widget_type=\"text-editor.default\">\n\t\t\t\t\t\t\t\t\t<p><span style=\"font-weight: 400;\">In this film, Tsemberopoulos deals with the small \u201cinsignificant\u201d dramas that are played out every day in contemporary Athenian apartment buildings that never hit the front pages of the dailies or the evening news. Christos, who is 22, wants to hit the big time, become famous, and make money. But it is Michalis, Marina's husband and Fanny's father, who has the money. Marina is a woman who sacrifices herself for her husband and kids. Fanny, 18, a would-be swimming champ, is already in love with him. Then there is Roula, his hot-blooded girlfriend who loves him.The protagonist in Tsemberopoulos' film is our next door neighbour, the lady in the apartment building across the street, the kid who rented the semi-basement studio.<\/span><\/p>\t\t\t\t\t\t\t\t<\/div>\n\t\t\t\t<div class=\"elementor-element elementor-element-a2ef65a elementor-arrows-position-inside elementor-pagination-position-outside elementor-widget elementor-widget-image-carousel\" data-id=\"a2ef65a\" data-element_type=\"widget\" data-e-type=\"widget\" data-settings=\"{&quot;navigation&quot;:&quot;both&quot;,&quot;autoplay&quot;:&quot;yes&quot;,&quot;pause_on_hover&quot;:&quot;yes&quot;,&quot;pause_on_interaction&quot;:&quot;yes&quot;,&quot;autoplay_speed&quot;:5000,&quot;infinite&quot;:&quot;yes&quot;,&quot;speed&quot;:500}\" data-widget_type=\"image-carousel.default\">\n\t\t\t\t\t\t\t<div class=\"elementor-image-carousel-wrapper swiper\" role=\"region\" aria-roledescription=\"carousel\" aria-label=\"Image Carousel\" dir=\"ltr\">\n\t\t\t<div class=\"elementor-image-carousel swiper-wrapper\" aria-live=\"off\">\n\t\t\t\t\t\t\t\t<div class=\"swiper-slide\" role=\"group\" aria-roledescription=\"slide\" aria-label=\"1 of 5\" data-no-translation-aria-label=\"\"><figure class=\"swiper-slide-inner\"><img decoding=\"async\" class=\"swiper-slide-image\" src=\"https:\/\/i0.wp.com\/yunanistansinemasigunleri.com\/wp-content\/uploads\/2024\/11\/Take-care-02.jpg?fit=740%2C502&amp;ssl=1\" alt=\"Take care 02\" \/><\/figure><\/div><div class=\"swiper-slide\" role=\"group\" aria-roledescription=\"slide\" aria-label=\"2 of 5\" data-no-translation-aria-label=\"\"><figure class=\"swiper-slide-inner\"><img decoding=\"async\" class=\"swiper-slide-image\" src=\"https:\/\/i0.wp.com\/yunanistansinemasigunleri.com\/wp-content\/uploads\/2024\/11\/Take-care-04.jpg?fit=740%2C502&amp;ssl=1\" alt=\"Take care 04\" \/><\/figure><\/div><div class=\"swiper-slide\" role=\"group\" aria-roledescription=\"slide\" aria-label=\"3 of 5\" data-no-translation-aria-label=\"\"><figure class=\"swiper-slide-inner\"><img decoding=\"async\" class=\"swiper-slide-image\" src=\"https:\/\/i0.wp.com\/yunanistansinemasigunleri.com\/wp-content\/uploads\/2024\/11\/Take-care-08.jpg?fit=740%2C425&amp;ssl=1\" alt=\"Take care 08\" \/><\/figure><\/div><div class=\"swiper-slide\" role=\"group\" aria-roledescription=\"slide\" aria-label=\"4 of 5\" data-no-translation-aria-label=\"\"><figure class=\"swiper-slide-inner\"><img decoding=\"async\" class=\"swiper-slide-image\" src=\"https:\/\/i0.wp.com\/yunanistansinemasigunleri.com\/wp-content\/uploads\/2024\/11\/Take-care-09.jpg?fit=740%2C433&amp;ssl=1\" alt=\"Take care 09\" \/><\/figure><\/div><div class=\"swiper-slide\" role=\"group\" aria-roledescription=\"slide\" aria-label=\"5 of 5\" data-no-translation-aria-label=\"\"><figure class=\"swiper-slide-inner\"><img decoding=\"async\" class=\"swiper-slide-image\" src=\"https:\/\/i0.wp.com\/yunanistansinemasigunleri.com\/wp-content\/uploads\/2024\/11\/Take-care-12.jpg?fit=740%2C460&amp;ssl=1\" alt=\"Take care 12\" \/><\/figure><\/div>\t\t\t<\/div>\n\t\t\t\t\t\t\t\t\t\t\t\t<div class=\"elementor-swiper-button elementor-swiper-button-prev\" role=\"button\" tabindex=\"0\">\n\t\t\t\t\t\t<svg aria-hidden=\"true\" class=\"e-font-icon-svg e-eicon-chevron-left\" viewbox=\"0 0 1000 1000\" xmlns=\"http:\/\/www.w3.org\/2000\/svg\"><path d=\"M646 125C629 125 613 133 604 142L308 442C296 454 292 471 292 487 292 504 296 521 308 533L604 854C617 867 629 875 646 875 663 875 679 871 692 858 704 846 713 829 713 812 713 796 708 779 692 767L438 487 692 225C700 217 708 204 708 187 708 171 704 154 692 142 675 129 663 125 646 125Z\"><\/path><\/svg>\t\t\t\t\t<\/div>\n\t\t\t\t\t<div class=\"elementor-swiper-button elementor-swiper-button-next\" role=\"button\" tabindex=\"0\">\n\t\t\t\t\t\t<svg aria-hidden=\"true\" class=\"e-font-icon-svg e-eicon-chevron-right\" viewbox=\"0 0 1000 1000\" xmlns=\"http:\/\/www.w3.org\/2000\/svg\"><path d=\"M696 533C708 521 713 504 713 487 713 471 708 454 696 446L400 146C388 133 375 125 354 125 338 125 325 129 313 142 300 154 292 171 292 187 292 204 296 221 308 233L563 492 304 771C292 783 288 800 288 817 288 833 296 850 308 863 321 871 338 875 354 875 371 875 388 867 400 854L696 533Z\"><\/path><\/svg>\t\t\t\t\t<\/div>\n\t\t\t\t\n\t\t\t\t\t\t\t\t\t<div class=\"swiper-pagination\"><\/div>\n\t\t\t\t\t\t\t\t\t<\/div>\n\t\t\t\t\t\t<\/div>\n\t\t\t\t<div class=\"elementor-element elementor-element-68b1764 elementor-widget elementor-widget-text-editor\" data-id=\"68b1764\" data-element_type=\"widget\" data-e-type=\"widget\" data-widget_type=\"text-editor.default\">\n\t\t\t\t\t\t\t\t\t<p><strong>Director: <\/strong><span style=\"font-weight: 400;\">Yorgos Tsemberopoulos<br \/><\/span><strong>Screenplay: <\/strong><span style=\"font-weight: 400;\">Yorgos Tsemberopoulos-Vassilis Alexakis (based on Yovanna\u2019s novel \u201cAnte Yia\u201d)<br \/><\/span><span style=\"font-weight: 400;\"><strong>Director of Photography:<\/strong> <\/span><span style=\"font-weight: 400;\">Yannis Daskalothanassis<br \/><\/span><strong>Editing:<\/strong> <span style=\"font-weight: 400;\">Yannis Tsitsopoulos<br \/><strong>Producer: <\/strong><\/span>Yorgos Tsemberopoulos<br \/><strong>Cast: <\/strong><span style=\"font-weight: 400;\">Katy Papanika, <\/span><span style=\"font-weight: 400;\">Alkis Kourkoulos, <\/span><span style=\"font-weight: 400;\">Nikos Dimitratos, <\/span><span style=\"font-weight: 400;\">Tania Tripi, <\/span><span style=\"font-weight: 400;\">Vana Barba<\/span><\/p>\t\t\t\t\t\t\t\t<\/div>\n\t\t\t\t\t<\/div>\n\t\t\t\t<\/div>\n\t\t\t\t<\/div>","protected":false},"excerpt":{"rendered":"<p>KEND\u0130NE \u0130Y\u0130 BAK \u0391\u039d\u03a4\u0395 \u0393\u0395\u0399\u0391TAKE CARE KAPANIS\u0327 FI\u0307LMI\u0307 \/ 1991 \/ Renkli \/ 93\u2019 \/ Dijital formatta ve \u0130ngilizce &amp; T\u00fcrk\u00e7e altyaz\u0131yla g\u00f6sterim 8 PAZAR 18:00 G\u00f6sterim Kay\u0131t Formu Tsemberopoulos bu filminde, Atina&#8217;n\u0131n \u00e7a\u011fda\u015f apartmanlar\u0131nda her g\u00fcn ya\u015fanan ve hi\u00e7bir zaman gazetelerin \u00f6n sayfalar\u0131na ya da ak\u015fam haberlerine yans\u0131mayan k\u00fc\u00e7\u00fck ve &#8220;\u00f6nemsiz&#8221; dramlar\u0131 ele al\u0131yor. &hellip; <\/p>\n<p class=\"link-more\"><a href=\"https:\/\/yunanistansinemasigunleri.com\/en\/take-care\/\" class=\"more-link\">Continue reading<span class=\"screen-reader-text\"> &#8220;Take Care&#8221;<\/span><\/a><\/p>","protected":false},"author":219729766,"featured_media":0,"parent":0,"menu_order":0,"comment_status":"closed","ping_status":"closed","template":"","meta":{"_crdt_document":"","advanced_seo_description":"","jetpack_seo_html_title":"","jetpack_seo_noindex":false,"footnotes":""},"class_list":["post-3135","page","type-page","status-publish","hentry"],"jetpack_likes_enabled":true,"jetpack_sharing_enabled":true,"jetpack_shortlink":"https:\/\/wp.me\/PdSim2-Oz","jetpack-related-posts":[],"amp_enabled":true,"_links":{"self":[{"href":"https:\/\/yunanistansinemasigunleri.com\/en\/wp-json\/wp\/v2\/pages\/3135","targetHints":{"allow":["GET"]}}],"collection":[{"href":"https:\/\/yunanistansinemasigunleri.com\/en\/wp-json\/wp\/v2\/pages"}],"about":[{"href":"https:\/\/yunanistansinemasigunleri.com\/en\/wp-json\/wp\/v2\/types\/page"}],"author":[{"embeddable":true,"href":"https:\/\/yunanistansinemasigunleri.com\/en\/wp-json\/wp\/v2\/users\/219729766"}],"replies":[{"embeddable":true,"href":"https:\/\/yunanistansinemasigunleri.com\/en\/wp-json\/wp\/v2\/comments?post=3135"}],"version-history":[{"count":20,"href":"https:\/\/yunanistansinemasigunleri.com\/en\/wp-json\/wp\/v2\/pages\/3135\/revisions"}],"predecessor-version":[{"id":3707,"href":"https:\/\/yunanistansinemasigunleri.com\/en\/wp-json\/wp\/v2\/pages\/3135\/revisions\/3707"}],"wp:attachment":[{"href":"https:\/\/yunanistansinemasigunleri.com\/en\/wp-json\/wp\/v2\/media?parent=3135"}],"curies":[{"name":"wp","href":"https:\/\/api.w.org\/{rel}","templated":true}]}}