{"id":3115,"date":"2024-11-25T15:47:19","date_gmt":"2024-11-25T13:47:19","guid":{"rendered":"https:\/\/yunanistansinemasigunleri.com\/?page_id=3115"},"modified":"2024-11-28T17:59:50","modified_gmt":"2024-11-28T15:59:50","slug":"striker-with-no-9","status":"publish","type":"page","link":"https:\/\/yunanistansinemasigunleri.com\/en\/striker-with-no-9\/","title":{"rendered":"Striker with no 9"},"content":{"rendered":"<div data-elementor-type=\"wp-page\" data-elementor-id=\"3115\" class=\"elementor elementor-3115\">\n\t\t\t\t<div class=\"elementor-element elementor-element-21de61e e-flex e-con-boxed e-con e-parent\" data-id=\"21de61e\" data-element_type=\"container\" data-e-type=\"container\">\n\t\t\t\t\t<div class=\"e-con-inner\">\n\t\t\t\t<div class=\"elementor-element elementor-element-03a5817 elementor-widget elementor-widget-heading\" data-id=\"03a5817\" data-element_type=\"widget\" data-e-type=\"widget\" data-widget_type=\"heading.default\">\n\t\t\t\t\t<h2 class=\"elementor-heading-title elementor-size-default\">THE JERSEY WITH NUMBER 9<\/h2>\t\t\t\t<\/div>\n\t\t\t\t<div class=\"elementor-element elementor-element-cd630f9 elementor-widget elementor-widget-text-editor\" data-id=\"cd630f9\" data-element_type=\"widget\" data-e-type=\"widget\" data-widget_type=\"text-editor.default\">\n\t\t\t\t\t\t\t\t\t<h5><b>\u0397 \u03a6\u0391\u039d\u0395\u039b\u0391 \u039c\u0395 \u03a4\u039f 9<br \/>THE STRIKER WITH NUMBER\u00a0 9<\/b><\/h5>\t\t\t\t\t\t\t\t<\/div>\n\t\t\t\t<div class=\"elementor-element elementor-element-6b65d8b elementor-widget elementor-widget-text-editor\" data-id=\"6b65d8b\" data-element_type=\"widget\" data-e-type=\"widget\" data-widget_type=\"text-editor.default\">\n\t\t\t\t\t\t\t\t\t<h4>OPENING FILM<\/h4><p>1989 \/ Color \/ 121\u2019 \/ screened on DCP in Greek \nwith English &amp; Turkish subs.<\/p><h6 style=\"text-align: right;\"><strong>3 TUESDAY <span style=\"font-size: 1rem;\">19.00-21.00<\/span><\/strong><\/h6>\t\t\t\t\t\t\t\t<\/div>\n\t\t\t\t<div class=\"elementor-element elementor-element-ba7a2d9 elementor-align-right elementor-widget elementor-widget-button\" data-id=\"ba7a2d9\" data-element_type=\"widget\" data-e-type=\"widget\" data-widget_type=\"button.default\">\n\t\t\t\t\t\t\t\t\t\t<a class=\"elementor-button elementor-button-link elementor-size-sm\" href=\"https:\/\/docs.google.com\/forms\/d\/1F0L-CLiMhOquk3eXKdocy1ChAxJX7pIL5A2z19qXpQU\/edit\" id=\"form-1\">\n\t\t\t\t\t\t<span class=\"elementor-button-content-wrapper\">\n\t\t\t\t\t\t\t\t\t<span class=\"elementor-button-text\">Screening Registration Form<\/span>\n\t\t\t\t\t<\/span>\n\t\t\t\t\t<\/a>\n\t\t\t\t\t\t\t\t<\/div>\n\t\t\t\t<div class=\"elementor-element elementor-element-08a3583 elementor-widget elementor-widget-image\" data-id=\"08a3583\" data-element_type=\"widget\" data-e-type=\"widget\" data-widget_type=\"image.default\">\n\t\t\t\t\t\t\t\t\t\t\t\t\t\t\t<img fetchpriority=\"high\" decoding=\"async\" data-attachment-id=\"3119\" data-permalink=\"https:\/\/yunanistansinemasigunleri.com\/en\/striker-with-no-9\/the-striker-with-no-9-01\/\" data-orig-file=\"https:\/\/i0.wp.com\/yunanistansinemasigunleri.com\/wp-content\/uploads\/2024\/11\/The-striker-with-no.9-01.jpg?fit=2244%2C1452&amp;ssl=1\" data-orig-size=\"2244,1452\" data-comments-opened=\"1\" data-image-meta=\"{&quot;aperture&quot;:&quot;0&quot;,&quot;credit&quot;:&quot;&quot;,&quot;camera&quot;:&quot;&quot;,&quot;caption&quot;:&quot;&quot;,&quot;created_timestamp&quot;:&quot;0&quot;,&quot;copyright&quot;:&quot;&quot;,&quot;focal_length&quot;:&quot;0&quot;,&quot;iso&quot;:&quot;0&quot;,&quot;shutter_speed&quot;:&quot;0&quot;,&quot;title&quot;:&quot;&quot;,&quot;orientation&quot;:&quot;0&quot;}\" data-image-title=\"The striker with no.9 01\" data-image-description=\"\" data-image-caption=\"\" data-large-file=\"https:\/\/i0.wp.com\/yunanistansinemasigunleri.com\/wp-content\/uploads\/2024\/11\/The-striker-with-no.9-01.jpg?fit=525%2C340&amp;ssl=1\" width=\"740\" height=\"479\" src=\"https:\/\/i0.wp.com\/yunanistansinemasigunleri.com\/wp-content\/uploads\/2024\/11\/The-striker-with-no.9-01.jpg?fit=740%2C479&amp;ssl=1\" class=\"attachment-medium_large size-medium_large wp-image-3119\" alt=\"\" srcset=\"https:\/\/i0.wp.com\/yunanistansinemasigunleri.com\/wp-content\/uploads\/2024\/11\/The-striker-with-no.9-01.jpg?w=2244&amp;ssl=1 2244w, https:\/\/i0.wp.com\/yunanistansinemasigunleri.com\/wp-content\/uploads\/2024\/11\/The-striker-with-no.9-01.jpg?resize=300%2C194&amp;ssl=1 300w, https:\/\/i0.wp.com\/yunanistansinemasigunleri.com\/wp-content\/uploads\/2024\/11\/The-striker-with-no.9-01.jpg?resize=1024%2C663&amp;ssl=1 1024w, https:\/\/i0.wp.com\/yunanistansinemasigunleri.com\/wp-content\/uploads\/2024\/11\/The-striker-with-no.9-01.jpg?resize=768%2C497&amp;ssl=1 768w, https:\/\/i0.wp.com\/yunanistansinemasigunleri.com\/wp-content\/uploads\/2024\/11\/The-striker-with-no.9-01.jpg?resize=1536%2C994&amp;ssl=1 1536w, https:\/\/i0.wp.com\/yunanistansinemasigunleri.com\/wp-content\/uploads\/2024\/11\/The-striker-with-no.9-01.jpg?resize=2048%2C1325&amp;ssl=1 2048w, https:\/\/i0.wp.com\/yunanistansinemasigunleri.com\/wp-content\/uploads\/2024\/11\/The-striker-with-no.9-01.jpg?resize=18%2C12&amp;ssl=1 18w, https:\/\/i0.wp.com\/yunanistansinemasigunleri.com\/wp-content\/uploads\/2024\/11\/The-striker-with-no.9-01.jpg?w=1480&amp;ssl=1 1480w\" sizes=\"100vw\" \/>\t\t\t\t\t\t\t\t\t\t\t\t\t\t\t<\/div>\n\t\t\t\t<div class=\"elementor-element elementor-element-8ed4d6b elementor-widget elementor-widget-text-editor\" data-id=\"8ed4d6b\" data-element_type=\"widget\" data-e-type=\"widget\" data-widget_type=\"text-editor.default\">\n\t\t\t\t\t\t\t\t\t<p><span style=\"font-weight: 400;\">Bill Seretis is a twenty years old uneducated, penniless man and his strong legs and talent as a soccer player are all he has going for him. With these assets he wants to conquer the soccer fields, to capture the colourful headlines of the sports papers, and to have himself crowned king on Sundays. After a two-year stint on dirt soccer fields, cheap hotels, \"thrown\" games, the loneliness of the countryside and hasty affairs with women of every sort, the dream comes true at a major Athens team. However, as soon as he touches it the dream vanishes. The soccer establishment and the vested interests of special groups crush Bill.<\/span><\/p>\t\t\t\t\t\t\t\t<\/div>\n\t\t\t\t<div class=\"elementor-element elementor-element-eca7c0d elementor-widget elementor-widget-text-editor\" data-id=\"eca7c0d\" data-element_type=\"widget\" data-e-type=\"widget\" data-widget_type=\"text-editor.default\">\n\t\t\t\t\t\t\t\t\t<p><strong>Director: <\/strong><span style=\"font-weight: 400;\">Pantelis Voulgaris<br \/><\/span><strong>Screenplay: <\/strong><span style=\"font-weight: 400;\">Vangelis Raptopoulos <\/span><span style=\"font-weight: 400;\">(based on the novel by Menis Koumandareas)<br \/><\/span><strong>Director of Photography:<\/strong> <span style=\"font-weight: 400;\">Alexis Grivas<br \/><\/span><strong>Editing:<\/strong> <span style=\"font-weight: 400;\">Takis Yannopoulos<br \/><\/span><span style=\"font-weight: 400;\"><strong>Producer:<\/strong> <\/span><span style=\"font-weight: 400;\">Pantelis Voulgaris<br \/><\/span><strong style=\"font-size: 1rem;\">Co-production:<\/strong><span style=\"font-size: 1rem;\"> Greek Film Center, ERT<br \/><\/span><strong style=\"font-size: 1rem;\">Cast: <\/strong><span style=\"font-weight: 400;\">Stratos Tzortzoglou, <\/span><span style=\"font-weight: 400;\">Themis Bazaka, <\/span><span style=\"font-weight: 400;\">Nikos Bousdoukos, <\/span><span style=\"font-weight: 400;\">Stamatis Tzelepis, <\/span><span style=\"font-weight: 400;\">Nikos Tsachiridis, <\/span><span style=\"font-weight: 400;\">Katia Sperelaki, <\/span><span style=\"font-weight: 400;\">Kostas Kleftogiannis, <\/span><span style=\"font-weight: 400;\">Thanassis Mylonas<\/span><\/p>\t\t\t\t\t\t\t\t<\/div>\n\t\t\t\t<div class=\"elementor-element elementor-element-946207d elementor-arrows-position-inside elementor-pagination-position-outside elementor-widget elementor-widget-image-carousel\" data-id=\"946207d\" data-element_type=\"widget\" data-e-type=\"widget\" data-settings=\"{&quot;slides_to_show&quot;:&quot;2&quot;,&quot;navigation&quot;:&quot;both&quot;,&quot;autoplay&quot;:&quot;yes&quot;,&quot;pause_on_hover&quot;:&quot;yes&quot;,&quot;pause_on_interaction&quot;:&quot;yes&quot;,&quot;autoplay_speed&quot;:5000,&quot;infinite&quot;:&quot;yes&quot;,&quot;speed&quot;:500}\" data-widget_type=\"image-carousel.default\">\n\t\t\t\t\t\t\t<div class=\"elementor-image-carousel-wrapper swiper\" role=\"region\" aria-roledescription=\"carousel\" aria-label=\"Image Carousel\" dir=\"ltr\">\n\t\t\t<div class=\"elementor-image-carousel swiper-wrapper\" aria-live=\"off\">\n\t\t\t\t\t\t\t\t<div class=\"swiper-slide\" role=\"group\" aria-roledescription=\"slide\" aria-label=\"1 \/ 2\"><figure class=\"swiper-slide-inner\"><img decoding=\"async\" class=\"swiper-slide-image\" src=\"https:\/\/i0.wp.com\/yunanistansinemasigunleri.com\/wp-content\/uploads\/2024\/11\/The-striker-with-no.9-02.jpg?fit=740%2C472&amp;ssl=1\" alt=\"The striker with no.9 02\" \/><\/figure><\/div><div class=\"swiper-slide\" role=\"group\" aria-roledescription=\"slide\" aria-label=\"2 \/ 2\"><figure class=\"swiper-slide-inner\"><img decoding=\"async\" class=\"swiper-slide-image\" src=\"https:\/\/i0.wp.com\/yunanistansinemasigunleri.com\/wp-content\/uploads\/2024\/11\/The-striker-with-no.9-03.jpg?fit=740%2C483&amp;ssl=1\" alt=\"The striker with no.9 03\" \/><\/figure><\/div>\t\t\t<\/div>\n\t\t\t\t\t\t\t\t\t\t\t\t<div class=\"elementor-swiper-button elementor-swiper-button-prev\" role=\"button\" tabindex=\"0\">\n\t\t\t\t\t\t<svg aria-hidden=\"true\" class=\"e-font-icon-svg e-eicon-chevron-left\" viewbox=\"0 0 1000 1000\" xmlns=\"http:\/\/www.w3.org\/2000\/svg\"><path d=\"M646 125C629 125 613 133 604 142L308 442C296 454 292 471 292 487 292 504 296 521 308 533L604 854C617 867 629 875 646 875 663 875 679 871 692 858 704 846 713 829 713 812 713 796 708 779 692 767L438 487 692 225C700 217 708 204 708 187 708 171 704 154 692 142 675 129 663 125 646 125Z\"><\/path><\/svg>\t\t\t\t\t<\/div>\n\t\t\t\t\t<div class=\"elementor-swiper-button elementor-swiper-button-next\" role=\"button\" tabindex=\"0\">\n\t\t\t\t\t\t<svg aria-hidden=\"true\" class=\"e-font-icon-svg e-eicon-chevron-right\" viewbox=\"0 0 1000 1000\" xmlns=\"http:\/\/www.w3.org\/2000\/svg\"><path d=\"M696 533C708 521 713 504 713 487 713 471 708 454 696 446L400 146C388 133 375 125 354 125 338 125 325 129 313 142 300 154 292 171 292 187 292 204 296 221 308 233L563 492 304 771C292 783 288 800 288 817 288 833 296 850 308 863 321 871 338 875 354 875 371 875 388 867 400 854L696 533Z\"><\/path><\/svg>\t\t\t\t\t<\/div>\n\t\t\t\t\n\t\t\t\t\t\t\t\t\t<div class=\"swiper-pagination\"><\/div>\n\t\t\t\t\t\t\t\t\t<\/div>\n\t\t\t\t\t\t<\/div>\n\t\t\t\t\t<\/div>\n\t\t\t\t<\/div>\n\t\t\t\t<\/div>","protected":false},"excerpt":{"rendered":"<p>9 NUMARALI FORMA \u0397 \u03a6\u0391\u039d\u0395\u039b\u0391 \u039c\u0395 \u03a4\u039f 9THE STRIKER WITH NUMBER\u00a0 9 AC\u0327ILIS\u0327 FI\u0307LMI\u0307 1989 \/ Renkli \/ 121\u2019 \/ Dijital\u00a0formatta ve \u0130ngilizce &amp; T\u00fcrk\u00e7e altyaz\u0131yla g\u00f6sterim 3 SALI 19.00-21.00 G\u00f6sterim Kay\u0131t Formu Bill (Vasilis) Seretis yirmi ya\u015f\u0131nda, e\u011fitimsiz, be\u015f paras\u0131z bir adamd\u0131r, hayatta tek avantaj\u0131 g\u00fc\u00e7l\u00fc bacaklar\u0131 ve futboldaki h\u00fcnerleridir. Bu yetenekleriyle futbol sahalar\u0131n\u0131 &hellip; <\/p>\n<p class=\"link-more\"><a href=\"https:\/\/yunanistansinemasigunleri.com\/en\/striker-with-no-9\/\" class=\"more-link\">Continue reading<span class=\"screen-reader-text\"> &#8220;Striker with no 9&#8221;<\/span><\/a><\/p>","protected":false},"author":219729766,"featured_media":0,"parent":0,"menu_order":0,"comment_status":"closed","ping_status":"closed","template":"","meta":{"_crdt_document":"","advanced_seo_description":"","jetpack_seo_html_title":"","jetpack_seo_noindex":false,"footnotes":""},"class_list":["post-3115","page","type-page","status-publish","hentry"],"jetpack_likes_enabled":true,"jetpack_sharing_enabled":true,"jetpack_shortlink":"https:\/\/wp.me\/PdSim2-Of","jetpack-related-posts":[],"amp_enabled":true,"_links":{"self":[{"href":"https:\/\/yunanistansinemasigunleri.com\/en\/wp-json\/wp\/v2\/pages\/3115","targetHints":{"allow":["GET"]}}],"collection":[{"href":"https:\/\/yunanistansinemasigunleri.com\/en\/wp-json\/wp\/v2\/pages"}],"about":[{"href":"https:\/\/yunanistansinemasigunleri.com\/en\/wp-json\/wp\/v2\/types\/page"}],"author":[{"embeddable":true,"href":"https:\/\/yunanistansinemasigunleri.com\/en\/wp-json\/wp\/v2\/users\/219729766"}],"replies":[{"embeddable":true,"href":"https:\/\/yunanistansinemasigunleri.com\/en\/wp-json\/wp\/v2\/comments?post=3115"}],"version-history":[{"count":34,"href":"https:\/\/yunanistansinemasigunleri.com\/en\/wp-json\/wp\/v2\/pages\/3115\/revisions"}],"predecessor-version":[{"id":3689,"href":"https:\/\/yunanistansinemasigunleri.com\/en\/wp-json\/wp\/v2\/pages\/3115\/revisions\/3689"}],"wp:attachment":[{"href":"https:\/\/yunanistansinemasigunleri.com\/en\/wp-json\/wp\/v2\/media?parent=3115"}],"curies":[{"name":"wp","href":"https:\/\/api.w.org\/{rel}","templated":true}]}}