{"id":267,"date":"2022-05-13T20:16:09","date_gmt":"2022-05-13T17:16:09","guid":{"rendered":"https:\/\/yunanistansinemasigunleri.com\/?page_id=267"},"modified":"2022-05-31T12:14:04","modified_gmt":"2022-05-31T09:14:04","slug":"olga-robards","status":"publish","type":"page","link":"https:\/\/yunanistansinemasigunleri.com\/en\/films\/olga-robards\/","title":{"rendered":"Olga Robards"},"content":{"rendered":"<div data-elementor-type=\"wp-page\" data-elementor-id=\"267\" class=\"elementor elementor-267\">\n\t\t\t\t\t\t<section class=\"elementor-section elementor-top-section elementor-element elementor-element-ff1d399 elementor-section-boxed elementor-section-height-default elementor-section-height-default\" data-id=\"ff1d399\" data-element_type=\"section\" data-e-type=\"section\">\n\t\t\t\t\t\t<div class=\"elementor-container elementor-column-gap-default\">\n\t\t\t\t\t<div class=\"elementor-column elementor-col-50 elementor-top-column elementor-element elementor-element-966043e\" data-id=\"966043e\" data-element_type=\"column\" data-e-type=\"column\">\n\t\t\t<div class=\"elementor-widget-wrap elementor-element-populated\">\n\t\t\t\t\t\t<div class=\"elementor-element elementor-element-357519c elementor-widget elementor-widget-text-editor\" data-id=\"357519c\" data-element_type=\"widget\" data-e-type=\"widget\" data-widget_type=\"text-editor.default\">\n\t\t\t\t\t\t\t\t\t<h4>OLGA ROBARDS<\/h4><p>Greece, 1989, DCP, Colour, 86\u2019<br \/>Greek; Turkish &amp; English Subtitled<\/p>\t\t\t\t\t\t\t\t<\/div>\n\t\t\t\t\t<\/div>\n\t\t<\/div>\n\t\t\t\t<div class=\"elementor-column elementor-col-50 elementor-top-column elementor-element elementor-element-eda666b\" data-id=\"eda666b\" data-element_type=\"column\" data-e-type=\"column\">\n\t\t\t<div class=\"elementor-widget-wrap elementor-element-populated\">\n\t\t\t\t\t\t<div class=\"elementor-element elementor-element-b080f9a elementor-widget elementor-widget-text-editor\" data-id=\"b080f9a\" data-element_type=\"widget\" data-e-type=\"widget\" data-widget_type=\"text-editor.default\">\n\t\t\t\t\t\t\t\t\t<h5>10 June Friday - 15:00<\/h5>\t\t\t\t\t\t\t\t<\/div>\n\t\t\t\t\t<\/div>\n\t\t<\/div>\n\t\t\t\t\t<\/div>\n\t\t<\/section>\n\t\t\t\t<section class=\"elementor-section elementor-top-section elementor-element elementor-element-919ac78 elementor-section-boxed elementor-section-height-default elementor-section-height-default\" data-id=\"919ac78\" data-element_type=\"section\" data-e-type=\"section\">\n\t\t\t\t\t\t<div class=\"elementor-container elementor-column-gap-default\">\n\t\t\t\t\t<div class=\"elementor-column elementor-col-50 elementor-top-column elementor-element elementor-element-816b01e\" data-id=\"816b01e\" data-element_type=\"column\" data-e-type=\"column\">\n\t\t\t<div class=\"elementor-widget-wrap elementor-element-populated\">\n\t\t\t\t\t\t<div class=\"elementor-element elementor-element-f18d870 elementor-widget elementor-widget-text-editor\" data-id=\"f18d870\" data-element_type=\"widget\" data-e-type=\"widget\" data-widget_type=\"text-editor.default\">\n\t\t\t\t\t\t\t\t\t<h5>SYNOPSIS<\/h5><p class=\"translation-block\">1956\u2019da Atina\u2019da d\u00fcnyaya geldi. Atina\u2019da ekonomi, Paris\u2019te sinema okudu. Aralar\u0131nda \u201cAvgi\u201d (1975-1985), \u201cContemporary Cinema\u201d ve \u201cAnti\u201dnin de bulundu\u011fu \u00e7e\u015fitli gazete ve dergilerde film ele\u015ftirmeni olarak \u00e7al\u0131\u015ft\u0131. \u201cThe Best-Sellers Case\u201d (1980) ve \u201cThe Horizon Line\u201d (1992) isimli d\u00f6rt kitap yay\u0131mlad\u0131. Stavros Tsiolis\u2019in \u201cAbout Santa Claus\u201d ve Nikos Panagiotopoulos\u2019un \u201cThe Woman Who Dreamed\u201d filmlerinde ortak yazarl\u0131k yapt\u0131. 80\u2019lerin ortas\u0131nda \u201cTerrace\u201d (1984) ve \u201cTheatre\u201d (1986) isimki k\u0131sa filmlerle ba\u015flad\u0131\u011f\u0131 y\u00f6netmenlik hayat\u0131na, \u201cOlga Robards\u201d (1989) ve Selanik Film Festivali\u2019nde En \u0130yi Y\u00f6netmen se\u00e7ildi\u011fi \u201cParakalo, gynaikes, mi klaite ...\u201d (1992) adl\u0131 uzun filmleri ile devam etti. 1993\u2019te Atina\u2019da ya\u015fama veda etti.<\/p>\t\t\t\t\t\t\t\t<\/div>\n\t\t\t\t\t<\/div>\n\t\t<\/div>\n\t\t\t\t<div class=\"elementor-column elementor-col-50 elementor-top-column elementor-element elementor-element-2cc8e7c\" data-id=\"2cc8e7c\" data-element_type=\"column\" data-e-type=\"column\">\n\t\t\t<div class=\"elementor-widget-wrap elementor-element-populated\">\n\t\t\t\t\t\t<div class=\"elementor-element elementor-element-a0e48df elementor-widget elementor-widget-text-editor\" data-id=\"a0e48df\" data-element_type=\"widget\" data-e-type=\"widget\" data-widget_type=\"text-editor.default\">\n\t\t\t\t\t\t\t\t\t<p><strong>Director:<\/strong> Christos Vakalopoulos<br \/><strong>Screenplay:<\/strong> Christos Vakalopoulos<br \/>Antonis Kioukas<br \/><strong>Director of Photography:<\/strong> Andreas Sinanos<br \/><strong>Editing:<\/strong> Kostas Iordanidis<br \/><strong>Music:<\/strong> Nikos Xydakis<br \/><strong>Cast:\u00a0<\/strong>Olia Lazaridou<br \/>Antonis Kafetzopoulos<br \/>Giorgos Symeonidis<br \/>Stavros Tsiolis<br \/>Kostas Tsakonas<br \/><strong>Producer:<\/strong> Hristos Vakalopoulos<br \/><strong>Production:<\/strong> Greek Film Center<br \/>Greek State TV<\/p><h5>AWARDS<\/h5><p><strong>Thessaloniki FF<\/strong> Best Cinematography 1989<\/p>\t\t\t\t\t\t\t\t<\/div>\n\t\t\t\t\t<\/div>\n\t\t<\/div>\n\t\t\t\t\t<\/div>\n\t\t<\/section>\n\t\t\t\t<section class=\"elementor-section elementor-top-section elementor-element elementor-element-7ee1500 elementor-section-boxed elementor-section-height-default elementor-section-height-default\" data-id=\"7ee1500\" data-element_type=\"section\" data-e-type=\"section\">\n\t\t\t\t\t\t<div class=\"elementor-container elementor-column-gap-default\">\n\t\t\t\t\t<div class=\"elementor-column elementor-col-100 elementor-top-column elementor-element elementor-element-8a9151c\" data-id=\"8a9151c\" data-element_type=\"column\" data-e-type=\"column\">\n\t\t\t<div class=\"elementor-widget-wrap elementor-element-populated\">\n\t\t\t\t\t\t<div class=\"elementor-element elementor-element-111ebbc gallery-spacing-custom elementor-widget elementor-widget-image-gallery\" data-id=\"111ebbc\" data-element_type=\"widget\" data-e-type=\"widget\" data-widget_type=\"image-gallery.default\">\n\t\t\t\t\t\t\t<div class=\"elementor-image-gallery\">\n\t\t\t<div data-carousel-extra='{&quot;blog_id&quot;:1,&quot;permalink&quot;:&quot;https:\/\/yunanistansinemasigunleri.com\/en\/films\/olga-robards\/&quot;}' id='gallery-1' class='gallery galleryid-267 gallery-columns-4 gallery-size-medium_large'><figure class='gallery-item'>\n\t\t\t<div class='gallery-icon portrait'>\n\t\t\t\t<a data-elementor-open-lightbox=\"yes\" data-elementor-lightbox-slideshow=\"111ebbc\" data-elementor-lightbox-title=\"Olga Robarts leaflet 01\" data-e-action-hash=\"#elementor-action%3Aaction%3Dlightbox%26settings%3DeyJpZCI6MjY5LCJ1cmwiOiJodHRwczpcL1wveXVuYW5pc3RhbnNpbmVtYXNpZ3VubGVyaS5jb21cL3dwLWNvbnRlbnRcL3VwbG9hZHNcLzIwMjJcLzA1XC9PbGdhLVJvYmFydHMtbGVhZmxldC0wMS1yb3RhdGVkLmpwZyIsInNsaWRlc2hvdyI6IjExMWViYmMifQ%3D%3D\" href=\"https:\/\/i0.wp.com\/yunanistansinemasigunleri.com\/wp-content\/uploads\/2022\/05\/Olga-Robarts-leaflet-01-rotated.jpg?ssl=1\"><img fetchpriority=\"high\" decoding=\"async\" width=\"525\" height=\"742\" src=\"https:\/\/i0.wp.com\/yunanistansinemasigunleri.com\/wp-content\/uploads\/2022\/05\/Olga-Robarts-leaflet-01-rotated.jpg?fit=525%2C742&amp;ssl=1\" class=\"attachment-medium_large size-medium_large\" alt=\"\" srcset=\"https:\/\/i0.wp.com\/yunanistansinemasigunleri.com\/wp-content\/uploads\/2022\/05\/Olga-Robarts-leaflet-01-rotated.jpg?w=2480&amp;ssl=1 2480w, https:\/\/i0.wp.com\/yunanistansinemasigunleri.com\/wp-content\/uploads\/2022\/05\/Olga-Robarts-leaflet-01-rotated.jpg?resize=212%2C300&amp;ssl=1 212w, https:\/\/i0.wp.com\/yunanistansinemasigunleri.com\/wp-content\/uploads\/2022\/05\/Olga-Robarts-leaflet-01-rotated.jpg?resize=724%2C1024&amp;ssl=1 724w, https:\/\/i0.wp.com\/yunanistansinemasigunleri.com\/wp-content\/uploads\/2022\/05\/Olga-Robarts-leaflet-01-rotated.jpg?resize=768%2C1086&amp;ssl=1 768w, https:\/\/i0.wp.com\/yunanistansinemasigunleri.com\/wp-content\/uploads\/2022\/05\/Olga-Robarts-leaflet-01-rotated.jpg?resize=1086%2C1536&amp;ssl=1 1086w, https:\/\/i0.wp.com\/yunanistansinemasigunleri.com\/wp-content\/uploads\/2022\/05\/Olga-Robarts-leaflet-01-rotated.jpg?resize=1448%2C2048&amp;ssl=1 1448w, https:\/\/i0.wp.com\/yunanistansinemasigunleri.com\/wp-content\/uploads\/2022\/05\/Olga-Robarts-leaflet-01-rotated.jpg?resize=8%2C12&amp;ssl=1 8w, https:\/\/i0.wp.com\/yunanistansinemasigunleri.com\/wp-content\/uploads\/2022\/05\/Olga-Robarts-leaflet-01-rotated.jpg?resize=1200%2C1697&amp;ssl=1 1200w, https:\/\/i0.wp.com\/yunanistansinemasigunleri.com\/wp-content\/uploads\/2022\/05\/Olga-Robarts-leaflet-01-rotated.jpg?w=1575&amp;ssl=1 1575w\" sizes=\"100vw\" data-attachment-id=\"269\" data-permalink=\"https:\/\/yunanistansinemasigunleri.com\/en\/olga-robarts-leaflet-01\/\" data-orig-file=\"https:\/\/i0.wp.com\/yunanistansinemasigunleri.com\/wp-content\/uploads\/2022\/05\/Olga-Robarts-leaflet-01-rotated.jpg?fit=2480%2C3508&amp;ssl=1\" data-orig-size=\"2480,3508\" data-comments-opened=\"1\" data-image-meta=\"{&quot;aperture&quot;:&quot;0&quot;,&quot;credit&quot;:&quot;&quot;,&quot;camera&quot;:&quot;&quot;,&quot;caption&quot;:&quot;&quot;,&quot;created_timestamp&quot;:&quot;0&quot;,&quot;copyright&quot;:&quot;&quot;,&quot;focal_length&quot;:&quot;0&quot;,&quot;iso&quot;:&quot;0&quot;,&quot;shutter_speed&quot;:&quot;0&quot;,&quot;title&quot;:&quot;&quot;,&quot;orientation&quot;:&quot;1&quot;}\" data-image-title=\"Olga Robarts leaflet 01\" data-image-description=\"\" data-image-caption=\"\" data-large-file=\"https:\/\/i0.wp.com\/yunanistansinemasigunleri.com\/wp-content\/uploads\/2022\/05\/Olga-Robarts-leaflet-01-rotated.jpg?fit=525%2C743&amp;ssl=1\" \/><\/a>\n\t\t\t<\/div><\/figure><figure class='gallery-item'>\n\t\t\t<div class='gallery-icon portrait'>\n\t\t\t\t<a data-elementor-open-lightbox=\"yes\" data-elementor-lightbox-slideshow=\"111ebbc\" data-elementor-lightbox-title=\"Olga Robarts leaflet 02\" data-e-action-hash=\"#elementor-action%3Aaction%3Dlightbox%26settings%3DeyJpZCI6MjcwLCJ1cmwiOiJodHRwczpcL1wveXVuYW5pc3RhbnNpbmVtYXNpZ3VubGVyaS5jb21cL3dwLWNvbnRlbnRcL3VwbG9hZHNcLzIwMjJcLzA1XC9PbGdhLVJvYmFydHMtbGVhZmxldC0wMi1yb3RhdGVkLmpwZyIsInNsaWRlc2hvdyI6IjExMWViYmMifQ%3D%3D\" href=\"https:\/\/i0.wp.com\/yunanistansinemasigunleri.com\/wp-content\/uploads\/2022\/05\/Olga-Robarts-leaflet-02-rotated.jpg?ssl=1\"><img decoding=\"async\" width=\"525\" height=\"742\" src=\"https:\/\/i0.wp.com\/yunanistansinemasigunleri.com\/wp-content\/uploads\/2022\/05\/Olga-Robarts-leaflet-02-rotated.jpg?fit=525%2C742&amp;ssl=1\" class=\"attachment-medium_large size-medium_large\" alt=\"\" srcset=\"https:\/\/i0.wp.com\/yunanistansinemasigunleri.com\/wp-content\/uploads\/2022\/05\/Olga-Robarts-leaflet-02-rotated.jpg?w=2480&amp;ssl=1 2480w, https:\/\/i0.wp.com\/yunanistansinemasigunleri.com\/wp-content\/uploads\/2022\/05\/Olga-Robarts-leaflet-02-rotated.jpg?resize=212%2C300&amp;ssl=1 212w, https:\/\/i0.wp.com\/yunanistansinemasigunleri.com\/wp-content\/uploads\/2022\/05\/Olga-Robarts-leaflet-02-rotated.jpg?resize=724%2C1024&amp;ssl=1 724w, https:\/\/i0.wp.com\/yunanistansinemasigunleri.com\/wp-content\/uploads\/2022\/05\/Olga-Robarts-leaflet-02-rotated.jpg?resize=768%2C1086&amp;ssl=1 768w, https:\/\/i0.wp.com\/yunanistansinemasigunleri.com\/wp-content\/uploads\/2022\/05\/Olga-Robarts-leaflet-02-rotated.jpg?resize=1086%2C1536&amp;ssl=1 1086w, https:\/\/i0.wp.com\/yunanistansinemasigunleri.com\/wp-content\/uploads\/2022\/05\/Olga-Robarts-leaflet-02-rotated.jpg?resize=1448%2C2048&amp;ssl=1 1448w, https:\/\/i0.wp.com\/yunanistansinemasigunleri.com\/wp-content\/uploads\/2022\/05\/Olga-Robarts-leaflet-02-rotated.jpg?resize=8%2C12&amp;ssl=1 8w, https:\/\/i0.wp.com\/yunanistansinemasigunleri.com\/wp-content\/uploads\/2022\/05\/Olga-Robarts-leaflet-02-rotated.jpg?resize=1200%2C1697&amp;ssl=1 1200w, https:\/\/i0.wp.com\/yunanistansinemasigunleri.com\/wp-content\/uploads\/2022\/05\/Olga-Robarts-leaflet-02-rotated.jpg?w=1575&amp;ssl=1 1575w\" sizes=\"100vw\" data-attachment-id=\"270\" data-permalink=\"https:\/\/yunanistansinemasigunleri.com\/en\/olga-robarts-leaflet-02\/\" data-orig-file=\"https:\/\/i0.wp.com\/yunanistansinemasigunleri.com\/wp-content\/uploads\/2022\/05\/Olga-Robarts-leaflet-02-rotated.jpg?fit=2480%2C3508&amp;ssl=1\" data-orig-size=\"2480,3508\" data-comments-opened=\"1\" data-image-meta=\"{&quot;aperture&quot;:&quot;0&quot;,&quot;credit&quot;:&quot;&quot;,&quot;camera&quot;:&quot;&quot;,&quot;caption&quot;:&quot;&quot;,&quot;created_timestamp&quot;:&quot;0&quot;,&quot;copyright&quot;:&quot;&quot;,&quot;focal_length&quot;:&quot;0&quot;,&quot;iso&quot;:&quot;0&quot;,&quot;shutter_speed&quot;:&quot;0&quot;,&quot;title&quot;:&quot;&quot;,&quot;orientation&quot;:&quot;1&quot;}\" data-image-title=\"Olga Robarts leaflet 02\" data-image-description=\"\" data-image-caption=\"\" data-large-file=\"https:\/\/i0.wp.com\/yunanistansinemasigunleri.com\/wp-content\/uploads\/2022\/05\/Olga-Robarts-leaflet-02-rotated.jpg?fit=525%2C743&amp;ssl=1\" \/><\/a>\n\t\t\t<\/div><\/figure><figure class='gallery-item'>\n\t\t\t<div class='gallery-icon portrait'>\n\t\t\t\t<a data-elementor-open-lightbox=\"yes\" data-elementor-lightbox-slideshow=\"111ebbc\" data-elementor-lightbox-title=\"Olga Robarts leaflet 03\" data-e-action-hash=\"#elementor-action%3Aaction%3Dlightbox%26settings%3DeyJpZCI6MjcxLCJ1cmwiOiJodHRwczpcL1wveXVuYW5pc3RhbnNpbmVtYXNpZ3VubGVyaS5jb21cL3dwLWNvbnRlbnRcL3VwbG9hZHNcLzIwMjJcLzA1XC9PbGdhLVJvYmFydHMtbGVhZmxldC0wMy1yb3RhdGVkLmpwZyIsInNsaWRlc2hvdyI6IjExMWViYmMifQ%3D%3D\" href=\"https:\/\/i0.wp.com\/yunanistansinemasigunleri.com\/wp-content\/uploads\/2022\/05\/Olga-Robarts-leaflet-03-rotated.jpg?ssl=1\"><img decoding=\"async\" width=\"525\" height=\"742\" src=\"https:\/\/i0.wp.com\/yunanistansinemasigunleri.com\/wp-content\/uploads\/2022\/05\/Olga-Robarts-leaflet-03-rotated.jpg?fit=525%2C742&amp;ssl=1\" class=\"attachment-medium_large size-medium_large\" alt=\"\" srcset=\"https:\/\/i0.wp.com\/yunanistansinemasigunleri.com\/wp-content\/uploads\/2022\/05\/Olga-Robarts-leaflet-03-rotated.jpg?w=2480&amp;ssl=1 2480w, https:\/\/i0.wp.com\/yunanistansinemasigunleri.com\/wp-content\/uploads\/2022\/05\/Olga-Robarts-leaflet-03-rotated.jpg?resize=212%2C300&amp;ssl=1 212w, https:\/\/i0.wp.com\/yunanistansinemasigunleri.com\/wp-content\/uploads\/2022\/05\/Olga-Robarts-leaflet-03-rotated.jpg?resize=724%2C1024&amp;ssl=1 724w, https:\/\/i0.wp.com\/yunanistansinemasigunleri.com\/wp-content\/uploads\/2022\/05\/Olga-Robarts-leaflet-03-rotated.jpg?resize=768%2C1086&amp;ssl=1 768w, https:\/\/i0.wp.com\/yunanistansinemasigunleri.com\/wp-content\/uploads\/2022\/05\/Olga-Robarts-leaflet-03-rotated.jpg?resize=1086%2C1536&amp;ssl=1 1086w, https:\/\/i0.wp.com\/yunanistansinemasigunleri.com\/wp-content\/uploads\/2022\/05\/Olga-Robarts-leaflet-03-rotated.jpg?resize=1448%2C2048&amp;ssl=1 1448w, https:\/\/i0.wp.com\/yunanistansinemasigunleri.com\/wp-content\/uploads\/2022\/05\/Olga-Robarts-leaflet-03-rotated.jpg?resize=8%2C12&amp;ssl=1 8w, https:\/\/i0.wp.com\/yunanistansinemasigunleri.com\/wp-content\/uploads\/2022\/05\/Olga-Robarts-leaflet-03-rotated.jpg?resize=1200%2C1697&amp;ssl=1 1200w, https:\/\/i0.wp.com\/yunanistansinemasigunleri.com\/wp-content\/uploads\/2022\/05\/Olga-Robarts-leaflet-03-rotated.jpg?w=1575&amp;ssl=1 1575w\" sizes=\"100vw\" data-attachment-id=\"271\" data-permalink=\"https:\/\/yunanistansinemasigunleri.com\/en\/olga-robarts-leaflet-03\/\" data-orig-file=\"https:\/\/i0.wp.com\/yunanistansinemasigunleri.com\/wp-content\/uploads\/2022\/05\/Olga-Robarts-leaflet-03-rotated.jpg?fit=2480%2C3508&amp;ssl=1\" data-orig-size=\"2480,3508\" data-comments-opened=\"1\" data-image-meta=\"{&quot;aperture&quot;:&quot;0&quot;,&quot;credit&quot;:&quot;&quot;,&quot;camera&quot;:&quot;&quot;,&quot;caption&quot;:&quot;&quot;,&quot;created_timestamp&quot;:&quot;0&quot;,&quot;copyright&quot;:&quot;&quot;,&quot;focal_length&quot;:&quot;0&quot;,&quot;iso&quot;:&quot;0&quot;,&quot;shutter_speed&quot;:&quot;0&quot;,&quot;title&quot;:&quot;&quot;,&quot;orientation&quot;:&quot;1&quot;}\" data-image-title=\"Olga Robarts leaflet 03\" data-image-description=\"\" data-image-caption=\"\" data-large-file=\"https:\/\/i0.wp.com\/yunanistansinemasigunleri.com\/wp-content\/uploads\/2022\/05\/Olga-Robarts-leaflet-03-rotated.jpg?fit=525%2C743&amp;ssl=1\" \/><\/a>\n\t\t\t<\/div><\/figure><figure class='gallery-item'>\n\t\t\t<div class='gallery-icon portrait'>\n\t\t\t\t<a data-elementor-open-lightbox=\"yes\" data-elementor-lightbox-slideshow=\"111ebbc\" data-elementor-lightbox-title=\"Olga Robarts leaflet 04\" data-e-action-hash=\"#elementor-action%3Aaction%3Dlightbox%26settings%3DeyJpZCI6MjcyLCJ1cmwiOiJodHRwczpcL1wveXVuYW5pc3RhbnNpbmVtYXNpZ3VubGVyaS5jb21cL3dwLWNvbnRlbnRcL3VwbG9hZHNcLzIwMjJcLzA1XC9PbGdhLVJvYmFydHMtbGVhZmxldC0wNC1yb3RhdGVkLmpwZyIsInNsaWRlc2hvdyI6IjExMWViYmMifQ%3D%3D\" href=\"https:\/\/i0.wp.com\/yunanistansinemasigunleri.com\/wp-content\/uploads\/2022\/05\/Olga-Robarts-leaflet-04-rotated.jpg?ssl=1\"><img loading=\"lazy\" decoding=\"async\" width=\"525\" height=\"742\" src=\"https:\/\/i0.wp.com\/yunanistansinemasigunleri.com\/wp-content\/uploads\/2022\/05\/Olga-Robarts-leaflet-04-rotated.jpg?fit=525%2C742&amp;ssl=1\" class=\"attachment-medium_large size-medium_large\" alt=\"\" srcset=\"https:\/\/i0.wp.com\/yunanistansinemasigunleri.com\/wp-content\/uploads\/2022\/05\/Olga-Robarts-leaflet-04-rotated.jpg?w=2480&amp;ssl=1 2480w, https:\/\/i0.wp.com\/yunanistansinemasigunleri.com\/wp-content\/uploads\/2022\/05\/Olga-Robarts-leaflet-04-rotated.jpg?resize=212%2C300&amp;ssl=1 212w, https:\/\/i0.wp.com\/yunanistansinemasigunleri.com\/wp-content\/uploads\/2022\/05\/Olga-Robarts-leaflet-04-rotated.jpg?resize=724%2C1024&amp;ssl=1 724w, https:\/\/i0.wp.com\/yunanistansinemasigunleri.com\/wp-content\/uploads\/2022\/05\/Olga-Robarts-leaflet-04-rotated.jpg?resize=768%2C1086&amp;ssl=1 768w, https:\/\/i0.wp.com\/yunanistansinemasigunleri.com\/wp-content\/uploads\/2022\/05\/Olga-Robarts-leaflet-04-rotated.jpg?resize=1086%2C1536&amp;ssl=1 1086w, https:\/\/i0.wp.com\/yunanistansinemasigunleri.com\/wp-content\/uploads\/2022\/05\/Olga-Robarts-leaflet-04-rotated.jpg?resize=1448%2C2048&amp;ssl=1 1448w, https:\/\/i0.wp.com\/yunanistansinemasigunleri.com\/wp-content\/uploads\/2022\/05\/Olga-Robarts-leaflet-04-rotated.jpg?resize=8%2C12&amp;ssl=1 8w, https:\/\/i0.wp.com\/yunanistansinemasigunleri.com\/wp-content\/uploads\/2022\/05\/Olga-Robarts-leaflet-04-rotated.jpg?resize=1200%2C1697&amp;ssl=1 1200w, https:\/\/i0.wp.com\/yunanistansinemasigunleri.com\/wp-content\/uploads\/2022\/05\/Olga-Robarts-leaflet-04-rotated.jpg?w=1575&amp;ssl=1 1575w\" sizes=\"100vw\" data-attachment-id=\"272\" data-permalink=\"https:\/\/yunanistansinemasigunleri.com\/en\/olga-robarts-leaflet-04\/\" data-orig-file=\"https:\/\/i0.wp.com\/yunanistansinemasigunleri.com\/wp-content\/uploads\/2022\/05\/Olga-Robarts-leaflet-04-rotated.jpg?fit=2480%2C3508&amp;ssl=1\" data-orig-size=\"2480,3508\" data-comments-opened=\"1\" data-image-meta=\"{&quot;aperture&quot;:&quot;0&quot;,&quot;credit&quot;:&quot;&quot;,&quot;camera&quot;:&quot;&quot;,&quot;caption&quot;:&quot;&quot;,&quot;created_timestamp&quot;:&quot;0&quot;,&quot;copyright&quot;:&quot;&quot;,&quot;focal_length&quot;:&quot;0&quot;,&quot;iso&quot;:&quot;0&quot;,&quot;shutter_speed&quot;:&quot;0&quot;,&quot;title&quot;:&quot;&quot;,&quot;orientation&quot;:&quot;1&quot;}\" data-image-title=\"Olga Robarts leaflet 04\" data-image-description=\"\" data-image-caption=\"\" data-large-file=\"https:\/\/i0.wp.com\/yunanistansinemasigunleri.com\/wp-content\/uploads\/2022\/05\/Olga-Robarts-leaflet-04-rotated.jpg?fit=525%2C743&amp;ssl=1\" \/><\/a>\n\t\t\t<\/div><\/figure>\n\t\t<\/div>\n\t\t<\/div>\n\t\t\t\t\t\t<\/div>\n\t\t\t\t\t<\/div>\n\t\t<\/div>\n\t\t\t\t\t<\/div>\n\t\t<\/section>\n\t\t\t\t<section class=\"elementor-section elementor-top-section elementor-element elementor-element-2015aa3 elementor-section-boxed elementor-section-height-default elementor-section-height-default\" data-id=\"2015aa3\" data-element_type=\"section\" data-e-type=\"section\">\n\t\t\t\t\t\t<div class=\"elementor-container elementor-column-gap-default\">\n\t\t\t\t\t<div class=\"elementor-column elementor-col-100 elementor-top-column elementor-element elementor-element-7e729be\" data-id=\"7e729be\" data-element_type=\"column\" data-e-type=\"column\">\n\t\t\t<div class=\"elementor-widget-wrap elementor-element-populated\">\n\t\t\t\t\t\t<div class=\"elementor-element elementor-element-4c915cc elementor-widget-divider--view-line elementor-widget elementor-widget-divider\" data-id=\"4c915cc\" data-element_type=\"widget\" data-e-type=\"widget\" data-widget_type=\"divider.default\">\n\t\t\t\t\t\t\t<div class=\"elementor-divider\">\n\t\t\t<span class=\"elementor-divider-separator\">\n\t\t\t\t\t\t<\/span>\n\t\t<\/div>\n\t\t\t\t\t\t<\/div>\n\t\t\t\t\t<\/div>\n\t\t<\/div>\n\t\t\t\t\t<\/div>\n\t\t<\/section>\n\t\t\t\t<section class=\"elementor-section elementor-top-section elementor-element elementor-element-d7dc3af elementor-section-boxed elementor-section-height-default elementor-section-height-default\" data-id=\"d7dc3af\" data-element_type=\"section\" data-e-type=\"section\">\n\t\t\t\t\t\t<div class=\"elementor-container elementor-column-gap-default\">\n\t\t\t\t\t<div class=\"elementor-column elementor-col-50 elementor-top-column elementor-element elementor-element-b4f97dd\" data-id=\"b4f97dd\" data-element_type=\"column\" data-e-type=\"column\">\n\t\t\t<div class=\"elementor-widget-wrap elementor-element-populated\">\n\t\t\t\t\t\t<div class=\"elementor-element elementor-element-9f68218 elementor-widget elementor-widget-image\" data-id=\"9f68218\" data-element_type=\"widget\" data-e-type=\"widget\" data-widget_type=\"image.default\">\n\t\t\t\t\t\t\t\t\t\t\t\t\t\t\t<img loading=\"lazy\" decoding=\"async\" data-attachment-id=\"750\" data-permalink=\"https:\/\/yunanistansinemasigunleri.com\/en\/films\/olga-robards\/2_24_1\/\" data-orig-file=\"https:\/\/i0.wp.com\/yunanistansinemasigunleri.com\/wp-content\/uploads\/2022\/05\/2_24_1.jpg?fit=610%2C646&amp;ssl=1\" data-orig-size=\"610,646\" data-comments-opened=\"1\" data-image-meta=\"{&quot;aperture&quot;:&quot;0&quot;,&quot;credit&quot;:&quot;&quot;,&quot;camera&quot;:&quot;&quot;,&quot;caption&quot;:&quot;&quot;,&quot;created_timestamp&quot;:&quot;0&quot;,&quot;copyright&quot;:&quot;&quot;,&quot;focal_length&quot;:&quot;0&quot;,&quot;iso&quot;:&quot;0&quot;,&quot;shutter_speed&quot;:&quot;0&quot;,&quot;title&quot;:&quot;&quot;,&quot;orientation&quot;:&quot;0&quot;}\" data-image-title=\"2_24_1\" data-image-description=\"\" data-image-caption=\"\" data-large-file=\"https:\/\/i0.wp.com\/yunanistansinemasigunleri.com\/wp-content\/uploads\/2022\/05\/2_24_1.jpg?fit=525%2C556&amp;ssl=1\" width=\"525\" height=\"556\" src=\"https:\/\/i0.wp.com\/yunanistansinemasigunleri.com\/wp-content\/uploads\/2022\/05\/2_24_1.jpg?fit=525%2C556&amp;ssl=1\" class=\"attachment-large size-large wp-image-750\" alt=\"\" srcset=\"https:\/\/i0.wp.com\/yunanistansinemasigunleri.com\/wp-content\/uploads\/2022\/05\/2_24_1.jpg?w=610&amp;ssl=1 610w, https:\/\/i0.wp.com\/yunanistansinemasigunleri.com\/wp-content\/uploads\/2022\/05\/2_24_1.jpg?resize=283%2C300&amp;ssl=1 283w, https:\/\/i0.wp.com\/yunanistansinemasigunleri.com\/wp-content\/uploads\/2022\/05\/2_24_1.jpg?resize=11%2C12&amp;ssl=1 11w\" sizes=\"100vw\" \/>\t\t\t\t\t\t\t\t\t\t\t\t\t\t\t<\/div>\n\t\t\t\t\t<\/div>\n\t\t<\/div>\n\t\t\t\t<div class=\"elementor-column elementor-col-50 elementor-top-column elementor-element elementor-element-3125b52\" data-id=\"3125b52\" data-element_type=\"column\" data-e-type=\"column\">\n\t\t\t<div class=\"elementor-widget-wrap elementor-element-populated\">\n\t\t\t\t\t\t<div class=\"elementor-element elementor-element-843ff6f elementor-widget elementor-widget-text-editor\" data-id=\"843ff6f\" data-element_type=\"widget\" data-e-type=\"widget\" data-widget_type=\"text-editor.default\">\n\t\t\t\t\t\t\t\t\t<h5>HRISTOS VAKALOPOULOS<\/h5><p>He studied economics in Athens and film in Paris. He has worked as a film critic for the newspaper \u201cAvgi\u201d (1975-1985) and in the magazines \u201cContemporary Cinema,\u201d and \u201cAnti\u201d. He has published the books \u201cThe Best-Sellers Case\u201d (1980), \u201cThe Graduates\u201d (1984), \u201cNew Athenian Stories\u201d (1988) and \u201cThe Horizon Line\u201d (1992). Co-screenwriter of Stavros Tsiolis\u2019s \u201cAbout Santa Claus\u201d and Nikos Panagiotopoulos\u2019s \u201cThe Woman Who Dreamed\u201d. He directed the short feature films \u201cTerrace\u201d (1984) and \u201cTheatre\u201d (1986) and the long feature \u201cOlga Robards\u201d (1989). In 1993 he co-wrote and co-directed with Stavros Tsiolis the feature film \u201cPlease women, don\u2019t cry\u201d<\/p>\t\t\t\t\t\t\t\t<\/div>\n\t\t\t\t\t<\/div>\n\t\t<\/div>\n\t\t\t\t\t<\/div>\n\t\t<\/section>\n\t\t\t\t<\/div>","protected":false},"excerpt":{"rendered":"<p>OLGA ROBARDS Yunanistan, 1989, DCP, Renkli, 86\u2019Yunanca; T\u00fcrk\u00e7e ve \u0130ngilizce Altyaz\u0131l\u0131 10 Haziran Cuma &#8211; 15:00 S\u0130NOPS\u0130S Atina, se\u00e7kin Arap i\u015f insanlar\u0131n\u0131n seri cinayetleriyle \u00e7alkalan\u0131rken,\u00a0gen\u00e7 h\u0131rs\u0131z Dimitris yanl\u0131\u015fl\u0131kla katilin kimli\u011fini ke\u015ffeder. Ad\u0131n\u0131n\u00a0Olga Robards oldu\u011funu \u00f6\u011frenece\u011fi bu karizmatik Yunan-Amerikal\u0131 kad\u0131n\u0131 ne pahas\u0131na olursa olsun tan\u0131maya karar verir ve bunun\u00a0i\u00e7in de su\u00e7 konular\u0131nda uzman, ka\u00e7ak m\u00fcnzevi bir &hellip; <\/p>\n<p class=\"link-more\"><a href=\"https:\/\/yunanistansinemasigunleri.com\/en\/films\/olga-robards\/\" class=\"more-link\">Continue reading<span class=\"screen-reader-text\"> &#8220;Olga Robards&#8221;<\/span><\/a><\/p>","protected":false},"author":219729766,"featured_media":0,"parent":18,"menu_order":16,"comment_status":"closed","ping_status":"closed","template":"","meta":{"_crdt_document":"","advanced_seo_description":"","jetpack_seo_html_title":"","jetpack_seo_noindex":false,"footnotes":""},"class_list":["post-267","page","type-page","status-publish","hentry"],"jetpack_likes_enabled":true,"jetpack_sharing_enabled":true,"jetpack_shortlink":"https:\/\/wp.me\/PdSim2-4j","jetpack-related-posts":[],"amp_enabled":true,"_links":{"self":[{"href":"https:\/\/yunanistansinemasigunleri.com\/en\/wp-json\/wp\/v2\/pages\/267","targetHints":{"allow":["GET"]}}],"collection":[{"href":"https:\/\/yunanistansinemasigunleri.com\/en\/wp-json\/wp\/v2\/pages"}],"about":[{"href":"https:\/\/yunanistansinemasigunleri.com\/en\/wp-json\/wp\/v2\/types\/page"}],"author":[{"embeddable":true,"href":"https:\/\/yunanistansinemasigunleri.com\/en\/wp-json\/wp\/v2\/users\/219729766"}],"replies":[{"embeddable":true,"href":"https:\/\/yunanistansinemasigunleri.com\/en\/wp-json\/wp\/v2\/comments?post=267"}],"version-history":[{"count":22,"href":"https:\/\/yunanistansinemasigunleri.com\/en\/wp-json\/wp\/v2\/pages\/267\/revisions"}],"predecessor-version":[{"id":954,"href":"https:\/\/yunanistansinemasigunleri.com\/en\/wp-json\/wp\/v2\/pages\/267\/revisions\/954"}],"up":[{"embeddable":true,"href":"https:\/\/yunanistansinemasigunleri.com\/en\/wp-json\/wp\/v2\/pages\/18"}],"wp:attachment":[{"href":"https:\/\/yunanistansinemasigunleri.com\/en\/wp-json\/wp\/v2\/media?parent=267"}],"curies":[{"name":"wp","href":"https:\/\/api.w.org\/{rel}","templated":true}]}}