{"id":1976,"date":"2023-11-15T16:49:31","date_gmt":"2023-11-15T14:49:31","guid":{"rendered":"https:\/\/yunanistansinemasigunleri.com\/?page_id=1976"},"modified":"2023-11-20T11:57:53","modified_gmt":"2023-11-20T09:57:53","slug":"atina","status":"publish","type":"page","link":"https:\/\/yunanistansinemasigunleri.com\/en\/atina\/","title":{"rendered":"ATHINAI"},"content":{"rendered":"<div data-elementor-type=\"wp-page\" data-elementor-id=\"1976\" class=\"elementor elementor-1976\">\n\t\t\t\t<div class=\"elementor-element elementor-element-c36f966 e-flex e-con-boxed e-con e-parent\" data-id=\"c36f966\" data-element_type=\"container\" data-e-type=\"container\">\n\t\t\t\t\t<div class=\"e-con-inner\">\n\t\t\t\t<div class=\"elementor-element elementor-element-31ec6fb elementor-widget elementor-widget-heading\" data-id=\"31ec6fb\" data-element_type=\"widget\" data-e-type=\"widget\" data-widget_type=\"heading.default\">\n\t\t\t\t\t<h6 class=\"elementor-heading-title elementor-size-default\">ATHINAI<\/h6>\t\t\t\t<\/div>\n\t\t\t\t\t<\/div>\n\t\t\t\t<\/div>\n\t\t<div class=\"elementor-element elementor-element-060bf2e e-flex e-con-boxed e-con e-parent\" data-id=\"060bf2e\" data-element_type=\"container\" data-e-type=\"container\">\n\t\t\t\t\t<div class=\"e-con-inner\">\n\t\t<div class=\"elementor-element elementor-element-295313c e-con-full e-flex e-con e-child\" data-id=\"295313c\" data-element_type=\"container\" data-e-type=\"container\">\n\t\t\t\t<div class=\"elementor-element elementor-element-151036f elementor-widget elementor-widget-text-editor\" data-id=\"151036f\" data-element_type=\"widget\" data-e-type=\"widget\" data-widget_type=\"text-editor.default\">\n\t\t\t\t\t\t\t\t\t<h5><strong>\u0391\u0398\u0397\u039d\u0391\u0399<br \/>ATHINAI<\/strong><\/h5><p><em>One night in the central train station of Athens, silences full of unsaid questions\u00a0<\/em><\/p>\t\t\t\t\t\t\t\t<\/div>\n\t\t\t\t<\/div>\n\t\t<div class=\"elementor-element elementor-element-a7d1719 e-con-full e-flex e-con e-child\" data-id=\"a7d1719\" data-element_type=\"container\" data-e-type=\"container\">\n\t\t\t\t<div class=\"elementor-element elementor-element-c9e3815 elementor-widget elementor-widget-text-editor\" data-id=\"c9e3815\" data-element_type=\"widget\" data-e-type=\"widget\" data-widget_type=\"text-editor.default\">\n\t\t\t\t\t\t\t\t\t<h6 class=\"elementor-heading-title elementor-size-default\">22 Kas\u0131m \u00c7ar\u015famba 17.00<br \/><br \/><\/h6><p class=\"translation-block\">Greece | 1995 | DCP | Color | 40\u2019\nGreek \u2013 Turkish &amp; English Subtitled<\/p>\t\t\t\t\t\t\t\t<\/div>\n\t\t\t\t<\/div>\n\t\t\t\t\t<\/div>\n\t\t\t\t<\/div>\n\t\t<div class=\"elementor-element elementor-element-dafde3d e-flex e-con-boxed e-con e-parent\" data-id=\"dafde3d\" data-element_type=\"container\" data-e-type=\"container\">\n\t\t\t\t\t<div class=\"e-con-inner\">\n\t\t\t\t<div class=\"elementor-element elementor-element-0c02c0c elementor-widget elementor-widget-image\" data-id=\"0c02c0c\" data-element_type=\"widget\" data-e-type=\"widget\" data-widget_type=\"image.default\">\n\t\t\t\t\t\t\t\t\t\t\t\t\t\t\t<img fetchpriority=\"high\" decoding=\"async\" data-attachment-id=\"1992\" data-permalink=\"https:\/\/yunanistansinemasigunleri.com\/en\/atina\/3-3\/\" data-orig-file=\"https:\/\/i0.wp.com\/yunanistansinemasigunleri.com\/wp-content\/uploads\/2023\/11\/3-3.jpg?fit=3789%2C2862&amp;ssl=1\" data-orig-size=\"3789,2862\" data-comments-opened=\"1\" data-image-meta=\"{&quot;aperture&quot;:&quot;0&quot;,&quot;credit&quot;:&quot;&quot;,&quot;camera&quot;:&quot;&quot;,&quot;caption&quot;:&quot;&quot;,&quot;created_timestamp&quot;:&quot;1641933238&quot;,&quot;copyright&quot;:&quot;&quot;,&quot;focal_length&quot;:&quot;0&quot;,&quot;iso&quot;:&quot;0&quot;,&quot;shutter_speed&quot;:&quot;0&quot;,&quot;title&quot;:&quot;&quot;,&quot;orientation&quot;:&quot;0&quot;}\" data-image-title=\"3\" data-image-description=\"\" data-image-caption=\"\" data-large-file=\"https:\/\/i0.wp.com\/yunanistansinemasigunleri.com\/wp-content\/uploads\/2023\/11\/3-3.jpg?fit=525%2C396&amp;ssl=1\" width=\"740\" height=\"559\" src=\"https:\/\/i0.wp.com\/yunanistansinemasigunleri.com\/wp-content\/uploads\/2023\/11\/3-3.jpg?fit=740%2C559&amp;ssl=1\" class=\"attachment-large size-large wp-image-1992\" alt=\"\" srcset=\"https:\/\/i0.wp.com\/yunanistansinemasigunleri.com\/wp-content\/uploads\/2023\/11\/3-3.jpg?w=3789&amp;ssl=1 3789w, https:\/\/i0.wp.com\/yunanistansinemasigunleri.com\/wp-content\/uploads\/2023\/11\/3-3.jpg?resize=300%2C227&amp;ssl=1 300w, https:\/\/i0.wp.com\/yunanistansinemasigunleri.com\/wp-content\/uploads\/2023\/11\/3-3.jpg?resize=1024%2C773&amp;ssl=1 1024w, https:\/\/i0.wp.com\/yunanistansinemasigunleri.com\/wp-content\/uploads\/2023\/11\/3-3.jpg?resize=768%2C580&amp;ssl=1 768w, https:\/\/i0.wp.com\/yunanistansinemasigunleri.com\/wp-content\/uploads\/2023\/11\/3-3.jpg?resize=1536%2C1160&amp;ssl=1 1536w, https:\/\/i0.wp.com\/yunanistansinemasigunleri.com\/wp-content\/uploads\/2023\/11\/3-3.jpg?resize=2048%2C1547&amp;ssl=1 2048w, https:\/\/i0.wp.com\/yunanistansinemasigunleri.com\/wp-content\/uploads\/2023\/11\/3-3.jpg?resize=16%2C12&amp;ssl=1 16w, https:\/\/i0.wp.com\/yunanistansinemasigunleri.com\/wp-content\/uploads\/2023\/11\/3-3.jpg?resize=200%2C150&amp;ssl=1 200w, https:\/\/i0.wp.com\/yunanistansinemasigunleri.com\/wp-content\/uploads\/2023\/11\/3-3.jpg?resize=1200%2C906&amp;ssl=1 1200w, https:\/\/i0.wp.com\/yunanistansinemasigunleri.com\/wp-content\/uploads\/2023\/11\/3-3.jpg?w=1480&amp;ssl=1 1480w, https:\/\/i0.wp.com\/yunanistansinemasigunleri.com\/wp-content\/uploads\/2023\/11\/3-3.jpg?w=2220&amp;ssl=1 2220w\" sizes=\"100vw\" \/>\t\t\t\t\t\t\t\t\t\t\t\t\t\t\t<\/div>\n\t\t\t\t\t<\/div>\n\t\t\t\t<\/div>\n\t\t<div class=\"elementor-element elementor-element-3033ab2 e-flex e-con-boxed e-con e-parent\" data-id=\"3033ab2\" data-element_type=\"container\" data-e-type=\"container\">\n\t\t\t\t\t<div class=\"e-con-inner\">\n\t\t<div class=\"elementor-element elementor-element-fccba35 e-con-full e-flex e-con e-child\" data-id=\"fccba35\" data-element_type=\"container\" data-e-type=\"container\">\n\t\t\t\t<div class=\"elementor-element elementor-element-232000d elementor-widget elementor-widget-text-editor\" data-id=\"232000d\" data-element_type=\"widget\" data-e-type=\"widget\" data-widget_type=\"text-editor.default\">\n\t\t\t\t\t\t\t\t\t<p class=\"translation-block\">Director: Eva Stefani\nScreenplay: Eva Stefani\nDirector of Photography: Eva Stefani\nEditing: Gideon Boulting<\/p>\t\t\t\t\t\t\t\t<\/div>\n\t\t\t\t<\/div>\n\t\t<div class=\"elementor-element elementor-element-3fea919 e-con-full e-flex e-con e-child\" data-id=\"3fea919\" data-element_type=\"container\" data-e-type=\"container\">\n\t\t\t\t<div class=\"elementor-element elementor-element-58c66de elementor-widget elementor-widget-text-editor\" data-id=\"58c66de\" data-element_type=\"widget\" data-e-type=\"widget\" data-widget_type=\"text-editor.default\">\n\t\t\t\t\t\t\t\t\t<h5><strong>SYNOPSIS<\/strong><\/h5><p><span style=\"font-weight: 400;\">One night in the spring of 1995, the camera observing life at the Larissa Train Station in Athens introduces us to the 'tenants' of the station: Antonia, Florakis, and George. The film, shot over four weeks, presents a gallery of people living at the station by following the chronological structure of a single evening: homeless individuals, soldiers, and migrants define a space where different worlds converge and coexist.\u00a0<\/span><\/p>\t\t\t\t\t\t\t\t<\/div>\n\t\t\t\t<\/div>\n\t\t\t\t\t<\/div>\n\t\t\t\t<\/div>\n\t\t<div class=\"elementor-element elementor-element-49bf349 e-flex e-con-boxed e-con e-parent\" data-id=\"49bf349\" data-element_type=\"container\" data-e-type=\"container\">\n\t\t\t\t\t<div class=\"e-con-inner\">\n\t\t\t\t<div class=\"elementor-element elementor-element-9fb300f elementor-arrows-position-inside elementor-pagination-position-outside elementor-widget elementor-widget-image-carousel\" data-id=\"9fb300f\" data-element_type=\"widget\" data-e-type=\"widget\" data-settings=\"{&quot;slides_to_show&quot;:&quot;1&quot;,&quot;navigation&quot;:&quot;both&quot;,&quot;autoplay&quot;:&quot;yes&quot;,&quot;pause_on_hover&quot;:&quot;yes&quot;,&quot;pause_on_interaction&quot;:&quot;yes&quot;,&quot;autoplay_speed&quot;:5000,&quot;infinite&quot;:&quot;yes&quot;,&quot;effect&quot;:&quot;slide&quot;,&quot;speed&quot;:500}\" data-widget_type=\"image-carousel.default\">\n\t\t\t\t\t\t\t<div class=\"elementor-image-carousel-wrapper swiper\" role=\"region\" aria-roledescription=\"carousel\" aria-label=\"Image Carousel\" dir=\"ltr\">\n\t\t\t<div class=\"elementor-image-carousel swiper-wrapper\" aria-live=\"off\">\n\t\t\t\t\t\t\t\t<div class=\"swiper-slide\" role=\"group\" aria-roledescription=\"slide\" aria-label=\"1 of 5\" data-no-translation-aria-label=\"\"><figure class=\"swiper-slide-inner\"><img decoding=\"async\" class=\"swiper-slide-image\" src=\"https:\/\/i0.wp.com\/yunanistansinemasigunleri.com\/wp-content\/uploads\/2023\/11\/3-3.jpg?fit=740%2C559&amp;ssl=1\" alt=\"3\" \/><\/figure><\/div><div class=\"swiper-slide\" role=\"group\" aria-roledescription=\"slide\" aria-label=\"2 of 5\" data-no-translation-aria-label=\"\"><figure class=\"swiper-slide-inner\"><img decoding=\"async\" class=\"swiper-slide-image\" src=\"https:\/\/i0.wp.com\/yunanistansinemasigunleri.com\/wp-content\/uploads\/2023\/11\/4-4.jpg?fit=740%2C562&amp;ssl=1\" alt=\"4\" \/><\/figure><\/div><div class=\"swiper-slide\" role=\"group\" aria-roledescription=\"slide\" aria-label=\"3 of 5\" data-no-translation-aria-label=\"\"><figure class=\"swiper-slide-inner\"><img decoding=\"async\" class=\"swiper-slide-image\" src=\"https:\/\/i0.wp.com\/yunanistansinemasigunleri.com\/wp-content\/uploads\/2023\/11\/5-2.jpg?fit=740%2C562&amp;ssl=1\" alt=\"5\" \/><\/figure><\/div><div class=\"swiper-slide\" role=\"group\" aria-roledescription=\"slide\" aria-label=\"4 of 5\" data-no-translation-aria-label=\"\"><figure class=\"swiper-slide-inner\"><img decoding=\"async\" class=\"swiper-slide-image\" src=\"https:\/\/i0.wp.com\/yunanistansinemasigunleri.com\/wp-content\/uploads\/2023\/11\/2-3.jpg?fit=740%2C560&amp;ssl=1\" alt=\"2\" \/><\/figure><\/div><div class=\"swiper-slide\" role=\"group\" aria-roledescription=\"slide\" aria-label=\"5 of 5\" data-no-translation-aria-label=\"\"><figure class=\"swiper-slide-inner\"><img decoding=\"async\" class=\"swiper-slide-image\" src=\"https:\/\/i0.wp.com\/yunanistansinemasigunleri.com\/wp-content\/uploads\/2023\/11\/1-3.jpg?fit=740%2C563&amp;ssl=1\" alt=\"1\" \/><\/figure><\/div>\t\t\t<\/div>\n\t\t\t\t\t\t\t\t\t\t\t\t<div class=\"elementor-swiper-button elementor-swiper-button-prev\" role=\"button\" tabindex=\"0\">\n\t\t\t\t\t\t<svg aria-hidden=\"true\" class=\"e-font-icon-svg e-eicon-chevron-left\" viewbox=\"0 0 1000 1000\" xmlns=\"http:\/\/www.w3.org\/2000\/svg\"><path d=\"M646 125C629 125 613 133 604 142L308 442C296 454 292 471 292 487 292 504 296 521 308 533L604 854C617 867 629 875 646 875 663 875 679 871 692 858 704 846 713 829 713 812 713 796 708 779 692 767L438 487 692 225C700 217 708 204 708 187 708 171 704 154 692 142 675 129 663 125 646 125Z\"><\/path><\/svg>\t\t\t\t\t<\/div>\n\t\t\t\t\t<div class=\"elementor-swiper-button elementor-swiper-button-next\" role=\"button\" tabindex=\"0\">\n\t\t\t\t\t\t<svg aria-hidden=\"true\" class=\"e-font-icon-svg e-eicon-chevron-right\" viewbox=\"0 0 1000 1000\" xmlns=\"http:\/\/www.w3.org\/2000\/svg\"><path d=\"M696 533C708 521 713 504 713 487 713 471 708 454 696 446L400 146C388 133 375 125 354 125 338 125 325 129 313 142 300 154 292 171 292 187 292 204 296 221 308 233L563 492 304 771C292 783 288 800 288 817 288 833 296 850 308 863 321 871 338 875 354 875 371 875 388 867 400 854L696 533Z\"><\/path><\/svg>\t\t\t\t\t<\/div>\n\t\t\t\t\n\t\t\t\t\t\t\t\t\t<div class=\"swiper-pagination\"><\/div>\n\t\t\t\t\t\t\t\t\t<\/div>\n\t\t\t\t\t\t<\/div>\n\t\t\t\t\t<\/div>\n\t\t\t\t<\/div>\n\t\t<div class=\"elementor-element elementor-element-e88f8f9 e-flex e-con-boxed e-con e-parent\" data-id=\"e88f8f9\" data-element_type=\"container\" data-e-type=\"container\">\n\t\t\t\t\t<div class=\"e-con-inner\">\n\t\t\t\t<div class=\"elementor-element elementor-element-73229f5 elementor-widget elementor-widget-spacer\" data-id=\"73229f5\" data-element_type=\"widget\" data-e-type=\"widget\" data-widget_type=\"spacer.default\">\n\t\t\t\t\t\t\t<div class=\"elementor-spacer\">\n\t\t\t<div class=\"elementor-spacer-inner\"><\/div>\n\t\t<\/div>\n\t\t\t\t\t\t<\/div>\n\t\t\t\t\t<\/div>\n\t\t\t\t<\/div>\n\t\t<div class=\"elementor-element elementor-element-6a6cabf e-flex e-con-boxed e-con e-parent\" data-id=\"6a6cabf\" data-element_type=\"container\" data-e-type=\"container\">\n\t\t\t\t\t<div class=\"e-con-inner\">\n\t\t<div class=\"elementor-element elementor-element-095dc11 e-con-full e-flex e-con e-child\" data-id=\"095dc11\" data-element_type=\"container\" data-e-type=\"container\">\n\t\t\t\t<div class=\"elementor-element elementor-element-e8ae591 elementor-widget elementor-widget-text-editor\" data-id=\"e8ae591\" data-element_type=\"widget\" data-e-type=\"widget\" data-widget_type=\"text-editor.default\">\n\t\t\t\t\t\t\t\t\t<h5><b>Eva Stefani <\/b><span style=\"font-weight: 400;\">(1964)<\/span><\/h5><p><span style=\"font-weight: 400;\">She is a documentarist, filmmaker, visual artist and a poet. She uses videos and Super 8 film to create observatory documentaries and short visual poems. Some of her noteworthy films are \u201cAcropolis\u201d (2001), \u201cThe Box\u201d (2004), \u201cBathers\u201d (2008), \u201cDimitris Papaioannou\u201d (2012), \u201cManuscript\u201d (2017), \u201cVirgin\u2019s Temple\u201d (2017), and \u201cDays and Nights of Demetra K.\u201d (2021). Stefani, who has her work displayed in international exhibitions, is also the editor of the Patakis Publishers\u2019 Film Series and the author of the books  \u201cDocumentary: The Observation Game\u201d (2016) and \u201c10 Texts on Documentary\u201d (2007).<\/span><\/p>\t\t\t\t\t\t\t\t<\/div>\n\t\t\t\t<\/div>\n\t\t<div class=\"elementor-element elementor-element-2e49059 e-con-full e-flex e-con e-child\" data-id=\"2e49059\" data-element_type=\"container\" data-e-type=\"container\">\n\t\t\t\t<div class=\"elementor-element elementor-element-0845163 elementor-widget elementor-widget-image\" data-id=\"0845163\" data-element_type=\"widget\" data-e-type=\"widget\" data-widget_type=\"image.default\">\n\t\t\t\t\t\t\t\t\t\t\t\t\t\t\t<img decoding=\"async\" data-attachment-id=\"2631\" data-permalink=\"https:\/\/yunanistansinemasigunleri.com\/en\/ustalik-sinifi\/eva-stefani-2023\/\" data-orig-file=\"https:\/\/i0.wp.com\/yunanistansinemasigunleri.com\/wp-content\/uploads\/2023\/11\/EVA-STEFANI-2023-rotated.jpg?fit=2320%2C3088&amp;ssl=1\" data-orig-size=\"2320,3088\" data-comments-opened=\"1\" data-image-meta=\"{&quot;aperture&quot;:&quot;2.2&quot;,&quot;credit&quot;:&quot;&quot;,&quot;camera&quot;:&quot;iPhone 8&quot;,&quot;caption&quot;:&quot;&quot;,&quot;created_timestamp&quot;:&quot;1665332631&quot;,&quot;copyright&quot;:&quot;&quot;,&quot;focal_length&quot;:&quot;2.87&quot;,&quot;iso&quot;:&quot;40&quot;,&quot;shutter_speed&quot;:&quot;0.0083333333333333&quot;,&quot;title&quot;:&quot;&quot;,&quot;orientation&quot;:&quot;1&quot;}\" data-image-title=\"EVA STEFANI 2023\" data-image-description=\"\" data-image-caption=\"\" data-large-file=\"https:\/\/i0.wp.com\/yunanistansinemasigunleri.com\/wp-content\/uploads\/2023\/11\/EVA-STEFANI-2023-rotated.jpg?fit=525%2C699&amp;ssl=1\" width=\"225\" height=\"300\" src=\"https:\/\/i0.wp.com\/yunanistansinemasigunleri.com\/wp-content\/uploads\/2023\/11\/EVA-STEFANI-2023-rotated.jpg?fit=225%2C300&amp;ssl=1\" class=\"attachment-medium size-medium wp-image-2631\" alt=\"\" srcset=\"https:\/\/i0.wp.com\/yunanistansinemasigunleri.com\/wp-content\/uploads\/2023\/11\/EVA-STEFANI-2023-rotated.jpg?w=2320&amp;ssl=1 2320w, https:\/\/i0.wp.com\/yunanistansinemasigunleri.com\/wp-content\/uploads\/2023\/11\/EVA-STEFANI-2023-rotated.jpg?resize=225%2C300&amp;ssl=1 225w, https:\/\/i0.wp.com\/yunanistansinemasigunleri.com\/wp-content\/uploads\/2023\/11\/EVA-STEFANI-2023-rotated.jpg?resize=769%2C1024&amp;ssl=1 769w, https:\/\/i0.wp.com\/yunanistansinemasigunleri.com\/wp-content\/uploads\/2023\/11\/EVA-STEFANI-2023-rotated.jpg?resize=768%2C1022&amp;ssl=1 768w, https:\/\/i0.wp.com\/yunanistansinemasigunleri.com\/wp-content\/uploads\/2023\/11\/EVA-STEFANI-2023-rotated.jpg?resize=1154%2C1536&amp;ssl=1 1154w, https:\/\/i0.wp.com\/yunanistansinemasigunleri.com\/wp-content\/uploads\/2023\/11\/EVA-STEFANI-2023-rotated.jpg?resize=1539%2C2048&amp;ssl=1 1539w, https:\/\/i0.wp.com\/yunanistansinemasigunleri.com\/wp-content\/uploads\/2023\/11\/EVA-STEFANI-2023-rotated.jpg?resize=9%2C12&amp;ssl=1 9w, https:\/\/i0.wp.com\/yunanistansinemasigunleri.com\/wp-content\/uploads\/2023\/11\/EVA-STEFANI-2023-rotated.jpg?resize=900%2C1200&amp;ssl=1 900w, https:\/\/i0.wp.com\/yunanistansinemasigunleri.com\/wp-content\/uploads\/2023\/11\/EVA-STEFANI-2023-rotated.jpg?resize=600%2C800&amp;ssl=1 600w, https:\/\/i0.wp.com\/yunanistansinemasigunleri.com\/wp-content\/uploads\/2023\/11\/EVA-STEFANI-2023-rotated.jpg?resize=450%2C600&amp;ssl=1 450w, https:\/\/i0.wp.com\/yunanistansinemasigunleri.com\/wp-content\/uploads\/2023\/11\/EVA-STEFANI-2023-rotated.jpg?resize=300%2C400&amp;ssl=1 300w, https:\/\/i0.wp.com\/yunanistansinemasigunleri.com\/wp-content\/uploads\/2023\/11\/EVA-STEFANI-2023-rotated.jpg?resize=150%2C200&amp;ssl=1 150w, https:\/\/i0.wp.com\/yunanistansinemasigunleri.com\/wp-content\/uploads\/2023\/11\/EVA-STEFANI-2023-rotated.jpg?resize=1200%2C1597&amp;ssl=1 1200w, https:\/\/i0.wp.com\/yunanistansinemasigunleri.com\/wp-content\/uploads\/2023\/11\/EVA-STEFANI-2023-rotated.jpg?w=1480&amp;ssl=1 1480w, https:\/\/i0.wp.com\/yunanistansinemasigunleri.com\/wp-content\/uploads\/2023\/11\/EVA-STEFANI-2023-rotated.jpg?w=2220&amp;ssl=1 2220w\" sizes=\"100vw\" \/>\t\t\t\t\t\t\t\t\t\t\t\t\t\t\t<\/div>\n\t\t\t\t<\/div>\n\t\t\t\t\t<\/div>\n\t\t\t\t<\/div>\n\t\t\t\t<\/div>","protected":false},"excerpt":{"rendered":"<p>AT\u0130NA \u0391\u0398\u0397\u039d\u0391\u0399ATHINAI Atina tren gar\u0131nda bir ak\u015fam, sorulamam\u0131\u015f sorularla dolu sessizlikler\u00a0 22 Kas\u0131m \u00c7ar\u015famba 17.00 Yunanistan | 1995 | DCP | Renkli | 40\u2019\u00a0Yunanca \u2013 T\u00fcrk\u00e7e &amp; \u0130ngilizce Altyaz\u0131l\u0131 Y\u00f6netmen: Eva StefaniSenaryo: Eva StefaniG\u00f6r\u00fcnt\u00fc Y\u00f6netmeni: Eva StefaniKurgu: Gideon Boulting S\u0130NOPS\u0130S 1995 bahar\u0131nda bir gece, Atina\u2019daki Larissa Tren \u0130stasyonu\u2019ndaki ya\u015fam\u0131 izleyen kamera, istasyonun \u2018kirac\u0131lar\u0131\u2019 olan Antonia, &hellip; <\/p>\n<p class=\"link-more\"><a href=\"https:\/\/yunanistansinemasigunleri.com\/en\/atina\/\" class=\"more-link\">Continue reading<span class=\"screen-reader-text\"> &#8220;AT\u0130NA&#8221;<\/span><\/a><\/p>","protected":false},"author":219729766,"featured_media":0,"parent":0,"menu_order":0,"comment_status":"closed","ping_status":"closed","template":"","meta":{"_crdt_document":"","advanced_seo_description":"","jetpack_seo_html_title":"","jetpack_seo_noindex":false,"footnotes":""},"class_list":["post-1976","page","type-page","status-publish","hentry"],"jetpack_likes_enabled":true,"jetpack_sharing_enabled":true,"jetpack_shortlink":"https:\/\/wp.me\/PdSim2-vS","jetpack-related-posts":[],"amp_enabled":true,"_links":{"self":[{"href":"https:\/\/yunanistansinemasigunleri.com\/en\/wp-json\/wp\/v2\/pages\/1976","targetHints":{"allow":["GET"]}}],"collection":[{"href":"https:\/\/yunanistansinemasigunleri.com\/en\/wp-json\/wp\/v2\/pages"}],"about":[{"href":"https:\/\/yunanistansinemasigunleri.com\/en\/wp-json\/wp\/v2\/types\/page"}],"author":[{"embeddable":true,"href":"https:\/\/yunanistansinemasigunleri.com\/en\/wp-json\/wp\/v2\/users\/219729766"}],"replies":[{"embeddable":true,"href":"https:\/\/yunanistansinemasigunleri.com\/en\/wp-json\/wp\/v2\/comments?post=1976"}],"version-history":[{"count":23,"href":"https:\/\/yunanistansinemasigunleri.com\/en\/wp-json\/wp\/v2\/pages\/1976\/revisions"}],"predecessor-version":[{"id":2637,"href":"https:\/\/yunanistansinemasigunleri.com\/en\/wp-json\/wp\/v2\/pages\/1976\/revisions\/2637"}],"wp:attachment":[{"href":"https:\/\/yunanistansinemasigunleri.com\/en\/wp-json\/wp\/v2\/media?parent=1976"}],"curies":[{"name":"wp","href":"https:\/\/api.w.org\/{rel}","templated":true}]}}