{"id":1975,"date":"2023-11-15T16:53:59","date_gmt":"2023-11-15T14:53:59","guid":{"rendered":"https:\/\/yunanistansinemasigunleri.com\/?page_id=1975"},"modified":"2023-11-19T14:26:14","modified_gmt":"2023-11-19T12:26:14","slug":"mayista-100-saat","status":"publish","type":"page","link":"https:\/\/yunanistansinemasigunleri.com\/en\/mayista-100-saat\/","title":{"rendered":"100 HOURS IN MAY"},"content":{"rendered":"<div data-elementor-type=\"wp-page\" data-elementor-id=\"1975\" class=\"elementor elementor-1975\">\n\t\t\t\t<div class=\"elementor-element elementor-element-4a64468 e-flex e-con-boxed e-con e-parent\" data-id=\"4a64468\" data-element_type=\"container\" data-e-type=\"container\">\n\t\t\t\t\t<div class=\"e-con-inner\">\n\t\t\t\t<div class=\"elementor-element elementor-element-37a6641 elementor-widget elementor-widget-heading\" data-id=\"37a6641\" data-element_type=\"widget\" data-e-type=\"widget\" data-widget_type=\"heading.default\">\n\t\t\t\t\t<h6 class=\"elementor-heading-title elementor-size-default\">100 HOURS IN MAY\n<\/h6>\t\t\t\t<\/div>\n\t\t\t\t\t<\/div>\n\t\t\t\t<\/div>\n\t\t<div class=\"elementor-element elementor-element-62589fc e-flex e-con-boxed e-con e-parent\" data-id=\"62589fc\" data-element_type=\"container\" data-e-type=\"container\">\n\t\t\t\t\t<div class=\"e-con-inner\">\n\t\t<div class=\"elementor-element elementor-element-ff58959 e-con-full e-flex e-con e-child\" data-id=\"ff58959\" data-element_type=\"container\" data-e-type=\"container\">\n\t\t\t\t<div class=\"elementor-element elementor-element-7360843 elementor-widget elementor-widget-text-editor\" data-id=\"7360843\" data-element_type=\"widget\" data-e-type=\"widget\" data-widget_type=\"text-editor.default\">\n\t\t\t\t\t\t\t\t\t<h5><strong>100 \u03a9\u03a1\u0395\u03a3 \u03a4\u039f\u03a5 \u039c\u0391\u0397<br \/>100 HOURS IN MAY<\/strong><\/h5><p><em>Honoring Democracy<\/em><\/p>\t\t\t\t\t\t\t\t<\/div>\n\t\t\t\t<\/div>\n\t\t\t\t<div class=\"elementor-element elementor-element-8aef1c4 elementor-widget elementor-widget-text-editor\" data-id=\"8aef1c4\" data-element_type=\"widget\" data-e-type=\"widget\" data-widget_type=\"text-editor.default\">\n\t\t\t\t\t\t\t\t\t<h6 class=\"elementor-heading-title elementor-size-default\">25 Kas\u0131m Cumartesi 13.15<\/h6><p class=\"translation-block\">Greece | 1964 | DCP | Color, B&amp;W | 20\u2019\nGreek \u2013 Turkish &amp; English Subtitled<\/p>\t\t\t\t\t\t\t\t<\/div>\n\t\t\t\t\t<\/div>\n\t\t\t\t<\/div>\n\t\t<div class=\"elementor-element elementor-element-b309aa8 e-flex e-con-boxed e-con e-parent\" data-id=\"b309aa8\" data-element_type=\"container\" data-e-type=\"container\">\n\t\t\t\t\t<div class=\"e-con-inner\">\n\t\t\t\t<div class=\"elementor-element elementor-element-2fa5eae elementor-widget elementor-widget-image\" data-id=\"2fa5eae\" data-element_type=\"widget\" data-e-type=\"widget\" data-widget_type=\"image.default\">\n\t\t\t\t\t\t\t\t\t\t\t\t\t\t\t<img fetchpriority=\"high\" decoding=\"async\" data-attachment-id=\"1982\" data-permalink=\"https:\/\/yunanistansinemasigunleri.com\/en\/mayista-100-saat\/2-2\/\" data-orig-file=\"https:\/\/i0.wp.com\/yunanistansinemasigunleri.com\/wp-content\/uploads\/2023\/11\/2-2.jpg?fit=3778%2C2847&amp;ssl=1\" data-orig-size=\"3778,2847\" data-comments-opened=\"1\" data-image-meta=\"{&quot;aperture&quot;:&quot;0&quot;,&quot;credit&quot;:&quot;&quot;,&quot;camera&quot;:&quot;&quot;,&quot;caption&quot;:&quot;&quot;,&quot;created_timestamp&quot;:&quot;1641916825&quot;,&quot;copyright&quot;:&quot;&quot;,&quot;focal_length&quot;:&quot;0&quot;,&quot;iso&quot;:&quot;0&quot;,&quot;shutter_speed&quot;:&quot;0&quot;,&quot;title&quot;:&quot;&quot;,&quot;orientation&quot;:&quot;0&quot;}\" data-image-title=\"2\" data-image-description=\"\" data-image-caption=\"\" data-large-file=\"https:\/\/i0.wp.com\/yunanistansinemasigunleri.com\/wp-content\/uploads\/2023\/11\/2-2.jpg?fit=525%2C396&amp;ssl=1\" width=\"740\" height=\"558\" src=\"https:\/\/i0.wp.com\/yunanistansinemasigunleri.com\/wp-content\/uploads\/2023\/11\/2-2.jpg?fit=740%2C558&amp;ssl=1\" class=\"attachment-large size-large wp-image-1982\" alt=\"\" srcset=\"https:\/\/i0.wp.com\/yunanistansinemasigunleri.com\/wp-content\/uploads\/2023\/11\/2-2.jpg?w=3778&amp;ssl=1 3778w, https:\/\/i0.wp.com\/yunanistansinemasigunleri.com\/wp-content\/uploads\/2023\/11\/2-2.jpg?resize=300%2C226&amp;ssl=1 300w, https:\/\/i0.wp.com\/yunanistansinemasigunleri.com\/wp-content\/uploads\/2023\/11\/2-2.jpg?resize=1024%2C772&amp;ssl=1 1024w, https:\/\/i0.wp.com\/yunanistansinemasigunleri.com\/wp-content\/uploads\/2023\/11\/2-2.jpg?resize=768%2C579&amp;ssl=1 768w, https:\/\/i0.wp.com\/yunanistansinemasigunleri.com\/wp-content\/uploads\/2023\/11\/2-2.jpg?resize=1536%2C1157&amp;ssl=1 1536w, https:\/\/i0.wp.com\/yunanistansinemasigunleri.com\/wp-content\/uploads\/2023\/11\/2-2.jpg?resize=2048%2C1543&amp;ssl=1 2048w, https:\/\/i0.wp.com\/yunanistansinemasigunleri.com\/wp-content\/uploads\/2023\/11\/2-2.jpg?resize=16%2C12&amp;ssl=1 16w, https:\/\/i0.wp.com\/yunanistansinemasigunleri.com\/wp-content\/uploads\/2023\/11\/2-2.jpg?resize=200%2C150&amp;ssl=1 200w, https:\/\/i0.wp.com\/yunanistansinemasigunleri.com\/wp-content\/uploads\/2023\/11\/2-2.jpg?resize=1200%2C904&amp;ssl=1 1200w, https:\/\/i0.wp.com\/yunanistansinemasigunleri.com\/wp-content\/uploads\/2023\/11\/2-2.jpg?w=1480&amp;ssl=1 1480w, https:\/\/i0.wp.com\/yunanistansinemasigunleri.com\/wp-content\/uploads\/2023\/11\/2-2.jpg?w=2220&amp;ssl=1 2220w\" sizes=\"100vw\" \/>\t\t\t\t\t\t\t\t\t\t\t\t\t\t\t<\/div>\n\t\t\t\t\t<\/div>\n\t\t\t\t<\/div>\n\t\t<div class=\"elementor-element elementor-element-2278a06 e-flex e-con-boxed e-con e-parent\" data-id=\"2278a06\" data-element_type=\"container\" data-e-type=\"container\">\n\t\t\t\t\t<div class=\"e-con-inner\">\n\t\t<div class=\"elementor-element elementor-element-be3052a e-con-full e-flex e-con e-child\" data-id=\"be3052a\" data-element_type=\"container\" data-e-type=\"container\">\n\t\t\t\t<div class=\"elementor-element elementor-element-1d5f889 elementor-widget elementor-widget-text-editor\" data-id=\"1d5f889\" data-element_type=\"widget\" data-e-type=\"widget\" data-widget_type=\"text-editor.default\">\n\t\t\t\t\t\t\t\t\t<p class=\"translation-block\">Director: Dimos Theos, Fotos Lambrinos\nScreenplay: Dimos Theos, Fotos Lambrinos\nDirector of Photography: Takis Kalatzis, Giannis Kalovyrnas\nEditing: Dimos Theos\nNarrator: Theodoros Malikios\nProducer: Dimos Theos<\/p>\t\t\t\t\t\t\t\t<\/div>\n\t\t\t\t<\/div>\n\t\t<div class=\"elementor-element elementor-element-4a51d4f e-con-full e-flex e-con e-child\" data-id=\"4a51d4f\" data-element_type=\"container\" data-e-type=\"container\">\n\t\t\t\t<div class=\"elementor-element elementor-element-b09981c elementor-widget elementor-widget-text-editor\" data-id=\"b09981c\" data-element_type=\"widget\" data-e-type=\"widget\" data-widget_type=\"text-editor.default\">\n\t\t\t\t\t\t\t\t\t<h5><strong>SYNOPSIS<\/strong><\/h5><p><span style=\"font-weight: 400;\">Costa-Gavras\u2019\u0131n me\u015fhur filmi \u201cZ\u2013\u00d6l\u00fcms\u00fcz\u201d\u00fcn temelini de olu\u015fturan olaylar\u0131 konu alan film, Grigoris Lambrakis'in \u00f6ld\u00fcr\u00fclmeden \u00f6nceki son saatlerini ve cenazesinde ya\u015fananlar\u0131 anlat\u0131yor. Lambrakis\u2019i bir politik fenomen olarak i\u015fleyen film, Yunanistan tarihinin \u00f6nemli bir d\u00f6nemine de \u0131\u015f\u0131k tutuyor.<\/span><\/p>\t\t\t\t\t\t\t\t<\/div>\n\t\t\t\t<\/div>\n\t\t\t\t\t<\/div>\n\t\t\t\t<\/div>\n\t\t<div class=\"elementor-element elementor-element-6318022 e-flex e-con-boxed e-con e-parent\" data-id=\"6318022\" data-element_type=\"container\" data-e-type=\"container\">\n\t\t\t\t\t<div class=\"e-con-inner\">\n\t\t\t\t<div class=\"elementor-element elementor-element-72889f8 elementor-arrows-position-inside elementor-pagination-position-outside elementor-widget elementor-widget-image-carousel\" data-id=\"72889f8\" data-element_type=\"widget\" data-e-type=\"widget\" data-settings=\"{&quot;slides_to_show&quot;:&quot;1&quot;,&quot;navigation&quot;:&quot;both&quot;,&quot;autoplay&quot;:&quot;yes&quot;,&quot;pause_on_hover&quot;:&quot;yes&quot;,&quot;pause_on_interaction&quot;:&quot;yes&quot;,&quot;autoplay_speed&quot;:5000,&quot;infinite&quot;:&quot;yes&quot;,&quot;effect&quot;:&quot;slide&quot;,&quot;speed&quot;:500}\" data-widget_type=\"image-carousel.default\">\n\t\t\t\t\t\t\t<div class=\"elementor-image-carousel-wrapper swiper\" role=\"region\" aria-roledescription=\"carousel\" aria-label=\"Image Carousel\" dir=\"ltr\">\n\t\t\t<div class=\"elementor-image-carousel swiper-wrapper\" aria-live=\"off\">\n\t\t\t\t\t\t\t\t<div class=\"swiper-slide\" role=\"group\" aria-roledescription=\"slide\" aria-label=\"1 of 5\" data-no-translation-aria-label=\"\"><figure class=\"swiper-slide-inner\"><img decoding=\"async\" class=\"swiper-slide-image\" src=\"https:\/\/i0.wp.com\/yunanistansinemasigunleri.com\/wp-content\/uploads\/2023\/11\/5.jpg?fit=740%2C551&amp;ssl=1\" alt=\"5\" \/><\/figure><\/div><div class=\"swiper-slide\" role=\"group\" aria-roledescription=\"slide\" aria-label=\"2 of 5\" data-no-translation-aria-label=\"\"><figure class=\"swiper-slide-inner\"><img decoding=\"async\" class=\"swiper-slide-image\" src=\"https:\/\/i0.wp.com\/yunanistansinemasigunleri.com\/wp-content\/uploads\/2023\/11\/4-2.jpg?fit=740%2C561&amp;ssl=1\" alt=\"4\" \/><\/figure><\/div><div class=\"swiper-slide\" role=\"group\" aria-roledescription=\"slide\" aria-label=\"3 of 5\" data-no-translation-aria-label=\"\"><figure class=\"swiper-slide-inner\"><img decoding=\"async\" class=\"swiper-slide-image\" src=\"https:\/\/i0.wp.com\/yunanistansinemasigunleri.com\/wp-content\/uploads\/2023\/11\/3-2.jpg?fit=740%2C565&amp;ssl=1\" alt=\"3\" \/><\/figure><\/div><div class=\"swiper-slide\" role=\"group\" aria-roledescription=\"slide\" aria-label=\"4 of 5\" data-no-translation-aria-label=\"\"><figure class=\"swiper-slide-inner\"><img decoding=\"async\" class=\"swiper-slide-image\" src=\"https:\/\/i0.wp.com\/yunanistansinemasigunleri.com\/wp-content\/uploads\/2023\/11\/1-2.jpg?fit=740%2C567&amp;ssl=1\" alt=\"1\" \/><\/figure><\/div><div class=\"swiper-slide\" role=\"group\" aria-roledescription=\"slide\" aria-label=\"5 of 5\" data-no-translation-aria-label=\"\"><figure class=\"swiper-slide-inner\"><img decoding=\"async\" class=\"swiper-slide-image\" src=\"https:\/\/i0.wp.com\/yunanistansinemasigunleri.com\/wp-content\/uploads\/2023\/11\/2-2.jpg?fit=740%2C558&amp;ssl=1\" alt=\"2\" \/><\/figure><\/div>\t\t\t<\/div>\n\t\t\t\t\t\t\t\t\t\t\t\t<div class=\"elementor-swiper-button elementor-swiper-button-prev\" role=\"button\" tabindex=\"0\">\n\t\t\t\t\t\t<svg aria-hidden=\"true\" class=\"e-font-icon-svg e-eicon-chevron-left\" viewbox=\"0 0 1000 1000\" xmlns=\"http:\/\/www.w3.org\/2000\/svg\"><path d=\"M646 125C629 125 613 133 604 142L308 442C296 454 292 471 292 487 292 504 296 521 308 533L604 854C617 867 629 875 646 875 663 875 679 871 692 858 704 846 713 829 713 812 713 796 708 779 692 767L438 487 692 225C700 217 708 204 708 187 708 171 704 154 692 142 675 129 663 125 646 125Z\"><\/path><\/svg>\t\t\t\t\t<\/div>\n\t\t\t\t\t<div class=\"elementor-swiper-button elementor-swiper-button-next\" role=\"button\" tabindex=\"0\">\n\t\t\t\t\t\t<svg aria-hidden=\"true\" class=\"e-font-icon-svg e-eicon-chevron-right\" viewbox=\"0 0 1000 1000\" xmlns=\"http:\/\/www.w3.org\/2000\/svg\"><path d=\"M696 533C708 521 713 504 713 487 713 471 708 454 696 446L400 146C388 133 375 125 354 125 338 125 325 129 313 142 300 154 292 171 292 187 292 204 296 221 308 233L563 492 304 771C292 783 288 800 288 817 288 833 296 850 308 863 321 871 338 875 354 875 371 875 388 867 400 854L696 533Z\"><\/path><\/svg>\t\t\t\t\t<\/div>\n\t\t\t\t\n\t\t\t\t\t\t\t\t\t<div class=\"swiper-pagination\"><\/div>\n\t\t\t\t\t\t\t\t\t<\/div>\n\t\t\t\t\t\t<\/div>\n\t\t\t\t\t<\/div>\n\t\t\t\t<\/div>\n\t\t<div class=\"elementor-element elementor-element-d7c96af e-flex e-con-boxed e-con e-parent\" data-id=\"d7c96af\" data-element_type=\"container\" data-e-type=\"container\">\n\t\t\t\t\t<div class=\"e-con-inner\">\n\t\t\t\t<div class=\"elementor-element elementor-element-59893aa elementor-widget elementor-widget-spacer\" data-id=\"59893aa\" data-element_type=\"widget\" data-e-type=\"widget\" data-widget_type=\"spacer.default\">\n\t\t\t\t\t\t\t<div class=\"elementor-spacer\">\n\t\t\t<div class=\"elementor-spacer-inner\"><\/div>\n\t\t<\/div>\n\t\t\t\t\t\t<\/div>\n\t\t\t\t\t<\/div>\n\t\t\t\t<\/div>\n\t\t<div class=\"elementor-element elementor-element-0950e4c e-flex e-con-boxed e-con e-parent\" data-id=\"0950e4c\" data-element_type=\"container\" data-e-type=\"container\">\n\t\t\t\t\t<div class=\"e-con-inner\">\n\t\t<div class=\"elementor-element elementor-element-ff9fec9 e-con-full e-flex e-con e-child\" data-id=\"ff9fec9\" data-element_type=\"container\" data-e-type=\"container\">\n\t\t\t\t<div class=\"elementor-element elementor-element-471aee7 elementor-widget elementor-widget-text-editor\" data-id=\"471aee7\" data-element_type=\"widget\" data-e-type=\"widget\" data-widget_type=\"text-editor.default\">\n\t\t\t\t\t\t\t\t\t<h5>Dimos Theos<span style=\"font-weight: 400;\"> (1935-2018)<\/span><\/h5><p><span style=\"font-weight: 400;\">Director and editor. He was selected Best Director in Thessaloniki and received the Honorable Mention Award in Venice with his first feature film \u201cKierion (1968)\u201d. Some of his noteworthy films are \u201cCaptain Meitanos: Image of a Mythical Personage\u201d (1987) and  \u201cEleatis Xenos\u201d (1996).<\/span><\/p><h5>Fotos Lambrinos<\/h5><p><span style=\"font-weight: 400;\">With his first fictional future film \u201cDoxobus\u201d in 1987, he was selected Best Director at The Thessaloniki Film Festival. Some of his noteworthy films are \u201cBirthday Celebration or a Silent Balkan Story\u201d (1995), \u201cCaptain Kemal: A Comrade\u201d (2009), and \u201cThe Great Utopia\u201d (2017).<\/span><\/p>\t\t\t\t\t\t\t\t<\/div>\n\t\t\t\t<\/div>\n\t\t<div class=\"elementor-element elementor-element-656c602 e-con-full e-flex e-con e-child\" data-id=\"656c602\" data-element_type=\"container\" data-e-type=\"container\">\n\t\t\t\t<div class=\"elementor-element elementor-element-0cf5f06 elementor-widget elementor-widget-image-gallery\" data-id=\"0cf5f06\" data-element_type=\"widget\" data-e-type=\"widget\" data-widget_type=\"image-gallery.default\">\n\t\t\t\t\t\t\t<div class=\"elementor-image-gallery\">\n\t\t\t<div data-carousel-extra='{&quot;blog_id&quot;:1,&quot;permalink&quot;:&quot;https:\/\/yunanistansinemasigunleri.com\/en\/mayista-100-saat\/&quot;}' id='gallery-1' class='gallery galleryid-1975 gallery-columns-1 gallery-size-large'><figure class='gallery-item'>\n\t\t\t<div class='gallery-icon landscape'>\n\t\t\t\t<a data-elementor-open-lightbox=\"yes\" data-elementor-lightbox-slideshow=\"0cf5f06\" data-elementor-lightbox-title=\"2e57e06f9d589d21b641f4e30845ce31\" data-e-action-hash=\"#elementor-action%3Aaction%3Dlightbox%26settings%3DeyJpZCI6MTk4NiwidXJsIjoiaHR0cHM6XC9cL3l1bmFuaXN0YW5zaW5lbWFzaWd1bmxlcmkuY29tXC93cC1jb250ZW50XC91cGxvYWRzXC8yMDIzXC8xMVwvMmU1N2UwNmY5ZDU4OWQyMWI2NDFmNGUzMDg0NWNlMzEuanBnIiwic2xpZGVzaG93IjoiMGNmNWYwNiJ9\" href=\"https:\/\/i0.wp.com\/yunanistansinemasigunleri.com\/wp-content\/uploads\/2023\/11\/2e57e06f9d589d21b641f4e30845ce31.jpg?ssl=1\"><img decoding=\"async\" width=\"740\" height=\"420\" src=\"https:\/\/i0.wp.com\/yunanistansinemasigunleri.com\/wp-content\/uploads\/2023\/11\/2e57e06f9d589d21b641f4e30845ce31.jpg?fit=740%2C420&amp;ssl=1\" class=\"attachment-large size-large\" alt=\"\" srcset=\"https:\/\/i0.wp.com\/yunanistansinemasigunleri.com\/wp-content\/uploads\/2023\/11\/2e57e06f9d589d21b641f4e30845ce31.jpg?w=1000&amp;ssl=1 1000w, https:\/\/i0.wp.com\/yunanistansinemasigunleri.com\/wp-content\/uploads\/2023\/11\/2e57e06f9d589d21b641f4e30845ce31.jpg?resize=300%2C170&amp;ssl=1 300w, https:\/\/i0.wp.com\/yunanistansinemasigunleri.com\/wp-content\/uploads\/2023\/11\/2e57e06f9d589d21b641f4e30845ce31.jpg?resize=768%2C436&amp;ssl=1 768w, https:\/\/i0.wp.com\/yunanistansinemasigunleri.com\/wp-content\/uploads\/2023\/11\/2e57e06f9d589d21b641f4e30845ce31.jpg?resize=18%2C10&amp;ssl=1 18w\" sizes=\"100vw\" data-attachment-id=\"1986\" data-permalink=\"https:\/\/yunanistansinemasigunleri.com\/en\/mayista-100-saat\/2e57e06f9d589d21b641f4e30845ce31\/\" data-orig-file=\"https:\/\/i0.wp.com\/yunanistansinemasigunleri.com\/wp-content\/uploads\/2023\/11\/2e57e06f9d589d21b641f4e30845ce31.jpg?fit=1000%2C568&amp;ssl=1\" data-orig-size=\"1000,568\" data-comments-opened=\"1\" data-image-meta=\"{&quot;aperture&quot;:&quot;0&quot;,&quot;credit&quot;:&quot;&quot;,&quot;camera&quot;:&quot;&quot;,&quot;caption&quot;:&quot;&quot;,&quot;created_timestamp&quot;:&quot;0&quot;,&quot;copyright&quot;:&quot;&quot;,&quot;focal_length&quot;:&quot;0&quot;,&quot;iso&quot;:&quot;0&quot;,&quot;shutter_speed&quot;:&quot;0&quot;,&quot;title&quot;:&quot;&quot;,&quot;orientation&quot;:&quot;0&quot;}\" data-image-title=\"2e57e06f9d589d21b641f4e30845ce31\" data-image-description=\"\" data-image-caption=\"\" data-large-file=\"https:\/\/i0.wp.com\/yunanistansinemasigunleri.com\/wp-content\/uploads\/2023\/11\/2e57e06f9d589d21b641f4e30845ce31.jpg?fit=740%2C420&amp;ssl=1\" \/><\/a>\n\t\t\t<\/div><\/figure><figure class='gallery-item'>\n\t\t\t<div class='gallery-icon portrait'>\n\t\t\t\t<a data-elementor-open-lightbox=\"yes\" data-elementor-lightbox-slideshow=\"0cf5f06\" data-elementor-lightbox-title=\"image-w856.jpg-3\" data-e-action-hash=\"#elementor-action%3Aaction%3Dlightbox%26settings%3DeyJpZCI6MTk0NywidXJsIjoiaHR0cHM6XC9cL3l1bmFuaXN0YW5zaW5lbWFzaWd1bmxlcmkuY29tXC93cC1jb250ZW50XC91cGxvYWRzXC8yMDIzXC8xMVwvaW1hZ2Utdzg1Ni5qcGctMy53ZWJwIiwic2xpZGVzaG93IjoiMGNmNWYwNiJ9\" href=\"https:\/\/i0.wp.com\/yunanistansinemasigunleri.com\/wp-content\/uploads\/2023\/11\/image-w856.jpg-3.webp?ssl=1\"><img decoding=\"async\" width=\"740\" height=\"879\" src=\"https:\/\/i0.wp.com\/yunanistansinemasigunleri.com\/wp-content\/uploads\/2023\/11\/image-w856.jpg-3.webp?fit=740%2C879&amp;ssl=1\" class=\"attachment-large size-large\" alt=\"\" srcset=\"https:\/\/i0.wp.com\/yunanistansinemasigunleri.com\/wp-content\/uploads\/2023\/11\/image-w856.jpg-3.webp?w=800&amp;ssl=1 800w, https:\/\/i0.wp.com\/yunanistansinemasigunleri.com\/wp-content\/uploads\/2023\/11\/image-w856.jpg-3.webp?resize=253%2C300&amp;ssl=1 253w, https:\/\/i0.wp.com\/yunanistansinemasigunleri.com\/wp-content\/uploads\/2023\/11\/image-w856.jpg-3.webp?resize=768%2C912&amp;ssl=1 768w, https:\/\/i0.wp.com\/yunanistansinemasigunleri.com\/wp-content\/uploads\/2023\/11\/image-w856.jpg-3.webp?resize=10%2C12&amp;ssl=1 10w\" sizes=\"100vw\" data-attachment-id=\"1947\" data-permalink=\"https:\/\/yunanistansinemasigunleri.com\/en\/doxobus\/image-w856-jpg-3\/\" data-orig-file=\"https:\/\/i0.wp.com\/yunanistansinemasigunleri.com\/wp-content\/uploads\/2023\/11\/image-w856.jpg-3.webp?fit=800%2C950&amp;ssl=1\" data-orig-size=\"800,950\" data-comments-opened=\"1\" data-image-meta=\"{&quot;aperture&quot;:&quot;0&quot;,&quot;credit&quot;:&quot;&quot;,&quot;camera&quot;:&quot;&quot;,&quot;caption&quot;:&quot;&quot;,&quot;created_timestamp&quot;:&quot;0&quot;,&quot;copyright&quot;:&quot;&quot;,&quot;focal_length&quot;:&quot;0&quot;,&quot;iso&quot;:&quot;0&quot;,&quot;shutter_speed&quot;:&quot;0&quot;,&quot;title&quot;:&quot;&quot;,&quot;orientation&quot;:&quot;0&quot;}\" data-image-title=\"image-w856.jpg-3\" data-image-description=\"\" data-image-caption=\"\" data-large-file=\"https:\/\/i0.wp.com\/yunanistansinemasigunleri.com\/wp-content\/uploads\/2023\/11\/image-w856.jpg-3.webp?fit=740%2C879&amp;ssl=1\" \/><\/a>\n\t\t\t<\/div><\/figure>\n\t\t<\/div>\n\t\t<\/div>\n\t\t\t\t\t\t<\/div>\n\t\t\t\t<\/div>\n\t\t\t\t\t<\/div>\n\t\t\t\t<\/div>\n\t\t\t\t<\/div>","protected":false},"excerpt":{"rendered":"<p>MAYIS\u2019TA 100 SAAT 100 \u03a9\u03a1\u0395\u03a3 \u03a4\u039f\u03a5 \u039c\u0391\u0397100 HOURS IN MAY Demokrasiye selam 25 Kas\u0131m Cumartesi 13.15 Yunanistan | 1964 | DCP | Renkli, S&amp;B | 20\u2019\u00a0Yunanca \u2013 T\u00fcrk\u00e7e &amp; \u0130ngilizce Altyaz\u0131l\u0131 Y\u00f6netmen: Dimos Theos, Fotos LambrinosSenaryo: Dimos Theos, Fotos LambrinosG\u00f6r\u00fcnt\u00fc Y\u00f6netmeni: Takis Kalatzis, Giannis KalovyrnasKurgu: Dimos TheosAnlat\u0131c\u0131: Theodoros MalikiosYap\u0131mc\u0131: Dimos Theos S\u0130NOPS\u0130S Costa-Gavras\u2019\u0131n me\u015fhur filmi &hellip; <\/p>\n<p class=\"link-more\"><a href=\"https:\/\/yunanistansinemasigunleri.com\/en\/mayista-100-saat\/\" class=\"more-link\">Continue reading<span class=\"screen-reader-text\"> &#8220;MAYIS\u2019TA 100 SAAT&#8221;<\/span><\/a><\/p>","protected":false},"author":219729766,"featured_media":0,"parent":0,"menu_order":0,"comment_status":"closed","ping_status":"closed","template":"","meta":{"_crdt_document":"","advanced_seo_description":"","jetpack_seo_html_title":"","jetpack_seo_noindex":false,"footnotes":""},"class_list":["post-1975","page","type-page","status-publish","hentry"],"jetpack_likes_enabled":true,"jetpack_sharing_enabled":true,"jetpack_shortlink":"https:\/\/wp.me\/PdSim2-vR","jetpack-related-posts":[],"amp_enabled":true,"_links":{"self":[{"href":"https:\/\/yunanistansinemasigunleri.com\/en\/wp-json\/wp\/v2\/pages\/1975","targetHints":{"allow":["GET"]}}],"collection":[{"href":"https:\/\/yunanistansinemasigunleri.com\/en\/wp-json\/wp\/v2\/pages"}],"about":[{"href":"https:\/\/yunanistansinemasigunleri.com\/en\/wp-json\/wp\/v2\/types\/page"}],"author":[{"embeddable":true,"href":"https:\/\/yunanistansinemasigunleri.com\/en\/wp-json\/wp\/v2\/users\/219729766"}],"replies":[{"embeddable":true,"href":"https:\/\/yunanistansinemasigunleri.com\/en\/wp-json\/wp\/v2\/comments?post=1975"}],"version-history":[{"count":20,"href":"https:\/\/yunanistansinemasigunleri.com\/en\/wp-json\/wp\/v2\/pages\/1975\/revisions"}],"predecessor-version":[{"id":2542,"href":"https:\/\/yunanistansinemasigunleri.com\/en\/wp-json\/wp\/v2\/pages\/1975\/revisions\/2542"}],"wp:attachment":[{"href":"https:\/\/yunanistansinemasigunleri.com\/en\/wp-json\/wp\/v2\/media?parent=1975"}],"curies":[{"name":"wp","href":"https:\/\/api.w.org\/{rel}","templated":true}]}}