{"id":1961,"date":"2023-11-15T17:01:55","date_gmt":"2023-11-15T15:01:55","guid":{"rendered":"https:\/\/yunanistansinemasigunleri.com\/?page_id=1961"},"modified":"2023-11-17T16:10:01","modified_gmt":"2023-11-17T14:10:01","slug":"byron-seytan-icin-bir-ezgi","status":"publish","type":"page","link":"https:\/\/yunanistansinemasigunleri.com\/en\/byron-seytan-icin-bir-ezgi\/","title":{"rendered":"BYRON: BALLAD FOR A DEMON"},"content":{"rendered":"<div data-elementor-type=\"wp-page\" data-elementor-id=\"1961\" class=\"elementor elementor-1961\">\n\t\t\t\t<div class=\"elementor-element elementor-element-c3a3d6e e-flex e-con-boxed e-con e-parent\" data-id=\"c3a3d6e\" data-element_type=\"container\" data-e-type=\"container\">\n\t\t\t\t\t<div class=\"e-con-inner\">\n\t\t\t\t<div class=\"elementor-element elementor-element-a06b393 elementor-widget elementor-widget-heading\" data-id=\"a06b393\" data-element_type=\"widget\" data-e-type=\"widget\" data-widget_type=\"heading.default\">\n\t\t\t\t\t<h6 class=\"elementor-heading-title elementor-size-default\">BYRON: BALLAD FOR A DEMON\n<\/h6>\t\t\t\t<\/div>\n\t\t\t\t\t<\/div>\n\t\t\t\t<\/div>\n\t\t<div class=\"elementor-element elementor-element-baf45ff e-flex e-con-boxed e-con e-parent\" data-id=\"baf45ff\" data-element_type=\"container\" data-e-type=\"container\">\n\t\t\t\t\t<div class=\"e-con-inner\">\n\t\t<div class=\"elementor-element elementor-element-96502e4 e-con-full e-flex e-con e-child\" data-id=\"96502e4\" data-element_type=\"container\" data-e-type=\"container\">\n\t\t\t\t<div class=\"elementor-element elementor-element-281318e elementor-widget elementor-widget-text-editor\" data-id=\"281318e\" data-element_type=\"widget\" data-e-type=\"widget\" data-widget_type=\"text-editor.default\">\n\t\t\t\t\t\t\t\t\t<h5><strong>\u039c\u03a0\u0391\u03ab\u03a1\u039f\u039d, \u0397 \u039c\u03a0\u0391\u039b\u0391\u039d\u03a4\u0391 \u0395\u039d\u039f\u03a3 \u0394\u0391\u0399\u039c\u039f\u039d\u0399\u03a3\u039c\u0395\u039d\u039f\u03a5<br \/>BYRON: BALLAD FOR A DEMO\u039d<\/strong><\/h5><p><em>Byron: A personal crusade\u00a0<\/em><\/p>\t\t\t\t\t\t\t\t<\/div>\n\t\t\t\t<\/div>\n\t\t<div class=\"elementor-element elementor-element-d104c93 e-con-full e-flex e-con e-child\" data-id=\"d104c93\" data-element_type=\"container\" data-e-type=\"container\">\n\t\t\t\t<div class=\"elementor-element elementor-element-aa8713a elementor-widget elementor-widget-text-editor\" data-id=\"aa8713a\" data-element_type=\"widget\" data-e-type=\"widget\" data-widget_type=\"text-editor.default\">\n\t\t\t\t\t\t\t\t\t<h6 class=\"elementor-heading-title elementor-size-default\">26 Kas\u0131m Pazar 19.00<\/h6><p class=\"translation-block\">Greece | 1992 | DCP | Color | 138\u2019\nGreek \u2013 Turkish &amp; English Subtitled<\/p>\t\t\t\t\t\t\t\t<\/div>\n\t\t\t\t<\/div>\n\t\t\t\t\t<\/div>\n\t\t\t\t<\/div>\n\t\t<div class=\"elementor-element elementor-element-56d9526 e-flex e-con-boxed e-con e-parent\" data-id=\"56d9526\" data-element_type=\"container\" data-e-type=\"container\">\n\t\t\t\t\t<div class=\"e-con-inner\">\n\t\t\t\t<div class=\"elementor-element elementor-element-e59b12a elementor-widget elementor-widget-image\" data-id=\"e59b12a\" data-element_type=\"widget\" data-e-type=\"widget\" data-widget_type=\"image.default\">\n\t\t\t\t\t\t\t\t\t\t\t\t\t\t\t<img fetchpriority=\"high\" decoding=\"async\" data-attachment-id=\"1964\" data-permalink=\"https:\/\/yunanistansinemasigunleri.com\/en\/byron-seytan-icin-bir-ezgi\/byron_augusta\/\" data-orig-file=\"https:\/\/i0.wp.com\/yunanistansinemasigunleri.com\/wp-content\/uploads\/2023\/11\/byron_augusta.jpg?fit=672%2C503&amp;ssl=1\" data-orig-size=\"672,503\" data-comments-opened=\"1\" data-image-meta=\"{&quot;aperture&quot;:&quot;0&quot;,&quot;credit&quot;:&quot;&quot;,&quot;camera&quot;:&quot;&quot;,&quot;caption&quot;:&quot;&quot;,&quot;created_timestamp&quot;:&quot;0&quot;,&quot;copyright&quot;:&quot;&quot;,&quot;focal_length&quot;:&quot;0&quot;,&quot;iso&quot;:&quot;0&quot;,&quot;shutter_speed&quot;:&quot;0&quot;,&quot;title&quot;:&quot;&quot;,&quot;orientation&quot;:&quot;0&quot;}\" data-image-title=\"byron_augusta\" data-image-description=\"\" data-image-caption=\"\" data-large-file=\"https:\/\/i0.wp.com\/yunanistansinemasigunleri.com\/wp-content\/uploads\/2023\/11\/byron_augusta.jpg?fit=525%2C393&amp;ssl=1\" width=\"672\" height=\"503\" src=\"https:\/\/i0.wp.com\/yunanistansinemasigunleri.com\/wp-content\/uploads\/2023\/11\/byron_augusta.jpg?fit=672%2C503&amp;ssl=1\" class=\"attachment-large size-large wp-image-1964\" alt=\"\" srcset=\"https:\/\/i0.wp.com\/yunanistansinemasigunleri.com\/wp-content\/uploads\/2023\/11\/byron_augusta.jpg?w=672&amp;ssl=1 672w, https:\/\/i0.wp.com\/yunanistansinemasigunleri.com\/wp-content\/uploads\/2023\/11\/byron_augusta.jpg?resize=300%2C225&amp;ssl=1 300w, https:\/\/i0.wp.com\/yunanistansinemasigunleri.com\/wp-content\/uploads\/2023\/11\/byron_augusta.jpg?resize=16%2C12&amp;ssl=1 16w, https:\/\/i0.wp.com\/yunanistansinemasigunleri.com\/wp-content\/uploads\/2023\/11\/byron_augusta.jpg?resize=600%2C450&amp;ssl=1 600w, https:\/\/i0.wp.com\/yunanistansinemasigunleri.com\/wp-content\/uploads\/2023\/11\/byron_augusta.jpg?resize=400%2C300&amp;ssl=1 400w, https:\/\/i0.wp.com\/yunanistansinemasigunleri.com\/wp-content\/uploads\/2023\/11\/byron_augusta.jpg?resize=200%2C150&amp;ssl=1 200w\" sizes=\"100vw\" \/>\t\t\t\t\t\t\t\t\t\t\t\t\t\t\t<\/div>\n\t\t\t\t\t<\/div>\n\t\t\t\t<\/div>\n\t\t<div class=\"elementor-element elementor-element-7708fff e-flex e-con-boxed e-con e-parent\" data-id=\"7708fff\" data-element_type=\"container\" data-e-type=\"container\">\n\t\t\t\t\t<div class=\"e-con-inner\">\n\t\t<div class=\"elementor-element elementor-element-fc45dd4 e-con-full e-flex e-con e-child\" data-id=\"fc45dd4\" data-element_type=\"container\" data-e-type=\"container\">\n\t\t\t\t<div class=\"elementor-element elementor-element-5f767ec elementor-widget elementor-widget-text-editor\" data-id=\"5f767ec\" data-element_type=\"widget\" data-e-type=\"widget\" data-widget_type=\"text-editor.default\">\n\t\t\t\t\t\t\t\t\t<p class=\"translation-block\">Director: Nikos Koundouros\nScreenplay: Nikos Koundouros, Photis Konstantinidis\nDirector of Photography: Nikos Kavoukidis\nEditing: Takis Yannopoulos\nCast: Manos Vakousis, Farhad Mahmoudov, Vera Sotnikova\nProducer: Nikos Koundouros<\/p><h5><b>Awards<\/b>\u00a0<\/h5><p><b>Thessaloniki FF <\/b><i><span style=\"font-weight: 400;\">En \u0130yi Film, En \u0130yi Erkek Oyuncu, En \u0130yi Yard\u0131mc\u0131 Kad\u0131n Oyuncu, En \u0130yi G\u00f6r\u00fcnt\u00fc, En \u0130yi Kurgu, En \u0130yi Ses, En \u0130yi Set Tasar\u0131m\u0131 <\/span><\/i><b><i><\/i><\/b><\/p>\t\t\t\t\t\t\t\t<\/div>\n\t\t\t\t<\/div>\n\t\t<div class=\"elementor-element elementor-element-7e1d2ea e-con-full e-flex e-con e-child\" data-id=\"7e1d2ea\" data-element_type=\"container\" data-e-type=\"container\">\n\t\t\t\t<div class=\"elementor-element elementor-element-6667a45 elementor-widget elementor-widget-text-editor\" data-id=\"6667a45\" data-element_type=\"widget\" data-e-type=\"widget\" data-widget_type=\"text-editor.default\">\n\t\t\t\t\t\t\t\t\t<h5><strong>SYNOPSIS<\/strong><\/h5><p><span style=\"font-weight: 400;\">The film depicting the final days before the death of Lord Byron, a 19th-century Romantic poet, is almost a tribute to the political beliefs and struggles of that era. It offers a unique portrayal of Byron not only as a poet but also as someone deeply in love with Greece and possessing a revolutionary spirit.<\/span><\/p>\t\t\t\t\t\t\t\t<\/div>\n\t\t\t\t<\/div>\n\t\t\t\t\t<\/div>\n\t\t\t\t<\/div>\n\t\t<div class=\"elementor-element elementor-element-40dbf07 e-flex e-con-boxed e-con e-parent\" data-id=\"40dbf07\" data-element_type=\"container\" data-e-type=\"container\">\n\t\t\t\t\t<div class=\"e-con-inner\">\n\t\t<div class=\"elementor-element elementor-element-824f6b9 e-con-full e-flex e-con e-child\" data-id=\"824f6b9\" data-element_type=\"container\" data-e-type=\"container\">\n\t\t\t\t<div class=\"elementor-element elementor-element-cfe1f49 elementor-widget elementor-widget-text-editor\" data-id=\"cfe1f49\" data-element_type=\"widget\" data-e-type=\"widget\" data-widget_type=\"text-editor.default\">\n\t\t\t\t\t\t\t\t\t<h5>Nikos Koundouros<span style=\"font-weight: 400;\"> (1926-2017)<\/span><\/h5><p><span style=\"font-weight: 400;\">He was born in the city Agios Nikolaos of Crete. He studied painting and sculpture at Athens School of Fine Arts. Because of his political opinions, he was sent to the concentration camp in Makronisos Island after World War 2. His first feature film, which starred Thanasis Veggos, whom he had met at the camp, \u201cMaghiki Polis (The Magic City)\u201d was nominated for the Golden Lion in Venice in 1954. He continued his success in 1956 with \u201cDracos (Dragon)\u201d and \u201cThe Ogre of Athens\u201d which received the Silver Bear from the Berlinale. His films were shown at many international film festivals and received awards in the 50s and 60s.<\/span><\/p>\t\t\t\t\t\t\t\t<\/div>\n\t\t\t\t<\/div>\n\t\t<div class=\"elementor-element elementor-element-0da70fb e-con-full e-flex e-con e-child\" data-id=\"0da70fb\" data-element_type=\"container\" data-e-type=\"container\">\n\t\t\t\t<div class=\"elementor-element elementor-element-eda1167 elementor-widget elementor-widget-image\" data-id=\"eda1167\" data-element_type=\"widget\" data-e-type=\"widget\" data-widget_type=\"image.default\">\n\t\t\t\t\t\t\t\t\t\t\t\t\t\t\t<img decoding=\"async\" data-attachment-id=\"784\" data-permalink=\"https:\/\/yunanistansinemasigunleri.com\/en\/films\/young-aphrodites\/nikos_koundouros_02\/\" data-orig-file=\"https:\/\/i0.wp.com\/yunanistansinemasigunleri.com\/wp-content\/uploads\/2022\/05\/nikos_koundouros_02.jpg?fit=1772%2C1143&amp;ssl=1\" data-orig-size=\"1772,1143\" data-comments-opened=\"1\" data-image-meta=\"{&quot;aperture&quot;:&quot;0&quot;,&quot;credit&quot;:&quot;&quot;,&quot;camera&quot;:&quot;&quot;,&quot;caption&quot;:&quot;&quot;,&quot;created_timestamp&quot;:&quot;0&quot;,&quot;copyright&quot;:&quot;&quot;,&quot;focal_length&quot;:&quot;0&quot;,&quot;iso&quot;:&quot;0&quot;,&quot;shutter_speed&quot;:&quot;0&quot;,&quot;title&quot;:&quot;&quot;,&quot;orientation&quot;:&quot;1&quot;}\" data-image-title=\"nikos_koundouros_02\" data-image-description=\"\" data-image-caption=\"\" data-large-file=\"https:\/\/i0.wp.com\/yunanistansinemasigunleri.com\/wp-content\/uploads\/2022\/05\/nikos_koundouros_02.jpg?fit=525%2C339&amp;ssl=1\" width=\"740\" height=\"478\" src=\"https:\/\/i0.wp.com\/yunanistansinemasigunleri.com\/wp-content\/uploads\/2022\/05\/nikos_koundouros_02.jpg?fit=740%2C478&amp;ssl=1\" class=\"attachment-large size-large wp-image-784\" alt=\"\" srcset=\"https:\/\/i0.wp.com\/yunanistansinemasigunleri.com\/wp-content\/uploads\/2022\/05\/nikos_koundouros_02.jpg?w=1772&amp;ssl=1 1772w, https:\/\/i0.wp.com\/yunanistansinemasigunleri.com\/wp-content\/uploads\/2022\/05\/nikos_koundouros_02.jpg?resize=300%2C194&amp;ssl=1 300w, https:\/\/i0.wp.com\/yunanistansinemasigunleri.com\/wp-content\/uploads\/2022\/05\/nikos_koundouros_02.jpg?resize=1024%2C661&amp;ssl=1 1024w, https:\/\/i0.wp.com\/yunanistansinemasigunleri.com\/wp-content\/uploads\/2022\/05\/nikos_koundouros_02.jpg?resize=768%2C495&amp;ssl=1 768w, https:\/\/i0.wp.com\/yunanistansinemasigunleri.com\/wp-content\/uploads\/2022\/05\/nikos_koundouros_02.jpg?resize=1536%2C991&amp;ssl=1 1536w, https:\/\/i0.wp.com\/yunanistansinemasigunleri.com\/wp-content\/uploads\/2022\/05\/nikos_koundouros_02.jpg?resize=18%2C12&amp;ssl=1 18w, https:\/\/i0.wp.com\/yunanistansinemasigunleri.com\/wp-content\/uploads\/2022\/05\/nikos_koundouros_02.jpg?resize=1200%2C774&amp;ssl=1 1200w, https:\/\/i0.wp.com\/yunanistansinemasigunleri.com\/wp-content\/uploads\/2022\/05\/nikos_koundouros_02.jpg?w=1480&amp;ssl=1 1480w\" sizes=\"100vw\" \/>\t\t\t\t\t\t\t\t\t\t\t\t\t\t\t<\/div>\n\t\t\t\t<\/div>\n\t\t\t\t\t<\/div>\n\t\t\t\t<\/div>\n\t\t\t\t<\/div>","protected":false},"excerpt":{"rendered":"<p>BYRON: \u015eEYTAN \u0130\u00c7\u0130N B\u0130R EZG\u0130 \u039c\u03a0\u0391\u03ab\u03a1\u039f\u039d, \u0397 \u039c\u03a0\u0391\u039b\u0391\u039d\u03a4\u0391 \u0395\u039d\u039f\u03a3 \u0394\u0391\u0399\u039c\u039f\u039d\u0399\u03a3\u039c\u0395\u039d\u039f\u03a5BYRON: BALLAD FOR A DEMO\u039d Byron: Ki\u015fisel bir harekat?\u00a0 26 Kas\u0131m Pazar 19.00 Yunanistan | 1992 | DCP | Renkli | 138\u2019\u00a0Yunanca \u2013 T\u00fcrk\u00e7e &amp; \u0130ngilizce Altyaz\u0131l\u0131 Y\u00f6netmen: Nikos KoundourosSenaryo: Nikos Koundouros, Photis KonstantinidisG\u00f6r\u00fcnt\u00fc Y\u00f6netmeni: Nikos KavoukidisKurgu: Takis YannopoulosOyuncular: Manos Vakousis, Farhad Mahmoudov, Vera SotnikovaYap\u0131mc\u0131: Nikos &hellip; <\/p>\n<p class=\"link-more\"><a href=\"https:\/\/yunanistansinemasigunleri.com\/en\/byron-seytan-icin-bir-ezgi\/\" class=\"more-link\">Continue reading<span class=\"screen-reader-text\"> &#8220;BYRON: \u015eEYTAN \u0130\u00c7\u0130N B\u0130R EZG\u0130&#8221;<\/span><\/a><\/p>","protected":false},"author":219729766,"featured_media":0,"parent":0,"menu_order":0,"comment_status":"closed","ping_status":"closed","template":"","meta":{"_crdt_document":"","advanced_seo_description":"","jetpack_seo_html_title":"","jetpack_seo_noindex":false,"footnotes":""},"class_list":["post-1961","page","type-page","status-publish","hentry"],"jetpack_likes_enabled":true,"jetpack_sharing_enabled":true,"jetpack_shortlink":"https:\/\/wp.me\/PdSim2-vD","jetpack-related-posts":[],"amp_enabled":true,"_links":{"self":[{"href":"https:\/\/yunanistansinemasigunleri.com\/en\/wp-json\/wp\/v2\/pages\/1961","targetHints":{"allow":["GET"]}}],"collection":[{"href":"https:\/\/yunanistansinemasigunleri.com\/en\/wp-json\/wp\/v2\/pages"}],"about":[{"href":"https:\/\/yunanistansinemasigunleri.com\/en\/wp-json\/wp\/v2\/types\/page"}],"author":[{"embeddable":true,"href":"https:\/\/yunanistansinemasigunleri.com\/en\/wp-json\/wp\/v2\/users\/219729766"}],"replies":[{"embeddable":true,"href":"https:\/\/yunanistansinemasigunleri.com\/en\/wp-json\/wp\/v2\/comments?post=1961"}],"version-history":[{"count":14,"href":"https:\/\/yunanistansinemasigunleri.com\/en\/wp-json\/wp\/v2\/pages\/1961\/revisions"}],"predecessor-version":[{"id":2355,"href":"https:\/\/yunanistansinemasigunleri.com\/en\/wp-json\/wp\/v2\/pages\/1961\/revisions\/2355"}],"wp:attachment":[{"href":"https:\/\/yunanistansinemasigunleri.com\/en\/wp-json\/wp\/v2\/media?parent=1961"}],"curies":[{"name":"wp","href":"https:\/\/api.w.org\/{rel}","templated":true}]}}