{"id":1951,"date":"2023-11-15T17:05:52","date_gmt":"2023-11-15T15:05:52","guid":{"rendered":"https:\/\/yunanistansinemasigunleri.com\/?page_id=1951"},"modified":"2023-11-19T14:10:16","modified_gmt":"2023-11-19T12:10:16","slug":"helidonanin-cocuklari","status":"publish","type":"page","link":"https:\/\/yunanistansinemasigunleri.com\/en\/helidonanin-cocuklari\/","title":{"rendered":"CHILDREN OF HELIDONA"},"content":{"rendered":"<div data-elementor-type=\"wp-page\" data-elementor-id=\"1951\" class=\"elementor elementor-1951\">\n\t\t\t\t<div class=\"elementor-element elementor-element-081e616 e-flex e-con-boxed e-con e-parent\" data-id=\"081e616\" data-element_type=\"container\" data-e-type=\"container\">\n\t\t\t\t\t<div class=\"e-con-inner\">\n\t\t\t\t<div class=\"elementor-element elementor-element-95c1b75 elementor-widget elementor-widget-heading\" data-id=\"95c1b75\" data-element_type=\"widget\" data-e-type=\"widget\" data-widget_type=\"heading.default\">\n\t\t\t\t\t<h6 class=\"elementor-heading-title elementor-size-default\">CHILDREN OF HELIDONA<\/h6>\t\t\t\t<\/div>\n\t\t\t\t\t<\/div>\n\t\t\t\t<\/div>\n\t\t<div class=\"elementor-element elementor-element-34d5ffa e-flex e-con-boxed e-con e-parent\" data-id=\"34d5ffa\" data-element_type=\"container\" data-e-type=\"container\">\n\t\t\t\t\t<div class=\"e-con-inner\">\n\t\t<div class=\"elementor-element elementor-element-c7217fd e-con-full e-flex e-con e-child\" data-id=\"c7217fd\" data-element_type=\"container\" data-e-type=\"container\">\n\t\t\t\t<div class=\"elementor-element elementor-element-32a9547 elementor-widget elementor-widget-text-editor\" data-id=\"32a9547\" data-element_type=\"widget\" data-e-type=\"widget\" data-widget_type=\"text-editor.default\">\n\t\t\t\t\t\t\t\t\t<h5><strong>\u03a4\u0391 \u03a0\u0391\u0399\u0394\u0399\u0391 \u03a4\u0397\u03a3 \u03a7\u0395\u039b\u0399\u0394\u039f\u039d\u0391\u03a3<br \/>CHILDREN OF HELIDONA<\/strong><\/h5><p><em>There\u2019s no History. It is a view of the present on the past, ever changing.<\/em><\/p>\t\t\t\t\t\t\t\t<\/div>\n\t\t\t\t<\/div>\n\t\t<div class=\"elementor-element elementor-element-df48bdd e-con-full e-flex e-con e-child\" data-id=\"df48bdd\" data-element_type=\"container\" data-e-type=\"container\">\n\t\t\t\t<div class=\"elementor-element elementor-element-c6d5708 elementor-widget elementor-widget-text-editor\" data-id=\"c6d5708\" data-element_type=\"widget\" data-e-type=\"widget\" data-widget_type=\"text-editor.default\">\n\t\t\t\t\t\t\t\t\t<h6 class=\"elementor-heading-title elementor-size-default\">23 Kas\u0131m Per\u015fembe 15.30<\/h6><p class=\"translation-block\">Greece | 1987 | DCP | Color | 118\u2019\nGreek \u2013 Turkish &amp; English Subtitled<\/p>\t\t\t\t\t\t\t\t<\/div>\n\t\t\t\t<\/div>\n\t\t\t\t\t<\/div>\n\t\t\t\t<\/div>\n\t\t<div class=\"elementor-element elementor-element-faecd2a e-flex e-con-boxed e-con e-parent\" data-id=\"faecd2a\" data-element_type=\"container\" data-e-type=\"container\">\n\t\t\t\t\t<div class=\"e-con-inner\">\n\t\t\t\t<div class=\"elementor-element elementor-element-403e073 elementor-widget elementor-widget-image\" data-id=\"403e073\" data-element_type=\"widget\" data-e-type=\"widget\" data-widget_type=\"image.default\">\n\t\t\t\t\t\t\t\t\t\t\t\t\t\t\t<img fetchpriority=\"high\" decoding=\"async\" data-attachment-id=\"1954\" data-permalink=\"https:\/\/yunanistansinemasigunleri.com\/en\/helidonanin-cocuklari\/ta_paidia_tis_xelidonas_002\/\" data-orig-file=\"https:\/\/i0.wp.com\/yunanistansinemasigunleri.com\/wp-content\/uploads\/2023\/11\/ta_paidia_tis_xelidonas_002.jpg?fit=800%2C558&amp;ssl=1\" data-orig-size=\"800,558\" data-comments-opened=\"1\" data-image-meta=\"{&quot;aperture&quot;:&quot;0&quot;,&quot;credit&quot;:&quot;&quot;,&quot;camera&quot;:&quot;&quot;,&quot;caption&quot;:&quot;&quot;,&quot;created_timestamp&quot;:&quot;0&quot;,&quot;copyright&quot;:&quot;&quot;,&quot;focal_length&quot;:&quot;0&quot;,&quot;iso&quot;:&quot;0&quot;,&quot;shutter_speed&quot;:&quot;0&quot;,&quot;title&quot;:&quot;&quot;,&quot;orientation&quot;:&quot;0&quot;}\" data-image-title=\"ta_paidia_tis_xelidonas_002\" data-image-description=\"\" data-image-caption=\"\" data-large-file=\"https:\/\/i0.wp.com\/yunanistansinemasigunleri.com\/wp-content\/uploads\/2023\/11\/ta_paidia_tis_xelidonas_002.jpg?fit=525%2C366&amp;ssl=1\" width=\"740\" height=\"516\" src=\"https:\/\/i0.wp.com\/yunanistansinemasigunleri.com\/wp-content\/uploads\/2023\/11\/ta_paidia_tis_xelidonas_002.jpg?fit=740%2C516&amp;ssl=1\" class=\"attachment-large size-large wp-image-1954\" alt=\"\" srcset=\"https:\/\/i0.wp.com\/yunanistansinemasigunleri.com\/wp-content\/uploads\/2023\/11\/ta_paidia_tis_xelidonas_002.jpg?w=800&amp;ssl=1 800w, https:\/\/i0.wp.com\/yunanistansinemasigunleri.com\/wp-content\/uploads\/2023\/11\/ta_paidia_tis_xelidonas_002.jpg?resize=300%2C209&amp;ssl=1 300w, https:\/\/i0.wp.com\/yunanistansinemasigunleri.com\/wp-content\/uploads\/2023\/11\/ta_paidia_tis_xelidonas_002.jpg?resize=768%2C536&amp;ssl=1 768w, https:\/\/i0.wp.com\/yunanistansinemasigunleri.com\/wp-content\/uploads\/2023\/11\/ta_paidia_tis_xelidonas_002.jpg?resize=18%2C12&amp;ssl=1 18w\" sizes=\"100vw\" \/>\t\t\t\t\t\t\t\t\t\t\t\t\t\t\t<\/div>\n\t\t\t\t\t<\/div>\n\t\t\t\t<\/div>\n\t\t<div class=\"elementor-element elementor-element-95c8eef e-flex e-con-boxed e-con e-parent\" data-id=\"95c8eef\" data-element_type=\"container\" data-e-type=\"container\">\n\t\t\t\t\t<div class=\"e-con-inner\">\n\t\t<div class=\"elementor-element elementor-element-fc6bdbc e-con-full e-flex e-con e-child\" data-id=\"fc6bdbc\" data-element_type=\"container\" data-e-type=\"container\">\n\t\t\t\t<div class=\"elementor-element elementor-element-fef0448 elementor-widget elementor-widget-text-editor\" data-id=\"fef0448\" data-element_type=\"widget\" data-e-type=\"widget\" data-widget_type=\"text-editor.default\">\n\t\t\t\t\t\t\t\t\t<p class=\"translation-block\">Director: Costas Vrettakos\nScreenplay: Soula Drakopoulou, Costas Vrettakos (adapted from the novel of Dionysis Haritapoulos)\nDirector of Photography: Aris Stavrou\nEditing: Christos Santatsoglou\nCast: Vassilis Diamantopoulos, Mary Hronopoulou, Mara Martika, Ilias Logothetis\nProducer: Costas Vrettakos<\/p><h5><b>Awards<\/b><\/h5><p><b>Thessaloniki FF <\/b><i><span style=\"font-weight: 400;\">En \u0130yi Film, En \u0130yi Senaryo, En \u0130yi Kad\u0131n Oyuncu, En \u0130yi Yard\u0131mc\u0131 Erkek Oyuncu, En \u0130yi Ses, Yunan Film Ele\u015ftirmenleri Birli\u011fi \u00d6d\u00fcl\u00fc &#8211; En \u0130yi Film, \u00d6zel \u00d6d\u00fcl <\/span><\/i><\/p>\t\t\t\t\t\t\t\t<\/div>\n\t\t\t\t<\/div>\n\t\t<div class=\"elementor-element elementor-element-e7b72bd e-con-full e-flex e-con e-child\" data-id=\"e7b72bd\" data-element_type=\"container\" data-e-type=\"container\">\n\t\t\t\t<div class=\"elementor-element elementor-element-cbdb767 elementor-widget elementor-widget-text-editor\" data-id=\"cbdb767\" data-element_type=\"widget\" data-e-type=\"widget\" data-widget_type=\"text-editor.default\">\n\t\t\t\t\t\t\t\t\t<h5><strong>SYNOPSIS<\/strong><\/h5><p><span style=\"font-weight: 400;\">The film, adapted from Dionysis Haritopoulos's novel of the same name, centers around a journalist and a director who travel to the rural village of Helidona in Greece to produce a television documentary. Investigating the experiences of a family torn apart by political reasons, the duo will uncover fragments of a tragic story that spans from the Civil War to the 1980s.\u00a0<\/span><\/p>\t\t\t\t\t\t\t\t<\/div>\n\t\t\t\t<\/div>\n\t\t\t\t\t<\/div>\n\t\t\t\t<\/div>\n\t\t<div class=\"elementor-element elementor-element-f840e53 e-flex e-con-boxed e-con e-parent\" data-id=\"f840e53\" data-element_type=\"container\" data-e-type=\"container\">\n\t\t\t\t\t<div class=\"e-con-inner\">\n\t\t\t\t<div class=\"elementor-element elementor-element-895c40c elementor-arrows-position-inside elementor-pagination-position-outside elementor-widget elementor-widget-image-carousel\" data-id=\"895c40c\" data-element_type=\"widget\" data-e-type=\"widget\" data-settings=\"{&quot;slides_to_show&quot;:&quot;1&quot;,&quot;navigation&quot;:&quot;both&quot;,&quot;autoplay&quot;:&quot;yes&quot;,&quot;pause_on_hover&quot;:&quot;yes&quot;,&quot;pause_on_interaction&quot;:&quot;yes&quot;,&quot;autoplay_speed&quot;:5000,&quot;infinite&quot;:&quot;yes&quot;,&quot;effect&quot;:&quot;slide&quot;,&quot;speed&quot;:500}\" data-widget_type=\"image-carousel.default\">\n\t\t\t\t\t\t\t<div class=\"elementor-image-carousel-wrapper swiper\" role=\"region\" aria-roledescription=\"carousel\" aria-label=\"Resim D\u00f6ng\u00fcs\u00fc\" dir=\"ltr\">\n\t\t\t<div class=\"elementor-image-carousel swiper-wrapper\" aria-live=\"off\">\n\t\t\t\t\t\t\t\t<div class=\"swiper-slide\" role=\"group\" aria-roledescription=\"slide\" aria-label=\"1 \/ 4\"><figure class=\"swiper-slide-inner\"><img decoding=\"async\" class=\"swiper-slide-image\" src=\"https:\/\/i0.wp.com\/yunanistansinemasigunleri.com\/wp-content\/uploads\/2023\/11\/ta_paidia_tis_xelidonas_004.jpg?fit=740%2C495&amp;ssl=1\" alt=\"ta_paidia_tis_xelidonas_004\" \/><\/figure><\/div><div class=\"swiper-slide\" role=\"group\" aria-roledescription=\"slide\" aria-label=\"2 \/ 4\"><figure class=\"swiper-slide-inner\"><img decoding=\"async\" class=\"swiper-slide-image\" src=\"https:\/\/i0.wp.com\/yunanistansinemasigunleri.com\/wp-content\/uploads\/2023\/11\/ta_paidia_tis_xelidonas_003.jpg?fit=740%2C507&amp;ssl=1\" alt=\"ta_paidia_tis_xelidonas_003\" \/><\/figure><\/div><div class=\"swiper-slide\" role=\"group\" aria-roledescription=\"slide\" aria-label=\"3 \/ 4\"><figure class=\"swiper-slide-inner\"><img decoding=\"async\" class=\"swiper-slide-image\" src=\"https:\/\/i0.wp.com\/yunanistansinemasigunleri.com\/wp-content\/uploads\/2023\/11\/ta_paidia_tis_xelidonas_002.jpg?fit=740%2C516&amp;ssl=1\" alt=\"ta_paidia_tis_xelidonas_002\" \/><\/figure><\/div><div class=\"swiper-slide\" role=\"group\" aria-roledescription=\"slide\" aria-label=\"4 \/ 4\"><figure class=\"swiper-slide-inner\"><img decoding=\"async\" class=\"swiper-slide-image\" src=\"https:\/\/i0.wp.com\/yunanistansinemasigunleri.com\/wp-content\/uploads\/2023\/11\/ta_paidia_tis_xelidonas_001.jpg?fit=740%2C495&amp;ssl=1\" alt=\"ta_paidia_tis_xelidonas_001\" \/><\/figure><\/div>\t\t\t<\/div>\n\t\t\t\t\t\t\t\t\t\t\t\t<div class=\"elementor-swiper-button elementor-swiper-button-prev\" role=\"button\" tabindex=\"0\">\n\t\t\t\t\t\t<svg aria-hidden=\"true\" class=\"e-font-icon-svg e-eicon-chevron-left\" viewbox=\"0 0 1000 1000\" xmlns=\"http:\/\/www.w3.org\/2000\/svg\"><path d=\"M646 125C629 125 613 133 604 142L308 442C296 454 292 471 292 487 292 504 296 521 308 533L604 854C617 867 629 875 646 875 663 875 679 871 692 858 704 846 713 829 713 812 713 796 708 779 692 767L438 487 692 225C700 217 708 204 708 187 708 171 704 154 692 142 675 129 663 125 646 125Z\"><\/path><\/svg>\t\t\t\t\t<\/div>\n\t\t\t\t\t<div class=\"elementor-swiper-button elementor-swiper-button-next\" role=\"button\" tabindex=\"0\">\n\t\t\t\t\t\t<svg aria-hidden=\"true\" class=\"e-font-icon-svg e-eicon-chevron-right\" viewbox=\"0 0 1000 1000\" xmlns=\"http:\/\/www.w3.org\/2000\/svg\"><path d=\"M696 533C708 521 713 504 713 487 713 471 708 454 696 446L400 146C388 133 375 125 354 125 338 125 325 129 313 142 300 154 292 171 292 187 292 204 296 221 308 233L563 492 304 771C292 783 288 800 288 817 288 833 296 850 308 863 321 871 338 875 354 875 371 875 388 867 400 854L696 533Z\"><\/path><\/svg>\t\t\t\t\t<\/div>\n\t\t\t\t\n\t\t\t\t\t\t\t\t\t<div class=\"swiper-pagination\"><\/div>\n\t\t\t\t\t\t\t\t\t<\/div>\n\t\t\t\t\t\t<\/div>\n\t\t\t\t\t<\/div>\n\t\t\t\t<\/div>\n\t\t<div class=\"elementor-element elementor-element-1b904aa e-flex e-con-boxed e-con e-parent\" data-id=\"1b904aa\" data-element_type=\"container\" data-e-type=\"container\">\n\t\t\t\t\t<div class=\"e-con-inner\">\n\t\t\t\t<div class=\"elementor-element elementor-element-a421316 elementor-widget elementor-widget-image-gallery\" data-id=\"a421316\" data-element_type=\"widget\" data-e-type=\"widget\" data-widget_type=\"image-gallery.default\">\n\t\t\t\t\t\t\t<div class=\"elementor-image-gallery\">\n\t\t\t<div id='gallery-1' class='gallery galleryid-1951 gallery-columns-4 gallery-size-thumbnail'><figure class='gallery-item'>\n\t\t\t<div class='gallery-icon landscape'>\n\t\t\t\t<a data-elementor-open-lightbox=\"yes\" data-elementor-lightbox-slideshow=\"a421316\" data-elementor-lightbox-title=\"ta_paidia_tis_xelidonas_004\" data-e-action-hash=\"#elementor-action%3Aaction%3Dlightbox%26settings%3DeyJpZCI6MTk1NiwidXJsIjoiaHR0cHM6XC9cL3l1bmFuaXN0YW5zaW5lbWFzaWd1bmxlcmkuY29tXC93cC1jb250ZW50XC91cGxvYWRzXC8yMDIzXC8xMVwvdGFfcGFpZGlhX3Rpc194ZWxpZG9uYXNfMDA0LmpwZyIsInNsaWRlc2hvdyI6ImE0MjEzMTYifQ%3D%3D\" href=\"https:\/\/i0.wp.com\/yunanistansinemasigunleri.com\/wp-content\/uploads\/2023\/11\/ta_paidia_tis_xelidonas_004.jpg?ssl=1\"><img decoding=\"async\" width=\"150\" height=\"150\" src=\"https:\/\/i0.wp.com\/yunanistansinemasigunleri.com\/wp-content\/uploads\/2023\/11\/ta_paidia_tis_xelidonas_004.jpg?resize=150%2C150&amp;ssl=1\" class=\"attachment-thumbnail size-thumbnail\" alt=\"\" srcset=\"https:\/\/i0.wp.com\/yunanistansinemasigunleri.com\/wp-content\/uploads\/2023\/11\/ta_paidia_tis_xelidonas_004.jpg?resize=150%2C150&amp;ssl=1 150w, https:\/\/i0.wp.com\/yunanistansinemasigunleri.com\/wp-content\/uploads\/2023\/11\/ta_paidia_tis_xelidonas_004.jpg?resize=400%2C400&amp;ssl=1 400w, https:\/\/i0.wp.com\/yunanistansinemasigunleri.com\/wp-content\/uploads\/2023\/11\/ta_paidia_tis_xelidonas_004.jpg?resize=200%2C200&amp;ssl=1 200w, https:\/\/i0.wp.com\/yunanistansinemasigunleri.com\/wp-content\/uploads\/2023\/11\/ta_paidia_tis_xelidonas_004.jpg?resize=100%2C100&amp;ssl=1 100w, https:\/\/i0.wp.com\/yunanistansinemasigunleri.com\/wp-content\/uploads\/2023\/11\/ta_paidia_tis_xelidonas_004.jpg?zoom=2&amp;resize=150%2C150&amp;ssl=1 300w, https:\/\/i0.wp.com\/yunanistansinemasigunleri.com\/wp-content\/uploads\/2023\/11\/ta_paidia_tis_xelidonas_004.jpg?zoom=3&amp;resize=150%2C150&amp;ssl=1 450w\" sizes=\"100vw\" \/><\/a>\n\t\t\t<\/div><\/figure><figure class='gallery-item'>\n\t\t\t<div class='gallery-icon landscape'>\n\t\t\t\t<a data-elementor-open-lightbox=\"yes\" data-elementor-lightbox-slideshow=\"a421316\" data-elementor-lightbox-title=\"ta_paidia_tis_xelidonas_003\" data-e-action-hash=\"#elementor-action%3Aaction%3Dlightbox%26settings%3DeyJpZCI6MTk1NSwidXJsIjoiaHR0cHM6XC9cL3l1bmFuaXN0YW5zaW5lbWFzaWd1bmxlcmkuY29tXC93cC1jb250ZW50XC91cGxvYWRzXC8yMDIzXC8xMVwvdGFfcGFpZGlhX3Rpc194ZWxpZG9uYXNfMDAzLmpwZyIsInNsaWRlc2hvdyI6ImE0MjEzMTYifQ%3D%3D\" href=\"https:\/\/i0.wp.com\/yunanistansinemasigunleri.com\/wp-content\/uploads\/2023\/11\/ta_paidia_tis_xelidonas_003.jpg?ssl=1\"><img decoding=\"async\" width=\"150\" height=\"150\" src=\"https:\/\/i0.wp.com\/yunanistansinemasigunleri.com\/wp-content\/uploads\/2023\/11\/ta_paidia_tis_xelidonas_003.jpg?resize=150%2C150&amp;ssl=1\" class=\"attachment-thumbnail size-thumbnail\" alt=\"\" srcset=\"https:\/\/i0.wp.com\/yunanistansinemasigunleri.com\/wp-content\/uploads\/2023\/11\/ta_paidia_tis_xelidonas_003.jpg?resize=150%2C150&amp;ssl=1 150w, https:\/\/i0.wp.com\/yunanistansinemasigunleri.com\/wp-content\/uploads\/2023\/11\/ta_paidia_tis_xelidonas_003.jpg?resize=400%2C400&amp;ssl=1 400w, https:\/\/i0.wp.com\/yunanistansinemasigunleri.com\/wp-content\/uploads\/2023\/11\/ta_paidia_tis_xelidonas_003.jpg?resize=200%2C200&amp;ssl=1 200w, https:\/\/i0.wp.com\/yunanistansinemasigunleri.com\/wp-content\/uploads\/2023\/11\/ta_paidia_tis_xelidonas_003.jpg?resize=100%2C100&amp;ssl=1 100w, https:\/\/i0.wp.com\/yunanistansinemasigunleri.com\/wp-content\/uploads\/2023\/11\/ta_paidia_tis_xelidonas_003.jpg?zoom=2&amp;resize=150%2C150&amp;ssl=1 300w, https:\/\/i0.wp.com\/yunanistansinemasigunleri.com\/wp-content\/uploads\/2023\/11\/ta_paidia_tis_xelidonas_003.jpg?zoom=3&amp;resize=150%2C150&amp;ssl=1 450w\" sizes=\"100vw\" \/><\/a>\n\t\t\t<\/div><\/figure><figure class='gallery-item'>\n\t\t\t<div class='gallery-icon landscape'>\n\t\t\t\t<a data-elementor-open-lightbox=\"yes\" data-elementor-lightbox-slideshow=\"a421316\" data-elementor-lightbox-title=\"ta_paidia_tis_xelidonas_002\" data-e-action-hash=\"#elementor-action%3Aaction%3Dlightbox%26settings%3DeyJpZCI6MTk1NCwidXJsIjoiaHR0cHM6XC9cL3l1bmFuaXN0YW5zaW5lbWFzaWd1bmxlcmkuY29tXC93cC1jb250ZW50XC91cGxvYWRzXC8yMDIzXC8xMVwvdGFfcGFpZGlhX3Rpc194ZWxpZG9uYXNfMDAyLmpwZyIsInNsaWRlc2hvdyI6ImE0MjEzMTYifQ%3D%3D\" href=\"https:\/\/i0.wp.com\/yunanistansinemasigunleri.com\/wp-content\/uploads\/2023\/11\/ta_paidia_tis_xelidonas_002.jpg?ssl=1\"><img loading=\"lazy\" decoding=\"async\" width=\"150\" height=\"150\" src=\"https:\/\/i0.wp.com\/yunanistansinemasigunleri.com\/wp-content\/uploads\/2023\/11\/ta_paidia_tis_xelidonas_002.jpg?resize=150%2C150&amp;ssl=1\" class=\"attachment-thumbnail size-thumbnail\" alt=\"\" srcset=\"https:\/\/i0.wp.com\/yunanistansinemasigunleri.com\/wp-content\/uploads\/2023\/11\/ta_paidia_tis_xelidonas_002.jpg?resize=150%2C150&amp;ssl=1 150w, https:\/\/i0.wp.com\/yunanistansinemasigunleri.com\/wp-content\/uploads\/2023\/11\/ta_paidia_tis_xelidonas_002.jpg?resize=400%2C400&amp;ssl=1 400w, https:\/\/i0.wp.com\/yunanistansinemasigunleri.com\/wp-content\/uploads\/2023\/11\/ta_paidia_tis_xelidonas_002.jpg?resize=200%2C200&amp;ssl=1 200w, https:\/\/i0.wp.com\/yunanistansinemasigunleri.com\/wp-content\/uploads\/2023\/11\/ta_paidia_tis_xelidonas_002.jpg?resize=100%2C100&amp;ssl=1 100w, https:\/\/i0.wp.com\/yunanistansinemasigunleri.com\/wp-content\/uploads\/2023\/11\/ta_paidia_tis_xelidonas_002.jpg?zoom=2&amp;resize=150%2C150&amp;ssl=1 300w, https:\/\/i0.wp.com\/yunanistansinemasigunleri.com\/wp-content\/uploads\/2023\/11\/ta_paidia_tis_xelidonas_002.jpg?zoom=3&amp;resize=150%2C150&amp;ssl=1 450w\" sizes=\"100vw\" \/><\/a>\n\t\t\t<\/div><\/figure><figure class='gallery-item'>\n\t\t\t<div class='gallery-icon landscape'>\n\t\t\t\t<a data-elementor-open-lightbox=\"yes\" data-elementor-lightbox-slideshow=\"a421316\" data-elementor-lightbox-title=\"ta_paidia_tis_xelidonas_001\" data-e-action-hash=\"#elementor-action%3Aaction%3Dlightbox%26settings%3DeyJpZCI6MTk1MywidXJsIjoiaHR0cHM6XC9cL3l1bmFuaXN0YW5zaW5lbWFzaWd1bmxlcmkuY29tXC93cC1jb250ZW50XC91cGxvYWRzXC8yMDIzXC8xMVwvdGFfcGFpZGlhX3Rpc194ZWxpZG9uYXNfMDAxLmpwZyIsInNsaWRlc2hvdyI6ImE0MjEzMTYifQ%3D%3D\" href=\"https:\/\/i0.wp.com\/yunanistansinemasigunleri.com\/wp-content\/uploads\/2023\/11\/ta_paidia_tis_xelidonas_001.jpg?ssl=1\"><img loading=\"lazy\" decoding=\"async\" width=\"150\" height=\"150\" src=\"https:\/\/i0.wp.com\/yunanistansinemasigunleri.com\/wp-content\/uploads\/2023\/11\/ta_paidia_tis_xelidonas_001.jpg?resize=150%2C150&amp;ssl=1\" class=\"attachment-thumbnail size-thumbnail\" alt=\"\" srcset=\"https:\/\/i0.wp.com\/yunanistansinemasigunleri.com\/wp-content\/uploads\/2023\/11\/ta_paidia_tis_xelidonas_001.jpg?resize=150%2C150&amp;ssl=1 150w, https:\/\/i0.wp.com\/yunanistansinemasigunleri.com\/wp-content\/uploads\/2023\/11\/ta_paidia_tis_xelidonas_001.jpg?resize=400%2C400&amp;ssl=1 400w, https:\/\/i0.wp.com\/yunanistansinemasigunleri.com\/wp-content\/uploads\/2023\/11\/ta_paidia_tis_xelidonas_001.jpg?resize=200%2C200&amp;ssl=1 200w, https:\/\/i0.wp.com\/yunanistansinemasigunleri.com\/wp-content\/uploads\/2023\/11\/ta_paidia_tis_xelidonas_001.jpg?resize=100%2C100&amp;ssl=1 100w, https:\/\/i0.wp.com\/yunanistansinemasigunleri.com\/wp-content\/uploads\/2023\/11\/ta_paidia_tis_xelidonas_001.jpg?zoom=2&amp;resize=150%2C150&amp;ssl=1 300w, https:\/\/i0.wp.com\/yunanistansinemasigunleri.com\/wp-content\/uploads\/2023\/11\/ta_paidia_tis_xelidonas_001.jpg?zoom=3&amp;resize=150%2C150&amp;ssl=1 450w\" sizes=\"100vw\" \/><\/a>\n\t\t\t<\/div><\/figure>\n\t\t<\/div>\n\t\t<\/div>\n\t\t\t\t\t\t<\/div>\n\t\t\t\t\t<\/div>\n\t\t\t\t<\/div>\n\t\t<div class=\"elementor-element elementor-element-ce579bf e-flex e-con-boxed e-con e-parent\" data-id=\"ce579bf\" data-element_type=\"container\" data-e-type=\"container\">\n\t\t\t\t\t<div class=\"e-con-inner\">\n\t\t\t\t<div class=\"elementor-element elementor-element-9cd6707 elementor-widget elementor-widget-spacer\" data-id=\"9cd6707\" data-element_type=\"widget\" data-e-type=\"widget\" data-widget_type=\"spacer.default\">\n\t\t\t\t\t\t\t<div class=\"elementor-spacer\">\n\t\t\t<div class=\"elementor-spacer-inner\"><\/div>\n\t\t<\/div>\n\t\t\t\t\t\t<\/div>\n\t\t\t\t\t<\/div>\n\t\t\t\t<\/div>\n\t\t<div class=\"elementor-element elementor-element-05c1a2b e-flex e-con-boxed e-con e-parent\" data-id=\"05c1a2b\" data-element_type=\"container\" data-e-type=\"container\">\n\t\t\t\t\t<div class=\"e-con-inner\">\n\t\t<div class=\"elementor-element elementor-element-aa29261 e-con-full e-flex e-con e-child\" data-id=\"aa29261\" data-element_type=\"container\" data-e-type=\"container\">\n\t\t\t\t<div class=\"elementor-element elementor-element-866e429 elementor-widget elementor-widget-text-editor\" data-id=\"866e429\" data-element_type=\"widget\" data-e-type=\"widget\" data-widget_type=\"text-editor.default\">\n\t\t\t\t\t\t\t\t\t<h5>Costas Vrettakos<span style=\"font-weight: 400;\"> (1938-2018)<\/span><\/h5><p><span style=\"font-weight: 400;\">Director, screenwriter, journalist and translator born in Athens. In 1980, his first short movie \u201cLayer of Destruction\u201d won 4 awards at once in Thessaloniki. He directed the documentary  \u201cErehtheio - Syntirisi Akropolis\u201d in 1984. His first fictional feature film \u201cChildren Of Helidona\u201d (1987) has received 7 awards in Thessaloniki including the Best Movie award.\u00a0<\/span><\/p>\t\t\t\t\t\t\t\t<\/div>\n\t\t\t\t<\/div>\n\t\t<div class=\"elementor-element elementor-element-9132e3b e-con-full e-flex e-con e-child\" data-id=\"9132e3b\" data-element_type=\"container\" data-e-type=\"container\">\n\t\t\t\t<div class=\"elementor-element elementor-element-0106aa4 elementor-widget elementor-widget-image\" data-id=\"0106aa4\" data-element_type=\"widget\" data-e-type=\"widget\" data-widget_type=\"image.default\">\n\t\t\t\t\t\t\t\t\t\t\t\t\t\t\t<img loading=\"lazy\" decoding=\"async\" data-attachment-id=\"1957\" data-permalink=\"https:\/\/yunanistansinemasigunleri.com\/en\/helidonanin-cocuklari\/kostas-vrettakos-1024x641\/\" data-orig-file=\"https:\/\/i0.wp.com\/yunanistansinemasigunleri.com\/wp-content\/uploads\/2023\/11\/kostas-vrettakos-1024x641-1.jpg?fit=1024%2C641&amp;ssl=1\" data-orig-size=\"1024,641\" data-comments-opened=\"1\" data-image-meta=\"{&quot;aperture&quot;:&quot;0&quot;,&quot;credit&quot;:&quot;&quot;,&quot;camera&quot;:&quot;&quot;,&quot;caption&quot;:&quot;&quot;,&quot;created_timestamp&quot;:&quot;0&quot;,&quot;copyright&quot;:&quot;&quot;,&quot;focal_length&quot;:&quot;0&quot;,&quot;iso&quot;:&quot;0&quot;,&quot;shutter_speed&quot;:&quot;0&quot;,&quot;title&quot;:&quot;&quot;,&quot;orientation&quot;:&quot;0&quot;}\" data-image-title=\"kostas-vrettakos-1024&amp;#215;641\" data-image-description=\"\" data-image-caption=\"\" data-large-file=\"https:\/\/i0.wp.com\/yunanistansinemasigunleri.com\/wp-content\/uploads\/2023\/11\/kostas-vrettakos-1024x641-1.jpg?fit=525%2C329&amp;ssl=1\" width=\"740\" height=\"463\" src=\"https:\/\/i0.wp.com\/yunanistansinemasigunleri.com\/wp-content\/uploads\/2023\/11\/kostas-vrettakos-1024x641-1.jpg?fit=740%2C463&amp;ssl=1\" class=\"attachment-large size-large wp-image-1957\" alt=\"\" srcset=\"https:\/\/i0.wp.com\/yunanistansinemasigunleri.com\/wp-content\/uploads\/2023\/11\/kostas-vrettakos-1024x641-1.jpg?w=1024&amp;ssl=1 1024w, https:\/\/i0.wp.com\/yunanistansinemasigunleri.com\/wp-content\/uploads\/2023\/11\/kostas-vrettakos-1024x641-1.jpg?resize=300%2C188&amp;ssl=1 300w, https:\/\/i0.wp.com\/yunanistansinemasigunleri.com\/wp-content\/uploads\/2023\/11\/kostas-vrettakos-1024x641-1.jpg?resize=768%2C481&amp;ssl=1 768w, https:\/\/i0.wp.com\/yunanistansinemasigunleri.com\/wp-content\/uploads\/2023\/11\/kostas-vrettakos-1024x641-1.jpg?resize=18%2C12&amp;ssl=1 18w\" sizes=\"100vw\" \/>\t\t\t\t\t\t\t\t\t\t\t\t\t\t\t<\/div>\n\t\t\t\t<\/div>\n\t\t\t\t\t<\/div>\n\t\t\t\t<\/div>\n\t\t\t\t<\/div>","protected":false},"excerpt":{"rendered":"<p>HEL\u0130DONA\u2019NIN \u00c7OCUKLARI \u03a4\u0391 \u03a0\u0391\u0399\u0394\u0399\u0391 \u03a4\u0397\u03a3 \u03a7\u0395\u039b\u0399\u0394\u039f\u039d\u0391\u03a3CHILDREN OF HELIDONA Tarih yoktur. Tarih, \u015fimdinin ge\u00e7mi\u015fin \u00fczerindeki s\u00fcrekli de\u011fi\u015fen bak\u0131\u015f\u0131d\u0131r. 23 Kas\u0131m Per\u015fembe 15.30 Yunanistan | 1987 | DCP | Renkli | 118\u2019\u00a0Yunanca \u2013 T\u00fcrk\u00e7e &amp; \u0130ngilizce Altyaz\u0131l\u0131 Y\u00f6netmen: Costas VrettakosSenaryo: Soula Drakopoulou, Costas Vrettakos (Dionysis Haritapoulos\u2019un roman\u0131ndan uyarlanm\u0131\u015ft\u0131r)G\u00f6r\u00fcnt\u00fc Y\u00f6netmeni: Aris StavrouKurgu: Christos SantatsoglouOyuncular: Vassilis Diamantopoulos, Mary Hronopoulou, &hellip; <\/p>\n<p class=\"link-more\"><a href=\"https:\/\/yunanistansinemasigunleri.com\/en\/helidonanin-cocuklari\/\" class=\"more-link\">Continue reading<span class=\"screen-reader-text\"> &#8220;HEL\u0130DONA\u2019NIN \u00c7OCUKLARI&#8221;<\/span><\/a><\/p>","protected":false},"author":219729766,"featured_media":0,"parent":0,"menu_order":0,"comment_status":"closed","ping_status":"closed","template":"","meta":{"_crdt_document":"","advanced_seo_description":"","jetpack_seo_html_title":"","jetpack_seo_noindex":false,"footnotes":""},"class_list":["post-1951","page","type-page","status-publish","hentry"],"jetpack_likes_enabled":true,"jetpack_sharing_enabled":true,"jetpack_shortlink":"https:\/\/wp.me\/PdSim2-vt","jetpack-related-posts":[],"amp_enabled":true,"_links":{"self":[{"href":"https:\/\/yunanistansinemasigunleri.com\/en\/wp-json\/wp\/v2\/pages\/1951","targetHints":{"allow":["GET"]}}],"collection":[{"href":"https:\/\/yunanistansinemasigunleri.com\/en\/wp-json\/wp\/v2\/pages"}],"about":[{"href":"https:\/\/yunanistansinemasigunleri.com\/en\/wp-json\/wp\/v2\/types\/page"}],"author":[{"embeddable":true,"href":"https:\/\/yunanistansinemasigunleri.com\/en\/wp-json\/wp\/v2\/users\/219729766"}],"replies":[{"embeddable":true,"href":"https:\/\/yunanistansinemasigunleri.com\/en\/wp-json\/wp\/v2\/comments?post=1951"}],"version-history":[{"count":16,"href":"https:\/\/yunanistansinemasigunleri.com\/en\/wp-json\/wp\/v2\/pages\/1951\/revisions"}],"predecessor-version":[{"id":2509,"href":"https:\/\/yunanistansinemasigunleri.com\/en\/wp-json\/wp\/v2\/pages\/1951\/revisions\/2509"}],"wp:attachment":[{"href":"https:\/\/yunanistansinemasigunleri.com\/en\/wp-json\/wp\/v2\/media?parent=1951"}],"curies":[{"name":"wp","href":"https:\/\/api.w.org\/{rel}","templated":true}]}}