{"id":1941,"date":"2023-11-15T17:09:03","date_gmt":"2023-11-15T15:09:03","guid":{"rendered":"https:\/\/yunanistansinemasigunleri.com\/?page_id=1941"},"modified":"2023-11-19T14:11:01","modified_gmt":"2023-11-19T12:11:01","slug":"doxobus","status":"publish","type":"page","link":"https:\/\/yunanistansinemasigunleri.com\/en\/doxobus\/","title":{"rendered":"DOXOBUS"},"content":{"rendered":"<div data-elementor-type=\"wp-page\" data-elementor-id=\"1941\" class=\"elementor elementor-1941\">\n\t\t\t\t<div class=\"elementor-element elementor-element-2af092d e-flex e-con-boxed e-con e-parent\" data-id=\"2af092d\" data-element_type=\"container\" data-e-type=\"container\">\n\t\t\t\t\t<div class=\"e-con-inner\">\n\t\t\t\t<div class=\"elementor-element elementor-element-6c373d5 elementor-widget elementor-widget-heading\" data-id=\"6c373d5\" data-element_type=\"widget\" data-e-type=\"widget\" data-widget_type=\"heading.default\">\n\t\t\t\t\t<h6 class=\"elementor-heading-title elementor-size-default\">DOXOBUS<\/h6>\t\t\t\t<\/div>\n\t\t\t\t\t<\/div>\n\t\t\t\t<\/div>\n\t\t<div class=\"elementor-element elementor-element-3b68a85 e-flex e-con-boxed e-con e-parent\" data-id=\"3b68a85\" data-element_type=\"container\" data-e-type=\"container\">\n\t\t\t\t\t<div class=\"e-con-inner\">\n\t\t<div class=\"elementor-element elementor-element-f189108 e-con-full e-flex e-con e-child\" data-id=\"f189108\" data-element_type=\"container\" data-e-type=\"container\">\n\t\t\t\t<div class=\"elementor-element elementor-element-ccdda50 elementor-widget elementor-widget-text-editor\" data-id=\"ccdda50\" data-element_type=\"widget\" data-e-type=\"widget\" data-widget_type=\"text-editor.default\">\n\t\t\t\t\t\t\t\t\t<h5><strong>\u0394\u039f\u039e\u039f\u039c\u03a0\u039f\u03a5\u03a3<br \/>DOXOBUS<\/strong><\/h5><p><em>A Byzantine mural in a small Greek village<\/em><\/p>\t\t\t\t\t\t\t\t<\/div>\n\t\t\t\t<\/div>\n\t\t<div class=\"elementor-element elementor-element-aed63ef e-con-full e-flex e-con e-child\" data-id=\"aed63ef\" data-element_type=\"container\" data-e-type=\"container\">\n\t\t\t\t<div class=\"elementor-element elementor-element-c3c24a5 elementor-widget elementor-widget-text-editor\" data-id=\"c3c24a5\" data-element_type=\"widget\" data-e-type=\"widget\" data-widget_type=\"text-editor.default\">\n\t\t\t\t\t\t\t\t\t<h6 class=\"elementor-heading-title elementor-size-default\">23 Kas\u0131m Per\u015fembe 18.00 105&#8242;<br \/><br \/><\/h6><p class=\"translation-block\">Greece | 1987 | DCP | Color | 105\u2019\nGreek \u2013 Turkish &amp; English Subtitled<\/p>\t\t\t\t\t\t\t\t<\/div>\n\t\t\t\t<\/div>\n\t\t\t\t\t<\/div>\n\t\t\t\t<\/div>\n\t\t<div class=\"elementor-element elementor-element-c022de8 e-flex e-con-boxed e-con e-parent\" data-id=\"c022de8\" data-element_type=\"container\" data-e-type=\"container\">\n\t\t\t\t\t<div class=\"e-con-inner\">\n\t\t\t\t<div class=\"elementor-element elementor-element-6746f4c elementor-widget elementor-widget-image\" data-id=\"6746f4c\" data-element_type=\"widget\" data-e-type=\"widget\" data-widget_type=\"image.default\">\n\t\t\t\t\t\t\t\t\t\t\t\t\t\t\t<img fetchpriority=\"high\" decoding=\"async\" data-attachment-id=\"1944\" data-permalink=\"https:\/\/yunanistansinemasigunleri.com\/en\/doxobus\/scan-1-small\/\" data-orig-file=\"https:\/\/i0.wp.com\/yunanistansinemasigunleri.com\/wp-content\/uploads\/2023\/11\/Scan-1-Small.jpeg?fit=320%2C231&amp;ssl=1\" data-orig-size=\"320,231\" data-comments-opened=\"1\" data-image-meta=\"{&quot;aperture&quot;:&quot;0&quot;,&quot;credit&quot;:&quot;&quot;,&quot;camera&quot;:&quot;HP Color LaserJet Pro MFP M177fw&quot;,&quot;caption&quot;:&quot;&quot;,&quot;created_timestamp&quot;:&quot;0&quot;,&quot;copyright&quot;:&quot;&quot;,&quot;focal_length&quot;:&quot;0&quot;,&quot;iso&quot;:&quot;0&quot;,&quot;shutter_speed&quot;:&quot;0&quot;,&quot;title&quot;:&quot;&quot;,&quot;orientation&quot;:&quot;1&quot;}\" data-image-title=\"Scan 1 Small\" data-image-description=\"\" data-image-caption=\"\" data-large-file=\"https:\/\/i0.wp.com\/yunanistansinemasigunleri.com\/wp-content\/uploads\/2023\/11\/Scan-1-Small.jpeg?fit=320%2C231&amp;ssl=1\" width=\"320\" height=\"231\" src=\"https:\/\/i0.wp.com\/yunanistansinemasigunleri.com\/wp-content\/uploads\/2023\/11\/Scan-1-Small.jpeg?fit=320%2C231&amp;ssl=1\" class=\"attachment-large size-large wp-image-1944\" alt=\"\" srcset=\"https:\/\/i0.wp.com\/yunanistansinemasigunleri.com\/wp-content\/uploads\/2023\/11\/Scan-1-Small.jpeg?w=320&amp;ssl=1 320w, https:\/\/i0.wp.com\/yunanistansinemasigunleri.com\/wp-content\/uploads\/2023\/11\/Scan-1-Small.jpeg?resize=300%2C217&amp;ssl=1 300w, https:\/\/i0.wp.com\/yunanistansinemasigunleri.com\/wp-content\/uploads\/2023\/11\/Scan-1-Small.jpeg?resize=18%2C12&amp;ssl=1 18w\" sizes=\"100vw\" \/>\t\t\t\t\t\t\t\t\t\t\t\t\t\t\t<\/div>\n\t\t\t\t\t<\/div>\n\t\t\t\t<\/div>\n\t\t<div class=\"elementor-element elementor-element-b15bd4f e-flex e-con-boxed e-con e-parent\" data-id=\"b15bd4f\" data-element_type=\"container\" data-e-type=\"container\">\n\t\t\t\t\t<div class=\"e-con-inner\">\n\t\t<div class=\"elementor-element elementor-element-cfbee77 e-con-full e-flex e-con e-child\" data-id=\"cfbee77\" data-element_type=\"container\" data-e-type=\"container\">\n\t\t\t\t<div class=\"elementor-element elementor-element-8e6acea elementor-widget elementor-widget-text-editor\" data-id=\"8e6acea\" data-element_type=\"widget\" data-e-type=\"widget\" data-widget_type=\"text-editor.default\">\n\t\t\t\t\t\t\t\t\t<p class=\"translation-block\">Director: Fotos Lambrinos\nScreenplay: Fotos Lambrinos, Panos Theodoridis\nDirector of Photography: Giorgos Arvanitis\nEditing: Aristeidis Karydis-Fuchs\nMusic: Kostas Vomvolos\nCast: Tasos Palatzidis, Stelios Kapatos, Varvara Mavromati\nProducer: Fotos Lambrinos<\/p><h5><b>Awards <\/b><\/h5><p><b>Thessaloniki FF <\/b><i><span style=\"font-weight: 400;\">En \u0130yi Yeni Y\u00f6netmen, En \u0130yi G\u00f6r\u00fcnt\u00fc, En \u0130yi Set Tasar\u0131m\u0131, En \u0130yi Makyaj, \u00d6zel \u00d6d\u00fcl\u00a0<\/span><\/i><\/p>\t\t\t\t\t\t\t\t<\/div>\n\t\t\t\t<\/div>\n\t\t<div class=\"elementor-element elementor-element-a91fa0e e-con-full e-flex e-con e-child\" data-id=\"a91fa0e\" data-element_type=\"container\" data-e-type=\"container\">\n\t\t\t\t<div class=\"elementor-element elementor-element-f6e516f elementor-widget elementor-widget-text-editor\" data-id=\"f6e516f\" data-element_type=\"widget\" data-e-type=\"widget\" data-widget_type=\"text-editor.default\">\n\t\t\t\t\t\t\t\t\t<h5><strong>SYNOPSIS<\/strong><\/h5><p><span style=\"font-weight: 400;\">The film tells a story that unfolds in medieval Macedonia in the 14th century, when the first civil war broke out in Byzantium. A young man (Xenos) from Doxobus - a Byzantine village - will live through all the winds of war, growing up first in a monastery and then participating in the civil war. The defeat of the emperor and the triumph of the revolutionaries, where Xenos was distinguished for his heroic achievements, will bring him a reward for his bravery.\u00a0<\/span><\/p>\t\t\t\t\t\t\t\t<\/div>\n\t\t\t\t<\/div>\n\t\t\t\t\t<\/div>\n\t\t\t\t<\/div>\n\t\t<div class=\"elementor-element elementor-element-6afba61 e-flex e-con-boxed e-con e-parent\" data-id=\"6afba61\" data-element_type=\"container\" data-e-type=\"container\">\n\t\t\t\t\t<div class=\"e-con-inner\">\n\t\t\t\t<div class=\"elementor-element elementor-element-377b8bf elementor-arrows-position-inside elementor-pagination-position-outside elementor-widget elementor-widget-image-carousel\" data-id=\"377b8bf\" data-element_type=\"widget\" data-e-type=\"widget\" data-settings=\"{&quot;slides_to_show&quot;:&quot;1&quot;,&quot;navigation&quot;:&quot;both&quot;,&quot;autoplay&quot;:&quot;yes&quot;,&quot;pause_on_hover&quot;:&quot;yes&quot;,&quot;pause_on_interaction&quot;:&quot;yes&quot;,&quot;autoplay_speed&quot;:5000,&quot;infinite&quot;:&quot;yes&quot;,&quot;effect&quot;:&quot;slide&quot;,&quot;speed&quot;:500}\" data-widget_type=\"image-carousel.default\">\n\t\t\t\t\t\t\t<div class=\"elementor-image-carousel-wrapper swiper\" role=\"region\" aria-roledescription=\"carousel\" aria-label=\"Image Carousel\" dir=\"ltr\">\n\t\t\t<div class=\"elementor-image-carousel swiper-wrapper\" aria-live=\"off\">\n\t\t\t\t\t\t\t\t<div class=\"swiper-slide\" role=\"group\" aria-roledescription=\"slide\" aria-label=\"1 of 2\" data-no-translation-aria-label=\"\"><figure class=\"swiper-slide-inner\"><img decoding=\"async\" class=\"swiper-slide-image\" src=\"https:\/\/i0.wp.com\/yunanistansinemasigunleri.com\/wp-content\/uploads\/2023\/11\/Scan33.jpeg?fit=740%2C1081&amp;ssl=1\" alt=\"Scan33\" \/><\/figure><\/div><div class=\"swiper-slide\" role=\"group\" aria-roledescription=\"slide\" aria-label=\"2 of 2\" data-no-translation-aria-label=\"\"><figure class=\"swiper-slide-inner\"><img decoding=\"async\" class=\"swiper-slide-image\" src=\"https:\/\/i0.wp.com\/yunanistansinemasigunleri.com\/wp-content\/uploads\/2023\/11\/Scan-1-Small.jpeg?fit=320%2C231&amp;ssl=1\" alt=\"Scan 1 Small\" \/><\/figure><\/div>\t\t\t<\/div>\n\t\t\t\t\t\t\t\t\t\t\t\t<div class=\"elementor-swiper-button elementor-swiper-button-prev\" role=\"button\" tabindex=\"0\">\n\t\t\t\t\t\t<svg aria-hidden=\"true\" class=\"e-font-icon-svg e-eicon-chevron-left\" viewbox=\"0 0 1000 1000\" xmlns=\"http:\/\/www.w3.org\/2000\/svg\"><path d=\"M646 125C629 125 613 133 604 142L308 442C296 454 292 471 292 487 292 504 296 521 308 533L604 854C617 867 629 875 646 875 663 875 679 871 692 858 704 846 713 829 713 812 713 796 708 779 692 767L438 487 692 225C700 217 708 204 708 187 708 171 704 154 692 142 675 129 663 125 646 125Z\"><\/path><\/svg>\t\t\t\t\t<\/div>\n\t\t\t\t\t<div class=\"elementor-swiper-button elementor-swiper-button-next\" role=\"button\" tabindex=\"0\">\n\t\t\t\t\t\t<svg aria-hidden=\"true\" class=\"e-font-icon-svg e-eicon-chevron-right\" viewbox=\"0 0 1000 1000\" xmlns=\"http:\/\/www.w3.org\/2000\/svg\"><path d=\"M696 533C708 521 713 504 713 487 713 471 708 454 696 446L400 146C388 133 375 125 354 125 338 125 325 129 313 142 300 154 292 171 292 187 292 204 296 221 308 233L563 492 304 771C292 783 288 800 288 817 288 833 296 850 308 863 321 871 338 875 354 875 371 875 388 867 400 854L696 533Z\"><\/path><\/svg>\t\t\t\t\t<\/div>\n\t\t\t\t\n\t\t\t\t\t\t\t\t\t<div class=\"swiper-pagination\"><\/div>\n\t\t\t\t\t\t\t\t\t<\/div>\n\t\t\t\t\t\t<\/div>\n\t\t\t\t\t<\/div>\n\t\t\t\t<\/div>\n\t\t<div class=\"elementor-element elementor-element-1bf6b72 e-flex e-con-boxed e-con e-parent\" data-id=\"1bf6b72\" data-element_type=\"container\" data-e-type=\"container\">\n\t\t\t\t\t<div class=\"e-con-inner\">\n\t\t\t\t<div class=\"elementor-element elementor-element-3eb8ec8 elementor-widget elementor-widget-spacer\" data-id=\"3eb8ec8\" data-element_type=\"widget\" data-e-type=\"widget\" data-widget_type=\"spacer.default\">\n\t\t\t\t\t\t\t<div class=\"elementor-spacer\">\n\t\t\t<div class=\"elementor-spacer-inner\"><\/div>\n\t\t<\/div>\n\t\t\t\t\t\t<\/div>\n\t\t\t\t\t<\/div>\n\t\t\t\t<\/div>\n\t\t<div class=\"elementor-element elementor-element-1357df1 e-flex e-con-boxed e-con e-parent\" data-id=\"1357df1\" data-element_type=\"container\" data-e-type=\"container\">\n\t\t\t\t\t<div class=\"e-con-inner\">\n\t\t<div class=\"elementor-element elementor-element-6d48f51 e-con-full e-flex e-con e-child\" data-id=\"6d48f51\" data-element_type=\"container\" data-e-type=\"container\">\n\t\t\t\t<div class=\"elementor-element elementor-element-3a1dea9 elementor-widget elementor-widget-text-editor\" data-id=\"3a1dea9\" data-element_type=\"widget\" data-e-type=\"widget\" data-widget_type=\"text-editor.default\">\n\t\t\t\t\t\t\t\t\t<h5>Fotos Lambrinos<span style=\"font-weight: 400;\">\u00a0<\/span><\/h5><p><span style=\"font-weight: 400;\">With his first fictional future film \u201cDoxobus\u201d in 1987, he was selected Best Director at The Thessaloniki Film Festival. Some of his noteworthy films are \u201cBirthday Celebration or a Silent Balkan Story\u201d (1995), \u201cCaptain Kemal: A Comrade\u201d (2009), and \u201cThe Great Utopia\u201d (2017).<\/span><\/p>\t\t\t\t\t\t\t\t<\/div>\n\t\t\t\t<\/div>\n\t\t<div class=\"elementor-element elementor-element-05d68b9 e-con-full e-flex e-con e-child\" data-id=\"05d68b9\" data-element_type=\"container\" data-e-type=\"container\">\n\t\t\t\t<div class=\"elementor-element elementor-element-7b14ec6 elementor-widget elementor-widget-image\" data-id=\"7b14ec6\" data-element_type=\"widget\" data-e-type=\"widget\" data-widget_type=\"image.default\">\n\t\t\t\t\t\t\t\t\t\t\t\t\t\t\t<img decoding=\"async\" data-attachment-id=\"1947\" data-permalink=\"https:\/\/yunanistansinemasigunleri.com\/en\/doxobus\/image-w856-jpg-3\/\" data-orig-file=\"https:\/\/i0.wp.com\/yunanistansinemasigunleri.com\/wp-content\/uploads\/2023\/11\/image-w856.jpg-3.webp?fit=800%2C950&amp;ssl=1\" data-orig-size=\"800,950\" data-comments-opened=\"1\" data-image-meta=\"{&quot;aperture&quot;:&quot;0&quot;,&quot;credit&quot;:&quot;&quot;,&quot;camera&quot;:&quot;&quot;,&quot;caption&quot;:&quot;&quot;,&quot;created_timestamp&quot;:&quot;0&quot;,&quot;copyright&quot;:&quot;&quot;,&quot;focal_length&quot;:&quot;0&quot;,&quot;iso&quot;:&quot;0&quot;,&quot;shutter_speed&quot;:&quot;0&quot;,&quot;title&quot;:&quot;&quot;,&quot;orientation&quot;:&quot;0&quot;}\" data-image-title=\"image-w856.jpg-3\" data-image-description=\"\" data-image-caption=\"\" data-large-file=\"https:\/\/i0.wp.com\/yunanistansinemasigunleri.com\/wp-content\/uploads\/2023\/11\/image-w856.jpg-3.webp?fit=525%2C623&amp;ssl=1\" width=\"740\" height=\"879\" src=\"https:\/\/i0.wp.com\/yunanistansinemasigunleri.com\/wp-content\/uploads\/2023\/11\/image-w856.jpg-3.webp?fit=740%2C879&amp;ssl=1\" class=\"attachment-large size-large wp-image-1947\" alt=\"\" srcset=\"https:\/\/i0.wp.com\/yunanistansinemasigunleri.com\/wp-content\/uploads\/2023\/11\/image-w856.jpg-3.webp?w=800&amp;ssl=1 800w, https:\/\/i0.wp.com\/yunanistansinemasigunleri.com\/wp-content\/uploads\/2023\/11\/image-w856.jpg-3.webp?resize=253%2C300&amp;ssl=1 253w, https:\/\/i0.wp.com\/yunanistansinemasigunleri.com\/wp-content\/uploads\/2023\/11\/image-w856.jpg-3.webp?resize=768%2C912&amp;ssl=1 768w, https:\/\/i0.wp.com\/yunanistansinemasigunleri.com\/wp-content\/uploads\/2023\/11\/image-w856.jpg-3.webp?resize=10%2C12&amp;ssl=1 10w\" sizes=\"100vw\" \/>\t\t\t\t\t\t\t\t\t\t\t\t\t\t\t<\/div>\n\t\t\t\t<\/div>\n\t\t\t\t\t<\/div>\n\t\t\t\t<\/div>\n\t\t\t\t<\/div>","protected":false},"excerpt":{"rendered":"<p>DOXOBUS \u0394\u039f\u039e\u039f\u039c\u03a0\u039f\u03a5\u03a3DOXOBUS K\u00fc\u00e7\u00fck bir Yunan k\u00f6y\u00fcnde bir Bizans duvar resmi 23 Kas\u0131m Per\u015fembe 18.00 105&#8242; Yunanistan | 1987 | DCP | Renkli | 105\u2019\u00a0Yunanca \u2013 T\u00fcrk\u00e7e &amp; \u0130ngilizce Altyaz\u0131l\u0131 Y\u00f6netmen: Fotos LambrinosSenaryo: Fotos Lambrinos, Panos TheodoridisG\u00f6r\u00fcnt\u00fc Y\u00f6netmeni: Giorgos ArvanitisKurgu: Aristeidis Karydis-FuchsM\u00fczik: Kostas VomvolosOyuncular: Tasos Palatzidis, Stelios Kapatos, Varvara MavromatiYap\u0131mc\u0131: Fotos Lambrinos \u00d6d\u00fcller Selanik FF En &hellip; <\/p>\n<p class=\"link-more\"><a href=\"https:\/\/yunanistansinemasigunleri.com\/en\/doxobus\/\" class=\"more-link\">Continue reading<span class=\"screen-reader-text\"> &#8220;DOXOBUS&#8221;<\/span><\/a><\/p>","protected":false},"author":219729766,"featured_media":0,"parent":0,"menu_order":0,"comment_status":"closed","ping_status":"closed","template":"","meta":{"_crdt_document":"","advanced_seo_description":"","jetpack_seo_html_title":"","jetpack_seo_noindex":false,"footnotes":""},"class_list":["post-1941","page","type-page","status-publish","hentry"],"jetpack_likes_enabled":true,"jetpack_sharing_enabled":true,"jetpack_shortlink":"https:\/\/wp.me\/PdSim2-vj","jetpack-related-posts":[],"amp_enabled":true,"_links":{"self":[{"href":"https:\/\/yunanistansinemasigunleri.com\/en\/wp-json\/wp\/v2\/pages\/1941","targetHints":{"allow":["GET"]}}],"collection":[{"href":"https:\/\/yunanistansinemasigunleri.com\/en\/wp-json\/wp\/v2\/pages"}],"about":[{"href":"https:\/\/yunanistansinemasigunleri.com\/en\/wp-json\/wp\/v2\/types\/page"}],"author":[{"embeddable":true,"href":"https:\/\/yunanistansinemasigunleri.com\/en\/wp-json\/wp\/v2\/users\/219729766"}],"replies":[{"embeddable":true,"href":"https:\/\/yunanistansinemasigunleri.com\/en\/wp-json\/wp\/v2\/comments?post=1941"}],"version-history":[{"count":18,"href":"https:\/\/yunanistansinemasigunleri.com\/en\/wp-json\/wp\/v2\/pages\/1941\/revisions"}],"predecessor-version":[{"id":2512,"href":"https:\/\/yunanistansinemasigunleri.com\/en\/wp-json\/wp\/v2\/pages\/1941\/revisions\/2512"}],"wp:attachment":[{"href":"https:\/\/yunanistansinemasigunleri.com\/en\/wp-json\/wp\/v2\/media?parent=1941"}],"curies":[{"name":"wp","href":"https:\/\/api.w.org\/{rel}","templated":true}]}}