{"id":1903,"date":"2023-11-15T17:18:22","date_gmt":"2023-11-15T15:18:22","guid":{"rendered":"https:\/\/yunanistansinemasigunleri.com\/?page_id=1903"},"modified":"2023-11-19T14:05:04","modified_gmt":"2023-11-19T12:05:04","slug":"herakles-akhelous-nehri-ve-buyukannem","status":"publish","type":"page","link":"https:\/\/yunanistansinemasigunleri.com\/en\/herakles-akhelous-nehri-ve-buyukannem\/","title":{"rendered":"HERCULES, THE RIVER ACHELOUS, AND MY GRANDMOTHER"},"content":{"rendered":"<div data-elementor-type=\"wp-page\" data-elementor-id=\"1903\" class=\"elementor elementor-1903\">\n\t\t\t\t<div class=\"elementor-element elementor-element-d22716a e-flex e-con-boxed e-con e-parent\" data-id=\"d22716a\" data-element_type=\"container\" data-e-type=\"container\">\n\t\t\t\t\t<div class=\"e-con-inner\">\n\t\t\t\t<div class=\"elementor-element elementor-element-676cdfb elementor-widget elementor-widget-heading\" data-id=\"676cdfb\" data-element_type=\"widget\" data-e-type=\"widget\" data-widget_type=\"heading.default\">\n\t\t\t\t\t<h6 class=\"elementor-heading-title elementor-size-default\">HERCULES, THE RIVER ACHELOUS, AND MY GRANDMOTHER<\/h6>\t\t\t\t<\/div>\n\t\t\t\t\t<\/div>\n\t\t\t\t<\/div>\n\t\t<div class=\"elementor-element elementor-element-7f8f7e5 e-flex e-con-boxed e-con e-parent\" data-id=\"7f8f7e5\" data-element_type=\"container\" data-e-type=\"container\">\n\t\t\t\t\t<div class=\"e-con-inner\">\n\t\t<div class=\"elementor-element elementor-element-77dca47 e-con-full e-flex e-con e-child\" data-id=\"77dca47\" data-element_type=\"container\" data-e-type=\"container\">\n\t\t\t\t<div class=\"elementor-element elementor-element-5c5a822 elementor-widget elementor-widget-text-editor\" data-id=\"5c5a822\" data-element_type=\"widget\" data-e-type=\"widget\" data-widget_type=\"text-editor.default\">\n\t\t\t\t\t\t\t\t\t<h5><strong>\u039f \u0397\u03a1\u0391\u039a\u039b\u0397\u03a3, \u039f \u0391\u03a7\u0395\u039b\u03a9\u039f\u03a3 \u039a\u0391\u0399 \u0397 \u0393\u0399\u0391\u0393\u0399\u0391 \u039c\u039f\u03a5 (\u03bc.\u03bc)<br \/>HERCULES, THE RIVER ACHELOUS, AND MY GRANDMOTHER<\/strong><\/h5><p><em>\u201cI\u2019m not afraid of death myself. I want to embrace him. If I see him I will.\u201d<\/em><\/p>\t\t\t\t\t\t\t\t<\/div>\n\t\t\t\t<\/div>\n\t\t<div class=\"elementor-element elementor-element-022a660 e-con-full e-flex e-con e-child\" data-id=\"022a660\" data-element_type=\"container\" data-e-type=\"container\">\n\t\t\t\t<div class=\"elementor-element elementor-element-4bfdc4d elementor-widget elementor-widget-text-editor\" data-id=\"4bfdc4d\" data-element_type=\"widget\" data-e-type=\"widget\" data-widget_type=\"text-editor.default\">\n\t\t\t\t\t\t\t\t\t<h6 class=\"elementor-heading-title elementor-size-default\">25 Kas\u0131m Cumartesi 11.00 28&#8242;<\/h6><p class=\"translation-block\">Greece | 1997 | DCP | Color | 28\u2019\nGreek \u2013 Turkish &amp; English Subtitled<\/p>\t\t\t\t\t\t\t\t<\/div>\n\t\t\t\t<\/div>\n\t\t\t\t\t<\/div>\n\t\t\t\t<\/div>\n\t\t<div class=\"elementor-element elementor-element-fe61ae9 e-flex e-con-boxed e-con e-parent\" data-id=\"fe61ae9\" data-element_type=\"container\" data-e-type=\"container\">\n\t\t\t\t\t<div class=\"e-con-inner\">\n\t\t\t\t<div class=\"elementor-element elementor-element-8e07281 elementor-widget elementor-widget-image\" data-id=\"8e07281\" data-element_type=\"widget\" data-e-type=\"widget\" data-widget_type=\"image.default\">\n\t\t\t\t\t\t\t\t\t\t\t\t\t\t\t<img fetchpriority=\"high\" decoding=\"async\" data-attachment-id=\"1907\" data-permalink=\"https:\/\/yunanistansinemasigunleri.com\/en\/herakles-akhelous-nehri-ve-buyukannem\/giagia\/\" data-orig-file=\"https:\/\/i0.wp.com\/yunanistansinemasigunleri.com\/wp-content\/uploads\/2023\/11\/giagia.jpg?fit=1280%2C720&amp;ssl=1\" data-orig-size=\"1280,720\" data-comments-opened=\"1\" data-image-meta=\"{&quot;aperture&quot;:&quot;0&quot;,&quot;credit&quot;:&quot;&quot;,&quot;camera&quot;:&quot;&quot;,&quot;caption&quot;:&quot;&quot;,&quot;created_timestamp&quot;:&quot;0&quot;,&quot;copyright&quot;:&quot;&quot;,&quot;focal_length&quot;:&quot;0&quot;,&quot;iso&quot;:&quot;0&quot;,&quot;shutter_speed&quot;:&quot;0&quot;,&quot;title&quot;:&quot;&quot;,&quot;orientation&quot;:&quot;0&quot;}\" data-image-title=\"giagia\" data-image-description=\"\" data-image-caption=\"\" data-large-file=\"https:\/\/i0.wp.com\/yunanistansinemasigunleri.com\/wp-content\/uploads\/2023\/11\/giagia.jpg?fit=525%2C295&amp;ssl=1\" width=\"525\" height=\"295\" src=\"https:\/\/i0.wp.com\/yunanistansinemasigunleri.com\/wp-content\/uploads\/2023\/11\/giagia.jpg?fit=525%2C295&amp;ssl=1\" class=\"attachment-large size-large wp-image-1907\" alt=\"\" srcset=\"https:\/\/i0.wp.com\/yunanistansinemasigunleri.com\/wp-content\/uploads\/2023\/11\/giagia.jpg?w=1280&amp;ssl=1 1280w, https:\/\/i0.wp.com\/yunanistansinemasigunleri.com\/wp-content\/uploads\/2023\/11\/giagia.jpg?resize=300%2C169&amp;ssl=1 300w, https:\/\/i0.wp.com\/yunanistansinemasigunleri.com\/wp-content\/uploads\/2023\/11\/giagia.jpg?resize=1024%2C576&amp;ssl=1 1024w, https:\/\/i0.wp.com\/yunanistansinemasigunleri.com\/wp-content\/uploads\/2023\/11\/giagia.jpg?resize=768%2C432&amp;ssl=1 768w, https:\/\/i0.wp.com\/yunanistansinemasigunleri.com\/wp-content\/uploads\/2023\/11\/giagia.jpg?resize=18%2C10&amp;ssl=1 18w, https:\/\/i0.wp.com\/yunanistansinemasigunleri.com\/wp-content\/uploads\/2023\/11\/giagia.jpg?resize=1200%2C675&amp;ssl=1 1200w\" sizes=\"100vw\" \/>\t\t\t\t\t\t\t\t\t\t\t\t\t\t\t<\/div>\n\t\t\t\t\t<\/div>\n\t\t\t\t<\/div>\n\t\t<div class=\"elementor-element elementor-element-b376aff e-flex e-con-boxed e-con e-parent\" data-id=\"b376aff\" data-element_type=\"container\" data-e-type=\"container\">\n\t\t\t\t\t<div class=\"e-con-inner\">\n\t\t<div class=\"elementor-element elementor-element-8c84a5f e-con-full e-flex e-con e-child\" data-id=\"8c84a5f\" data-element_type=\"container\" data-e-type=\"container\">\n\t\t\t\t<div class=\"elementor-element elementor-element-ab7f4e5 elementor-widget elementor-widget-text-editor\" data-id=\"ab7f4e5\" data-element_type=\"widget\" data-e-type=\"widget\" data-widget_type=\"text-editor.default\">\n\t\t\t\t\t\t\t\t\t<p><b>Director of Photography:<\/b><span style=\"font-weight: 400;\">: Dimitris Koutsiabasakos<br \/><\/span><b>Screenplay<\/b><span style=\"font-weight: 400;\">: Dimitris Koutsiabasakos<br \/><\/span><b>Director of Photography<\/b><span style=\"font-weight: 400;\">: Kostas Koutsiabassakos, Pavlos Mavrikidis<br \/><\/span><b>Editing<\/b><span style=\"font-weight: 400;\">: Elissavet Chronopoulou<br \/><\/span><b style=\"font-size: 1rem;\">Cast<\/b><span style=\"font-weight: 400;\">: Kyriakos Gogos, Dimitra Goroitou, Evangelos Tentolouris<br \/><\/span><b>Producer<\/b><b>: <\/b><span style=\"font-weight: 400;\">Dimitris Koutsiabasakos<\/span><\/p><h5><span style=\"font-weight: 400;\"><br \/><\/span><b>Awards<\/b><\/h5><p><b>Nuremberg FF <\/b><i><span style=\"font-weight: 400;\">En \u0130yi Belgesel, <\/span><\/i><b>Drama K\u0131sa FF <\/b><i><span style=\"font-weight: 400;\">En \u0130yi Belgesel, En \u0130yi Ses <\/span><\/i><b>| <\/b><b>Nuremberg FF <\/b><i><span style=\"font-weight: 400;\">Best Documentary<\/span><\/i><span style=\"font-weight: 400;\">, <\/span><b>Drama Short FF <\/b><i><span style=\"font-weight: 400;\">Best Documentary, Best Sound <\/span><\/i><\/p>\t\t\t\t\t\t\t\t<\/div>\n\t\t\t\t<\/div>\n\t\t<div class=\"elementor-element elementor-element-d3465da e-con-full e-flex e-con e-child\" data-id=\"d3465da\" data-element_type=\"container\" data-e-type=\"container\">\n\t\t\t\t<div class=\"elementor-element elementor-element-873fdf3 elementor-widget elementor-widget-text-editor\" data-id=\"873fdf3\" data-element_type=\"widget\" data-e-type=\"widget\" data-widget_type=\"text-editor.default\">\n\t\t\t\t\t\t\t\t\t<h5><strong>SYNOPSIS<\/strong><\/h5><p><span style=\"font-weight: 400;\">Dimitra, who is also the grandmother of Dimitris Koutsiabasakos, is 88 years old and lives alone in the village of Armatoliko in the Pindos Mountains. The village, situated on the banks of the Acheloos River, where Dimitra resides, takes its name from the myth of Heracles battling for the love of the river god Acheloos. Dimitra's house is located right in the middle of the construction site planned to become a reservoir. Coincidentally, the materials to be used in the construction of the dam belong to a cement company named \"Heracles,\" and the age-old battle between Acheloos and Heracles continues to this day.<\/span><\/p>\t\t\t\t\t\t\t\t<\/div>\n\t\t\t\t<\/div>\n\t\t\t\t\t<\/div>\n\t\t\t\t<\/div>\n\t\t<div class=\"elementor-element elementor-element-d4c6a1c e-flex e-con-boxed e-con e-parent\" data-id=\"d4c6a1c\" data-element_type=\"container\" data-e-type=\"container\">\n\t\t\t\t\t<div class=\"e-con-inner\">\n\t\t\t\t<div class=\"elementor-element elementor-element-56c9ec3 elementor-arrows-position-inside elementor-pagination-position-outside elementor-widget elementor-widget-image-carousel\" data-id=\"56c9ec3\" data-element_type=\"widget\" data-e-type=\"widget\" data-settings=\"{&quot;slides_to_show&quot;:&quot;1&quot;,&quot;navigation&quot;:&quot;both&quot;,&quot;autoplay&quot;:&quot;yes&quot;,&quot;pause_on_hover&quot;:&quot;yes&quot;,&quot;pause_on_interaction&quot;:&quot;yes&quot;,&quot;autoplay_speed&quot;:5000,&quot;infinite&quot;:&quot;yes&quot;,&quot;effect&quot;:&quot;slide&quot;,&quot;speed&quot;:500}\" data-widget_type=\"image-carousel.default\">\n\t\t\t\t\t\t\t<div class=\"elementor-image-carousel-wrapper swiper\" role=\"region\" aria-roledescription=\"carousel\" aria-label=\"Image Carousel\" dir=\"ltr\">\n\t\t\t<div class=\"elementor-image-carousel swiper-wrapper\" aria-live=\"off\">\n\t\t\t\t\t\t\t\t<div class=\"swiper-slide\" role=\"group\" aria-roledescription=\"slide\" aria-label=\"1 of 5\"><figure class=\"swiper-slide-inner\"><img decoding=\"async\" class=\"swiper-slide-image\" src=\"https:\/\/i0.wp.com\/yunanistansinemasigunleri.com\/wp-content\/uploads\/2023\/11\/Poster.jpg?fit=525%2C636&amp;ssl=1\" alt=\"Poster\" \/><\/figure><\/div><div class=\"swiper-slide\" role=\"group\" aria-roledescription=\"slide\" aria-label=\"2 of 5\"><figure class=\"swiper-slide-inner\"><img decoding=\"async\" class=\"swiper-slide-image\" src=\"https:\/\/i0.wp.com\/yunanistansinemasigunleri.com\/wp-content\/uploads\/2023\/11\/4-5.jpg?fit=525%2C295&amp;ssl=1\" alt=\"4\" \/><\/figure><\/div><div class=\"swiper-slide\" role=\"group\" aria-roledescription=\"slide\" aria-label=\"3 of 5\"><figure class=\"swiper-slide-inner\"><img decoding=\"async\" class=\"swiper-slide-image\" src=\"https:\/\/i0.wp.com\/yunanistansinemasigunleri.com\/wp-content\/uploads\/2023\/11\/3-5.jpg?fit=525%2C349&amp;ssl=1\" alt=\"3\" \/><\/figure><\/div><div class=\"swiper-slide\" role=\"group\" aria-roledescription=\"slide\" aria-label=\"4 of 5\"><figure class=\"swiper-slide-inner\"><img decoding=\"async\" class=\"swiper-slide-image\" src=\"https:\/\/i0.wp.com\/yunanistansinemasigunleri.com\/wp-content\/uploads\/2023\/11\/2-5.jpg?fit=525%2C372&amp;ssl=1\" alt=\"LEAD Technologies Inc. V1.01\" \/><\/figure><\/div><div class=\"swiper-slide\" role=\"group\" aria-roledescription=\"slide\" aria-label=\"5 of 5\"><figure class=\"swiper-slide-inner\"><img decoding=\"async\" class=\"swiper-slide-image\" src=\"https:\/\/i0.wp.com\/yunanistansinemasigunleri.com\/wp-content\/uploads\/2023\/11\/1-5.jpg?fit=525%2C295&amp;ssl=1\" alt=\"1\" \/><\/figure><\/div>\t\t\t<\/div>\n\t\t\t\t\t\t\t\t\t\t\t\t<div class=\"elementor-swiper-button elementor-swiper-button-prev\" role=\"button\" tabindex=\"0\">\n\t\t\t\t\t\t<svg aria-hidden=\"true\" class=\"e-font-icon-svg e-eicon-chevron-left\" viewbox=\"0 0 1000 1000\" xmlns=\"http:\/\/www.w3.org\/2000\/svg\"><path d=\"M646 125C629 125 613 133 604 142L308 442C296 454 292 471 292 487 292 504 296 521 308 533L604 854C617 867 629 875 646 875 663 875 679 871 692 858 704 846 713 829 713 812 713 796 708 779 692 767L438 487 692 225C700 217 708 204 708 187 708 171 704 154 692 142 675 129 663 125 646 125Z\"><\/path><\/svg>\t\t\t\t\t<\/div>\n\t\t\t\t\t<div class=\"elementor-swiper-button elementor-swiper-button-next\" role=\"button\" tabindex=\"0\">\n\t\t\t\t\t\t<svg aria-hidden=\"true\" class=\"e-font-icon-svg e-eicon-chevron-right\" viewbox=\"0 0 1000 1000\" xmlns=\"http:\/\/www.w3.org\/2000\/svg\"><path d=\"M696 533C708 521 713 504 713 487 713 471 708 454 696 446L400 146C388 133 375 125 354 125 338 125 325 129 313 142 300 154 292 171 292 187 292 204 296 221 308 233L563 492 304 771C292 783 288 800 288 817 288 833 296 850 308 863 321 871 338 875 354 875 371 875 388 867 400 854L696 533Z\"><\/path><\/svg>\t\t\t\t\t<\/div>\n\t\t\t\t\n\t\t\t\t\t\t\t\t\t<div class=\"swiper-pagination\"><\/div>\n\t\t\t\t\t\t\t\t\t<\/div>\n\t\t\t\t\t\t<\/div>\n\t\t\t\t\t<\/div>\n\t\t\t\t<\/div>\n\t\t<div class=\"elementor-element elementor-element-65a4708 e-flex e-con-boxed e-con e-parent\" data-id=\"65a4708\" data-element_type=\"container\" data-e-type=\"container\">\n\t\t\t\t\t<div class=\"e-con-inner\">\n\t\t\t\t<div class=\"elementor-element elementor-element-cc5c981 elementor-widget elementor-widget-spacer\" data-id=\"cc5c981\" data-element_type=\"widget\" data-e-type=\"widget\" data-widget_type=\"spacer.default\">\n\t\t\t\t\t\t\t<div class=\"elementor-spacer\">\n\t\t\t<div class=\"elementor-spacer-inner\"><\/div>\n\t\t<\/div>\n\t\t\t\t\t\t<\/div>\n\t\t\t\t\t<\/div>\n\t\t\t\t<\/div>\n\t\t<div class=\"elementor-element elementor-element-f1d2be6 e-flex e-con-boxed e-con e-parent\" data-id=\"f1d2be6\" data-element_type=\"container\" data-e-type=\"container\">\n\t\t\t\t\t<div class=\"e-con-inner\">\n\t\t<div class=\"elementor-element elementor-element-f470206 e-con-full e-flex e-con e-child\" data-id=\"f470206\" data-element_type=\"container\" data-e-type=\"container\">\n\t\t\t\t<div class=\"elementor-element elementor-element-78a1881 elementor-widget elementor-widget-text-editor\" data-id=\"78a1881\" data-element_type=\"widget\" data-e-type=\"widget\" data-widget_type=\"text-editor.default\">\n\t\t\t\t\t\t\t\t\t<h5><b>Dimitris Koutsiabasakos <\/b><span style=\"font-weight: 400;\">(1967)<\/span><\/h5><p><span style=\"font-weight: 400;\">He studied directing at the Gerasimov Institute of Cinematography (V.G.I.K) in Moscow. He shot short films and feature films for cinema and television. He directed his first short film \u201cHill 33\u201d in 1998. Some of his noteworthy documentaries are \u201cThe Grocer, Silent Witness\u201d (2013), \u201cYannis Kastritsis - The Man and his Shadow\u201d (2017) and \u201cHeracles, Acheloos and Mesochora\u201d (2019).<\/span><\/p>\t\t\t\t\t\t\t\t<\/div>\n\t\t\t\t<\/div>\n\t\t<div class=\"elementor-element elementor-element-deeeaf2 e-con-full e-flex e-con e-child\" data-id=\"deeeaf2\" data-element_type=\"container\" data-e-type=\"container\">\n\t\t\t\t<div class=\"elementor-element elementor-element-08ee867 elementor-widget elementor-widget-image\" data-id=\"08ee867\" data-element_type=\"widget\" data-e-type=\"widget\" data-widget_type=\"image.default\">\n\t\t\t\t\t\t\t\t\t\t\t\t\t\t\t<img decoding=\"async\" data-attachment-id=\"1909\" data-permalink=\"https:\/\/yunanistansinemasigunleri.com\/en\/herakles-akhelous-nehri-ve-buyukannem\/version-2\/\" data-orig-file=\"https:\/\/i0.wp.com\/yunanistansinemasigunleri.com\/wp-content\/uploads\/2023\/11\/Dimitris_Koutsiabasakos.jpg?fit=1280%2C960&amp;ssl=1\" data-orig-size=\"1280,960\" data-comments-opened=\"1\" data-image-meta=\"{&quot;aperture&quot;:&quot;4&quot;,&quot;credit&quot;:&quot;&quot;,&quot;camera&quot;:&quot;DMC-FZ1000&quot;,&quot;caption&quot;:&quot;&quot;,&quot;created_timestamp&quot;:&quot;1485714489&quot;,&quot;copyright&quot;:&quot;&quot;,&quot;focal_length&quot;:&quot;84.07&quot;,&quot;iso&quot;:&quot;3200&quot;,&quot;shutter_speed&quot;:&quot;0.05&quot;,&quot;title&quot;:&quot;Version 2&quot;,&quot;orientation&quot;:&quot;1&quot;}\" data-image-title=\"Version 2\" data-image-description=\"\" data-image-caption=\"\" data-large-file=\"https:\/\/i0.wp.com\/yunanistansinemasigunleri.com\/wp-content\/uploads\/2023\/11\/Dimitris_Koutsiabasakos.jpg?fit=525%2C394&amp;ssl=1\" width=\"525\" height=\"394\" src=\"https:\/\/i0.wp.com\/yunanistansinemasigunleri.com\/wp-content\/uploads\/2023\/11\/Dimitris_Koutsiabasakos.jpg?fit=525%2C394&amp;ssl=1\" class=\"attachment-large size-large wp-image-1909\" alt=\"\" srcset=\"https:\/\/i0.wp.com\/yunanistansinemasigunleri.com\/wp-content\/uploads\/2023\/11\/Dimitris_Koutsiabasakos.jpg?w=1280&amp;ssl=1 1280w, https:\/\/i0.wp.com\/yunanistansinemasigunleri.com\/wp-content\/uploads\/2023\/11\/Dimitris_Koutsiabasakos.jpg?resize=300%2C225&amp;ssl=1 300w, https:\/\/i0.wp.com\/yunanistansinemasigunleri.com\/wp-content\/uploads\/2023\/11\/Dimitris_Koutsiabasakos.jpg?resize=1024%2C768&amp;ssl=1 1024w, https:\/\/i0.wp.com\/yunanistansinemasigunleri.com\/wp-content\/uploads\/2023\/11\/Dimitris_Koutsiabasakos.jpg?resize=768%2C576&amp;ssl=1 768w, https:\/\/i0.wp.com\/yunanistansinemasigunleri.com\/wp-content\/uploads\/2023\/11\/Dimitris_Koutsiabasakos.jpg?resize=16%2C12&amp;ssl=1 16w, https:\/\/i0.wp.com\/yunanistansinemasigunleri.com\/wp-content\/uploads\/2023\/11\/Dimitris_Koutsiabasakos.jpg?resize=1200%2C900&amp;ssl=1 1200w, https:\/\/i0.wp.com\/yunanistansinemasigunleri.com\/wp-content\/uploads\/2023\/11\/Dimitris_Koutsiabasakos.jpg?resize=800%2C600&amp;ssl=1 800w, https:\/\/i0.wp.com\/yunanistansinemasigunleri.com\/wp-content\/uploads\/2023\/11\/Dimitris_Koutsiabasakos.jpg?resize=600%2C450&amp;ssl=1 600w, https:\/\/i0.wp.com\/yunanistansinemasigunleri.com\/wp-content\/uploads\/2023\/11\/Dimitris_Koutsiabasakos.jpg?resize=400%2C300&amp;ssl=1 400w, https:\/\/i0.wp.com\/yunanistansinemasigunleri.com\/wp-content\/uploads\/2023\/11\/Dimitris_Koutsiabasakos.jpg?resize=200%2C150&amp;ssl=1 200w\" sizes=\"100vw\" \/>\t\t\t\t\t\t\t\t\t\t\t\t\t\t\t<\/div>\n\t\t\t\t<\/div>\n\t\t\t\t\t<\/div>\n\t\t\t\t<\/div>\n\t\t\t\t<\/div>","protected":false},"excerpt":{"rendered":"<p>HERAKLES, AKHELOUS NEHR\u0130 VE B\u00dcY\u00dcKANNEM \u039f \u0397\u03a1\u0391\u039a\u039b\u0397\u03a3, \u039f \u0391\u03a7\u0395\u039b\u03a9\u039f\u03a3 \u039a\u0391\u0399 \u0397 \u0393\u0399\u0391\u0393\u0399\u0391 \u039c\u039f\u03a5 (\u03bc.\u03bc)HERCULES, THE RIVER ACHELOUS, AND MY GRANDMOTHER \u201c\u00d6l\u00fcmden korkmuyorum. Onu kucaklamak istiyorum. Ki kar\u015f\u0131la\u015f\u0131rsam bunu yapaca\u011f\u0131m\u201d 25 Kas\u0131m Cumartesi 11.00 28&#8242; Yunanistan | 1997 | DCP | Renkli | 28\u2019\u00a0Yunanca \u2013 T\u00fcrk\u00e7e &amp; \u0130ngilizce Altyaz\u0131l\u0131 Y\u00f6netmen: Dimitris KoutsiabasakosSenaryo: Dimitris KoutsiabasakosG\u00f6r\u00fcnt\u00fc Y\u00f6netmeni: Kostas &hellip; <\/p>\n<p class=\"link-more\"><a href=\"https:\/\/yunanistansinemasigunleri.com\/en\/herakles-akhelous-nehri-ve-buyukannem\/\" class=\"more-link\">Continue reading<span class=\"screen-reader-text\"> &#8220;HERAKLES, AKHELOUS NEHR\u0130 VE B\u00dcY\u00dcKANNEM&#8221;<\/span><\/a><\/p>","protected":false},"author":219729766,"featured_media":0,"parent":0,"menu_order":0,"comment_status":"closed","ping_status":"closed","template":"","meta":{"_crdt_document":"","advanced_seo_description":"","jetpack_seo_html_title":"","jetpack_seo_noindex":false,"footnotes":""},"class_list":["post-1903","page","type-page","status-publish","hentry"],"jetpack_likes_enabled":true,"jetpack_sharing_enabled":true,"jetpack_shortlink":"https:\/\/wp.me\/PdSim2-uH","jetpack-related-posts":[],"amp_enabled":true,"_links":{"self":[{"href":"https:\/\/yunanistansinemasigunleri.com\/en\/wp-json\/wp\/v2\/pages\/1903","targetHints":{"allow":["GET"]}}],"collection":[{"href":"https:\/\/yunanistansinemasigunleri.com\/en\/wp-json\/wp\/v2\/pages"}],"about":[{"href":"https:\/\/yunanistansinemasigunleri.com\/en\/wp-json\/wp\/v2\/types\/page"}],"author":[{"embeddable":true,"href":"https:\/\/yunanistansinemasigunleri.com\/en\/wp-json\/wp\/v2\/users\/219729766"}],"replies":[{"embeddable":true,"href":"https:\/\/yunanistansinemasigunleri.com\/en\/wp-json\/wp\/v2\/comments?post=1903"}],"version-history":[{"count":27,"href":"https:\/\/yunanistansinemasigunleri.com\/en\/wp-json\/wp\/v2\/pages\/1903\/revisions"}],"predecessor-version":[{"id":2500,"href":"https:\/\/yunanistansinemasigunleri.com\/en\/wp-json\/wp\/v2\/pages\/1903\/revisions\/2500"}],"wp:attachment":[{"href":"https:\/\/yunanistansinemasigunleri.com\/en\/wp-json\/wp\/v2\/media?parent=1903"}],"curies":[{"name":"wp","href":"https:\/\/api.w.org\/{rel}","templated":true}]}}