{"id":1843,"date":"2023-11-15T17:25:45","date_gmt":"2023-11-15T15:25:45","guid":{"rendered":"https:\/\/yunanistansinemasigunleri.com\/?page_id=1843"},"modified":"2023-11-19T14:25:04","modified_gmt":"2023-11-19T12:25:04","slug":"son-durak-kreuzberg","status":"publish","type":"page","link":"https:\/\/yunanistansinemasigunleri.com\/en\/son-durak-kreuzberg\/","title":{"rendered":"LAST STOP KREUZBERG\u00a0"},"content":{"rendered":"<div data-elementor-type=\"wp-page\" data-elementor-id=\"1843\" class=\"elementor elementor-1843\">\n\t\t\t\t<div class=\"elementor-element elementor-element-add7a45 e-flex e-con-boxed e-con e-parent\" data-id=\"add7a45\" data-element_type=\"container\" data-e-type=\"container\">\n\t\t\t\t\t<div class=\"e-con-inner\">\n\t\t\t\t<div class=\"elementor-element elementor-element-d50cfdc elementor-widget elementor-widget-heading\" data-id=\"d50cfdc\" data-element_type=\"widget\" data-e-type=\"widget\" data-widget_type=\"heading.default\">\n\t\t\t\t\t<h6 class=\"elementor-heading-title elementor-size-default\">LAST STOP KREUZBERG <\/h6>\t\t\t\t<\/div>\n\t\t\t\t\t<\/div>\n\t\t\t\t<\/div>\n\t\t<div class=\"elementor-element elementor-element-1e13143 e-flex e-con-boxed e-con e-parent\" data-id=\"1e13143\" data-element_type=\"container\" data-e-type=\"container\">\n\t\t\t\t\t<div class=\"e-con-inner\">\n\t\t<div class=\"elementor-element elementor-element-359b9b9 e-con-full e-flex e-con e-child\" data-id=\"359b9b9\" data-element_type=\"container\" data-e-type=\"container\">\n\t\t\t\t<div class=\"elementor-element elementor-element-576f091 elementor-widget elementor-widget-text-editor\" data-id=\"576f091\" data-element_type=\"widget\" data-e-type=\"widget\" data-widget_type=\"text-editor.default\">\n\t\t\t\t\t\t\t\t\t<h5><strong>\u03a4\u0395\u039b\u0395\u03a5\u03a4\u0391\u0399\u039f\u03a3 \u03a3\u03a4\u0391\u0398\u039c\u039f\u03a3, \u039a\u03a1\u039f\u03aa\u03a4\u03a3\u039c\u03a0\u0395\u03a1\u0393\u039a<br \/>LAST STOP KREUZBERG <\/strong><\/h5><p><em>I lived without love, alone\u2026<\/em><\/p>\t\t\t\t\t\t\t\t<\/div>\n\t\t\t\t<\/div>\n\t\t<div class=\"elementor-element elementor-element-48338bd e-con-full e-flex e-con e-child\" data-id=\"48338bd\" data-element_type=\"container\" data-e-type=\"container\">\n\t\t\t\t<div class=\"elementor-element elementor-element-626a6fd elementor-widget elementor-widget-text-editor\" data-id=\"626a6fd\" data-element_type=\"widget\" data-e-type=\"widget\" data-widget_type=\"text-editor.default\">\n\t\t\t\t\t\t\t\t\t<div class=\"elementor-element elementor-element-c2a34f6 e-con-full e-flex e-con e-child\" data-id=\"c2a34f6\" data-element_type=\"container\" data-settings=\"{&quot;content_width&quot;:&quot;full&quot;,&quot;container_type&quot;:&quot;flex&quot;}\"><div class=\"elementor-element elementor-element-9551df3 elementor-widget elementor-widget-heading\" data-id=\"9551df3\" data-element_type=\"widget\" data-widget_type=\"heading.default\"><h6 class=\"elementor-widget-container\">25 Kas\u0131m Cumartesi 13.15\u00a0<\/h6><p class=\"elementor-widget-container translation-block\">Greece | 1975 | DCP | B&amp;W | 22\u2019\nGreek \u2013 Turkish &amp; English Subtitled<\/p><\/div><\/div>\t\t\t\t\t\t\t\t<\/div>\n\t\t\t\t<\/div>\n\t\t\t\t\t<\/div>\n\t\t\t\t<\/div>\n\t\t<div class=\"elementor-element elementor-element-725cda1 e-flex e-con-boxed e-con e-parent\" data-id=\"725cda1\" data-element_type=\"container\" data-e-type=\"container\">\n\t\t\t\t\t<div class=\"e-con-inner\">\n\t\t\t\t<div class=\"elementor-element elementor-element-85db35a elementor-widget elementor-widget-image\" data-id=\"85db35a\" data-element_type=\"widget\" data-e-type=\"widget\" data-widget_type=\"image.default\">\n\t\t\t\t\t\t\t\t\t\t\t\t\t\t\t<img fetchpriority=\"high\" decoding=\"async\" data-attachment-id=\"1872\" data-permalink=\"https:\/\/yunanistansinemasigunleri.com\/en\/son-durak-kreuzberg\/attachment\/3\/\" data-orig-file=\"https:\/\/i0.wp.com\/yunanistansinemasigunleri.com\/wp-content\/uploads\/2023\/11\/3.jpg?fit=3781%2C2876&amp;ssl=1\" data-orig-size=\"3781,2876\" data-comments-opened=\"1\" data-image-meta=\"{&quot;aperture&quot;:&quot;0&quot;,&quot;credit&quot;:&quot;&quot;,&quot;camera&quot;:&quot;&quot;,&quot;caption&quot;:&quot;&quot;,&quot;created_timestamp&quot;:&quot;1641935355&quot;,&quot;copyright&quot;:&quot;&quot;,&quot;focal_length&quot;:&quot;0&quot;,&quot;iso&quot;:&quot;0&quot;,&quot;shutter_speed&quot;:&quot;0&quot;,&quot;title&quot;:&quot;&quot;,&quot;orientation&quot;:&quot;0&quot;}\" data-image-title=\"3\" data-image-description=\"\" data-image-caption=\"\" data-large-file=\"https:\/\/i0.wp.com\/yunanistansinemasigunleri.com\/wp-content\/uploads\/2023\/11\/3.jpg?fit=525%2C399&amp;ssl=1\" width=\"525\" height=\"399\" src=\"https:\/\/i0.wp.com\/yunanistansinemasigunleri.com\/wp-content\/uploads\/2023\/11\/3.jpg?fit=525%2C399&amp;ssl=1\" class=\"attachment-large size-large wp-image-1872\" alt=\"\" srcset=\"https:\/\/i0.wp.com\/yunanistansinemasigunleri.com\/wp-content\/uploads\/2023\/11\/3.jpg?w=3781&amp;ssl=1 3781w, https:\/\/i0.wp.com\/yunanistansinemasigunleri.com\/wp-content\/uploads\/2023\/11\/3.jpg?resize=300%2C228&amp;ssl=1 300w, https:\/\/i0.wp.com\/yunanistansinemasigunleri.com\/wp-content\/uploads\/2023\/11\/3.jpg?resize=1024%2C779&amp;ssl=1 1024w, https:\/\/i0.wp.com\/yunanistansinemasigunleri.com\/wp-content\/uploads\/2023\/11\/3.jpg?resize=768%2C584&amp;ssl=1 768w, https:\/\/i0.wp.com\/yunanistansinemasigunleri.com\/wp-content\/uploads\/2023\/11\/3.jpg?resize=1536%2C1168&amp;ssl=1 1536w, https:\/\/i0.wp.com\/yunanistansinemasigunleri.com\/wp-content\/uploads\/2023\/11\/3.jpg?resize=2048%2C1558&amp;ssl=1 2048w, https:\/\/i0.wp.com\/yunanistansinemasigunleri.com\/wp-content\/uploads\/2023\/11\/3.jpg?resize=16%2C12&amp;ssl=1 16w, https:\/\/i0.wp.com\/yunanistansinemasigunleri.com\/wp-content\/uploads\/2023\/11\/3.jpg?resize=1200%2C913&amp;ssl=1 1200w\" sizes=\"100vw\" \/>\t\t\t\t\t\t\t\t\t\t\t\t\t\t\t<\/div>\n\t\t\t\t\t<\/div>\n\t\t\t\t<\/div>\n\t\t<div class=\"elementor-element elementor-element-66f389f e-flex e-con-boxed e-con e-parent\" data-id=\"66f389f\" data-element_type=\"container\" data-e-type=\"container\">\n\t\t\t\t\t<div class=\"e-con-inner\">\n\t\t<div class=\"elementor-element elementor-element-ffaa54a e-con-full e-flex e-con e-child\" data-id=\"ffaa54a\" data-element_type=\"container\" data-e-type=\"container\">\n\t\t\t\t<div class=\"elementor-element elementor-element-a62ebfb elementor-widget elementor-widget-text-editor\" data-id=\"a62ebfb\" data-element_type=\"widget\" data-e-type=\"widget\" data-widget_type=\"text-editor.default\">\n\t\t\t\t\t\t\t\t\t<p class=\"translation-block\">Director: Giorgos Karypidis\nScreenplay: Giorgos Karypidis\nDirector of Photography: Theodoros Margas, Evangelos Iliopoulos\nEditing: Takis Hatzopoulos\nProducer: Giorgos Karypidis<\/p>\t\t\t\t\t\t\t\t<\/div>\n\t\t\t\t<\/div>\n\t\t<div class=\"elementor-element elementor-element-90af8a2 e-con-full e-flex e-con e-child\" data-id=\"90af8a2\" data-element_type=\"container\" data-e-type=\"container\">\n\t\t\t\t<div class=\"elementor-element elementor-element-cf0a2fe elementor-widget elementor-widget-text-editor\" data-id=\"cf0a2fe\" data-element_type=\"widget\" data-e-type=\"widget\" data-widget_type=\"text-editor.default\">\n\t\t\t\t\t\t\t\t\t<h5><strong>SYNOPSIS<\/strong><\/h5><p><span style=\"font-weight: 400;\">In the 1970s, the Kreuzberg district in West Berlin hosted foreign workers described as \"Gastarbeiter\" (guest workers in German). These individuals migrated from Greece and Turkey, striving to maintain their national identities while also struggling for a better future. The film observes the challenges faced by \"Gastarbeiter,\" including racism, inevitable intercultural conflicts, issues of exile, and the feeling of being a foreigner. While following the struggles of those who migrated, it captures the collective distress of all generations who feel uprooted as well.<\/span><\/p>\t\t\t\t\t\t\t\t<\/div>\n\t\t\t\t<\/div>\n\t\t\t\t\t<\/div>\n\t\t\t\t<\/div>\n\t\t<div class=\"elementor-element elementor-element-6c9991e e-flex e-con-boxed e-con e-parent\" data-id=\"6c9991e\" data-element_type=\"container\" data-e-type=\"container\">\n\t\t\t\t\t<div class=\"e-con-inner\">\n\t\t\t\t<div class=\"elementor-element elementor-element-825da37 elementor-arrows-position-inside elementor-pagination-position-outside elementor-widget elementor-widget-image-carousel\" data-id=\"825da37\" data-element_type=\"widget\" data-e-type=\"widget\" data-settings=\"{&quot;slides_to_show&quot;:&quot;1&quot;,&quot;navigation&quot;:&quot;both&quot;,&quot;autoplay&quot;:&quot;yes&quot;,&quot;pause_on_hover&quot;:&quot;yes&quot;,&quot;pause_on_interaction&quot;:&quot;yes&quot;,&quot;autoplay_speed&quot;:5000,&quot;infinite&quot;:&quot;yes&quot;,&quot;effect&quot;:&quot;slide&quot;,&quot;speed&quot;:500}\" data-widget_type=\"image-carousel.default\">\n\t\t\t\t\t\t\t<div class=\"elementor-image-carousel-wrapper swiper\" role=\"region\" aria-roledescription=\"carousel\" aria-label=\"Image Carousel\" dir=\"ltr\">\n\t\t\t<div class=\"elementor-image-carousel swiper-wrapper\" aria-live=\"off\">\n\t\t\t\t\t\t\t\t<div class=\"swiper-slide\" role=\"group\" aria-roledescription=\"slide\" aria-label=\"1 of 4\"><figure class=\"swiper-slide-inner\"><img decoding=\"async\" class=\"swiper-slide-image\" src=\"https:\/\/i0.wp.com\/yunanistansinemasigunleri.com\/wp-content\/uploads\/2023\/11\/4.jpg?fit=525%2C392&amp;ssl=1\" alt=\"4\" \/><\/figure><\/div><div class=\"swiper-slide\" role=\"group\" aria-roledescription=\"slide\" aria-label=\"2 of 4\"><figure class=\"swiper-slide-inner\"><img decoding=\"async\" class=\"swiper-slide-image\" src=\"https:\/\/i0.wp.com\/yunanistansinemasigunleri.com\/wp-content\/uploads\/2023\/11\/3.jpg?fit=525%2C399&amp;ssl=1\" alt=\"3\" \/><\/figure><\/div><div class=\"swiper-slide\" role=\"group\" aria-roledescription=\"slide\" aria-label=\"3 of 4\"><figure class=\"swiper-slide-inner\"><img decoding=\"async\" class=\"swiper-slide-image\" src=\"https:\/\/i0.wp.com\/yunanistansinemasigunleri.com\/wp-content\/uploads\/2023\/11\/2.jpg?fit=525%2C399&amp;ssl=1\" alt=\"2\" \/><\/figure><\/div><div class=\"swiper-slide\" role=\"group\" aria-roledescription=\"slide\" aria-label=\"4 of 4\"><figure class=\"swiper-slide-inner\"><img decoding=\"async\" class=\"swiper-slide-image\" src=\"https:\/\/i0.wp.com\/yunanistansinemasigunleri.com\/wp-content\/uploads\/2023\/11\/1.jpg?fit=525%2C399&amp;ssl=1\" alt=\"1\" \/><\/figure><\/div>\t\t\t<\/div>\n\t\t\t\t\t\t\t\t\t\t\t\t<div class=\"elementor-swiper-button elementor-swiper-button-prev\" role=\"button\" tabindex=\"0\">\n\t\t\t\t\t\t<svg aria-hidden=\"true\" class=\"e-font-icon-svg e-eicon-chevron-left\" viewbox=\"0 0 1000 1000\" xmlns=\"http:\/\/www.w3.org\/2000\/svg\"><path d=\"M646 125C629 125 613 133 604 142L308 442C296 454 292 471 292 487 292 504 296 521 308 533L604 854C617 867 629 875 646 875 663 875 679 871 692 858 704 846 713 829 713 812 713 796 708 779 692 767L438 487 692 225C700 217 708 204 708 187 708 171 704 154 692 142 675 129 663 125 646 125Z\"><\/path><\/svg>\t\t\t\t\t<\/div>\n\t\t\t\t\t<div class=\"elementor-swiper-button elementor-swiper-button-next\" role=\"button\" tabindex=\"0\">\n\t\t\t\t\t\t<svg aria-hidden=\"true\" class=\"e-font-icon-svg e-eicon-chevron-right\" viewbox=\"0 0 1000 1000\" xmlns=\"http:\/\/www.w3.org\/2000\/svg\"><path d=\"M696 533C708 521 713 504 713 487 713 471 708 454 696 446L400 146C388 133 375 125 354 125 338 125 325 129 313 142 300 154 292 171 292 187 292 204 296 221 308 233L563 492 304 771C292 783 288 800 288 817 288 833 296 850 308 863 321 871 338 875 354 875 371 875 388 867 400 854L696 533Z\"><\/path><\/svg>\t\t\t\t\t<\/div>\n\t\t\t\t\n\t\t\t\t\t\t\t\t\t<div class=\"swiper-pagination\"><\/div>\n\t\t\t\t\t\t\t\t\t<\/div>\n\t\t\t\t\t\t<\/div>\n\t\t\t\t\t<\/div>\n\t\t\t\t<\/div>\n\t\t<div class=\"elementor-element elementor-element-4c0ca89 e-flex e-con-boxed e-con e-parent\" data-id=\"4c0ca89\" data-element_type=\"container\" data-e-type=\"container\">\n\t\t\t\t\t<div class=\"e-con-inner\">\n\t\t\t\t<div class=\"elementor-element elementor-element-a036329 elementor-widget elementor-widget-spacer\" data-id=\"a036329\" data-element_type=\"widget\" data-e-type=\"widget\" data-widget_type=\"spacer.default\">\n\t\t\t\t\t\t\t<div class=\"elementor-spacer\">\n\t\t\t<div class=\"elementor-spacer-inner\"><\/div>\n\t\t<\/div>\n\t\t\t\t\t\t<\/div>\n\t\t\t\t\t<\/div>\n\t\t\t\t<\/div>\n\t\t<div class=\"elementor-element elementor-element-9cb2515 e-flex e-con-boxed e-con e-parent\" data-id=\"9cb2515\" data-element_type=\"container\" data-e-type=\"container\">\n\t\t\t\t\t<div class=\"e-con-inner\">\n\t\t<div class=\"elementor-element elementor-element-997a1d0 e-con-full e-flex e-con e-child\" data-id=\"997a1d0\" data-element_type=\"container\" data-e-type=\"container\">\n\t\t\t\t<div class=\"elementor-element elementor-element-1f544f0 elementor-widget elementor-widget-text-editor\" data-id=\"1f544f0\" data-element_type=\"widget\" data-e-type=\"widget\" data-widget_type=\"text-editor.default\">\n\t\t\t\t\t\t\t\t\t<h5><b>Giorgos Karypidis <\/b><span style=\"font-weight: 400;\">(1946-2019)<\/span><\/h5><p><span style=\"font-weight: 400;\">He was born in Thessaloniki. He directed his first short film \u201cLimit\u201d in 1967. He has directed short films and documentaries. He received praise for his first feature film \u201cAnametrisi\u201d (1982). His second feature film \u201cSti skia tou fovou\u201d (1988) received the awards Best Movie and Best Director in Thessaloniki.<\/span><\/p>\t\t\t\t\t\t\t\t<\/div>\n\t\t\t\t<\/div>\n\t\t<div class=\"elementor-element elementor-element-bfcec69 e-con-full e-flex e-con e-child\" data-id=\"bfcec69\" data-element_type=\"container\" data-e-type=\"container\">\n\t\t\t\t<div class=\"elementor-element elementor-element-0694a72 elementor-widget elementor-widget-image\" data-id=\"0694a72\" data-element_type=\"widget\" data-e-type=\"widget\" data-widget_type=\"image.default\">\n\t\t\t\t\t\t\t\t\t\t\t\t\t\t\t<img decoding=\"async\" data-attachment-id=\"1877\" data-permalink=\"https:\/\/yunanistansinemasigunleri.com\/en\/son-durak-kreuzberg\/giorgos-karypidis-jpg\/\" data-orig-file=\"https:\/\/i0.wp.com\/yunanistansinemasigunleri.com\/wp-content\/uploads\/2023\/11\/giorgos-karypidis.jpg.webp?fit=709%2C768&amp;ssl=1\" data-orig-size=\"709,768\" data-comments-opened=\"1\" data-image-meta=\"{&quot;aperture&quot;:&quot;0&quot;,&quot;credit&quot;:&quot;&quot;,&quot;camera&quot;:&quot;&quot;,&quot;caption&quot;:&quot;&quot;,&quot;created_timestamp&quot;:&quot;0&quot;,&quot;copyright&quot;:&quot;&quot;,&quot;focal_length&quot;:&quot;0&quot;,&quot;iso&quot;:&quot;0&quot;,&quot;shutter_speed&quot;:&quot;0&quot;,&quot;title&quot;:&quot;&quot;,&quot;orientation&quot;:&quot;0&quot;}\" data-image-title=\"giorgos-karypidis.jpg\" data-image-description=\"\" data-image-caption=\"\" data-large-file=\"https:\/\/i0.wp.com\/yunanistansinemasigunleri.com\/wp-content\/uploads\/2023\/11\/giorgos-karypidis.jpg.webp?fit=525%2C569&amp;ssl=1\" width=\"525\" height=\"569\" src=\"https:\/\/i0.wp.com\/yunanistansinemasigunleri.com\/wp-content\/uploads\/2023\/11\/giorgos-karypidis.jpg.webp?fit=525%2C569&amp;ssl=1\" class=\"attachment-large size-large wp-image-1877\" alt=\"\" srcset=\"https:\/\/i0.wp.com\/yunanistansinemasigunleri.com\/wp-content\/uploads\/2023\/11\/giorgos-karypidis.jpg.webp?w=709&amp;ssl=1 709w, https:\/\/i0.wp.com\/yunanistansinemasigunleri.com\/wp-content\/uploads\/2023\/11\/giorgos-karypidis.jpg.webp?resize=277%2C300&amp;ssl=1 277w, https:\/\/i0.wp.com\/yunanistansinemasigunleri.com\/wp-content\/uploads\/2023\/11\/giorgos-karypidis.jpg.webp?resize=11%2C12&amp;ssl=1 11w\" sizes=\"100vw\" \/>\t\t\t\t\t\t\t\t\t\t\t\t\t\t\t<\/div>\n\t\t\t\t<\/div>\n\t\t\t\t\t<\/div>\n\t\t\t\t<\/div>\n\t\t\t\t<\/div>","protected":false},"excerpt":{"rendered":"<p>SON DURAK KREUZBERG \u03a4\u0395\u039b\u0395\u03a5\u03a4\u0391\u0399\u039f\u03a3 \u03a3\u03a4\u0391\u0398\u039c\u039f\u03a3, \u039a\u03a1\u039f\u03aa\u03a4\u03a3\u039c\u03a0\u0395\u03a1\u0393\u039aLAST STOP KREUZBERG Sevgisiz, yaln\u0131z ya\u015f\u0131yordum\u2026 25 Kas\u0131m Cumartesi 13.15\u00a0 Yunanistan | 1975 | DCP | S&amp;B | 22\u2019\u00a0Yunanca \u2013 T\u00fcrk\u00e7e &amp; \u0130ngilizce Altyaz\u0131l\u0131 Y\u00f6netmen: Giorgos KarypidisSenaryo: Giorgos KarypidisG\u00f6r\u00fcnt\u00fc Y\u00f6netmeni: Theodoros Margas, Evangelos IliopoulosKurgu: Takis HatzopoulosYap\u0131mc\u0131: Giorgos Karypidis S\u0130NOPS\u0130S 70\u2019lerde Bat\u0131 Berlin b\u00f6lgesindeki Kreuzberg il\u00e7esi, Almancada \u201cGastarbeiter\u201d (konuk i\u015f\u00e7i) olarak &hellip; <\/p>\n<p class=\"link-more\"><a href=\"https:\/\/yunanistansinemasigunleri.com\/en\/son-durak-kreuzberg\/\" class=\"more-link\">Continue reading<span class=\"screen-reader-text\"> &#8220;SON DURAK KREUZBERG\u00a0&#8220;<\/span><\/a><\/p>","protected":false},"author":219729766,"featured_media":0,"parent":0,"menu_order":0,"comment_status":"closed","ping_status":"closed","template":"","meta":{"_crdt_document":"","advanced_seo_description":"","jetpack_seo_html_title":"","jetpack_seo_noindex":false,"footnotes":""},"class_list":["post-1843","page","type-page","status-publish","hentry"],"jetpack_likes_enabled":true,"jetpack_sharing_enabled":true,"jetpack_shortlink":"https:\/\/wp.me\/PdSim2-tJ","jetpack-related-posts":[],"amp_enabled":true,"_links":{"self":[{"href":"https:\/\/yunanistansinemasigunleri.com\/en\/wp-json\/wp\/v2\/pages\/1843","targetHints":{"allow":["GET"]}}],"collection":[{"href":"https:\/\/yunanistansinemasigunleri.com\/en\/wp-json\/wp\/v2\/pages"}],"about":[{"href":"https:\/\/yunanistansinemasigunleri.com\/en\/wp-json\/wp\/v2\/types\/page"}],"author":[{"embeddable":true,"href":"https:\/\/yunanistansinemasigunleri.com\/en\/wp-json\/wp\/v2\/users\/219729766"}],"replies":[{"embeddable":true,"href":"https:\/\/yunanistansinemasigunleri.com\/en\/wp-json\/wp\/v2\/comments?post=1843"}],"version-history":[{"count":22,"href":"https:\/\/yunanistansinemasigunleri.com\/en\/wp-json\/wp\/v2\/pages\/1843\/revisions"}],"predecessor-version":[{"id":2533,"href":"https:\/\/yunanistansinemasigunleri.com\/en\/wp-json\/wp\/v2\/pages\/1843\/revisions\/2533"}],"wp:attachment":[{"href":"https:\/\/yunanistansinemasigunleri.com\/en\/wp-json\/wp\/v2\/media?parent=1843"}],"curies":[{"name":"wp","href":"https:\/\/api.w.org\/{rel}","templated":true}]}}