{"id":1823,"date":"2023-11-15T17:30:55","date_gmt":"2023-11-15T15:30:55","guid":{"rendered":"https:\/\/yunanistansinemasigunleri.com\/?page_id=1823"},"modified":"2023-11-19T14:00:26","modified_gmt":"2023-11-19T12:00:26","slug":"makedon-dugunu","status":"publish","type":"page","link":"https:\/\/yunanistansinemasigunleri.com\/en\/makedon-dugunu\/","title":{"rendered":"MACEDONIAN WEDDING"},"content":{"rendered":"<div data-elementor-type=\"wp-page\" data-elementor-id=\"1823\" class=\"elementor elementor-1823\">\n\t\t\t\t<div class=\"elementor-element elementor-element-b3e332c e-flex e-con-boxed e-con e-parent\" data-id=\"b3e332c\" data-element_type=\"container\" data-e-type=\"container\">\n\t\t\t\t\t<div class=\"e-con-inner\">\n\t\t\t\t<div class=\"elementor-element elementor-element-9218259 elementor-widget elementor-widget-heading\" data-id=\"9218259\" data-element_type=\"widget\" data-e-type=\"widget\" data-widget_type=\"heading.default\">\n\t\t\t\t\t<h6 class=\"elementor-heading-title elementor-size-default\">MACEDONIAN WEDDING\n<\/h6>\t\t\t\t<\/div>\n\t\t\t\t\t<\/div>\n\t\t\t\t<\/div>\n\t\t<div class=\"elementor-element elementor-element-63d4215 e-flex e-con-boxed e-con e-parent\" data-id=\"63d4215\" data-element_type=\"container\" data-e-type=\"container\">\n\t\t\t\t\t<div class=\"e-con-inner\">\n\t\t<div class=\"elementor-element elementor-element-81c132a e-con-full e-flex e-con e-child\" data-id=\"81c132a\" data-element_type=\"container\" data-e-type=\"container\">\n\t\t\t\t<div class=\"elementor-element elementor-element-7c4291c elementor-widget elementor-widget-text-editor\" data-id=\"7c4291c\" data-element_type=\"widget\" data-e-type=\"widget\" data-widget_type=\"text-editor.default\">\n\t\t\t\t\t\t\t\t\t<h5><strong>\u039c\u0391\u039a\u0395\u0394\u039f\u039d\u0399\u039a\u039f\u03a3 \u0393\u0391\u039c\u039f\u03a3\u00a0<br \/>MACEDONIAN WEDDING<\/strong><\/h5><p><em>A wedding: tradition, history and culture<\/em><\/p>\t\t\t\t\t\t\t\t<\/div>\n\t\t\t\t<\/div>\n\t\t<div class=\"elementor-element elementor-element-21f711e e-con-full e-flex e-con e-child\" data-id=\"21f711e\" data-element_type=\"container\" data-e-type=\"container\">\n\t\t\t\t<div class=\"elementor-element elementor-element-d2ae34e elementor-widget elementor-widget-text-editor\" data-id=\"d2ae34e\" data-element_type=\"widget\" data-e-type=\"widget\" data-widget_type=\"text-editor.default\">\n\t\t\t\t\t\t\t\t\t<h6 class=\"elementor-heading-title elementor-size-default\">25 November Saturday\u00a0<span data-sheets-value=\"{&quot;1&quot;:2,&quot;2&quot;:&quot;11.00 \\nMAKEDON D\u00dc\u011e\u00dcN\u00dc 29'\\nARSA 13'\\nTOURKOVOUNIA 23'\\nHERAKLES, AKHELOUS NEHR\u0130 VE B\u00dcY\u00dcKANNEM 28'\\nAMER\u0130KA'DAN MEKTUPLAR 19' LETTERS FROM AMERICA \\nMAYIS'TA 100 SAAT 20'\\nSON DURAK KREUZBERG 22'\\nBETTY 33'\\nKAPLAN JIMMY 14'&quot;}\" data-sheets-userformat=\"{&quot;2&quot;:6849,&quot;3&quot;:{&quot;1&quot;:0},&quot;9&quot;:0,&quot;10&quot;:1,&quot;12&quot;:0,&quot;14&quot;:{&quot;1&quot;:2,&quot;2&quot;:16711935},&quot;15&quot;:&quot;\\&quot;Work Sans\\&quot;, sans-serif&quot;}\">11.00\u00a0<\/span><\/h6><p class=\"translation-block\">Greece | 1960 | DCP | B&amp;W | 29\u2019\nGreek \u2013 Turkish &amp; English Subtitled<\/p>\t\t\t\t\t\t\t\t<\/div>\n\t\t\t\t<\/div>\n\t\t\t\t\t<\/div>\n\t\t\t\t<\/div>\n\t\t<div class=\"elementor-element elementor-element-7b20f31 e-flex e-con-boxed e-con e-parent\" data-id=\"7b20f31\" data-element_type=\"container\" data-e-type=\"container\">\n\t\t\t\t\t<div class=\"e-con-inner\">\n\t\t\t\t<div class=\"elementor-element elementor-element-806bdb0 elementor-widget elementor-widget-image\" data-id=\"806bdb0\" data-element_type=\"widget\" data-e-type=\"widget\" data-widget_type=\"image.default\">\n\t\t\t\t\t\t\t\t\t\t\t\t\t\t\t<img fetchpriority=\"high\" decoding=\"async\" data-attachment-id=\"1826\" data-permalink=\"https:\/\/yunanistansinemasigunleri.com\/en\/makedon-dugunu\/makedonikos-gamos-01\/\" data-orig-file=\"https:\/\/i0.wp.com\/yunanistansinemasigunleri.com\/wp-content\/uploads\/2023\/11\/MAKEDONIKOS-GAMOS-01.jpg?fit=3833%2C2879&amp;ssl=1\" data-orig-size=\"3833,2879\" data-comments-opened=\"1\" data-image-meta=\"{&quot;aperture&quot;:&quot;0&quot;,&quot;credit&quot;:&quot;&quot;,&quot;camera&quot;:&quot;&quot;,&quot;caption&quot;:&quot;&quot;,&quot;created_timestamp&quot;:&quot;1629914429&quot;,&quot;copyright&quot;:&quot;&quot;,&quot;focal_length&quot;:&quot;0&quot;,&quot;iso&quot;:&quot;0&quot;,&quot;shutter_speed&quot;:&quot;0&quot;,&quot;title&quot;:&quot;&quot;,&quot;orientation&quot;:&quot;0&quot;}\" data-image-title=\"MAKEDONIKOS GAMOS 01\" data-image-description=\"\" data-image-caption=\"\" data-medium-file=\"https:\/\/i0.wp.com\/yunanistansinemasigunleri.com\/wp-content\/uploads\/2023\/11\/MAKEDONIKOS-GAMOS-01.jpg?fit=300%2C225&amp;ssl=1\" data-large-file=\"https:\/\/i0.wp.com\/yunanistansinemasigunleri.com\/wp-content\/uploads\/2023\/11\/MAKEDONIKOS-GAMOS-01.jpg?fit=525%2C394&amp;ssl=1\" width=\"525\" height=\"394\" src=\"https:\/\/i0.wp.com\/yunanistansinemasigunleri.com\/wp-content\/uploads\/2023\/11\/MAKEDONIKOS-GAMOS-01.jpg?fit=525%2C394&amp;ssl=1\" class=\"attachment-large size-large wp-image-1826\" alt=\"\" srcset=\"https:\/\/i0.wp.com\/yunanistansinemasigunleri.com\/wp-content\/uploads\/2023\/11\/MAKEDONIKOS-GAMOS-01.jpg?w=3833&amp;ssl=1 3833w, https:\/\/i0.wp.com\/yunanistansinemasigunleri.com\/wp-content\/uploads\/2023\/11\/MAKEDONIKOS-GAMOS-01.jpg?resize=300%2C225&amp;ssl=1 300w, https:\/\/i0.wp.com\/yunanistansinemasigunleri.com\/wp-content\/uploads\/2023\/11\/MAKEDONIKOS-GAMOS-01.jpg?resize=1024%2C769&amp;ssl=1 1024w, https:\/\/i0.wp.com\/yunanistansinemasigunleri.com\/wp-content\/uploads\/2023\/11\/MAKEDONIKOS-GAMOS-01.jpg?resize=768%2C577&amp;ssl=1 768w, https:\/\/i0.wp.com\/yunanistansinemasigunleri.com\/wp-content\/uploads\/2023\/11\/MAKEDONIKOS-GAMOS-01.jpg?resize=1536%2C1154&amp;ssl=1 1536w, https:\/\/i0.wp.com\/yunanistansinemasigunleri.com\/wp-content\/uploads\/2023\/11\/MAKEDONIKOS-GAMOS-01.jpg?resize=2048%2C1538&amp;ssl=1 2048w, https:\/\/i0.wp.com\/yunanistansinemasigunleri.com\/wp-content\/uploads\/2023\/11\/MAKEDONIKOS-GAMOS-01.jpg?resize=16%2C12&amp;ssl=1 16w, https:\/\/i0.wp.com\/yunanistansinemasigunleri.com\/wp-content\/uploads\/2023\/11\/MAKEDONIKOS-GAMOS-01.jpg?resize=1200%2C901&amp;ssl=1 1200w, https:\/\/i0.wp.com\/yunanistansinemasigunleri.com\/wp-content\/uploads\/2023\/11\/MAKEDONIKOS-GAMOS-01.jpg?resize=800%2C600&amp;ssl=1 800w, https:\/\/i0.wp.com\/yunanistansinemasigunleri.com\/wp-content\/uploads\/2023\/11\/MAKEDONIKOS-GAMOS-01.jpg?resize=600%2C450&amp;ssl=1 600w, https:\/\/i0.wp.com\/yunanistansinemasigunleri.com\/wp-content\/uploads\/2023\/11\/MAKEDONIKOS-GAMOS-01.jpg?resize=400%2C300&amp;ssl=1 400w, https:\/\/i0.wp.com\/yunanistansinemasigunleri.com\/wp-content\/uploads\/2023\/11\/MAKEDONIKOS-GAMOS-01.jpg?resize=200%2C150&amp;ssl=1 200w\" sizes=\"100vw\" \/>\t\t\t\t\t\t\t\t\t\t\t\t\t\t\t<\/div>\n\t\t\t\t\t<\/div>\n\t\t\t\t<\/div>\n\t\t<div class=\"elementor-element elementor-element-12d419f e-flex e-con-boxed e-con e-parent\" data-id=\"12d419f\" data-element_type=\"container\" data-e-type=\"container\">\n\t\t\t\t\t<div class=\"e-con-inner\">\n\t\t<div class=\"elementor-element elementor-element-e8f8749 e-con-full e-flex e-con e-child\" data-id=\"e8f8749\" data-element_type=\"container\" data-e-type=\"container\">\n\t\t\t\t<div class=\"elementor-element elementor-element-edc7976 elementor-widget elementor-widget-text-editor\" data-id=\"edc7976\" data-element_type=\"widget\" data-e-type=\"widget\" data-widget_type=\"text-editor.default\">\n\t\t\t\t\t\t\t\t\t<p><b>Director of Photography:<\/b><span style=\"font-weight: 400;\">: Takis Kanellopoulos<br \/><\/span><b>Screenplay<\/b><span style=\"font-weight: 400;\">: Takis Kanellopoulos<br \/><\/span><b>Director of Photography<\/b><b>: <\/b><span style=\"font-weight: 400;\">Iakovos Pairidis<br \/><\/span><b>Editing<\/b><span style=\"font-weight: 400;\">: Takis Kanellopoulos<br \/><\/span><b>Producer<\/b><b>:<\/b><span style=\"font-weight: 400;\"> Panagiotis Haratsaris<\/span><\/p><h5><span style=\"font-weight: 400;\"><br \/><\/span><b>Awards<\/b><\/h5><p><b>Thessaloniki FF <\/b><i><span style=\"font-weight: 400;\">En \u0130yi K\u0131sa Film<\/span><\/i><span style=\"font-weight: 400;\">, <\/span><b>Belgrad FF<\/b> <i><span style=\"font-weight: 400;\">En \u0130yi K\u0131sa Film<\/span><\/i><\/p>\t\t\t\t\t\t\t\t<\/div>\n\t\t\t\t<\/div>\n\t\t<div class=\"elementor-element elementor-element-8d659f0 e-con-full e-flex e-con e-child\" data-id=\"8d659f0\" data-element_type=\"container\" data-e-type=\"container\">\n\t\t\t\t<div class=\"elementor-element elementor-element-ae12197 elementor-widget elementor-widget-text-editor\" data-id=\"ae12197\" data-element_type=\"widget\" data-e-type=\"widget\" data-widget_type=\"text-editor.default\">\n\t\t\t\t\t\t\t\t\t<h5><strong>SYNOPSIS<\/strong><\/h5><p><span style=\"font-weight: 400;\">One of the masterpieces of Greek cinema, the debut film of Takis Kanellopoulos, Macedonian Wedding follows the traditions of a village called Velvedo in Western Macedonia and the preparations for a wedding. In this film, which is one of the first significant examples of ethnographic cinema, Kanellopoulos's poetic perspective transforms a world with roots lost in the distant past into a lyrical poetry.<\/span><\/p>\t\t\t\t\t\t\t\t<\/div>\n\t\t\t\t<\/div>\n\t\t\t\t\t<\/div>\n\t\t\t\t<\/div>\n\t\t<div class=\"elementor-element elementor-element-820aeb3 e-flex e-con-boxed e-con e-parent\" data-id=\"820aeb3\" data-element_type=\"container\" data-e-type=\"container\">\n\t\t\t\t\t<div class=\"e-con-inner\">\n\t\t\t\t<div class=\"elementor-element elementor-element-d3c7c16 elementor-arrows-position-inside elementor-pagination-position-outside elementor-widget elementor-widget-image-carousel\" data-id=\"d3c7c16\" data-element_type=\"widget\" data-e-type=\"widget\" data-settings=\"{&quot;slides_to_show&quot;:&quot;1&quot;,&quot;navigation&quot;:&quot;both&quot;,&quot;autoplay&quot;:&quot;yes&quot;,&quot;pause_on_hover&quot;:&quot;yes&quot;,&quot;pause_on_interaction&quot;:&quot;yes&quot;,&quot;autoplay_speed&quot;:5000,&quot;infinite&quot;:&quot;yes&quot;,&quot;effect&quot;:&quot;slide&quot;,&quot;speed&quot;:500}\" data-widget_type=\"image-carousel.default\">\n\t\t\t\t\t\t\t<div class=\"elementor-image-carousel-wrapper swiper\" role=\"region\" aria-roledescription=\"carousel\" aria-label=\"Image Carousel\" dir=\"ltr\">\n\t\t\t<div class=\"elementor-image-carousel swiper-wrapper\" aria-live=\"off\">\n\t\t\t\t\t\t\t\t<div class=\"swiper-slide\" role=\"group\" aria-roledescription=\"slide\" aria-label=\"1 of 4\"><figure class=\"swiper-slide-inner\"><img decoding=\"async\" class=\"swiper-slide-image\" src=\"https:\/\/i0.wp.com\/yunanistansinemasigunleri.com\/wp-content\/uploads\/2023\/11\/MAKEDONIKOS-GAMOS-03.jpg?fit=525%2C394&amp;ssl=1\" alt=\"MAKEDONIKOS GAMOS 03\" \/><\/figure><\/div><div class=\"swiper-slide\" role=\"group\" aria-roledescription=\"slide\" aria-label=\"2 of 4\"><figure class=\"swiper-slide-inner\"><img decoding=\"async\" class=\"swiper-slide-image\" src=\"https:\/\/i0.wp.com\/yunanistansinemasigunleri.com\/wp-content\/uploads\/2023\/11\/MAKEDONIKOS-GAMOS-02.jpg?fit=525%2C394&amp;ssl=1\" alt=\"MAKEDONIKOS GAMOS 02\" \/><\/figure><\/div><div class=\"swiper-slide\" role=\"group\" aria-roledescription=\"slide\" aria-label=\"3 of 4\"><figure class=\"swiper-slide-inner\"><img decoding=\"async\" class=\"swiper-slide-image\" src=\"https:\/\/i0.wp.com\/yunanistansinemasigunleri.com\/wp-content\/uploads\/2023\/11\/MAKEDONIKOS-GAMOS-01.jpg?fit=525%2C394&amp;ssl=1\" alt=\"MAKEDONIKOS GAMOS 01\" \/><\/figure><\/div><div class=\"swiper-slide\" role=\"group\" aria-roledescription=\"slide\" aria-label=\"4 of 4\"><figure class=\"swiper-slide-inner\"><img decoding=\"async\" class=\"swiper-slide-image\" src=\"https:\/\/i0.wp.com\/yunanistansinemasigunleri.com\/wp-content\/uploads\/2023\/11\/MAKEDONBIKOS-GAMOS-O4.jpg?fit=525%2C394&amp;ssl=1\" alt=\"MAKEDONBIKOS GAMOS O4\" \/><\/figure><\/div>\t\t\t<\/div>\n\t\t\t\t\t\t\t\t\t\t\t\t<div class=\"elementor-swiper-button elementor-swiper-button-prev\" role=\"button\" tabindex=\"0\">\n\t\t\t\t\t\t<svg aria-hidden=\"true\" class=\"e-font-icon-svg e-eicon-chevron-left\" viewbox=\"0 0 1000 1000\" xmlns=\"http:\/\/www.w3.org\/2000\/svg\"><path d=\"M646 125C629 125 613 133 604 142L308 442C296 454 292 471 292 487 292 504 296 521 308 533L604 854C617 867 629 875 646 875 663 875 679 871 692 858 704 846 713 829 713 812 713 796 708 779 692 767L438 487 692 225C700 217 708 204 708 187 708 171 704 154 692 142 675 129 663 125 646 125Z\"><\/path><\/svg>\t\t\t\t\t<\/div>\n\t\t\t\t\t<div class=\"elementor-swiper-button elementor-swiper-button-next\" role=\"button\" tabindex=\"0\">\n\t\t\t\t\t\t<svg aria-hidden=\"true\" class=\"e-font-icon-svg e-eicon-chevron-right\" viewbox=\"0 0 1000 1000\" xmlns=\"http:\/\/www.w3.org\/2000\/svg\"><path d=\"M696 533C708 521 713 504 713 487 713 471 708 454 696 446L400 146C388 133 375 125 354 125 338 125 325 129 313 142 300 154 292 171 292 187 292 204 296 221 308 233L563 492 304 771C292 783 288 800 288 817 288 833 296 850 308 863 321 871 338 875 354 875 371 875 388 867 400 854L696 533Z\"><\/path><\/svg>\t\t\t\t\t<\/div>\n\t\t\t\t\n\t\t\t\t\t\t\t\t\t<div class=\"swiper-pagination\"><\/div>\n\t\t\t\t\t\t\t\t\t<\/div>\n\t\t\t\t\t\t<\/div>\n\t\t\t\t\t<\/div>\n\t\t\t\t<\/div>\n\t\t<div class=\"elementor-element elementor-element-d5021fe e-flex e-con-boxed e-con e-parent\" data-id=\"d5021fe\" data-element_type=\"container\" data-e-type=\"container\">\n\t\t\t\t\t<div class=\"e-con-inner\">\n\t\t\t\t<div class=\"elementor-element elementor-element-78238f5 elementor-widget elementor-widget-spacer\" data-id=\"78238f5\" data-element_type=\"widget\" data-e-type=\"widget\" data-widget_type=\"spacer.default\">\n\t\t\t\t\t\t\t<div class=\"elementor-spacer\">\n\t\t\t<div class=\"elementor-spacer-inner\"><\/div>\n\t\t<\/div>\n\t\t\t\t\t\t<\/div>\n\t\t\t\t\t<\/div>\n\t\t\t\t<\/div>\n\t\t<div class=\"elementor-element elementor-element-d46ff2f e-flex e-con-boxed e-con e-parent\" data-id=\"d46ff2f\" data-element_type=\"container\" data-e-type=\"container\">\n\t\t\t\t\t<div class=\"e-con-inner\">\n\t\t<div class=\"elementor-element elementor-element-dc11fdb e-con-full e-flex e-con e-child\" data-id=\"dc11fdb\" data-element_type=\"container\" data-e-type=\"container\">\n\t\t\t\t<div class=\"elementor-element elementor-element-70f3099 elementor-widget elementor-widget-text-editor\" data-id=\"70f3099\" data-element_type=\"widget\" data-e-type=\"widget\" data-widget_type=\"text-editor.default\">\n\t\t\t\t\t\t\t\t\t<h5><b>Takis Kanellopoulos<\/b><span style=\"font-weight: 400;\"> (1933-1990)<\/span><\/h5><p class=\"translation-block\">He was born in Thessaloniki. He made his debut with the poetic ethnographical documentary \u201cMacedonian Wedding\u201d (1960). His first feature film \u201cOuranos\u201d, competed for Palme d'Or in Cannes. He continued his highly praised lyrical perspective in his future films. He received Best Director in Thessaloniki with his film \u201cInterlude\u201d in 1968.<\/p>\t\t\t\t\t\t\t\t<\/div>\n\t\t\t\t<\/div>\n\t\t<div class=\"elementor-element elementor-element-fa95b7f e-con-full e-flex e-con e-child\" data-id=\"fa95b7f\" data-element_type=\"container\" data-e-type=\"container\">\n\t\t\t\t<div class=\"elementor-element elementor-element-9e2fd61 elementor-widget elementor-widget-image\" data-id=\"9e2fd61\" data-element_type=\"widget\" data-e-type=\"widget\" data-widget_type=\"image.default\">\n\t\t\t\t\t\t\t\t\t\t\t\t\t\t\t<img decoding=\"async\" data-attachment-id=\"767\" data-permalink=\"https:\/\/yunanistansinemasigunleri.com\/en\/films\/the-excursion\/takis_kanellopoulos\/\" data-orig-file=\"https:\/\/i0.wp.com\/yunanistansinemasigunleri.com\/wp-content\/uploads\/2022\/05\/Takis_Kanellopoulos.jpg?fit=750%2C550&amp;ssl=1\" data-orig-size=\"750,550\" data-comments-opened=\"1\" data-image-meta=\"{&quot;aperture&quot;:&quot;0&quot;,&quot;credit&quot;:&quot;&quot;,&quot;camera&quot;:&quot;&quot;,&quot;caption&quot;:&quot;&quot;,&quot;created_timestamp&quot;:&quot;0&quot;,&quot;copyright&quot;:&quot;&quot;,&quot;focal_length&quot;:&quot;0&quot;,&quot;iso&quot;:&quot;0&quot;,&quot;shutter_speed&quot;:&quot;0&quot;,&quot;title&quot;:&quot;&quot;,&quot;orientation&quot;:&quot;0&quot;}\" data-image-title=\"Takis_Kanellopoulos\" data-image-description=\"\" data-image-caption=\"\" data-medium-file=\"https:\/\/i0.wp.com\/yunanistansinemasigunleri.com\/wp-content\/uploads\/2022\/05\/Takis_Kanellopoulos.jpg?fit=300%2C220&amp;ssl=1\" data-large-file=\"https:\/\/i0.wp.com\/yunanistansinemasigunleri.com\/wp-content\/uploads\/2022\/05\/Takis_Kanellopoulos.jpg?fit=525%2C385&amp;ssl=1\" width=\"525\" height=\"385\" src=\"https:\/\/i0.wp.com\/yunanistansinemasigunleri.com\/wp-content\/uploads\/2022\/05\/Takis_Kanellopoulos.jpg?fit=525%2C385&amp;ssl=1\" class=\"attachment-large size-large wp-image-767\" alt=\"\" srcset=\"https:\/\/i0.wp.com\/yunanistansinemasigunleri.com\/wp-content\/uploads\/2022\/05\/Takis_Kanellopoulos.jpg?w=750&amp;ssl=1 750w, https:\/\/i0.wp.com\/yunanistansinemasigunleri.com\/wp-content\/uploads\/2022\/05\/Takis_Kanellopoulos.jpg?resize=300%2C220&amp;ssl=1 300w, https:\/\/i0.wp.com\/yunanistansinemasigunleri.com\/wp-content\/uploads\/2022\/05\/Takis_Kanellopoulos.jpg?resize=16%2C12&amp;ssl=1 16w\" sizes=\"100vw\" \/>\t\t\t\t\t\t\t\t\t\t\t\t\t\t\t<\/div>\n\t\t\t\t<\/div>\n\t\t\t\t\t<\/div>\n\t\t\t\t<\/div>\n\t\t\t\t<\/div>","protected":false},"excerpt":{"rendered":"<p>MAKEDON D\u00dc\u011e\u00dcN\u00dc \u039c\u0391\u039a\u0395\u0394\u039f\u039d\u0399\u039a\u039f\u03a3 \u0393\u0391\u039c\u039f\u03a3\u00a0MACEDONIAN WEDDING Bir d\u00fc\u011f\u00fcn: gelenek, tarih ve k\u00fclt\u00fcr 25 Kas\u0131m Cumartesi\u00a011.00\u00a0 Yunanistan | 1960 | DCP | S&amp;B | 29\u2019\u00a0Yunanca \u2013 T\u00fcrk\u00e7e &amp; \u0130ngilizce Altyaz\u0131l\u0131 Y\u00f6netmen: Takis KanellopoulosSenaryo: Takis KanellopoulosG\u00f6r\u00fcnt\u00fc Y\u00f6netmeni: Iakovos PairidisKurgu: Takis KanellopoulosYap\u0131mc\u0131: Panagiotis Haratsaris \u00d6d\u00fcller Selanik FF En \u0130yi K\u0131sa Film, Belgrad FF En \u0130yi K\u0131sa Film S\u0130NOPS\u0130S Yunanistan &hellip; <\/p>\n<p class=\"link-more\"><a href=\"https:\/\/yunanistansinemasigunleri.com\/en\/makedon-dugunu\/\" class=\"more-link\">Continue reading<span class=\"screen-reader-text\"> &#8220;MAKEDON D\u00dc\u011e\u00dcN\u00dc&#8221;<\/span><\/a><\/p>","protected":false},"author":219729766,"featured_media":0,"parent":0,"menu_order":0,"comment_status":"closed","ping_status":"closed","template":"","meta":{"_crdt_document":"","advanced_seo_description":"","jetpack_seo_html_title":"","jetpack_seo_noindex":false,"jetpack_post_was_ever_published":false,"footnotes":""},"class_list":["post-1823","page","type-page","status-publish","hentry"],"jetpack_likes_enabled":true,"jetpack_sharing_enabled":true,"jetpack_shortlink":"https:\/\/wp.me\/PdSim2-tp","jetpack-related-posts":[],"amp_enabled":true,"_links":{"self":[{"href":"https:\/\/yunanistansinemasigunleri.com\/en\/wp-json\/wp\/v2\/pages\/1823","targetHints":{"allow":["GET"]}}],"collection":[{"href":"https:\/\/yunanistansinemasigunleri.com\/en\/wp-json\/wp\/v2\/pages"}],"about":[{"href":"https:\/\/yunanistansinemasigunleri.com\/en\/wp-json\/wp\/v2\/types\/page"}],"author":[{"embeddable":true,"href":"https:\/\/yunanistansinemasigunleri.com\/en\/wp-json\/wp\/v2\/users\/219729766"}],"replies":[{"embeddable":true,"href":"https:\/\/yunanistansinemasigunleri.com\/en\/wp-json\/wp\/v2\/comments?post=1823"}],"version-history":[{"count":22,"href":"https:\/\/yunanistansinemasigunleri.com\/en\/wp-json\/wp\/v2\/pages\/1823\/revisions"}],"predecessor-version":[{"id":2488,"href":"https:\/\/yunanistansinemasigunleri.com\/en\/wp-json\/wp\/v2\/pages\/1823\/revisions\/2488"}],"wp:attachment":[{"href":"https:\/\/yunanistansinemasigunleri.com\/en\/wp-json\/wp\/v2\/media?parent=1823"}],"curies":[{"name":"wp","href":"https:\/\/api.w.org\/{rel}","templated":true}]}}