{"id":1699,"date":"2023-11-15T17:33:35","date_gmt":"2023-11-15T15:33:35","guid":{"rendered":"https:\/\/yunanistansinemasigunleri.com\/?page_id=1699"},"modified":"2023-11-19T13:59:30","modified_gmt":"2023-11-19T11:59:30","slug":"meteor-golge","status":"publish","type":"page","link":"https:\/\/yunanistansinemasigunleri.com\/en\/meteor-golge\/","title":{"rendered":"METEOR &amp; SHADOW"},"content":{"rendered":"<div data-elementor-type=\"wp-page\" data-elementor-id=\"1699\" class=\"elementor elementor-1699\">\n\t\t\t\t<div class=\"elementor-element elementor-element-70290ab e-flex e-con-boxed e-con e-parent\" data-id=\"70290ab\" data-element_type=\"container\" data-e-type=\"container\">\n\t\t\t\t\t<div class=\"e-con-inner\">\n\t\t\t\t<div class=\"elementor-element elementor-element-251feb5 elementor-widget elementor-widget-heading\" data-id=\"251feb5\" data-element_type=\"widget\" data-e-type=\"widget\" data-widget_type=\"heading.default\">\n\t\t\t\t\t<h6 class=\"elementor-heading-title elementor-size-default\">METEOR &amp; SHADOW\n<\/h6>\t\t\t\t<\/div>\n\t\t\t\t\t<\/div>\n\t\t\t\t<\/div>\n\t\t<div class=\"elementor-element elementor-element-b2fbd81 e-flex e-con-boxed e-con e-parent\" data-id=\"b2fbd81\" data-element_type=\"container\" data-e-type=\"container\">\n\t\t\t\t\t<div class=\"e-con-inner\">\n\t\t<div class=\"elementor-element elementor-element-c6b4c4a e-con-full e-flex e-con e-child\" data-id=\"c6b4c4a\" data-element_type=\"container\" data-e-type=\"container\">\n\t\t\t\t<div class=\"elementor-element elementor-element-6a17d14 elementor-widget elementor-widget-text-editor\" data-id=\"6a17d14\" data-element_type=\"widget\" data-e-type=\"widget\" data-widget_type=\"text-editor.default\">\n\t\t\t\t\t\t\t\t\t<h5><strong>\u039c\u0395\u03a4\u0395\u03a9\u03a1\u039f \u039a\u0391\u0399 \u03a3\u039a\u0399\u0391<br \/>METEOR &amp; SHADOW<\/strong><\/h5><p><em>About the lover of beautiful bodies, the intense emotions and the heroic despair of a dandy.<\/em><\/p>\t\t\t\t\t\t\t\t<\/div>\n\t\t\t\t<\/div>\n\t\t<div class=\"elementor-element elementor-element-1520b09 e-con-full e-flex e-con e-child\" data-id=\"1520b09\" data-element_type=\"container\" data-e-type=\"container\">\n\t\t\t\t<div class=\"elementor-element elementor-element-0c1212d elementor-widget elementor-widget-text-editor\" data-id=\"0c1212d\" data-element_type=\"widget\" data-e-type=\"widget\" data-widget_type=\"text-editor.default\">\n\t\t\t\t\t\t\t\t\t<h6 class=\"elementor-heading-title elementor-size-default\">22 November Wednesday\u00a0<span data-sheets-value=\"{&quot;1&quot;:2,&quot;2&quot;:&quot;13.00 ROM 76'&quot;}\" data-sheets-userformat=\"{&quot;2&quot;:6849,&quot;3&quot;:{&quot;1&quot;:0},&quot;9&quot;:0,&quot;10&quot;:1,&quot;12&quot;:0,&quot;14&quot;:{&quot;1&quot;:2,&quot;2&quot;:16711935},&quot;15&quot;:&quot;\\&quot;Work Sans\\&quot;, sans-serif&quot;}\">15.00\u00a0<\/span><\/h6><p class=\"translation-block\">Greece | 1985 | DCP | Color | 101\u2019\nGreek \u2013 Turkish &amp; English Subtitled<\/p>\t\t\t\t\t\t\t\t<\/div>\n\t\t\t\t<\/div>\n\t\t\t\t\t<\/div>\n\t\t\t\t<\/div>\n\t\t<div class=\"elementor-element elementor-element-47c83cf e-flex e-con-boxed e-con e-parent\" data-id=\"47c83cf\" data-element_type=\"container\" data-e-type=\"container\">\n\t\t\t\t\t<div class=\"e-con-inner\">\n\t\t\t\t<div class=\"elementor-element elementor-element-8edee86 elementor-widget elementor-widget-image\" data-id=\"8edee86\" data-element_type=\"widget\" data-e-type=\"widget\" data-widget_type=\"image.default\">\n\t\t\t\t\t\t\t\t\t\t\t\t\t\t\t<img fetchpriority=\"high\" decoding=\"async\" data-attachment-id=\"1805\" data-permalink=\"https:\/\/yunanistansinemasigunleri.com\/en\/meteor-golge\/meteoro_kai_skia_004\/\" data-orig-file=\"https:\/\/i0.wp.com\/yunanistansinemasigunleri.com\/wp-content\/uploads\/2023\/11\/meteoro_kai_skia_004.jpg?fit=1000%2C695&amp;ssl=1\" data-orig-size=\"1000,695\" data-comments-opened=\"1\" data-image-meta=\"{&quot;aperture&quot;:&quot;0&quot;,&quot;credit&quot;:&quot;&quot;,&quot;camera&quot;:&quot;SP-2000&quot;,&quot;caption&quot;:&quot;&quot;,&quot;created_timestamp&quot;:&quot;1212065920&quot;,&quot;copyright&quot;:&quot;&quot;,&quot;focal_length&quot;:&quot;0&quot;,&quot;iso&quot;:&quot;0&quot;,&quot;shutter_speed&quot;:&quot;0&quot;,&quot;title&quot;:&quot;&quot;,&quot;orientation&quot;:&quot;1&quot;}\" data-image-title=\"meteoro_kai_skia_004\" data-image-description=\"\" data-image-caption=\"\" data-large-file=\"https:\/\/i0.wp.com\/yunanistansinemasigunleri.com\/wp-content\/uploads\/2023\/11\/meteoro_kai_skia_004.jpg?fit=525%2C365&amp;ssl=1\" width=\"525\" height=\"365\" src=\"https:\/\/i0.wp.com\/yunanistansinemasigunleri.com\/wp-content\/uploads\/2023\/11\/meteoro_kai_skia_004.jpg?fit=525%2C365&amp;ssl=1\" class=\"attachment-large size-large wp-image-1805\" alt=\"\" srcset=\"https:\/\/i0.wp.com\/yunanistansinemasigunleri.com\/wp-content\/uploads\/2023\/11\/meteoro_kai_skia_004.jpg?w=1000&amp;ssl=1 1000w, https:\/\/i0.wp.com\/yunanistansinemasigunleri.com\/wp-content\/uploads\/2023\/11\/meteoro_kai_skia_004.jpg?resize=300%2C209&amp;ssl=1 300w, https:\/\/i0.wp.com\/yunanistansinemasigunleri.com\/wp-content\/uploads\/2023\/11\/meteoro_kai_skia_004.jpg?resize=768%2C534&amp;ssl=1 768w, https:\/\/i0.wp.com\/yunanistansinemasigunleri.com\/wp-content\/uploads\/2023\/11\/meteoro_kai_skia_004.jpg?resize=18%2C12&amp;ssl=1 18w\" sizes=\"100vw\" \/>\t\t\t\t\t\t\t\t\t\t\t\t\t\t\t<\/div>\n\t\t\t\t\t<\/div>\n\t\t\t\t<\/div>\n\t\t<div class=\"elementor-element elementor-element-1c7d6cb e-flex e-con-boxed e-con e-parent\" data-id=\"1c7d6cb\" data-element_type=\"container\" data-e-type=\"container\">\n\t\t\t\t\t<div class=\"e-con-inner\">\n\t\t<div class=\"elementor-element elementor-element-e9bd4e6 e-con-full e-flex e-con e-child\" data-id=\"e9bd4e6\" data-element_type=\"container\" data-e-type=\"container\">\n\t\t\t\t<div class=\"elementor-element elementor-element-a64d6db elementor-widget elementor-widget-text-editor\" data-id=\"a64d6db\" data-element_type=\"widget\" data-e-type=\"widget\" data-widget_type=\"text-editor.default\">\n\t\t\t\t\t\t\t\t\t<p><b>Director of Photography:<\/b><span style=\"font-weight: 400;\">: Takis Spetsiotis<br \/><\/span><b>Screenplay<\/b><span style=\"font-weight: 400;\">: Takis Spetsiotis<br \/><\/span><b>Director of Photography<\/b><span style=\"font-weight: 400;\">: Filippos Koutsaftis<br \/><\/span><b>Editing<\/b><span style=\"font-weight: 400;\">: Despina Danai Maroulakou<br \/><\/span><b>Cast<\/b><span style=\"font-weight: 400;\">: Takis Moschos, Nikos Alexiou, Aristotelis Aposkitis<br \/><\/span><b>Producer<\/b><b>:<\/b><span style=\"font-weight: 400;\"> Takis Spetsiotis<\/span><\/p><h5><span style=\"font-weight: 400;\"><br \/><\/span><b>Awards<\/b><\/h5><p><b>Thessaloniki FF <\/b><i><span style=\"font-weight: 400;\">En \u0130yi Erkek Oyuncu, En \u0130yi Set Dekorasyonu, En \u0130yi Kost\u00fcm Tasar\u0131m\u0131, En \u0130yi Makyaj, En \u0130yi Ses <\/span><\/i><b>K\u00fclt\u00fcr Bakanl\u0131\u011f\u0131 Devlet Kalite \u00d6d\u00fclleri<\/b><i><span style=\"font-weight: 400;\"> En \u0130yi Film, En \u0130yi Erkek Oyuncu, En \u0130yi Kost\u00fcm Tasar\u0131m\u0131, En \u0130yi Makyaj\u00a0<\/span><\/i><\/p>\t\t\t\t\t\t\t\t<\/div>\n\t\t\t\t<\/div>\n\t\t<div class=\"elementor-element elementor-element-2690153 e-con-full e-flex e-con e-child\" data-id=\"2690153\" data-element_type=\"container\" data-e-type=\"container\">\n\t\t\t\t<div class=\"elementor-element elementor-element-dc058b2 elementor-widget elementor-widget-text-editor\" data-id=\"dc058b2\" data-element_type=\"widget\" data-e-type=\"widget\" data-widget_type=\"text-editor.default\">\n\t\t\t\t\t\t\t\t\t<h5><strong>SYNOPSIS<\/strong><\/h5><p><span style=\"font-weight: 400;\">The poignant and tragic tale of the bohemian poet Napoleon Lapathiotis, who lived from 1888 to 1944. As a homosexual, drug addict, and communist, Lapathiotis, caused controversy in the society of Athens, especially within the social class from which he hailed. He was one of the most iconic figures of his era, not only due to the profound impact of his poems that bore the imprints of his life but also for the scandals he sparked.<\/span><\/p>\t\t\t\t\t\t\t\t<\/div>\n\t\t\t\t<\/div>\n\t\t\t\t\t<\/div>\n\t\t\t\t<\/div>\n\t\t<div class=\"elementor-element elementor-element-f9ddff2 e-flex e-con-boxed e-con e-parent\" data-id=\"f9ddff2\" data-element_type=\"container\" data-e-type=\"container\">\n\t\t\t\t\t<div class=\"e-con-inner\">\n\t\t\t\t<div class=\"elementor-element elementor-element-8d47ef2 elementor-arrows-position-inside elementor-pagination-position-outside elementor-widget elementor-widget-image-carousel\" data-id=\"8d47ef2\" data-element_type=\"widget\" data-e-type=\"widget\" data-settings=\"{&quot;slides_to_show&quot;:&quot;1&quot;,&quot;navigation&quot;:&quot;both&quot;,&quot;autoplay&quot;:&quot;yes&quot;,&quot;pause_on_hover&quot;:&quot;yes&quot;,&quot;pause_on_interaction&quot;:&quot;yes&quot;,&quot;autoplay_speed&quot;:5000,&quot;infinite&quot;:&quot;yes&quot;,&quot;effect&quot;:&quot;slide&quot;,&quot;speed&quot;:500}\" data-widget_type=\"image-carousel.default\">\n\t\t\t\t\t\t\t<div class=\"elementor-image-carousel-wrapper swiper\" role=\"region\" aria-roledescription=\"carousel\" aria-label=\"Image Carousel\" dir=\"ltr\">\n\t\t\t<div class=\"elementor-image-carousel swiper-wrapper\" aria-live=\"off\">\n\t\t\t\t\t\t\t\t<div class=\"swiper-slide\" role=\"group\" aria-roledescription=\"slide\" aria-label=\"1 of 4\"><figure class=\"swiper-slide-inner\"><img decoding=\"async\" class=\"swiper-slide-image\" src=\"https:\/\/i0.wp.com\/yunanistansinemasigunleri.com\/wp-content\/uploads\/2023\/11\/meteoro_kai_skia_004.jpg?fit=525%2C365&amp;ssl=1\" alt=\"meteoro_kai_skia_004\" \/><\/figure><\/div><div class=\"swiper-slide\" role=\"group\" aria-roledescription=\"slide\" aria-label=\"2 of 4\"><figure class=\"swiper-slide-inner\"><img decoding=\"async\" class=\"swiper-slide-image\" src=\"https:\/\/i0.wp.com\/yunanistansinemasigunleri.com\/wp-content\/uploads\/2023\/11\/meteoro_kai_skia_003.jpg?fit=525%2C370&amp;ssl=1\" alt=\"meteoro_kai_skia_003\" \/><\/figure><\/div><div class=\"swiper-slide\" role=\"group\" aria-roledescription=\"slide\" aria-label=\"3 of 4\"><figure class=\"swiper-slide-inner\"><img decoding=\"async\" class=\"swiper-slide-image\" src=\"https:\/\/i0.wp.com\/yunanistansinemasigunleri.com\/wp-content\/uploads\/2023\/11\/meteoro_kai_skia_002.jpg?fit=525%2C377&amp;ssl=1\" alt=\"meteoro_kai_skia_002\" \/><\/figure><\/div><div class=\"swiper-slide\" role=\"group\" aria-roledescription=\"slide\" aria-label=\"4 of 4\"><figure class=\"swiper-slide-inner\"><img decoding=\"async\" class=\"swiper-slide-image\" src=\"https:\/\/i0.wp.com\/yunanistansinemasigunleri.com\/wp-content\/uploads\/2023\/11\/meteoro_kai_skia_001.jpg?fit=525%2C375&amp;ssl=1\" alt=\"meteoro_kai_skia_001\" \/><\/figure><\/div>\t\t\t<\/div>\n\t\t\t\t\t\t\t\t\t\t\t\t<div class=\"elementor-swiper-button elementor-swiper-button-prev\" role=\"button\" tabindex=\"0\">\n\t\t\t\t\t\t<svg aria-hidden=\"true\" class=\"e-font-icon-svg e-eicon-chevron-left\" viewbox=\"0 0 1000 1000\" xmlns=\"http:\/\/www.w3.org\/2000\/svg\"><path d=\"M646 125C629 125 613 133 604 142L308 442C296 454 292 471 292 487 292 504 296 521 308 533L604 854C617 867 629 875 646 875 663 875 679 871 692 858 704 846 713 829 713 812 713 796 708 779 692 767L438 487 692 225C700 217 708 204 708 187 708 171 704 154 692 142 675 129 663 125 646 125Z\"><\/path><\/svg>\t\t\t\t\t<\/div>\n\t\t\t\t\t<div class=\"elementor-swiper-button elementor-swiper-button-next\" role=\"button\" tabindex=\"0\">\n\t\t\t\t\t\t<svg aria-hidden=\"true\" class=\"e-font-icon-svg e-eicon-chevron-right\" viewbox=\"0 0 1000 1000\" xmlns=\"http:\/\/www.w3.org\/2000\/svg\"><path d=\"M696 533C708 521 713 504 713 487 713 471 708 454 696 446L400 146C388 133 375 125 354 125 338 125 325 129 313 142 300 154 292 171 292 187 292 204 296 221 308 233L563 492 304 771C292 783 288 800 288 817 288 833 296 850 308 863 321 871 338 875 354 875 371 875 388 867 400 854L696 533Z\"><\/path><\/svg>\t\t\t\t\t<\/div>\n\t\t\t\t\n\t\t\t\t\t\t\t\t\t<div class=\"swiper-pagination\"><\/div>\n\t\t\t\t\t\t\t\t\t<\/div>\n\t\t\t\t\t\t<\/div>\n\t\t\t\t\t<\/div>\n\t\t\t\t<\/div>\n\t\t<div class=\"elementor-element elementor-element-a13b281 e-flex e-con-boxed e-con e-parent\" data-id=\"a13b281\" data-element_type=\"container\" data-e-type=\"container\">\n\t\t\t\t\t<div class=\"e-con-inner\">\n\t\t\t\t<div class=\"elementor-element elementor-element-5e1079f elementor-widget elementor-widget-spacer\" data-id=\"5e1079f\" data-element_type=\"widget\" data-e-type=\"widget\" data-widget_type=\"spacer.default\">\n\t\t\t\t\t\t\t<div class=\"elementor-spacer\">\n\t\t\t<div class=\"elementor-spacer-inner\"><\/div>\n\t\t<\/div>\n\t\t\t\t\t\t<\/div>\n\t\t\t\t\t<\/div>\n\t\t\t\t<\/div>\n\t\t<div class=\"elementor-element elementor-element-d31b7b5 e-flex e-con-boxed e-con e-parent\" data-id=\"d31b7b5\" data-element_type=\"container\" data-e-type=\"container\">\n\t\t\t\t\t<div class=\"e-con-inner\">\n\t\t<div class=\"elementor-element elementor-element-8a8e0cb e-con-full e-flex e-con e-child\" data-id=\"8a8e0cb\" data-element_type=\"container\" data-e-type=\"container\">\n\t\t\t\t<div class=\"elementor-element elementor-element-a0b6e30 elementor-widget elementor-widget-text-editor\" data-id=\"a0b6e30\" data-element_type=\"widget\" data-e-type=\"widget\" data-widget_type=\"text-editor.default\">\n\t\t\t\t\t\t\t\t\t<h5><b>Takis Spetsiotis <\/b><span style=\"font-weight: 400;\">(1954)<\/span><\/h5><p><span style=\"font-weight: 400;\">Some of his noteworthy films are \u201cMeteor and Shadow\u201d (1985) and  \u201cCrows\u201d (1991). He is the author of the books \u201cHail Napoleon\u201d (1999), \u201cDeltion Taftotitos\u201d (2003), and \u201cTachtsis - Den Ntrepomai\u201d (2006). He has also worked as a director in theater and television.<\/span><\/p>\t\t\t\t\t\t\t\t<\/div>\n\t\t\t\t<\/div>\n\t\t<div class=\"elementor-element elementor-element-fd68190 e-con-full e-flex e-con e-child\" data-id=\"fd68190\" data-element_type=\"container\" data-e-type=\"container\">\n\t\t\t\t<div class=\"elementor-element elementor-element-a8e0eb8 elementor-widget elementor-widget-image\" data-id=\"a8e0eb8\" data-element_type=\"widget\" data-e-type=\"widget\" data-widget_type=\"image.default\">\n\t\t\t\t\t\t\t\t\t\t\t\t\t\t\t<img decoding=\"async\" data-attachment-id=\"1807\" data-permalink=\"https:\/\/yunanistansinemasigunleri.com\/en\/meteor-golge\/image-w856-jpg-2-2\/\" data-orig-file=\"https:\/\/i0.wp.com\/yunanistansinemasigunleri.com\/wp-content\/uploads\/2023\/11\/image-w856.jpg-2.webp?fit=800%2C950&amp;ssl=1\" data-orig-size=\"800,950\" data-comments-opened=\"1\" data-image-meta=\"{&quot;aperture&quot;:&quot;0&quot;,&quot;credit&quot;:&quot;&quot;,&quot;camera&quot;:&quot;&quot;,&quot;caption&quot;:&quot;&quot;,&quot;created_timestamp&quot;:&quot;0&quot;,&quot;copyright&quot;:&quot;&quot;,&quot;focal_length&quot;:&quot;0&quot;,&quot;iso&quot;:&quot;0&quot;,&quot;shutter_speed&quot;:&quot;0&quot;,&quot;title&quot;:&quot;&quot;,&quot;orientation&quot;:&quot;0&quot;}\" data-image-title=\"image-w856.jpg-2\" data-image-description=\"\" data-image-caption=\"\" data-large-file=\"https:\/\/i0.wp.com\/yunanistansinemasigunleri.com\/wp-content\/uploads\/2023\/11\/image-w856.jpg-2.webp?fit=525%2C623&amp;ssl=1\" width=\"525\" height=\"623\" src=\"https:\/\/i0.wp.com\/yunanistansinemasigunleri.com\/wp-content\/uploads\/2023\/11\/image-w856.jpg-2.webp?fit=525%2C623&amp;ssl=1\" class=\"attachment-large size-large wp-image-1807\" alt=\"\" srcset=\"https:\/\/i0.wp.com\/yunanistansinemasigunleri.com\/wp-content\/uploads\/2023\/11\/image-w856.jpg-2.webp?w=800&amp;ssl=1 800w, https:\/\/i0.wp.com\/yunanistansinemasigunleri.com\/wp-content\/uploads\/2023\/11\/image-w856.jpg-2.webp?resize=253%2C300&amp;ssl=1 253w, https:\/\/i0.wp.com\/yunanistansinemasigunleri.com\/wp-content\/uploads\/2023\/11\/image-w856.jpg-2.webp?resize=768%2C912&amp;ssl=1 768w, https:\/\/i0.wp.com\/yunanistansinemasigunleri.com\/wp-content\/uploads\/2023\/11\/image-w856.jpg-2.webp?resize=10%2C12&amp;ssl=1 10w\" sizes=\"100vw\" \/>\t\t\t\t\t\t\t\t\t\t\t\t\t\t\t<\/div>\n\t\t\t\t<\/div>\n\t\t\t\t\t<\/div>\n\t\t\t\t<\/div>\n\t\t\t\t<\/div>","protected":false},"excerpt":{"rendered":"<p>METEOR &#038; G\u00d6LGE \u039c\u0395\u03a4\u0395\u03a9\u03a1\u039f \u039a\u0391\u0399 \u03a3\u039a\u0399\u0391METEOR &amp; SHADOW G\u00fczel bedenlerin sevdal\u0131s\u0131na, yo\u011fun hislere ve bir z\u00fcppenin hamasi \u00e7aresizli\u011fine dair. 22 Kas\u0131m \u00c7ar\u015famba\u00a015.00\u00a0 Yunanistan | 1985 | DCP | Renkli | 101\u2019\u00a0Yunanca \u2013 T\u00fcrk\u00e7e &amp; \u0130ngilizce Altyaz\u0131l\u0131 Y\u00f6netmen: Takis SpetsiotisSenaryo: Takis SpetsiotisG\u00f6r\u00fcnt\u00fc Y\u00f6netmeni: Filippos KoutsaftisKurgu: Despina Danai MaroulakouOyuncular: Takis Moschos, Nikos Alexiou, Aristotelis AposkitisYap\u0131mc\u0131: Takis Spetsiotis &hellip; <\/p>\n<p class=\"link-more\"><a href=\"https:\/\/yunanistansinemasigunleri.com\/en\/meteor-golge\/\" class=\"more-link\">Continue reading<span class=\"screen-reader-text\"> &#8220;METEOR &amp; G\u00d6LGE&#8221;<\/span><\/a><\/p>","protected":false},"author":219729766,"featured_media":0,"parent":0,"menu_order":0,"comment_status":"closed","ping_status":"closed","template":"","meta":{"_crdt_document":"","advanced_seo_description":"","jetpack_seo_html_title":"","jetpack_seo_noindex":false,"footnotes":""},"class_list":["post-1699","page","type-page","status-publish","hentry"],"jetpack_likes_enabled":true,"jetpack_sharing_enabled":true,"jetpack_shortlink":"https:\/\/wp.me\/PdSim2-rp","jetpack-related-posts":[],"amp_enabled":true,"_links":{"self":[{"href":"https:\/\/yunanistansinemasigunleri.com\/en\/wp-json\/wp\/v2\/pages\/1699","targetHints":{"allow":["GET"]}}],"collection":[{"href":"https:\/\/yunanistansinemasigunleri.com\/en\/wp-json\/wp\/v2\/pages"}],"about":[{"href":"https:\/\/yunanistansinemasigunleri.com\/en\/wp-json\/wp\/v2\/types\/page"}],"author":[{"embeddable":true,"href":"https:\/\/yunanistansinemasigunleri.com\/en\/wp-json\/wp\/v2\/users\/219729766"}],"replies":[{"embeddable":true,"href":"https:\/\/yunanistansinemasigunleri.com\/en\/wp-json\/wp\/v2\/comments?post=1699"}],"version-history":[{"count":21,"href":"https:\/\/yunanistansinemasigunleri.com\/en\/wp-json\/wp\/v2\/pages\/1699\/revisions"}],"predecessor-version":[{"id":2485,"href":"https:\/\/yunanistansinemasigunleri.com\/en\/wp-json\/wp\/v2\/pages\/1699\/revisions\/2485"}],"wp:attachment":[{"href":"https:\/\/yunanistansinemasigunleri.com\/en\/wp-json\/wp\/v2\/media?parent=1699"}],"curies":[{"name":"wp","href":"https:\/\/api.w.org\/{rel}","templated":true}]}}