{"id":1599,"date":"2023-11-15T17:38:59","date_gmt":"2023-11-15T15:38:59","guid":{"rendered":"https:\/\/yunanistansinemasigunleri.com\/?page_id=1599"},"modified":"2023-11-19T13:55:32","modified_gmt":"2023-11-19T11:55:32","slug":"arsa","status":"publish","type":"page","link":"https:\/\/yunanistansinemasigunleri.com\/en\/arsa\/","title":{"rendered":"THE PLOT"},"content":{"rendered":"<div data-elementor-type=\"wp-page\" data-elementor-id=\"1599\" class=\"elementor elementor-1599\">\n\t\t\t\t<div class=\"elementor-element elementor-element-d70fe37 e-flex e-con-boxed e-con e-parent\" data-id=\"d70fe37\" data-element_type=\"container\" data-e-type=\"container\">\n\t\t\t\t\t<div class=\"e-con-inner\">\n\t\t\t\t<div class=\"elementor-element elementor-element-23e1a32 elementor-widget elementor-widget-heading\" data-id=\"23e1a32\" data-element_type=\"widget\" data-e-type=\"widget\" data-widget_type=\"heading.default\">\n\t\t\t\t\t<h6 class=\"elementor-heading-title elementor-size-default\">THE PLOT<\/h6>\t\t\t\t<\/div>\n\t\t\t\t\t<\/div>\n\t\t\t\t<\/div>\n\t\t<div class=\"elementor-element elementor-element-f486672 e-flex e-con-boxed e-con e-parent\" data-id=\"f486672\" data-element_type=\"container\" data-e-type=\"container\">\n\t\t\t\t\t<div class=\"e-con-inner\">\n\t\t<div class=\"elementor-element elementor-element-2a84171 e-con-full e-flex e-con e-child\" data-id=\"2a84171\" data-element_type=\"container\" data-e-type=\"container\">\n\t\t\t\t<div class=\"elementor-element elementor-element-bdb5552 elementor-widget elementor-widget-text-editor\" data-id=\"bdb5552\" data-element_type=\"widget\" data-e-type=\"widget\" data-widget_type=\"text-editor.default\">\n\t\t\t\t\t\t\t\t\t<h5><strong>\u039f\u0399\u039a\u039f\u03a0\u0395\u0394\u039f<br \/>THE PLOT<\/strong><\/h5><p><em>Little rascals in the plot<\/em><\/p>\t\t\t\t\t\t\t\t<\/div>\n\t\t\t\t<\/div>\n\t\t<div class=\"elementor-element elementor-element-c4575d7 e-con-full e-flex e-con e-child\" data-id=\"c4575d7\" data-element_type=\"container\" data-e-type=\"container\">\n\t\t\t\t<div class=\"elementor-element elementor-element-1562885 elementor-widget elementor-widget-text-editor\" data-id=\"1562885\" data-element_type=\"widget\" data-e-type=\"widget\" data-widget_type=\"text-editor.default\">\n\t\t\t\t\t\t\t\t\t<div class=\"elementor-element elementor-element-c2a34f6 e-con-full e-flex e-con e-child\" data-id=\"c2a34f6\" data-element_type=\"container\" data-settings=\"{&quot;content_width&quot;:&quot;full&quot;,&quot;container_type&quot;:&quot;flex&quot;}\"><div class=\"elementor-element elementor-element-9551df3 elementor-widget elementor-widget-heading\" data-id=\"9551df3\" data-element_type=\"widget\" data-widget_type=\"heading.default\"><div class=\"elementor-widget-container\"><h6>25 Kas\u0131m Cumartesi 11.00<\/h6><\/div><\/div><\/div><p class=\"translation-block\">Greece | 1971 | DCP | Black&amp;White | 13\u2019\nGreek \u2013 Turkish &amp; English Subtitled<\/p>\t\t\t\t\t\t\t\t<\/div>\n\t\t\t\t<\/div>\n\t\t\t\t\t<\/div>\n\t\t\t\t<\/div>\n\t\t<div class=\"elementor-element elementor-element-e9dbf76 e-flex e-con-boxed e-con e-parent\" data-id=\"e9dbf76\" data-element_type=\"container\" data-e-type=\"container\">\n\t\t\t\t\t<div class=\"e-con-inner\">\n\t\t\t\t<div class=\"elementor-element elementor-element-4bd77cb elementor-widget elementor-widget-image\" data-id=\"4bd77cb\" data-element_type=\"widget\" data-e-type=\"widget\" data-widget_type=\"image.default\">\n\t\t\t\t\t\t\t\t\t\t\t\t\t\t\t<img fetchpriority=\"high\" decoding=\"async\" data-attachment-id=\"1604\" data-permalink=\"https:\/\/yunanistansinemasigunleri.com\/en\/arsa\/5-1\/\" data-orig-file=\"https:\/\/i0.wp.com\/yunanistansinemasigunleri.com\/wp-content\/uploads\/2023\/11\/5-1.jpg?fit=3789%2C2875&amp;ssl=1\" data-orig-size=\"3789,2875\" data-comments-opened=\"1\" data-image-meta=\"{&quot;aperture&quot;:&quot;0&quot;,&quot;credit&quot;:&quot;&quot;,&quot;camera&quot;:&quot;&quot;,&quot;caption&quot;:&quot;&quot;,&quot;created_timestamp&quot;:&quot;1641931751&quot;,&quot;copyright&quot;:&quot;&quot;,&quot;focal_length&quot;:&quot;0&quot;,&quot;iso&quot;:&quot;0&quot;,&quot;shutter_speed&quot;:&quot;0&quot;,&quot;title&quot;:&quot;&quot;,&quot;orientation&quot;:&quot;0&quot;}\" data-image-title=\"5 (1)\" data-image-description=\"\" data-image-caption=\"\" data-large-file=\"https:\/\/i0.wp.com\/yunanistansinemasigunleri.com\/wp-content\/uploads\/2023\/11\/5-1.jpg?fit=525%2C398&amp;ssl=1\" width=\"525\" height=\"398\" src=\"https:\/\/i0.wp.com\/yunanistansinemasigunleri.com\/wp-content\/uploads\/2023\/11\/5-1.jpg?fit=525%2C398&amp;ssl=1\" class=\"attachment-large size-large wp-image-1604\" alt=\"\" srcset=\"https:\/\/i0.wp.com\/yunanistansinemasigunleri.com\/wp-content\/uploads\/2023\/11\/5-1.jpg?w=3789&amp;ssl=1 3789w, https:\/\/i0.wp.com\/yunanistansinemasigunleri.com\/wp-content\/uploads\/2023\/11\/5-1.jpg?resize=300%2C228&amp;ssl=1 300w, https:\/\/i0.wp.com\/yunanistansinemasigunleri.com\/wp-content\/uploads\/2023\/11\/5-1.jpg?resize=1024%2C777&amp;ssl=1 1024w, https:\/\/i0.wp.com\/yunanistansinemasigunleri.com\/wp-content\/uploads\/2023\/11\/5-1.jpg?resize=768%2C583&amp;ssl=1 768w, https:\/\/i0.wp.com\/yunanistansinemasigunleri.com\/wp-content\/uploads\/2023\/11\/5-1.jpg?resize=1536%2C1165&amp;ssl=1 1536w, https:\/\/i0.wp.com\/yunanistansinemasigunleri.com\/wp-content\/uploads\/2023\/11\/5-1.jpg?resize=2048%2C1554&amp;ssl=1 2048w, https:\/\/i0.wp.com\/yunanistansinemasigunleri.com\/wp-content\/uploads\/2023\/11\/5-1.jpg?resize=16%2C12&amp;ssl=1 16w, https:\/\/i0.wp.com\/yunanistansinemasigunleri.com\/wp-content\/uploads\/2023\/11\/5-1.jpg?resize=1200%2C911&amp;ssl=1 1200w\" sizes=\"100vw\" \/>\t\t\t\t\t\t\t\t\t\t\t\t\t\t\t<\/div>\n\t\t\t\t\t<\/div>\n\t\t\t\t<\/div>\n\t\t<div class=\"elementor-element elementor-element-57d716b e-flex e-con-boxed e-con e-parent\" data-id=\"57d716b\" data-element_type=\"container\" data-e-type=\"container\">\n\t\t\t\t\t<div class=\"e-con-inner\">\n\t\t<div class=\"elementor-element elementor-element-3456768 e-con-full e-flex e-con e-child\" data-id=\"3456768\" data-element_type=\"container\" data-e-type=\"container\">\n\t\t\t\t<div class=\"elementor-element elementor-element-47bd88a elementor-widget elementor-widget-text-editor\" data-id=\"47bd88a\" data-element_type=\"widget\" data-e-type=\"widget\" data-widget_type=\"text-editor.default\">\n\t\t\t\t\t\t\t\t\t<p><b>Director of Photography:<\/b><span style=\"font-weight: 400;\">: Thodoros Maragos<br \/><\/span><b style=\"color: var( --e-global-color-text ); font-family: var( --e-global-typography-text-font-family ), Sans-serif; text-align: var(--text-align); font-size: 1rem;\">Screenplay<\/b><span style=\"color: var( --e-global-color-text ); font-family: var( --e-global-typography-text-font-family ), Sans-serif; font-weight: 400; text-align: var(--text-align); font-size: 1rem;\">: Thodoros Maragos<br \/><\/span><b>Director of Photography<\/b><span style=\"font-weight: 400;\">: Thodoros Maragos<br \/><\/span><b>Editing<\/b><span style=\"font-weight: 400;\">: Dinos Katsouridis<br \/><\/span><b>Cast<\/b><span style=\"font-weight: 400;\">: Spyros Kalogirou, Marilyse Preisler, Nassos Katakouzinos, Stavros Konstantarakos<br \/><\/span><b>Producer<\/b><span style=\"font-weight: 400;\">: Thodoros Maragos<\/span><\/p><h5><span style=\"font-weight: 400;\"><br \/><\/span><b style=\"font-size: 1rem;\">Awards<\/b><\/h5><p><b style=\"font-size: 1rem;\">Thessaloniki FF <\/b><i style=\"font-size: 1rem;\">En \u0130yi Kurmaca K\u0131sa Film, Film Ele\u015ftirmenleri Birli\u011fi \u00d6d\u00fcl\u00fc<\/i><\/p>\t\t\t\t\t\t\t\t<\/div>\n\t\t\t\t<\/div>\n\t\t<div class=\"elementor-element elementor-element-40ee6da e-con-full e-flex e-con e-child\" data-id=\"40ee6da\" data-element_type=\"container\" data-e-type=\"container\">\n\t\t\t\t<div class=\"elementor-element elementor-element-c531980 elementor-widget elementor-widget-text-editor\" data-id=\"c531980\" data-element_type=\"widget\" data-e-type=\"widget\" data-widget_type=\"text-editor.default\">\n\t\t\t\t\t\t\t\t\t<h5><strong>SYNOPSIS<\/strong><\/h5><p><span style=\"font-weight: 400;\">In an empty lot in the Petralona area of Athens, we witness the flow of life through three seasons: In autumn, a fairground is set up, turning into a soccer field for the neighborhood children in winter and transforming into a stadium for the school's gymnastic shows in spring. Theodoros Maragos, portraying how life shaped in one of Athens' disadvantaged neighborhoods in the 1970s, captures the passage of time in the profound marks it leaves on people. Using simple tools and an extraordinary internal rhythm, he vividly portrays a space while turning seemingly trivial things into a form of political poetry.<\/span><\/p>\t\t\t\t\t\t\t\t<\/div>\n\t\t\t\t<\/div>\n\t\t\t\t\t<\/div>\n\t\t\t\t<\/div>\n\t\t<div class=\"elementor-element elementor-element-31b09c9 e-flex e-con-boxed e-con e-parent\" data-id=\"31b09c9\" data-element_type=\"container\" data-e-type=\"container\">\n\t\t\t\t\t<div class=\"e-con-inner\">\n\t\t\t\t<div class=\"elementor-element elementor-element-cbdb118 elementor-arrows-position-inside elementor-pagination-position-outside elementor-widget elementor-widget-image-carousel\" data-id=\"cbdb118\" data-element_type=\"widget\" data-e-type=\"widget\" data-settings=\"{&quot;slides_to_show&quot;:&quot;1&quot;,&quot;navigation&quot;:&quot;both&quot;,&quot;autoplay&quot;:&quot;yes&quot;,&quot;pause_on_hover&quot;:&quot;yes&quot;,&quot;pause_on_interaction&quot;:&quot;yes&quot;,&quot;autoplay_speed&quot;:5000,&quot;infinite&quot;:&quot;yes&quot;,&quot;effect&quot;:&quot;slide&quot;,&quot;speed&quot;:500}\" data-widget_type=\"image-carousel.default\">\n\t\t\t\t\t\t\t<div class=\"elementor-image-carousel-wrapper swiper\" role=\"region\" aria-roledescription=\"carousel\" aria-label=\"Image Carousel\" dir=\"ltr\">\n\t\t\t<div class=\"elementor-image-carousel swiper-wrapper\" aria-live=\"off\">\n\t\t\t\t\t\t\t\t<div class=\"swiper-slide\" role=\"group\" aria-roledescription=\"slide\" aria-label=\"1 of 5\"><figure class=\"swiper-slide-inner\"><img decoding=\"async\" class=\"swiper-slide-image\" src=\"https:\/\/i0.wp.com\/yunanistansinemasigunleri.com\/wp-content\/uploads\/2023\/11\/5-1.jpg?fit=525%2C399&amp;ssl=1\" alt=\"5 (1)\" \/><\/figure><\/div><div class=\"swiper-slide\" role=\"group\" aria-roledescription=\"slide\" aria-label=\"2 of 5\"><figure class=\"swiper-slide-inner\"><img decoding=\"async\" class=\"swiper-slide-image\" src=\"https:\/\/i0.wp.com\/yunanistansinemasigunleri.com\/wp-content\/uploads\/2023\/11\/4-1.jpg?fit=525%2C399&amp;ssl=1\" alt=\"4 (1)\" \/><\/figure><\/div><div class=\"swiper-slide\" role=\"group\" aria-roledescription=\"slide\" aria-label=\"3 of 5\"><figure class=\"swiper-slide-inner\"><img decoding=\"async\" class=\"swiper-slide-image\" src=\"https:\/\/i0.wp.com\/yunanistansinemasigunleri.com\/wp-content\/uploads\/2023\/11\/3-1.jpg?fit=525%2C399&amp;ssl=1\" alt=\"3 (1)\" \/><\/figure><\/div><div class=\"swiper-slide\" role=\"group\" aria-roledescription=\"slide\" aria-label=\"4 of 5\"><figure class=\"swiper-slide-inner\"><img decoding=\"async\" class=\"swiper-slide-image\" src=\"https:\/\/i0.wp.com\/yunanistansinemasigunleri.com\/wp-content\/uploads\/2023\/11\/2-1.jpg?fit=525%2C399&amp;ssl=1\" alt=\"2 (1)\" \/><\/figure><\/div><div class=\"swiper-slide\" role=\"group\" aria-roledescription=\"slide\" aria-label=\"5 of 5\"><figure class=\"swiper-slide-inner\"><img decoding=\"async\" class=\"swiper-slide-image\" src=\"https:\/\/i0.wp.com\/yunanistansinemasigunleri.com\/wp-content\/uploads\/2023\/11\/1-1.jpg?fit=525%2C398&amp;ssl=1\" alt=\"1 (1)\" \/><\/figure><\/div>\t\t\t<\/div>\n\t\t\t\t\t\t\t\t\t\t\t\t<div class=\"elementor-swiper-button elementor-swiper-button-prev\" role=\"button\" tabindex=\"0\">\n\t\t\t\t\t\t<svg aria-hidden=\"true\" class=\"e-font-icon-svg e-eicon-chevron-left\" viewbox=\"0 0 1000 1000\" xmlns=\"http:\/\/www.w3.org\/2000\/svg\"><path d=\"M646 125C629 125 613 133 604 142L308 442C296 454 292 471 292 487 292 504 296 521 308 533L604 854C617 867 629 875 646 875 663 875 679 871 692 858 704 846 713 829 713 812 713 796 708 779 692 767L438 487 692 225C700 217 708 204 708 187 708 171 704 154 692 142 675 129 663 125 646 125Z\"><\/path><\/svg>\t\t\t\t\t<\/div>\n\t\t\t\t\t<div class=\"elementor-swiper-button elementor-swiper-button-next\" role=\"button\" tabindex=\"0\">\n\t\t\t\t\t\t<svg aria-hidden=\"true\" class=\"e-font-icon-svg e-eicon-chevron-right\" viewbox=\"0 0 1000 1000\" xmlns=\"http:\/\/www.w3.org\/2000\/svg\"><path d=\"M696 533C708 521 713 504 713 487 713 471 708 454 696 446L400 146C388 133 375 125 354 125 338 125 325 129 313 142 300 154 292 171 292 187 292 204 296 221 308 233L563 492 304 771C292 783 288 800 288 817 288 833 296 850 308 863 321 871 338 875 354 875 371 875 388 867 400 854L696 533Z\"><\/path><\/svg>\t\t\t\t\t<\/div>\n\t\t\t\t\n\t\t\t\t\t\t\t\t\t<div class=\"swiper-pagination\"><\/div>\n\t\t\t\t\t\t\t\t\t<\/div>\n\t\t\t\t\t\t<\/div>\n\t\t\t\t\t<\/div>\n\t\t\t\t<\/div>\n\t\t<div class=\"elementor-element elementor-element-721fc72 e-flex e-con-boxed e-con e-parent\" data-id=\"721fc72\" data-element_type=\"container\" data-e-type=\"container\">\n\t\t\t\t\t<div class=\"e-con-inner\">\n\t\t\t\t<div class=\"elementor-element elementor-element-58151ed elementor-widget elementor-widget-spacer\" data-id=\"58151ed\" data-element_type=\"widget\" data-e-type=\"widget\" data-widget_type=\"spacer.default\">\n\t\t\t\t\t\t\t<div class=\"elementor-spacer\">\n\t\t\t<div class=\"elementor-spacer-inner\"><\/div>\n\t\t<\/div>\n\t\t\t\t\t\t<\/div>\n\t\t\t\t\t<\/div>\n\t\t\t\t<\/div>\n\t\t<div class=\"elementor-element elementor-element-fa16552 e-flex e-con-boxed e-con e-parent\" data-id=\"fa16552\" data-element_type=\"container\" data-e-type=\"container\">\n\t\t\t\t\t<div class=\"e-con-inner\">\n\t\t<div class=\"elementor-element elementor-element-dd90c59 e-con-full e-flex e-con e-child\" data-id=\"dd90c59\" data-element_type=\"container\" data-e-type=\"container\">\n\t\t\t\t<div class=\"elementor-element elementor-element-24d817a elementor-widget elementor-widget-text-editor\" data-id=\"24d817a\" data-element_type=\"widget\" data-e-type=\"widget\" data-widget_type=\"text-editor.default\">\n\t\t\t\t\t\t\t\t\t<h5><b>Thodoros Maragos<\/b><span style=\"font-weight: 400;\"> (1944)<\/span><\/h5><p><span style=\"font-weight: 400;\">He was born in the village of Filiatra in Messenia, in the south-west of the Peloponnese. The first film he directed in 1969, \u201cTsuof\u201d, was selected Best Short Film in Thessaloniki. After animations and documentaries, his first fictional feature film in 1973, \u201cLavete theseis\u201d received the Best New Director Award in Thessaloniki. The 1981 production \u201cLearn How to Read and Write, Son\u201d which made him renowned, is considered to be one of the best anti-junta films of all time.<\/span><\/p>\t\t\t\t\t\t\t\t<\/div>\n\t\t\t\t<\/div>\n\t\t<div class=\"elementor-element elementor-element-bacf879 e-con-full e-flex e-con e-child\" data-id=\"bacf879\" data-element_type=\"container\" data-e-type=\"container\">\n\t\t\t\t<div class=\"elementor-element elementor-element-88c1fd4 elementor-widget elementor-widget-image\" data-id=\"88c1fd4\" data-element_type=\"widget\" data-e-type=\"widget\" data-widget_type=\"image.default\">\n\t\t\t\t\t\t\t\t\t\t\t\t\t\t\t<img decoding=\"async\" data-attachment-id=\"1746\" data-permalink=\"https:\/\/yunanistansinemasigunleri.com\/en\/arsa\/image-w856-jpg-2\/\" data-orig-file=\"https:\/\/i0.wp.com\/yunanistansinemasigunleri.com\/wp-content\/uploads\/2023\/11\/image-w856.jpg.webp?fit=1280%2C1519&amp;ssl=1\" data-orig-size=\"1280,1519\" data-comments-opened=\"1\" data-image-meta=\"{&quot;aperture&quot;:&quot;0&quot;,&quot;credit&quot;:&quot;&quot;,&quot;camera&quot;:&quot;&quot;,&quot;caption&quot;:&quot;&quot;,&quot;created_timestamp&quot;:&quot;0&quot;,&quot;copyright&quot;:&quot;&quot;,&quot;focal_length&quot;:&quot;0&quot;,&quot;iso&quot;:&quot;0&quot;,&quot;shutter_speed&quot;:&quot;0&quot;,&quot;title&quot;:&quot;&quot;,&quot;orientation&quot;:&quot;0&quot;}\" data-image-title=\"image-w856.jpg\" data-image-description=\"\" data-image-caption=\"\" data-large-file=\"https:\/\/i0.wp.com\/yunanistansinemasigunleri.com\/wp-content\/uploads\/2023\/11\/image-w856.jpg.webp?fit=525%2C623&amp;ssl=1\" width=\"253\" height=\"300\" src=\"https:\/\/i0.wp.com\/yunanistansinemasigunleri.com\/wp-content\/uploads\/2023\/11\/image-w856.jpg.webp?fit=253%2C300&amp;ssl=1\" class=\"attachment-medium size-medium wp-image-1746\" alt=\"\" srcset=\"https:\/\/i0.wp.com\/yunanistansinemasigunleri.com\/wp-content\/uploads\/2023\/11\/image-w856.jpg.webp?w=1280&amp;ssl=1 1280w, https:\/\/i0.wp.com\/yunanistansinemasigunleri.com\/wp-content\/uploads\/2023\/11\/image-w856.jpg.webp?resize=253%2C300&amp;ssl=1 253w, https:\/\/i0.wp.com\/yunanistansinemasigunleri.com\/wp-content\/uploads\/2023\/11\/image-w856.jpg.webp?resize=863%2C1024&amp;ssl=1 863w, https:\/\/i0.wp.com\/yunanistansinemasigunleri.com\/wp-content\/uploads\/2023\/11\/image-w856.jpg.webp?resize=768%2C911&amp;ssl=1 768w, https:\/\/i0.wp.com\/yunanistansinemasigunleri.com\/wp-content\/uploads\/2023\/11\/image-w856.jpg.webp?resize=10%2C12&amp;ssl=1 10w, https:\/\/i0.wp.com\/yunanistansinemasigunleri.com\/wp-content\/uploads\/2023\/11\/image-w856.jpg.webp?resize=1200%2C1424&amp;ssl=1 1200w, https:\/\/i0.wp.com\/yunanistansinemasigunleri.com\/wp-content\/uploads\/2023\/11\/image-w856.jpg.webp?w=1050&amp;ssl=1 1050w\" sizes=\"100vw\" \/>\t\t\t\t\t\t\t\t\t\t\t\t\t\t\t<\/div>\n\t\t\t\t<\/div>\n\t\t\t\t\t<\/div>\n\t\t\t\t<\/div>\n\t\t\t\t<\/div>","protected":false},"excerpt":{"rendered":"<p>ARSA \u039f\u0399\u039a\u039f\u03a0\u0395\u0394\u039fTHE PLOT Arsadaki serseri \u00e7ocuklar 25 Kas\u0131m Cumartesi 11.00 Yunanistan | 1971 | DCP | S&amp;B | 13\u2019\u00a0Yunanca \u2013 T\u00fcrk\u00e7e &amp; \u0130ngilizce Altyaz\u0131l\u0131 Y\u00f6netmen: Thodoros MaragosSenaryo: Thodoros MaragosG\u00f6r\u00fcnt\u00fc Y\u00f6netmeni: Thodoros MaragosKurgu: Dinos KatsouridisOyuncular: Spyros Kalogirou, Marilyse Preisler, Nassos Katakouzinos, Stavros KonstantarakosYap\u0131mc\u0131: Thodoros Maragos \u00d6d\u00fcller Selanik FF En \u0130yi Kurmaca K\u0131sa Film, Film Ele\u015ftirmenleri Birli\u011fi &hellip; <\/p>\n<p class=\"link-more\"><a href=\"https:\/\/yunanistansinemasigunleri.com\/en\/arsa\/\" class=\"more-link\">Continue reading<span class=\"screen-reader-text\"> &#8220;ARSA&#8221;<\/span><\/a><\/p>","protected":false},"author":219729766,"featured_media":0,"parent":0,"menu_order":0,"comment_status":"closed","ping_status":"closed","template":"","meta":{"_crdt_document":"","advanced_seo_description":"","jetpack_seo_html_title":"","jetpack_seo_noindex":false,"footnotes":""},"class_list":["post-1599","page","type-page","status-publish","hentry"],"jetpack_likes_enabled":true,"jetpack_sharing_enabled":true,"jetpack_shortlink":"https:\/\/wp.me\/PdSim2-pN","jetpack-related-posts":[],"amp_enabled":true,"_links":{"self":[{"href":"https:\/\/yunanistansinemasigunleri.com\/en\/wp-json\/wp\/v2\/pages\/1599","targetHints":{"allow":["GET"]}}],"collection":[{"href":"https:\/\/yunanistansinemasigunleri.com\/en\/wp-json\/wp\/v2\/pages"}],"about":[{"href":"https:\/\/yunanistansinemasigunleri.com\/en\/wp-json\/wp\/v2\/types\/page"}],"author":[{"embeddable":true,"href":"https:\/\/yunanistansinemasigunleri.com\/en\/wp-json\/wp\/v2\/users\/219729766"}],"replies":[{"embeddable":true,"href":"https:\/\/yunanistansinemasigunleri.com\/en\/wp-json\/wp\/v2\/comments?post=1599"}],"version-history":[{"count":34,"href":"https:\/\/yunanistansinemasigunleri.com\/en\/wp-json\/wp\/v2\/pages\/1599\/revisions"}],"predecessor-version":[{"id":2473,"href":"https:\/\/yunanistansinemasigunleri.com\/en\/wp-json\/wp\/v2\/pages\/1599\/revisions\/2473"}],"wp:attachment":[{"href":"https:\/\/yunanistansinemasigunleri.com\/en\/wp-json\/wp\/v2\/media?parent=1599"}],"curies":[{"name":"wp","href":"https:\/\/api.w.org\/{rel}","templated":true}]}}