{"id":151,"date":"2022-05-13T20:16:01","date_gmt":"2022-05-13T17:16:01","guid":{"rendered":"https:\/\/yunanistansinemasigunleri.com\/?page_id=151"},"modified":"2022-06-06T08:54:31","modified_gmt":"2022-06-06T05:54:31","slug":"the-trojan-women","status":"publish","type":"page","link":"https:\/\/yunanistansinemasigunleri.com\/en\/films\/the-trojan-women\/","title":{"rendered":"The Trojan Women"},"content":{"rendered":"<div data-elementor-type=\"wp-post\" data-elementor-id=\"151\" class=\"elementor elementor-151\">\n\t\t\t\t\t\t<section class=\"elementor-section elementor-top-section elementor-element elementor-element-19bb0c5 elementor-section-boxed elementor-section-height-default elementor-section-height-default\" data-id=\"19bb0c5\" data-element_type=\"section\" data-e-type=\"section\">\n\t\t\t\t\t\t<div class=\"elementor-container elementor-column-gap-default\">\n\t\t\t\t\t<div class=\"elementor-column elementor-col-50 elementor-top-column elementor-element elementor-element-cfbb27b\" data-id=\"cfbb27b\" data-element_type=\"column\" data-e-type=\"column\">\n\t\t\t<div class=\"elementor-widget-wrap elementor-element-populated\">\n\t\t\t\t\t\t<div class=\"elementor-element elementor-element-155d9a1 elementor-widget elementor-widget-text-editor\" data-id=\"155d9a1\" data-element_type=\"widget\" data-e-type=\"widget\" data-widget_type=\"text-editor.default\">\n\t\t\t\t\t\t\t\t\t<h4>THE TROJAN WOMEN<\/h4><p><strong>Trojan Women<\/strong>\u00a0\/\u00a0<strong>Troades<br \/><\/strong>Yunanistan, 1971, DCP, S&amp;B, 86\u2019\u00a0<br \/>Greek; Turkish &amp; English Subtitled<\/p>\t\t\t\t\t\t\t\t<\/div>\n\t\t\t\t\t<\/div>\n\t\t<\/div>\n\t\t\t\t<div class=\"elementor-column elementor-col-50 elementor-top-column elementor-element elementor-element-a01d54b\" data-id=\"a01d54b\" data-element_type=\"column\" data-e-type=\"column\">\n\t\t\t<div class=\"elementor-widget-wrap elementor-element-populated\">\n\t\t\t\t\t\t<div class=\"elementor-element elementor-element-c29ca4e elementor-widget elementor-widget-text-editor\" data-id=\"c29ca4e\" data-element_type=\"widget\" data-e-type=\"widget\" data-widget_type=\"text-editor.default\">\n\t\t\t\t\t\t\t\t\t<h5>12 June Sunday - 18:00<\/h5>\t\t\t\t\t\t\t\t<\/div>\n\t\t\t\t\t<\/div>\n\t\t<\/div>\n\t\t\t\t\t<\/div>\n\t\t<\/section>\n\t\t\t\t<section class=\"elementor-section elementor-top-section elementor-element elementor-element-934545c elementor-section-boxed elementor-section-height-default elementor-section-height-default\" data-id=\"934545c\" data-element_type=\"section\" data-e-type=\"section\">\n\t\t\t\t\t\t<div class=\"elementor-container elementor-column-gap-default\">\n\t\t\t\t\t<div class=\"elementor-column elementor-col-100 elementor-top-column elementor-element elementor-element-fdb420b\" data-id=\"fdb420b\" data-element_type=\"column\" data-e-type=\"column\">\n\t\t\t<div class=\"elementor-widget-wrap elementor-element-populated\">\n\t\t\t\t\t\t<div class=\"elementor-element elementor-element-50933ec elementor-widget elementor-widget-video\" data-id=\"50933ec\" data-element_type=\"widget\" data-e-type=\"widget\" data-settings=\"{&quot;youtube_url&quot;:&quot;https:\\\/\\\/youtu.be\\\/v9sAriamSpU&quot;,&quot;lazy_load&quot;:&quot;yes&quot;,&quot;video_type&quot;:&quot;youtube&quot;}\" data-widget_type=\"video.default\">\n\t\t\t\t\t\t\t<div class=\"elementor-wrapper elementor-open-inline\">\n\t\t\t<div class=\"elementor-video\"><\/div>\t\t<\/div>\n\t\t\t\t\t\t<\/div>\n\t\t\t\t\t<\/div>\n\t\t<\/div>\n\t\t\t\t\t<\/div>\n\t\t<\/section>\n\t\t\t\t<section class=\"elementor-section elementor-top-section elementor-element elementor-element-d4f6b35 elementor-section-boxed elementor-section-height-default elementor-section-height-default\" data-id=\"d4f6b35\" data-element_type=\"section\" data-e-type=\"section\">\n\t\t\t\t\t\t<div class=\"elementor-container elementor-column-gap-default\">\n\t\t\t\t\t<div class=\"elementor-column elementor-col-50 elementor-top-column elementor-element elementor-element-590a0d6\" data-id=\"590a0d6\" data-element_type=\"column\" data-e-type=\"column\">\n\t\t\t<div class=\"elementor-widget-wrap elementor-element-populated\">\n\t\t\t\t\t\t<div class=\"elementor-element elementor-element-eb6daa6 elementor-widget elementor-widget-text-editor\" data-id=\"eb6daa6\" data-element_type=\"widget\" data-e-type=\"widget\" data-widget_type=\"text-editor.default\">\n\t\t\t\t\t\t\t\t\t<h5>SYNOPSIS<\/h5><p class=\"translation-block\">Euripides wrote \u201cTrojan Women\u201d one of a trilogy of plays, in 415 B.C.\ncondemning the complete devastation of Milos Island, slaughtering\nmen and enslaving women and children, committed by the Athenians\nduring the Peloponnesian war. He used the myth of Trojan War to\narouse emotions against militarism, war and suppression.\nHecuba, Queen of the Trojans and mother of Hector, one of Troy\u2019s most\n\nfearsome warriors, looks upon the remains of her kingdom; Andromache, widow of the slain Hector and mother of his son, Astyanax, must\n\nraise her kid in the war\u2019s aftermath; however, Talthybius, the messenger\n\nof the Achaeans, enters the ruined city, to announce that King Agamemnon and his brother Menelaus have decreed that  Astyanax, the last of\n\nthe male royalty of Troy must be executed to ensure the extinction of the\nline. Also, Cassandra, Hecuba\u2019s young daughter, priestess of Artemis and\nthus virgin by oath, who has been driven insane by the ravages of war,\nis chosen by King Agamemnon to be his concubine. At the same time\nthat Helen of Troy waits to see if she will live. The focus is placed on the\ndefeated and their constant grief. It presents, the violent transformation\n\nof noble Trojan women into mourners and slaves from then on while depicting the heroic winners behaving as savages.\n\nMichael Cacoyannis noted: \u201cEuripides had the courage to raise his\nrebellious cry, despite the danger of his potential exile. By shooting\nthis film, I had the desire to unite our voices. Today the world must be\nawakened! When \u2018Trojan Women\u2019 visited America, they spoke about\n\nHiroshima. In Paris, they saw Algeria.\u201d The Trojan Women is an emblematic testimony of the horrors of war, relevant as ever in our times.<\/p>\t\t\t\t\t\t\t\t<\/div>\n\t\t\t\t\t<\/div>\n\t\t<\/div>\n\t\t\t\t<div class=\"elementor-column elementor-col-50 elementor-top-column elementor-element elementor-element-016031a\" data-id=\"016031a\" data-element_type=\"column\" data-e-type=\"column\">\n\t\t\t<div class=\"elementor-widget-wrap elementor-element-populated\">\n\t\t\t\t\t\t<div class=\"elementor-element elementor-element-fcebbad elementor-widget elementor-widget-text-editor\" data-id=\"fcebbad\" data-element_type=\"widget\" data-e-type=\"widget\" data-widget_type=\"text-editor.default\">\n\t\t\t\t\t\t\t\t\t<p><strong>Director:<\/strong> Michael Cacoyannis<br><strong>Screenplay:<\/strong>&nbsp;Michael Cacoyannis<br>(based on Euripides\u2019<br>play)<br><strong>Director of Photography:<\/strong> Alfio Contini<br><strong>Editing:<\/strong> Michael Cacoyiannis<br><strong>Music:<\/strong> Mikis Theodorakis<br><strong>Cast:&nbsp;<\/strong>Katharine Hepburn<br>Genevi\u00e8ve Bujold<br>Vanessa Redgrave<br>Irene Papas<br>Brian Blessed<br>Patrick Magee<br>Alberto Sanz<br><strong>Producer:<\/strong> Michael Cacoyannis<br>Anis Nohra<br><strong>Production:<\/strong> Josef Shaftel Productions<\/p>\n<h5>AWARDS<\/h5>\n<p class=\"translation-block\">Kansas City Film Critics Circle Awards Best Actress\n1972\nNational Board of Review, USA Best Actress 1972<\/p>\t\t\t\t\t\t\t\t<\/div>\n\t\t\t\t\t<\/div>\n\t\t<\/div>\n\t\t\t\t\t<\/div>\n\t\t<\/section>\n\t\t\t\t<section class=\"elementor-section elementor-top-section elementor-element elementor-element-384a770 elementor-section-boxed elementor-section-height-default elementor-section-height-default\" data-id=\"384a770\" data-element_type=\"section\" data-e-type=\"section\">\n\t\t\t\t\t\t<div class=\"elementor-container elementor-column-gap-default\">\n\t\t\t\t\t<div class=\"elementor-column elementor-col-100 elementor-top-column elementor-element elementor-element-7fb5b17\" data-id=\"7fb5b17\" data-element_type=\"column\" data-e-type=\"column\">\n\t\t\t<div class=\"elementor-widget-wrap elementor-element-populated\">\n\t\t\t\t\t\t<div class=\"elementor-element elementor-element-90a8688 gallery-spacing-custom elementor-widget elementor-widget-image-gallery\" data-id=\"90a8688\" data-element_type=\"widget\" data-e-type=\"widget\" data-widget_type=\"image-gallery.default\">\n\t\t\t\t\t\t\t<div class=\"elementor-image-gallery\">\n\t\t\t<div data-carousel-extra='{&quot;blog_id&quot;:1,&quot;permalink&quot;:&quot;https:\/\/yunanistansinemasigunleri.com\/films\/the-trojan-women\/&quot;}' id='gallery-1' class='gallery galleryid-151 gallery-columns-3 gallery-size-thumbnail'><figure class='gallery-item'>\n\t\t\t<div class='gallery-icon portrait'>\n\t\t\t\t<a data-elementor-open-lightbox=\"yes\" data-elementor-lightbox-slideshow=\"90a8688\" data-elementor-lightbox-title=\"trojan1\" data-e-action-hash=\"#elementor-action%3Aaction%3Dlightbox%26settings%3DeyJpZCI6MTU0LCJ1cmwiOiJodHRwczpcL1wveXVuYW5pc3RhbnNpbmVtYXNpZ3VubGVyaS5jb21cL3dwLWNvbnRlbnRcL3VwbG9hZHNcLzIwMjJcLzA1XC83MWdEREZHNHJiTC5fUklfLmpwZyIsInNsaWRlc2hvdyI6IjkwYTg2ODgifQ%3D%3D\" href=\"https:\/\/i0.wp.com\/yunanistansinemasigunleri.com\/wp-content\/uploads\/2022\/05\/71gDDFG4rbL._RI_.jpg?ssl=1\"><img decoding=\"async\" width=\"150\" height=\"150\" src=\"https:\/\/i0.wp.com\/yunanistansinemasigunleri.com\/wp-content\/uploads\/2022\/05\/71gDDFG4rbL._RI_.jpg?resize=150%2C150&amp;ssl=1\" class=\"attachment-thumbnail size-thumbnail\" alt=\"\" srcset=\"https:\/\/i0.wp.com\/yunanistansinemasigunleri.com\/wp-content\/uploads\/2022\/05\/71gDDFG4rbL._RI_.jpg?resize=150%2C150&amp;ssl=1 150w, https:\/\/i0.wp.com\/yunanistansinemasigunleri.com\/wp-content\/uploads\/2022\/05\/71gDDFG4rbL._RI_.jpg?resize=1200%2C1200&amp;ssl=1 1200w, https:\/\/i0.wp.com\/yunanistansinemasigunleri.com\/wp-content\/uploads\/2022\/05\/71gDDFG4rbL._RI_.jpg?resize=800%2C800&amp;ssl=1 800w, https:\/\/i0.wp.com\/yunanistansinemasigunleri.com\/wp-content\/uploads\/2022\/05\/71gDDFG4rbL._RI_.jpg?resize=400%2C400&amp;ssl=1 400w, https:\/\/i0.wp.com\/yunanistansinemasigunleri.com\/wp-content\/uploads\/2022\/05\/71gDDFG4rbL._RI_.jpg?resize=200%2C200&amp;ssl=1 200w, https:\/\/i0.wp.com\/yunanistansinemasigunleri.com\/wp-content\/uploads\/2022\/05\/71gDDFG4rbL._RI_.jpg?resize=100%2C100&amp;ssl=1 100w, https:\/\/i0.wp.com\/yunanistansinemasigunleri.com\/wp-content\/uploads\/2022\/05\/71gDDFG4rbL._RI_.jpg?zoom=2&amp;resize=150%2C150&amp;ssl=1 300w, https:\/\/i0.wp.com\/yunanistansinemasigunleri.com\/wp-content\/uploads\/2022\/05\/71gDDFG4rbL._RI_.jpg?zoom=3&amp;resize=150%2C150&amp;ssl=1 450w\" sizes=\"100vw\" data-attachment-id=\"154\" data-permalink=\"https:\/\/yunanistansinemasigunleri.com\/71gddfg4rbl-_ri_\/\" data-orig-file=\"https:\/\/i0.wp.com\/yunanistansinemasigunleri.com\/wp-content\/uploads\/2022\/05\/71gDDFG4rbL._RI_.jpg?fit=1200%2C1600&amp;ssl=1\" data-orig-size=\"1200,1600\" data-comments-opened=\"1\" data-image-meta=\"{&quot;aperture&quot;:&quot;0&quot;,&quot;credit&quot;:&quot;&quot;,&quot;camera&quot;:&quot;&quot;,&quot;caption&quot;:&quot;&quot;,&quot;created_timestamp&quot;:&quot;0&quot;,&quot;copyright&quot;:&quot;&quot;,&quot;focal_length&quot;:&quot;0&quot;,&quot;iso&quot;:&quot;0&quot;,&quot;shutter_speed&quot;:&quot;0&quot;,&quot;title&quot;:&quot;&quot;,&quot;orientation&quot;:&quot;0&quot;}\" data-image-title=\"trojan1\" data-image-description=\"\" data-image-caption=\"\" data-medium-file=\"https:\/\/i0.wp.com\/yunanistansinemasigunleri.com\/wp-content\/uploads\/2022\/05\/71gDDFG4rbL._RI_.jpg?fit=225%2C300&amp;ssl=1\" data-large-file=\"https:\/\/i0.wp.com\/yunanistansinemasigunleri.com\/wp-content\/uploads\/2022\/05\/71gDDFG4rbL._RI_.jpg?fit=740%2C987&amp;ssl=1\" \/><\/a>\n\t\t\t<\/div><\/figure><figure class='gallery-item'>\n\t\t\t<div class='gallery-icon landscape'>\n\t\t\t\t<a data-elementor-open-lightbox=\"yes\" data-elementor-lightbox-slideshow=\"90a8688\" data-elementor-lightbox-title=\"trojan2\" data-e-action-hash=\"#elementor-action%3Aaction%3Dlightbox%26settings%3DeyJpZCI6MTU1LCJ1cmwiOiJodHRwczpcL1wveXVuYW5pc3RhbnNpbmVtYXNpZ3VubGVyaS5jb21cL3dwLWNvbnRlbnRcL3VwbG9hZHNcLzIwMjJcLzA1XC84Mzg2MDdjNDQyZjM0MjEwYzQ5OThkZDNiN2RhNDFjOC5wbmciLCJzbGlkZXNob3ciOiI5MGE4Njg4In0%3D\" href=\"https:\/\/i0.wp.com\/yunanistansinemasigunleri.com\/wp-content\/uploads\/2022\/05\/838607c442f34210c4998dd3b7da41c8.png?ssl=1\"><img decoding=\"async\" width=\"150\" height=\"150\" src=\"https:\/\/i0.wp.com\/yunanistansinemasigunleri.com\/wp-content\/uploads\/2022\/05\/838607c442f34210c4998dd3b7da41c8.png?resize=150%2C150&amp;ssl=1\" class=\"attachment-thumbnail size-thumbnail\" alt=\"\" srcset=\"https:\/\/i0.wp.com\/yunanistansinemasigunleri.com\/wp-content\/uploads\/2022\/05\/838607c442f34210c4998dd3b7da41c8.png?resize=150%2C150&amp;ssl=1 150w, https:\/\/i0.wp.com\/yunanistansinemasigunleri.com\/wp-content\/uploads\/2022\/05\/838607c442f34210c4998dd3b7da41c8.png?resize=1200%2C1200&amp;ssl=1 1200w, https:\/\/i0.wp.com\/yunanistansinemasigunleri.com\/wp-content\/uploads\/2022\/05\/838607c442f34210c4998dd3b7da41c8.png?resize=800%2C800&amp;ssl=1 800w, https:\/\/i0.wp.com\/yunanistansinemasigunleri.com\/wp-content\/uploads\/2022\/05\/838607c442f34210c4998dd3b7da41c8.png?resize=400%2C400&amp;ssl=1 400w, https:\/\/i0.wp.com\/yunanistansinemasigunleri.com\/wp-content\/uploads\/2022\/05\/838607c442f34210c4998dd3b7da41c8.png?resize=200%2C200&amp;ssl=1 200w, https:\/\/i0.wp.com\/yunanistansinemasigunleri.com\/wp-content\/uploads\/2022\/05\/838607c442f34210c4998dd3b7da41c8.png?resize=100%2C100&amp;ssl=1 100w, https:\/\/i0.wp.com\/yunanistansinemasigunleri.com\/wp-content\/uploads\/2022\/05\/838607c442f34210c4998dd3b7da41c8.png?zoom=2&amp;resize=150%2C150&amp;ssl=1 300w, https:\/\/i0.wp.com\/yunanistansinemasigunleri.com\/wp-content\/uploads\/2022\/05\/838607c442f34210c4998dd3b7da41c8.png?zoom=3&amp;resize=150%2C150&amp;ssl=1 450w\" sizes=\"100vw\" data-attachment-id=\"155\" data-permalink=\"https:\/\/yunanistansinemasigunleri.com\/838607c442f34210c4998dd3b7da41c8\/\" data-orig-file=\"https:\/\/i0.wp.com\/yunanistansinemasigunleri.com\/wp-content\/uploads\/2022\/05\/838607c442f34210c4998dd3b7da41c8.png?fit=1604%2C1200&amp;ssl=1\" data-orig-size=\"1604,1200\" data-comments-opened=\"1\" data-image-meta=\"{&quot;aperture&quot;:&quot;0&quot;,&quot;credit&quot;:&quot;&quot;,&quot;camera&quot;:&quot;&quot;,&quot;caption&quot;:&quot;&quot;,&quot;created_timestamp&quot;:&quot;0&quot;,&quot;copyright&quot;:&quot;&quot;,&quot;focal_length&quot;:&quot;0&quot;,&quot;iso&quot;:&quot;0&quot;,&quot;shutter_speed&quot;:&quot;0&quot;,&quot;title&quot;:&quot;&quot;,&quot;orientation&quot;:&quot;0&quot;}\" data-image-title=\"trojan2\" data-image-description=\"\" data-image-caption=\"\" data-medium-file=\"https:\/\/i0.wp.com\/yunanistansinemasigunleri.com\/wp-content\/uploads\/2022\/05\/838607c442f34210c4998dd3b7da41c8.png?fit=300%2C224&amp;ssl=1\" data-large-file=\"https:\/\/i0.wp.com\/yunanistansinemasigunleri.com\/wp-content\/uploads\/2022\/05\/838607c442f34210c4998dd3b7da41c8.png?fit=740%2C554&amp;ssl=1\" \/><\/a>\n\t\t\t<\/div><\/figure><figure class='gallery-item'>\n\t\t\t<div class='gallery-icon landscape'>\n\t\t\t\t<a data-elementor-open-lightbox=\"yes\" data-elementor-lightbox-slideshow=\"90a8688\" data-elementor-lightbox-title=\"trojan3\" data-e-action-hash=\"#elementor-action%3Aaction%3Dlightbox%26settings%3DeyJpZCI6MTU2LCJ1cmwiOiJodHRwczpcL1wveXVuYW5pc3RhbnNpbmVtYXNpZ3VubGVyaS5jb21cL3dwLWNvbnRlbnRcL3VwbG9hZHNcLzIwMjJcLzA1XC90dW1ibHJfbXN4MzE0c2VUdTFxa2NqOTRvMV8xMjgwLmpwZyIsInNsaWRlc2hvdyI6IjkwYTg2ODgifQ%3D%3D\" href=\"https:\/\/i0.wp.com\/yunanistansinemasigunleri.com\/wp-content\/uploads\/2022\/05\/tumblr_msx314seTu1qkcj94o1_1280.jpg?ssl=1\"><img decoding=\"async\" width=\"150\" height=\"150\" src=\"https:\/\/i0.wp.com\/yunanistansinemasigunleri.com\/wp-content\/uploads\/2022\/05\/tumblr_msx314seTu1qkcj94o1_1280.jpg?resize=150%2C150&amp;ssl=1\" class=\"attachment-thumbnail size-thumbnail\" alt=\"\" srcset=\"https:\/\/i0.wp.com\/yunanistansinemasigunleri.com\/wp-content\/uploads\/2022\/05\/tumblr_msx314seTu1qkcj94o1_1280.jpg?resize=150%2C150&amp;ssl=1 150w, https:\/\/i0.wp.com\/yunanistansinemasigunleri.com\/wp-content\/uploads\/2022\/05\/tumblr_msx314seTu1qkcj94o1_1280.jpg?resize=800%2C800&amp;ssl=1 800w, https:\/\/i0.wp.com\/yunanistansinemasigunleri.com\/wp-content\/uploads\/2022\/05\/tumblr_msx314seTu1qkcj94o1_1280.jpg?resize=400%2C400&amp;ssl=1 400w, https:\/\/i0.wp.com\/yunanistansinemasigunleri.com\/wp-content\/uploads\/2022\/05\/tumblr_msx314seTu1qkcj94o1_1280.jpg?resize=200%2C200&amp;ssl=1 200w, https:\/\/i0.wp.com\/yunanistansinemasigunleri.com\/wp-content\/uploads\/2022\/05\/tumblr_msx314seTu1qkcj94o1_1280.jpg?resize=100%2C100&amp;ssl=1 100w, https:\/\/i0.wp.com\/yunanistansinemasigunleri.com\/wp-content\/uploads\/2022\/05\/tumblr_msx314seTu1qkcj94o1_1280.jpg?zoom=2&amp;resize=150%2C150&amp;ssl=1 300w, https:\/\/i0.wp.com\/yunanistansinemasigunleri.com\/wp-content\/uploads\/2022\/05\/tumblr_msx314seTu1qkcj94o1_1280.jpg?zoom=3&amp;resize=150%2C150&amp;ssl=1 450w\" sizes=\"100vw\" data-attachment-id=\"156\" data-permalink=\"https:\/\/yunanistansinemasigunleri.com\/tumblr_msx314setu1qkcj94o1_1280\/\" data-orig-file=\"https:\/\/i0.wp.com\/yunanistansinemasigunleri.com\/wp-content\/uploads\/2022\/05\/tumblr_msx314seTu1qkcj94o1_1280.jpg?fit=1280%2C1002&amp;ssl=1\" data-orig-size=\"1280,1002\" data-comments-opened=\"1\" data-image-meta=\"{&quot;aperture&quot;:&quot;0&quot;,&quot;credit&quot;:&quot;&quot;,&quot;camera&quot;:&quot;&quot;,&quot;caption&quot;:&quot;&quot;,&quot;created_timestamp&quot;:&quot;0&quot;,&quot;copyright&quot;:&quot;&quot;,&quot;focal_length&quot;:&quot;0&quot;,&quot;iso&quot;:&quot;0&quot;,&quot;shutter_speed&quot;:&quot;0&quot;,&quot;title&quot;:&quot;&quot;,&quot;orientation&quot;:&quot;1&quot;}\" data-image-title=\"trojan3\" data-image-description=\"\" data-image-caption=\"\" data-medium-file=\"https:\/\/i0.wp.com\/yunanistansinemasigunleri.com\/wp-content\/uploads\/2022\/05\/tumblr_msx314seTu1qkcj94o1_1280.jpg?fit=300%2C235&amp;ssl=1\" data-large-file=\"https:\/\/i0.wp.com\/yunanistansinemasigunleri.com\/wp-content\/uploads\/2022\/05\/tumblr_msx314seTu1qkcj94o1_1280.jpg?fit=740%2C580&amp;ssl=1\" \/><\/a>\n\t\t\t<\/div><\/figure>\n\t\t<\/div>\n\t\t<\/div>\n\t\t\t\t\t\t<\/div>\n\t\t\t\t\t<\/div>\n\t\t<\/div>\n\t\t\t\t\t<\/div>\n\t\t<\/section>\n\t\t\t\t<section class=\"elementor-section elementor-top-section elementor-element elementor-element-80e30e9 elementor-section-boxed elementor-section-height-default elementor-section-height-default\" data-id=\"80e30e9\" data-element_type=\"section\" data-e-type=\"section\">\n\t\t\t\t\t\t<div class=\"elementor-container elementor-column-gap-default\">\n\t\t\t\t\t<div class=\"elementor-column elementor-col-100 elementor-top-column elementor-element elementor-element-bfb15c0\" data-id=\"bfb15c0\" data-element_type=\"column\" data-e-type=\"column\">\n\t\t\t<div class=\"elementor-widget-wrap elementor-element-populated\">\n\t\t\t\t\t\t<div class=\"elementor-element elementor-element-921ab3b elementor-widget-divider--view-line elementor-widget elementor-widget-divider\" data-id=\"921ab3b\" data-element_type=\"widget\" data-e-type=\"widget\" data-widget_type=\"divider.default\">\n\t\t\t\t\t\t\t<div class=\"elementor-divider\">\n\t\t\t<span class=\"elementor-divider-separator\">\n\t\t\t\t\t\t<\/span>\n\t\t<\/div>\n\t\t\t\t\t\t<\/div>\n\t\t\t\t\t<\/div>\n\t\t<\/div>\n\t\t\t\t\t<\/div>\n\t\t<\/section>\n\t\t\t\t<section class=\"elementor-section elementor-top-section elementor-element elementor-element-c408ef8 elementor-section-boxed elementor-section-height-default elementor-section-height-default\" data-id=\"c408ef8\" data-element_type=\"section\" data-e-type=\"section\">\n\t\t\t\t\t\t<div class=\"elementor-container elementor-column-gap-default\">\n\t\t\t\t\t<div class=\"elementor-column elementor-col-50 elementor-top-column elementor-element elementor-element-13f4f70\" data-id=\"13f4f70\" data-element_type=\"column\" data-e-type=\"column\">\n\t\t\t<div class=\"elementor-widget-wrap elementor-element-populated\">\n\t\t\t\t\t\t<div class=\"elementor-element elementor-element-9a56e50 elementor-widget elementor-widget-image\" data-id=\"9a56e50\" data-element_type=\"widget\" data-e-type=\"widget\" data-widget_type=\"image.default\">\n\t\t\t\t\t\t\t\t\t\t\t\t\t\t\t<img loading=\"lazy\" decoding=\"async\" data-attachment-id=\"790\" data-permalink=\"https:\/\/yunanistansinemasigunleri.com\/en\/films\/the-trojan-women\/2-michael-cacoyannis\/\" data-orig-file=\"https:\/\/i0.wp.com\/yunanistansinemasigunleri.com\/wp-content\/uploads\/2022\/05\/2.Michael-Cacoyannis.gif?fit=1000%2C867&amp;ssl=1\" data-orig-size=\"1000,867\" data-comments-opened=\"1\" data-image-meta=\"{&quot;aperture&quot;:&quot;0&quot;,&quot;credit&quot;:&quot;&quot;,&quot;camera&quot;:&quot;&quot;,&quot;caption&quot;:&quot;&quot;,&quot;created_timestamp&quot;:&quot;0&quot;,&quot;copyright&quot;:&quot;&quot;,&quot;focal_length&quot;:&quot;0&quot;,&quot;iso&quot;:&quot;0&quot;,&quot;shutter_speed&quot;:&quot;0&quot;,&quot;title&quot;:&quot;&quot;,&quot;orientation&quot;:&quot;0&quot;}\" data-image-title=\"2.Michael-Cacoyannis\" data-image-description=\"\" data-image-caption=\"\" data-medium-file=\"https:\/\/i0.wp.com\/yunanistansinemasigunleri.com\/wp-content\/uploads\/2022\/05\/2.Michael-Cacoyannis.gif?fit=300%2C260&amp;ssl=1\" data-large-file=\"https:\/\/i0.wp.com\/yunanistansinemasigunleri.com\/wp-content\/uploads\/2022\/05\/2.Michael-Cacoyannis.gif?fit=525%2C455&amp;ssl=1\" width=\"740\" height=\"642\" src=\"https:\/\/i0.wp.com\/yunanistansinemasigunleri.com\/wp-content\/uploads\/2022\/05\/2.Michael-Cacoyannis.gif?fit=740%2C642&amp;ssl=1\" class=\"attachment-large size-large wp-image-790\" alt=\"\" sizes=\"100vw\" \/>\t\t\t\t\t\t\t\t\t\t\t\t\t\t\t<\/div>\n\t\t\t\t\t<\/div>\n\t\t<\/div>\n\t\t\t\t<div class=\"elementor-column elementor-col-50 elementor-top-column elementor-element elementor-element-106aacb\" data-id=\"106aacb\" data-element_type=\"column\" data-e-type=\"column\">\n\t\t\t<div class=\"elementor-widget-wrap elementor-element-populated\">\n\t\t\t\t\t\t<div class=\"elementor-element elementor-element-edde95e elementor-widget elementor-widget-text-editor\" data-id=\"edde95e\" data-element_type=\"widget\" data-e-type=\"widget\" data-widget_type=\"text-editor.default\">\n\t\t\t\t\t\t\t\t\t<h5>MICHAEL CACOYANNIS<\/h5><p class=\"translation-block\">Born on June 11, 1921 in Limassol, Cyprus, Michael Cacoyannis studied\nlaw in London. While working for the BBC\u2019s Greek service, first as a\nnews announcer and then as a producer of cultural programs, he also\nstudied acting at the Central School of Dramatic Art in London and\ndirecting at the Old Vic School. Not long after his debut as an actor in\n1947, he decided to concentrate instead on directing. In 1952 he left\nLondon to settle in Athens and one year later the success of his first film\n(\u201cWindfall in Athens\u201d) marked the beginning of an international career\nin directing. His films were regularly screened at the most prestigious\nInternational film festivals, receiving awards and distinctions. Michael\nCacoyannis has worked with some of the best and most distinguished\nactors of his time, in Greece, Europe and Hollywood.<\/p>\t\t\t\t\t\t\t\t<\/div>\n\t\t\t\t\t<\/div>\n\t\t<\/div>\n\t\t\t\t\t<\/div>\n\t\t<\/section>\n\t\t\t\t<\/div>","protected":false},"excerpt":{"rendered":"<p>TROYALI KADINLAR Trojan Women\u00a0\/\u00a0TroadesYunanistan, 1971, DCP, S&amp;B, 86\u2019\u00a0Yunanca; T\u00fcrk\u00e7e ve \u0130ngilizce Altyaz\u0131l\u0131 12 Haziran Pazar &#8211; 18:00 <a href=\"https:\/\/youtu.be\/v9sAriamSpU\" rel=\"nofollow\">https:\/\/youtu.be\/v9sAriamSpU<\/a> sinopsis Truva krali\u00e7esi Hekabe, sava\u015ftan sonra krall\u0131\u011f\u0131ndan geri kalan y\u0131k\u0131m\u0131 izlemektedir. Truva\u2019n\u0131n en korkusuz sava\u015f\u00e7\u0131lar\u0131ndan biri olan\u00a0o\u011flu Hektor sava\u015fta \u00f6l\u00fcrken, k\u0131z\u0131 Kassandra da \u015fahit oldu\u011fu vah\u015fetten dolay\u0131 akl\u0131n\u0131 yitirmi\u015ftir. Hektor\u2019un e\u015fi Andromakhe, o\u011flu Astianax\u2019\u0131 tek ba\u015f\u0131na b\u00fcy\u00fctmek &hellip; <\/p>\n<p class=\"link-more\"><a href=\"https:\/\/yunanistansinemasigunleri.com\/en\/films\/the-trojan-women\/\" class=\"more-link\">Continue reading<span class=\"screen-reader-text\"> &#8220;The Trojan Women&#8221;<\/span><\/a><\/p>","protected":false},"author":219729766,"featured_media":0,"parent":18,"menu_order":7,"comment_status":"closed","ping_status":"closed","template":"","meta":{"_crdt_document":"","advanced_seo_description":"","jetpack_seo_html_title":"","jetpack_seo_noindex":false,"jetpack_post_was_ever_published":false,"footnotes":""},"class_list":["post-151","page","type-page","status-publish","hentry"],"jetpack_likes_enabled":true,"jetpack_sharing_enabled":true,"jetpack_shortlink":"https:\/\/wp.me\/PdSim2-2r","jetpack-related-posts":[],"amp_enabled":true,"_links":{"self":[{"href":"https:\/\/yunanistansinemasigunleri.com\/en\/wp-json\/wp\/v2\/pages\/151","targetHints":{"allow":["GET"]}}],"collection":[{"href":"https:\/\/yunanistansinemasigunleri.com\/en\/wp-json\/wp\/v2\/pages"}],"about":[{"href":"https:\/\/yunanistansinemasigunleri.com\/en\/wp-json\/wp\/v2\/types\/page"}],"author":[{"embeddable":true,"href":"https:\/\/yunanistansinemasigunleri.com\/en\/wp-json\/wp\/v2\/users\/219729766"}],"replies":[{"embeddable":true,"href":"https:\/\/yunanistansinemasigunleri.com\/en\/wp-json\/wp\/v2\/comments?post=151"}],"version-history":[{"count":31,"href":"https:\/\/yunanistansinemasigunleri.com\/en\/wp-json\/wp\/v2\/pages\/151\/revisions"}],"predecessor-version":[{"id":1085,"href":"https:\/\/yunanistansinemasigunleri.com\/en\/wp-json\/wp\/v2\/pages\/151\/revisions\/1085"}],"up":[{"embeddable":true,"href":"https:\/\/yunanistansinemasigunleri.com\/en\/wp-json\/wp\/v2\/pages\/18"}],"wp:attachment":[{"href":"https:\/\/yunanistansinemasigunleri.com\/en\/wp-json\/wp\/v2\/media?parent=151"}],"curies":[{"name":"wp","href":"https:\/\/api.w.org\/{rel}","templated":true}]}}